{"id":2570,"date":"2023-05-31T16:53:17","date_gmt":"2023-05-31T14:53:17","guid":{"rendered":"https:\/\/multisite.mindd.dev\/hap-maastricht\/?page_id=2570"},"modified":"2025-08-06T10:25:23","modified_gmt":"2025-08-06T08:25:23","slug":"wakat","status":"publish","type":"page","link":"https:\/\/hapmaastricht.nl\/pl\/wakat\/","title":{"rendered":"Wakaty"},"content":{"rendered":"\n<p>Pogotowie Lekarza Rodzinnego jest organizacj\u0105 posiadaj\u0105c\u0105 kwalifikacje NPA. Oznacza to, \u017ce sami szkolimy asystent\u00f3w lekarzy, aby stali si\u0119 triagistami. Ponadto jeste\u015bmy uznan\u0105 firm\u0105 szkoleniow\u0105 dla student\u00f3w, kt\u00f3rzy szkol\u0105 si\u0119 na asystenta lekarza.<\/p>\n\n\n\n<p>Chcemy wzmocni\u0107 zesp\u00f3\u0142 asystent\u00f3w lekarzy\/piel\u0119gniarek tria\u017cowych, jeste\u015b zainteresowany? Nast\u0119pnie wy\u015blij swoje CV i motywacj\u0119 do&nbsp;<a href=\"mailto:info@hapmaastricht.nl\">info@hapmaastricht.nl<\/a>&nbsp;. Mo\u017cesz r\u00f3wnie\u017c przyj\u015b\u0107 i rzuci\u0107 okiem przed z\u0142o\u017ceniem wniosku, serdecznie zapraszamy! <\/p>\n\n\n\n<p>Lub obejrzyj poni\u017csze filmy, kt\u00f3re dadz\u0105 Ci dobre wra\u017cenie na temat pracy piel\u0119gniarki tria\u017cowej w Stacji Ratunkowej Lekarza Rodzinnego<\/p>\n\n\n\n<h4 class=\"wp-block-heading\"><em>Na czym polega praca w Stacji Ratunkowej Lekarza Pierwszego Kontaktu?<\/em><\/h4>\n\n\n\n<h4 class=\"wp-block-heading\"><\/h4>\n\n\n\n<figure class=\"wp-block-embed is-type-video is-provider-youtube wp-block-embed-youtube wp-embed-aspect-16-9 wp-has-aspect-ratio\"><div class=\"wp-block-embed__wrapper\">https:\/\/youtu.be\/cLs787y_GSE<\/div><\/figure>\n\n\n\n<h4 class=\"wp-block-heading\"><\/h4>\n\n\n\n<figure class=\"wp-block-embed is-type-video is-provider-youtube wp-block-embed-youtube wp-embed-aspect-16-9 wp-has-aspect-ratio\"><div class=\"wp-block-embed__wrapper\">https:\/\/youtu.be\/9Qor6O31w68<\/div><\/figure>\n\n\n\n<p><\/p>\n\n\n\n<h4 class=\"wp-block-heading\"><\/h4>\n\n\n\n<figure class=\"wp-block-embed is-type-video is-provider-youtube wp-block-embed-youtube wp-embed-aspect-16-9 wp-has-aspect-ratio\"><div class=\"wp-block-embed__wrapper\">https:\/\/youtu.be\/0a7HLQlSS98<\/div><\/figure>\n\n\n\n<figure class=\"wp-block-embed is-type-video is-provider-youtube wp-block-embed-youtube wp-embed-aspect-16-9 wp-has-aspect-ratio\"><div class=\"wp-block-embed__wrapper\">https:\/\/youtu.be\/jpeoLKnBw98<\/div><\/figure>\n\n\n\n<h4 class=\"wp-block-heading\"><\/h4>\n\n\n\n<figure class=\"wp-block-embed is-type-video is-provider-youtube wp-block-embed-youtube wp-embed-aspect-16-9 wp-has-aspect-ratio\"><div class=\"wp-block-embed__wrapper\">https:\/\/youtu.be\/vzxKMLOOzfk<\/div><\/figure>\n\n\n\n<figure class=\"wp-block-embed is-type-video is-provider-youtube wp-block-embed-youtube wp-embed-aspect-16-9 wp-has-aspect-ratio\"><div class=\"wp-block-embed__wrapper\">https:\/\/youtu.be\/vBU7JtWwEsw<\/div><\/figure>\n","protected":false},"excerpt":{"rendered":"<p>Chcemy wzmocni\u0107 zesp\u00f3\u0142 lekarzy asystent\u00f3w\/triagist\u00f3w, je\u015bli jeste\u015b zainteresowany, prosimy o przes\u0142anie CV i motywacji na adres info@hapmaastricht.nl. Mo\u017cesz te\u017c przyj\u015b\u0107 i przyjrze\u0107 si\u0119 przed z\u0142o\u017ceniem wniosku, jeste\u015b wi\u0119cej ni\u017c mile widziany!<\/p>\n","protected":false},"author":3,"featured_media":0,"parent":0,"menu_order":167,"comment_status":"closed","ping_status":"closed","template":"page-full-width.php","meta":{"_acf_changed":false,"_trash_the_other_posts":false,"editor_notices":[],"footnotes":""},"class_list":["post-2570","page","type-page","status-publish","hentry"],"acf":[],"yoast_head":"<!-- This site is optimized with the Yoast SEO plugin v26.6 - https:\/\/yoast.com\/wordpress\/plugins\/seo\/ -->\n<title>Wakaty - Poczta ratunkowa lekarza rodzinnego Maastricht<\/title>\n<meta name=\"robots\" content=\"index, follow, max-snippet:-1, max-image-preview:large, max-video-preview:-1\" \/>\n<link rel=\"canonical\" href=\"https:\/\/hapmaastricht.nl\/pl\/wakat\/\" \/>\n<meta property=\"og:locale\" content=\"pl_PL\" \/>\n<meta property=\"og:type\" content=\"article\" \/>\n<meta property=\"og:title\" content=\"Wakaty - Poczta ratunkowa lekarza rodzinnego Maastricht\" \/>\n<meta property=\"og:description\" content=\"Chcemy wzmocni\u0107 zesp\u00f3\u0142 lekarzy asystent\u00f3w\/triagist\u00f3w, je\u015bli jeste\u015b zainteresowany, prosimy o przes\u0142anie CV i motywacji na adres info@hapmaastricht.nl. Mo\u017cesz te\u017c przyj\u015b\u0107 i przyjrze\u0107 si\u0119 przed z\u0142o\u017ceniem wniosku, jeste\u015b wi\u0119cej ni\u017c mile widziany!\" \/>\n<meta property=\"og:url\" content=\"https:\/\/hapmaastricht.nl\/pl\/wakat\/\" \/>\n<meta property=\"og:site_name\" content=\"Poczta ratunkowa lekarza rodzinnego Maastricht\" \/>\n<meta property=\"article:modified_time\" content=\"2025-08-06T08:25:23+00:00\" \/>\n<meta name=\"twitter:card\" content=\"summary_large_image\" \/>\n<meta name=\"twitter:label1\" content=\"Szacowany czas czytania\" \/>\n\t<meta name=\"twitter:data1\" content=\"1 minuta\" \/>\n<script type=\"application\/ld+json\" class=\"yoast-schema-graph\">{\"@context\":\"https:\/\/schema.org\",\"@graph\":[{\"@type\":\"WebPage\",\"@id\":\"https:\/\/hapmaastricht.nl\/pl\/wakat\/\",\"url\":\"https:\/\/hapmaastricht.nl\/pl\/wakat\/\",\"name\":\"Wakaty - Poczta ratunkowa lekarza rodzinnego Maastricht\",\"isPartOf\":{\"@id\":\"https:\/\/hapmaastricht.nl\/pl\/#website\"},\"datePublished\":\"2023-05-31T14:53:17+00:00\",\"dateModified\":\"2025-08-06T08:25:23+00:00\",\"breadcrumb\":{\"@id\":\"https:\/\/hapmaastricht.nl\/pl\/wakat\/#breadcrumb\"},\"inLanguage\":\"pl-PL\",\"potentialAction\":[{\"@type\":\"ReadAction\",\"target\":[\"https:\/\/hapmaastricht.nl\/pl\/wakat\/\"]}]},{\"@type\":\"BreadcrumbList\",\"@id\":\"https:\/\/hapmaastricht.nl\/pl\/wakat\/#breadcrumb\",\"itemListElement\":[{\"@type\":\"ListItem\",\"position\":1,\"name\":\"Home\",\"item\":\"https:\/\/hapmaastricht.nl\/pl\/\"},{\"@type\":\"ListItem\",\"position\":2,\"name\":\"Oferty pracy\"}]},{\"@type\":\"WebSite\",\"@id\":\"https:\/\/hapmaastricht.nl\/pl\/#website\",\"url\":\"https:\/\/hapmaastricht.nl\/pl\/\",\"name\":\"Poczta ratunkowa lekarza rodzinnego Maastricht\",\"description\":\"\",\"potentialAction\":[{\"@type\":\"SearchAction\",\"target\":{\"@type\":\"EntryPoint\",\"urlTemplate\":\"https:\/\/hapmaastricht.nl\/pl\/?s={search_term_string}\"},\"query-input\":{\"@type\":\"PropertyValueSpecification\",\"valueRequired\":true,\"valueName\":\"search_term_string\"}}],\"inLanguage\":\"pl-PL\"}]}<\/script>\n<!-- \/ Yoast SEO plugin. -->","yoast_head_json":{"title":"Wakaty - Poczta ratunkowa lekarza rodzinnego Maastricht","robots":{"index":"index","follow":"follow","max-snippet":"max-snippet:-1","max-image-preview":"max-image-preview:large","max-video-preview":"max-video-preview:-1"},"canonical":"https:\/\/hapmaastricht.nl\/pl\/wakat\/","og_locale":"pl_PL","og_type":"article","og_title":"Wakaty - Poczta ratunkowa lekarza rodzinnego Maastricht","og_description":"Chcemy wzmocni\u0107 zesp\u00f3\u0142 lekarzy asystent\u00f3w\/triagist\u00f3w, je\u015bli jeste\u015b zainteresowany, prosimy o przes\u0142anie CV i motywacji na adres info@hapmaastricht.nl. Mo\u017cesz te\u017c przyj\u015b\u0107 i przyjrze\u0107 si\u0119 przed z\u0142o\u017ceniem wniosku, jeste\u015b wi\u0119cej ni\u017c mile widziany!","og_url":"https:\/\/hapmaastricht.nl\/pl\/wakat\/","og_site_name":"Poczta ratunkowa lekarza rodzinnego Maastricht","article_modified_time":"2025-08-06T08:25:23+00:00","twitter_card":"summary_large_image","twitter_misc":{"Szacowany czas czytania":"1 minuta"},"schema":{"@context":"https:\/\/schema.org","@graph":[{"@type":"WebPage","@id":"https:\/\/hapmaastricht.nl\/pl\/wakat\/","url":"https:\/\/hapmaastricht.nl\/pl\/wakat\/","name":"Wakaty - Poczta ratunkowa lekarza rodzinnego Maastricht","isPartOf":{"@id":"https:\/\/hapmaastricht.nl\/pl\/#website"},"datePublished":"2023-05-31T14:53:17+00:00","dateModified":"2025-08-06T08:25:23+00:00","breadcrumb":{"@id":"https:\/\/hapmaastricht.nl\/pl\/wakat\/#breadcrumb"},"inLanguage":"pl-PL","potentialAction":[{"@type":"ReadAction","target":["https:\/\/hapmaastricht.nl\/pl\/wakat\/"]}]},{"@type":"BreadcrumbList","@id":"https:\/\/hapmaastricht.nl\/pl\/wakat\/#breadcrumb","itemListElement":[{"@type":"ListItem","position":1,"name":"Home","item":"https:\/\/hapmaastricht.nl\/pl\/"},{"@type":"ListItem","position":2,"name":"Oferty pracy"}]},{"@type":"WebSite","@id":"https:\/\/hapmaastricht.nl\/pl\/#website","url":"https:\/\/hapmaastricht.nl\/pl\/","name":"Poczta ratunkowa lekarza rodzinnego Maastricht","description":"","potentialAction":[{"@type":"SearchAction","target":{"@type":"EntryPoint","urlTemplate":"https:\/\/hapmaastricht.nl\/pl\/?s={search_term_string}"},"query-input":{"@type":"PropertyValueSpecification","valueRequired":true,"valueName":"search_term_string"}}],"inLanguage":"pl-PL"}]}},"_links":{"self":[{"href":"https:\/\/hapmaastricht.nl\/pl\/wp-json\/wp\/v2\/pages\/2570","targetHints":{"allow":["GET"]}}],"collection":[{"href":"https:\/\/hapmaastricht.nl\/pl\/wp-json\/wp\/v2\/pages"}],"about":[{"href":"https:\/\/hapmaastricht.nl\/pl\/wp-json\/wp\/v2\/types\/page"}],"author":[{"embeddable":true,"href":"https:\/\/hapmaastricht.nl\/pl\/wp-json\/wp\/v2\/users\/3"}],"replies":[{"embeddable":true,"href":"https:\/\/hapmaastricht.nl\/pl\/wp-json\/wp\/v2\/comments?post=2570"}],"version-history":[{"count":13,"href":"https:\/\/hapmaastricht.nl\/pl\/wp-json\/wp\/v2\/pages\/2570\/revisions"}],"predecessor-version":[{"id":9248,"href":"https:\/\/hapmaastricht.nl\/pl\/wp-json\/wp\/v2\/pages\/2570\/revisions\/9248"}],"wp:attachment":[{"href":"https:\/\/hapmaastricht.nl\/pl\/wp-json\/wp\/v2\/media?parent=2570"}],"curies":[{"name":"wp","href":"https:\/\/api.w.org\/{rel}","templated":true}]}}