{"id":2572,"date":"2023-05-31T16:56:36","date_gmt":"2023-05-31T14:56:36","guid":{"rendered":"https:\/\/multisite.mindd.dev\/hap-maastricht\/?page_id=2572"},"modified":"2025-07-10T09:54:01","modified_gmt":"2025-07-10T07:54:01","slug":"rada-nadzorcza","status":"publish","type":"page","link":"https:\/\/hapmaastricht.nl\/pl\/rada-nadzorcza\/","title":{"rendered":"Rada nadzorcza"},"content":{"rendered":"\n\n\n<p>Rada Nadzorcza Stacji Ratunkowej Lekarzy Rodzinnych w Maastricht i Heuvelland sk\u0142ada si\u0119 z trzech cz\u0142onk\u00f3w, a jej zadaniem jest nadzorowanie i doradzanie w zakresie realizacji zada\u0144 organizacji. Cz\u0142onkowie s\u0105 mianowani na okres czterech lat. Obecnie w sk\u0142ad Rady Nadzorczej wchodz\u0105:<\/p>\n\n\n\n<h2 class=\"wp-block-heading h4\"><\/h2>\n\n\n\n<p>Maarten Klomp <\/p>\n\n\n\n<p>Yvonne Custers-Slots <\/p>\n\n\n\n<p>Guido Kerckhoffs<\/p>\n\n\n\n<p><\/p>\n\n\n\n<p><\/p>\n\n\n\n<p><\/p>\n\n\n\n<h2 class=\"wp-block-heading h4\"><\/h2>\n\n\n\n<p><\/p>\n\n\n\n<h2 class=\"wp-block-heading h4\"><\/h2>\n\n\n\n<p><\/p>\n","protected":false},"excerpt":{"rendered":"<p>Rada Nadzorcza ZIO i Fundacji Huisartsenpost en Heuvelland sk\u0142ada si\u0119 z trzech cz\u0142onk\u00f3w i jest odpowiedzialna za nadz\u00f3r i doradztwo w zakresie dzia\u0142ania obu organizacji. Cz\u0142onkowie s\u0105 mianowani na okres czterech lat. Arno Timmermans, przewodnicz\u0105cy (od 1 stycznia 2022 r.) Praktykuje jako lekarz og\u00f3lny w Almere do 2012 roku. Dyrektor NHG w latach 2000-2004 i Prezes Zarz\u0105du NHG w latach 2004-2012. Przewodnicz\u0105cy Rady Dyrektor\u00f3w Westfriesgasthuis od 2012 roku. Westfriesgasthuis po\u0142\u0105czy\u0142 si\u0119 ze szpitalem Waterland, obecnie znanym jako Dijklander Hospital, w 2017 roku. Obecnie przewodnicz\u0105cy Rady Nadzorczej SBOH oraz [&#8230;]<\/p>\n","protected":false},"author":3,"featured_media":0,"parent":0,"menu_order":125,"comment_status":"closed","ping_status":"closed","template":"","meta":{"_acf_changed":false,"_trash_the_other_posts":false,"editor_notices":[],"footnotes":""},"class_list":["post-2572","page","type-page","status-publish","hentry"],"acf":[],"yoast_head":"<!-- This site is optimized with the Yoast SEO plugin v26.6 - https:\/\/yoast.com\/wordpress\/plugins\/seo\/ -->\n<title>Rada nadzorcza - Poczta ratunkowa lekarza rodzinnego Maastricht<\/title>\n<meta name=\"robots\" content=\"index, follow, max-snippet:-1, max-image-preview:large, max-video-preview:-1\" \/>\n<link rel=\"canonical\" href=\"https:\/\/hapmaastricht.nl\/pl\/rada-nadzorcza\/\" \/>\n<meta property=\"og:locale\" content=\"pl_PL\" \/>\n<meta property=\"og:type\" content=\"article\" \/>\n<meta property=\"og:title\" content=\"Rada nadzorcza - Poczta ratunkowa lekarza rodzinnego Maastricht\" \/>\n<meta property=\"og:description\" content=\"Rada Nadzorcza ZIO i Fundacji Huisartsenpost en Heuvelland sk\u0142ada si\u0119 z trzech cz\u0142onk\u00f3w i jest odpowiedzialna za nadz\u00f3r i doradztwo w zakresie dzia\u0142ania obu organizacji. Cz\u0142onkowie s\u0105 mianowani na okres czterech lat. Arno Timmermans, przewodnicz\u0105cy (od 1 stycznia 2022 r.) Praktykuje jako lekarz og\u00f3lny w Almere do 2012 roku. Dyrektor NHG w latach 2000-2004 i Prezes Zarz\u0105du NHG w latach 2004-2012. Przewodnicz\u0105cy Rady Dyrektor\u00f3w Westfriesgasthuis od 2012 roku. Westfriesgasthuis po\u0142\u0105czy\u0142 si\u0119 ze szpitalem Waterland, obecnie znanym jako Dijklander Hospital, w 2017 roku. Obecnie przewodnicz\u0105cy Rady Nadzorczej SBOH oraz [...]\" \/>\n<meta property=\"og:url\" content=\"https:\/\/hapmaastricht.nl\/pl\/rada-nadzorcza\/\" \/>\n<meta property=\"og:site_name\" content=\"Poczta ratunkowa lekarza rodzinnego Maastricht\" \/>\n<meta property=\"article:modified_time\" content=\"2025-07-10T07:54:01+00:00\" \/>\n<meta name=\"twitter:card\" content=\"summary_large_image\" \/>\n<meta name=\"twitter:label1\" content=\"Szacowany czas czytania\" \/>\n\t<meta name=\"twitter:data1\" content=\"1 minuta\" \/>\n<script type=\"application\/ld+json\" class=\"yoast-schema-graph\">{\"@context\":\"https:\/\/schema.org\",\"@graph\":[{\"@type\":\"WebPage\",\"@id\":\"https:\/\/hapmaastricht.nl\/pl\/rada-nadzorcza\/\",\"url\":\"https:\/\/hapmaastricht.nl\/pl\/rada-nadzorcza\/\",\"name\":\"Rada nadzorcza - Poczta ratunkowa lekarza rodzinnego Maastricht\",\"isPartOf\":{\"@id\":\"https:\/\/hapmaastricht.nl\/pl\/#website\"},\"datePublished\":\"2023-05-31T14:56:36+00:00\",\"dateModified\":\"2025-07-10T07:54:01+00:00\",\"breadcrumb\":{\"@id\":\"https:\/\/hapmaastricht.nl\/pl\/rada-nadzorcza\/#breadcrumb\"},\"inLanguage\":\"pl-PL\",\"potentialAction\":[{\"@type\":\"ReadAction\",\"target\":[\"https:\/\/hapmaastricht.nl\/pl\/rada-nadzorcza\/\"]}]},{\"@type\":\"BreadcrumbList\",\"@id\":\"https:\/\/hapmaastricht.nl\/pl\/rada-nadzorcza\/#breadcrumb\",\"itemListElement\":[{\"@type\":\"ListItem\",\"position\":1,\"name\":\"Home\",\"item\":\"https:\/\/hapmaastricht.nl\/pl\/\"},{\"@type\":\"ListItem\",\"position\":2,\"name\":\"Rada Nadzorcza\"}]},{\"@type\":\"WebSite\",\"@id\":\"https:\/\/hapmaastricht.nl\/pl\/#website\",\"url\":\"https:\/\/hapmaastricht.nl\/pl\/\",\"name\":\"Poczta ratunkowa lekarza rodzinnego Maastricht\",\"description\":\"\",\"potentialAction\":[{\"@type\":\"SearchAction\",\"target\":{\"@type\":\"EntryPoint\",\"urlTemplate\":\"https:\/\/hapmaastricht.nl\/pl\/?s={search_term_string}\"},\"query-input\":{\"@type\":\"PropertyValueSpecification\",\"valueRequired\":true,\"valueName\":\"search_term_string\"}}],\"inLanguage\":\"pl-PL\"}]}<\/script>\n<!-- \/ Yoast SEO plugin. -->","yoast_head_json":{"title":"Rada nadzorcza - Poczta ratunkowa lekarza rodzinnego Maastricht","robots":{"index":"index","follow":"follow","max-snippet":"max-snippet:-1","max-image-preview":"max-image-preview:large","max-video-preview":"max-video-preview:-1"},"canonical":"https:\/\/hapmaastricht.nl\/pl\/rada-nadzorcza\/","og_locale":"pl_PL","og_type":"article","og_title":"Rada nadzorcza - Poczta ratunkowa lekarza rodzinnego Maastricht","og_description":"Rada Nadzorcza ZIO i Fundacji Huisartsenpost en Heuvelland sk\u0142ada si\u0119 z trzech cz\u0142onk\u00f3w i jest odpowiedzialna za nadz\u00f3r i doradztwo w zakresie dzia\u0142ania obu organizacji. Cz\u0142onkowie s\u0105 mianowani na okres czterech lat. Arno Timmermans, przewodnicz\u0105cy (od 1 stycznia 2022 r.) Praktykuje jako lekarz og\u00f3lny w Almere do 2012 roku. Dyrektor NHG w latach 2000-2004 i Prezes Zarz\u0105du NHG w latach 2004-2012. Przewodnicz\u0105cy Rady Dyrektor\u00f3w Westfriesgasthuis od 2012 roku. Westfriesgasthuis po\u0142\u0105czy\u0142 si\u0119 ze szpitalem Waterland, obecnie znanym jako Dijklander Hospital, w 2017 roku. Obecnie przewodnicz\u0105cy Rady Nadzorczej SBOH oraz [...]","og_url":"https:\/\/hapmaastricht.nl\/pl\/rada-nadzorcza\/","og_site_name":"Poczta ratunkowa lekarza rodzinnego Maastricht","article_modified_time":"2025-07-10T07:54:01+00:00","twitter_card":"summary_large_image","twitter_misc":{"Szacowany czas czytania":"1 minuta"},"schema":{"@context":"https:\/\/schema.org","@graph":[{"@type":"WebPage","@id":"https:\/\/hapmaastricht.nl\/pl\/rada-nadzorcza\/","url":"https:\/\/hapmaastricht.nl\/pl\/rada-nadzorcza\/","name":"Rada nadzorcza - Poczta ratunkowa lekarza rodzinnego Maastricht","isPartOf":{"@id":"https:\/\/hapmaastricht.nl\/pl\/#website"},"datePublished":"2023-05-31T14:56:36+00:00","dateModified":"2025-07-10T07:54:01+00:00","breadcrumb":{"@id":"https:\/\/hapmaastricht.nl\/pl\/rada-nadzorcza\/#breadcrumb"},"inLanguage":"pl-PL","potentialAction":[{"@type":"ReadAction","target":["https:\/\/hapmaastricht.nl\/pl\/rada-nadzorcza\/"]}]},{"@type":"BreadcrumbList","@id":"https:\/\/hapmaastricht.nl\/pl\/rada-nadzorcza\/#breadcrumb","itemListElement":[{"@type":"ListItem","position":1,"name":"Home","item":"https:\/\/hapmaastricht.nl\/pl\/"},{"@type":"ListItem","position":2,"name":"Rada Nadzorcza"}]},{"@type":"WebSite","@id":"https:\/\/hapmaastricht.nl\/pl\/#website","url":"https:\/\/hapmaastricht.nl\/pl\/","name":"Poczta ratunkowa lekarza rodzinnego Maastricht","description":"","potentialAction":[{"@type":"SearchAction","target":{"@type":"EntryPoint","urlTemplate":"https:\/\/hapmaastricht.nl\/pl\/?s={search_term_string}"},"query-input":{"@type":"PropertyValueSpecification","valueRequired":true,"valueName":"search_term_string"}}],"inLanguage":"pl-PL"}]}},"_links":{"self":[{"href":"https:\/\/hapmaastricht.nl\/pl\/wp-json\/wp\/v2\/pages\/2572","targetHints":{"allow":["GET"]}}],"collection":[{"href":"https:\/\/hapmaastricht.nl\/pl\/wp-json\/wp\/v2\/pages"}],"about":[{"href":"https:\/\/hapmaastricht.nl\/pl\/wp-json\/wp\/v2\/types\/page"}],"author":[{"embeddable":true,"href":"https:\/\/hapmaastricht.nl\/pl\/wp-json\/wp\/v2\/users\/3"}],"replies":[{"embeddable":true,"href":"https:\/\/hapmaastricht.nl\/pl\/wp-json\/wp\/v2\/comments?post=2572"}],"version-history":[{"count":4,"href":"https:\/\/hapmaastricht.nl\/pl\/wp-json\/wp\/v2\/pages\/2572\/revisions"}],"predecessor-version":[{"id":9195,"href":"https:\/\/hapmaastricht.nl\/pl\/wp-json\/wp\/v2\/pages\/2572\/revisions\/9195"}],"wp:attachment":[{"href":"https:\/\/hapmaastricht.nl\/pl\/wp-json\/wp\/v2\/media?parent=2572"}],"curies":[{"name":"wp","href":"https:\/\/api.w.org\/{rel}","templated":true}]}}