{"id":2579,"date":"2023-05-31T17:08:15","date_gmt":"2023-05-31T15:08:15","guid":{"rendered":"https:\/\/multisite.mindd.dev\/hap-maastricht\/?page_id=2579"},"modified":"2025-07-10T09:53:57","modified_gmt":"2025-07-10T07:53:57","slug":"organizacyjnego","status":"publish","type":"page","link":"https:\/\/hapmaastricht.nl\/pl\/organizacyjnego\/","title":{"rendered":"Zarz\u0105dzanie i nadz\u00f3r"},"content":{"rendered":"\n<figure class=\"wp-block-image size-full\"><img decoding=\"async\" width=\"760\" height=\"937\" src=\"https:\/\/hapmaastricht.nl\/content\/uploads\/2023\/08\/HAP-organogram-2023.jpg\" alt=\"\" class=\"wp-image-7412\" srcset=\"https:\/\/hapmaastricht.nl\/pl\/wp-content\/uploads\/sites\/58\/2023\/08\/HAP-organogram-2023.jpg 760w, https:\/\/hapmaastricht.nl\/pl\/wp-content\/uploads\/sites\/58\/2023\/08\/HAP-organogram-2023-243x300.jpg 243w\" sizes=\"(max-width: 760px) 100vw, 760px\" \/><\/figure>\n\n\n\n<p><span style=\"text-decoration: underline\">Wyja\u015bnienie<\/span><br>Dyrektor zarz\u0105dzaj\u0105cy jest zatrudniony przez Fundacj\u0119 HMH. Dla pozosta\u0142ych pracownik\u00f3w Fundacja ma podpisan\u0105 umow\u0119 o \u015bwiadczenie us\u0142ug z MUMC+.<br>Lekarze rodzinni z Maastricht i regionu Heuvelland s\u0105 zrzeszeni w Fundacji HMH na podstawie umowy afiliacyjnej. Do przewozu lekarza dy\u017curnego fundacja korzysta z kierowc\u00f3w firmy transportowej specjalizuj\u0105cej si\u0119 w bran\u017cy medycznej.<\/p>\n\n\n\n<p>Rada Nadzorcza Stacji Ratunkowej Lekarzy Rodzinnych w Maastricht i Heuvelland sk\u0142ada si\u0119 z trzech cz\u0142onk\u00f3w, a jej zadaniem jest nadzorowanie i doradzanie w zakresie realizacji zada\u0144 organizacji. Cz\u0142onkowie s\u0105 mianowani na okres czterech lat. Obecnie w sk\u0142ad Rady Nadzorczej wchodz\u0105:<\/p>\n\n\n\n<p><\/p>\n\n\n\n<ul class=\"wp-block-list\">\n<li>Maarten Klomp<\/li>\n\n\n\n<li>Yvonne Custers-Slots<\/li>\n\n\n\n<li>Guido Kerckhoffs<\/li>\n<\/ul>\n\n\n\n<p><\/p>\n","protected":false},"excerpt":{"rendered":"<p>Opis: Dyrektor i dyrektor s\u0105 zatrudnieni przez Fundacj\u0119 HMH. Dla pozosta\u0142ych pracownik\u00f3w Fundacja posiada umow\u0119 cesji z MUMC+. Lekarze rodzinni z Maastricht i regionu Heuvelland s\u0105 powi\u0105zani z Fundacj\u0105 HMH na podstawie umowy afiliacyjnej. Do transportu dy\u017curnego lekarza fundacja korzysta z kierowc\u00f3w z firmy zajmuj\u0105cej si\u0119 transportem medycznym specjalizuj\u0105cym si\u0119 w dziedzinie medycyny.<\/p>\n","protected":false},"author":3,"featured_media":0,"parent":0,"menu_order":106,"comment_status":"closed","ping_status":"closed","template":"","meta":{"_acf_changed":false,"_trash_the_other_posts":false,"editor_notices":["a:0:{}"],"footnotes":""},"class_list":["post-2579","page","type-page","status-publish","hentry"],"acf":[],"yoast_head":"<!-- This site is optimized with the Yoast SEO plugin v26.6 - https:\/\/yoast.com\/wordpress\/plugins\/seo\/ -->\n<title>Zarz\u0105dzanie i nadz\u00f3r - Poczta ratunkowa lekarza rodzinnego Maastricht<\/title>\n<meta name=\"robots\" content=\"index, follow, max-snippet:-1, max-image-preview:large, max-video-preview:-1\" \/>\n<link rel=\"canonical\" href=\"https:\/\/hapmaastricht.nl\/pl\/schemat-organizacyjny\/\" \/>\n<meta property=\"og:locale\" content=\"pl_PL\" \/>\n<meta property=\"og:type\" content=\"article\" \/>\n<meta property=\"og:title\" content=\"Zarz\u0105dzanie i nadz\u00f3r - Poczta ratunkowa lekarza rodzinnego Maastricht\" \/>\n<meta property=\"og:description\" content=\"Opis: Dyrektor i dyrektor s\u0105 zatrudnieni przez Fundacj\u0119 HMH. Dla pozosta\u0142ych pracownik\u00f3w Fundacja posiada umow\u0119 cesji z MUMC+. Lekarze rodzinni z Maastricht i regionu Heuvelland s\u0105 powi\u0105zani z Fundacj\u0105 HMH na podstawie umowy afiliacyjnej. Do transportu dy\u017curnego lekarza fundacja korzysta z kierowc\u00f3w z firmy zajmuj\u0105cej si\u0119 transportem medycznym specjalizuj\u0105cym si\u0119 w dziedzinie medycyny.\" \/>\n<meta property=\"og:url\" content=\"https:\/\/hapmaastricht.nl\/pl\/schemat-organizacyjny\/\" \/>\n<meta property=\"og:site_name\" content=\"Poczta ratunkowa lekarza rodzinnego Maastricht\" \/>\n<meta property=\"article:modified_time\" content=\"2025-07-10T07:53:57+00:00\" \/>\n<meta property=\"og:image\" content=\"https:\/\/hapmaastricht.nl\/content\/uploads\/2023\/08\/HAP-organogram-2023.jpg\" \/>\n<meta name=\"twitter:card\" content=\"summary_large_image\" \/>\n<meta name=\"twitter:label1\" content=\"Szacowany czas czytania\" \/>\n\t<meta name=\"twitter:data1\" content=\"1 minuta\" \/>\n<script type=\"application\/ld+json\" class=\"yoast-schema-graph\">{\"@context\":\"https:\/\/schema.org\",\"@graph\":[{\"@type\":\"WebPage\",\"@id\":\"https:\/\/hapmaastricht.nl\/pl\/schemat-organizacyjny\/\",\"url\":\"https:\/\/hapmaastricht.nl\/pl\/schemat-organizacyjny\/\",\"name\":\"Zarz\u0105dzanie i nadz\u00f3r - Poczta ratunkowa lekarza rodzinnego Maastricht\",\"isPartOf\":{\"@id\":\"https:\/\/hapmaastricht.nl\/pl\/#website\"},\"primaryImageOfPage\":{\"@id\":\"https:\/\/hapmaastricht.nl\/pl\/schemat-organizacyjny\/#primaryimage\"},\"image\":{\"@id\":\"https:\/\/hapmaastricht.nl\/pl\/schemat-organizacyjny\/#primaryimage\"},\"thumbnailUrl\":\"https:\/\/hapmaastricht.nl\/content\/uploads\/2023\/08\/HAP-organogram-2023.jpg\",\"datePublished\":\"2023-05-31T15:08:15+00:00\",\"dateModified\":\"2025-07-10T07:53:57+00:00\",\"breadcrumb\":{\"@id\":\"https:\/\/hapmaastricht.nl\/pl\/schemat-organizacyjny\/#breadcrumb\"},\"inLanguage\":\"pl-PL\",\"potentialAction\":[{\"@type\":\"ReadAction\",\"target\":[\"https:\/\/hapmaastricht.nl\/pl\/schemat-organizacyjny\/\"]}]},{\"@type\":\"ImageObject\",\"inLanguage\":\"pl-PL\",\"@id\":\"https:\/\/hapmaastricht.nl\/pl\/schemat-organizacyjny\/#primaryimage\",\"url\":\"https:\/\/hapmaastricht.nl\/content\/uploads\/2023\/08\/HAP-organogram-2023.jpg\",\"contentUrl\":\"https:\/\/hapmaastricht.nl\/content\/uploads\/2023\/08\/HAP-organogram-2023.jpg\"},{\"@type\":\"BreadcrumbList\",\"@id\":\"https:\/\/hapmaastricht.nl\/pl\/schemat-organizacyjny\/#breadcrumb\",\"itemListElement\":[{\"@type\":\"ListItem\",\"position\":1,\"name\":\"Home\",\"item\":\"https:\/\/hapmaastricht.nl\/pl\/\"},{\"@type\":\"ListItem\",\"position\":2,\"name\":\"Schemat organizacyjny\"}]},{\"@type\":\"WebSite\",\"@id\":\"https:\/\/hapmaastricht.nl\/pl\/#website\",\"url\":\"https:\/\/hapmaastricht.nl\/pl\/\",\"name\":\"Poczta ratunkowa lekarza rodzinnego Maastricht\",\"description\":\"\",\"potentialAction\":[{\"@type\":\"SearchAction\",\"target\":{\"@type\":\"EntryPoint\",\"urlTemplate\":\"https:\/\/hapmaastricht.nl\/pl\/?s={search_term_string}\"},\"query-input\":{\"@type\":\"PropertyValueSpecification\",\"valueRequired\":true,\"valueName\":\"search_term_string\"}}],\"inLanguage\":\"pl-PL\"}]}<\/script>\n<!-- \/ Yoast SEO plugin. -->","yoast_head_json":{"title":"Zarz\u0105dzanie i nadz\u00f3r - Poczta ratunkowa lekarza rodzinnego Maastricht","robots":{"index":"index","follow":"follow","max-snippet":"max-snippet:-1","max-image-preview":"max-image-preview:large","max-video-preview":"max-video-preview:-1"},"canonical":"https:\/\/hapmaastricht.nl\/pl\/schemat-organizacyjny\/","og_locale":"pl_PL","og_type":"article","og_title":"Zarz\u0105dzanie i nadz\u00f3r - Poczta ratunkowa lekarza rodzinnego Maastricht","og_description":"Opis: Dyrektor i dyrektor s\u0105 zatrudnieni przez Fundacj\u0119 HMH. Dla pozosta\u0142ych pracownik\u00f3w Fundacja posiada umow\u0119 cesji z MUMC+. Lekarze rodzinni z Maastricht i regionu Heuvelland s\u0105 powi\u0105zani z Fundacj\u0105 HMH na podstawie umowy afiliacyjnej. Do transportu dy\u017curnego lekarza fundacja korzysta z kierowc\u00f3w z firmy zajmuj\u0105cej si\u0119 transportem medycznym specjalizuj\u0105cym si\u0119 w dziedzinie medycyny.","og_url":"https:\/\/hapmaastricht.nl\/pl\/schemat-organizacyjny\/","og_site_name":"Poczta ratunkowa lekarza rodzinnego Maastricht","article_modified_time":"2025-07-10T07:53:57+00:00","og_image":[{"url":"https:\/\/hapmaastricht.nl\/content\/uploads\/2023\/08\/HAP-organogram-2023.jpg","type":"","width":"","height":""}],"twitter_card":"summary_large_image","twitter_misc":{"Szacowany czas czytania":"1 minuta"},"schema":{"@context":"https:\/\/schema.org","@graph":[{"@type":"WebPage","@id":"https:\/\/hapmaastricht.nl\/pl\/schemat-organizacyjny\/","url":"https:\/\/hapmaastricht.nl\/pl\/schemat-organizacyjny\/","name":"Zarz\u0105dzanie i nadz\u00f3r - Poczta ratunkowa lekarza rodzinnego Maastricht","isPartOf":{"@id":"https:\/\/hapmaastricht.nl\/pl\/#website"},"primaryImageOfPage":{"@id":"https:\/\/hapmaastricht.nl\/pl\/schemat-organizacyjny\/#primaryimage"},"image":{"@id":"https:\/\/hapmaastricht.nl\/pl\/schemat-organizacyjny\/#primaryimage"},"thumbnailUrl":"https:\/\/hapmaastricht.nl\/content\/uploads\/2023\/08\/HAP-organogram-2023.jpg","datePublished":"2023-05-31T15:08:15+00:00","dateModified":"2025-07-10T07:53:57+00:00","breadcrumb":{"@id":"https:\/\/hapmaastricht.nl\/pl\/schemat-organizacyjny\/#breadcrumb"},"inLanguage":"pl-PL","potentialAction":[{"@type":"ReadAction","target":["https:\/\/hapmaastricht.nl\/pl\/schemat-organizacyjny\/"]}]},{"@type":"ImageObject","inLanguage":"pl-PL","@id":"https:\/\/hapmaastricht.nl\/pl\/schemat-organizacyjny\/#primaryimage","url":"https:\/\/hapmaastricht.nl\/content\/uploads\/2023\/08\/HAP-organogram-2023.jpg","contentUrl":"https:\/\/hapmaastricht.nl\/content\/uploads\/2023\/08\/HAP-organogram-2023.jpg"},{"@type":"BreadcrumbList","@id":"https:\/\/hapmaastricht.nl\/pl\/schemat-organizacyjny\/#breadcrumb","itemListElement":[{"@type":"ListItem","position":1,"name":"Home","item":"https:\/\/hapmaastricht.nl\/pl\/"},{"@type":"ListItem","position":2,"name":"Schemat organizacyjny"}]},{"@type":"WebSite","@id":"https:\/\/hapmaastricht.nl\/pl\/#website","url":"https:\/\/hapmaastricht.nl\/pl\/","name":"Poczta ratunkowa lekarza rodzinnego Maastricht","description":"","potentialAction":[{"@type":"SearchAction","target":{"@type":"EntryPoint","urlTemplate":"https:\/\/hapmaastricht.nl\/pl\/?s={search_term_string}"},"query-input":{"@type":"PropertyValueSpecification","valueRequired":true,"valueName":"search_term_string"}}],"inLanguage":"pl-PL"}]}},"_links":{"self":[{"href":"https:\/\/hapmaastricht.nl\/pl\/wp-json\/wp\/v2\/pages\/2579","targetHints":{"allow":["GET"]}}],"collection":[{"href":"https:\/\/hapmaastricht.nl\/pl\/wp-json\/wp\/v2\/pages"}],"about":[{"href":"https:\/\/hapmaastricht.nl\/pl\/wp-json\/wp\/v2\/types\/page"}],"author":[{"embeddable":true,"href":"https:\/\/hapmaastricht.nl\/pl\/wp-json\/wp\/v2\/users\/3"}],"replies":[{"embeddable":true,"href":"https:\/\/hapmaastricht.nl\/pl\/wp-json\/wp\/v2\/comments?post=2579"}],"version-history":[{"count":13,"href":"https:\/\/hapmaastricht.nl\/pl\/wp-json\/wp\/v2\/pages\/2579\/revisions"}],"predecessor-version":[{"id":9194,"href":"https:\/\/hapmaastricht.nl\/pl\/wp-json\/wp\/v2\/pages\/2579\/revisions\/9194"}],"wp:attachment":[{"href":"https:\/\/hapmaastricht.nl\/pl\/wp-json\/wp\/v2\/media?parent=2579"}],"curies":[{"name":"wp","href":"https:\/\/api.w.org\/{rel}","templated":true}]}}