{"id":3528,"date":"2023-06-03T14:42:07","date_gmt":"2023-06-03T12:42:07","guid":{"rendered":"https:\/\/multisite.mindd.dev\/hap-maastricht\/?page_id=3528"},"modified":"2025-07-10T09:53:52","modified_gmt":"2025-07-10T07:53:52","slug":"wspolna-troska-jest-w-naszym-dna","status":"publish","type":"page","link":"https:\/\/hapmaastricht.nl\/pl\/wspolna-troska-jest-w-naszym-dna\/","title":{"rendered":"Wsp\u00f3lna troska jest w naszym DNA"},"content":{"rendered":"\n\n\n<p><a href=\"\/wp-content\/uploads\/sites\/30\/2023\/06\/QUOTES-JAARVERSLAG-2016-def.pdf\" target=\"_blank\" rel=\"noreferrer noopener\">Dwana\u015bcie stwierdze\u0144<\/a>, kt\u00f3re kilka lat temu zdobi\u0142y jeden z naszych raport\u00f3w rocznych, jest nadal aktualne i jest zgodne ze sposobem, w jaki Fundacja HMH kszta\u0142tuje swoj\u0105 wizj\u0119. Jako metafor\u0119 naszej polityki pos\u0142ugujemy si\u0119 struktur\u0105 DNA z has\u0142em: &#8222;Troska razem jest w naszym DNA&#8221;. Fundacja HMH chce pokaza\u0107, \u017ce wewn\u0119trzna motywacja ludzi jako profesjonalist\u00f3w (opieku\u0144czych) z ich entuzjazmem i pasj\u0105 jest niezb\u0119dna do optymalizacji opieki. To w\u0142a\u015bnie te osoby ka\u017cdego dnia dbaj\u0105 o to, aby pacjentom w naszym regionie udzielana by\u0142a jak najlepsza opieka.<\/p>\n\n\n\n<figure class=\"wp-block-image size-large\"><img decoding=\"async\" width=\"442\" height=\"1024\" src=\"https:\/\/hapmaastricht.nl\/content\/uploads\/2023\/06\/digitale-poster-442x1024.jpg\" alt=\"\" class=\"wp-image-3705\" srcset=\"https:\/\/hapmaastricht.nl\/pl\/wp-content\/uploads\/sites\/58\/2023\/06\/digitale-poster-442x1024.jpg 442w, https:\/\/hapmaastricht.nl\/pl\/wp-content\/uploads\/sites\/58\/2023\/06\/digitale-poster-130x300.jpg 130w, https:\/\/hapmaastricht.nl\/pl\/wp-content\/uploads\/sites\/58\/2023\/06\/digitale-poster-768x1779.jpg 768w, https:\/\/hapmaastricht.nl\/pl\/wp-content\/uploads\/sites\/58\/2023\/06\/digitale-poster-663x1536.jpg 663w, https:\/\/hapmaastricht.nl\/pl\/wp-content\/uploads\/sites\/58\/2023\/06\/digitale-poster-884x2048.jpg 884w, https:\/\/hapmaastricht.nl\/pl\/wp-content\/uploads\/sites\/58\/2023\/06\/digitale-poster-scaled.jpg 1105w\" sizes=\"(max-width: 442px) 100vw, 442px\" \/><\/figure>\n","protected":false},"excerpt":{"rendered":"<p>Dwana\u015bcie stwierdze\u0144, kt\u00f3re zdobi\u0142y jeden z naszych raport\u00f3w rocznych kilka lat temu, nadal ma zastosowanie i jest zgodne z tym, jak Fundacja HMH kszta\u0142tuje swoj\u0105 wizj\u0119. Jako metafor\u0119 naszej polityki u\u017cywamy struktury DNA z has\u0142em: \u201eTroska razem jest w naszym DNA\u201d. Fundacja HMH chce w ten spos\u00f3b pokaza\u0107, \u017ce aby zoptymalizowa\u0107 opiek\u0119, niezb\u0119dna jest wewn\u0119trzna motywacja ludzi jako profesjonalisty (opieku\u0144czego) z jego entuzjazmem i pasj\u0105. To w\u0142a\u015bnie ci ludzie z dnia na dzie\u0144 dbaj\u0105 o najlepsz\u0105 mo\u017cliw\u0105 opiek\u0119 nad pacjentami w naszym regionie [&#8230;]<\/p>\n","protected":false},"author":3,"featured_media":0,"parent":0,"menu_order":128,"comment_status":"closed","ping_status":"closed","template":"","meta":{"_acf_changed":false,"_trash_the_other_posts":false,"editor_notices":[],"footnotes":""},"class_list":["post-3528","page","type-page","status-publish","hentry"],"acf":[],"yoast_head":"<!-- This site is optimized with the Yoast SEO plugin v26.6 - https:\/\/yoast.com\/wordpress\/plugins\/seo\/ -->\n<title>Wsp\u00f3lna troska jest w naszym DNA - Poczta ratunkowa lekarza rodzinnego Maastricht<\/title>\n<meta name=\"robots\" content=\"index, follow, max-snippet:-1, max-image-preview:large, max-video-preview:-1\" \/>\n<link rel=\"canonical\" href=\"https:\/\/hapmaastricht.nl\/pl\/wspolna-troska-jest-w-naszym-dna\/\" \/>\n<meta property=\"og:locale\" content=\"pl_PL\" \/>\n<meta property=\"og:type\" content=\"article\" \/>\n<meta property=\"og:title\" content=\"Wsp\u00f3lna troska jest w naszym DNA - Poczta ratunkowa lekarza rodzinnego Maastricht\" \/>\n<meta property=\"og:description\" content=\"Dwana\u015bcie stwierdze\u0144, kt\u00f3re zdobi\u0142y jeden z naszych raport\u00f3w rocznych kilka lat temu, nadal ma zastosowanie i jest zgodne z tym, jak Fundacja HMH kszta\u0142tuje swoj\u0105 wizj\u0119. Jako metafor\u0119 naszej polityki u\u017cywamy struktury DNA z has\u0142em: \u201eTroska razem jest w naszym DNA\u201d. Fundacja HMH chce w ten spos\u00f3b pokaza\u0107, \u017ce aby zoptymalizowa\u0107 opiek\u0119, niezb\u0119dna jest wewn\u0119trzna motywacja ludzi jako profesjonalisty (opieku\u0144czego) z jego entuzjazmem i pasj\u0105. To w\u0142a\u015bnie ci ludzie z dnia na dzie\u0144 dbaj\u0105 o najlepsz\u0105 mo\u017cliw\u0105 opiek\u0119 nad pacjentami w naszym regionie [...]\" \/>\n<meta property=\"og:url\" content=\"https:\/\/hapmaastricht.nl\/pl\/wspolna-troska-jest-w-naszym-dna\/\" \/>\n<meta property=\"og:site_name\" content=\"Poczta ratunkowa lekarza rodzinnego Maastricht\" \/>\n<meta property=\"article:modified_time\" content=\"2025-07-10T07:53:52+00:00\" \/>\n<meta property=\"og:image\" content=\"https:\/\/hapmaastricht.nl\/content\/uploads\/2023\/06\/digitale-poster-442x1024.jpg\" \/>\n<meta name=\"twitter:card\" content=\"summary_large_image\" \/>\n<meta name=\"twitter:label1\" content=\"Szacowany czas czytania\" \/>\n\t<meta name=\"twitter:data1\" content=\"1 minuta\" \/>\n<script type=\"application\/ld+json\" class=\"yoast-schema-graph\">{\"@context\":\"https:\/\/schema.org\",\"@graph\":[{\"@type\":\"WebPage\",\"@id\":\"https:\/\/hapmaastricht.nl\/pl\/wspolna-troska-jest-w-naszym-dna\/\",\"url\":\"https:\/\/hapmaastricht.nl\/pl\/wspolna-troska-jest-w-naszym-dna\/\",\"name\":\"Wsp\u00f3lna troska jest w naszym DNA - Poczta ratunkowa lekarza rodzinnego Maastricht\",\"isPartOf\":{\"@id\":\"https:\/\/hapmaastricht.nl\/pl\/#website\"},\"primaryImageOfPage\":{\"@id\":\"https:\/\/hapmaastricht.nl\/pl\/wspolna-troska-jest-w-naszym-dna\/#primaryimage\"},\"image\":{\"@id\":\"https:\/\/hapmaastricht.nl\/pl\/wspolna-troska-jest-w-naszym-dna\/#primaryimage\"},\"thumbnailUrl\":\"https:\/\/hapmaastricht.nl\/content\/uploads\/2023\/06\/digitale-poster-442x1024.jpg\",\"datePublished\":\"2023-06-03T12:42:07+00:00\",\"dateModified\":\"2025-07-10T07:53:52+00:00\",\"breadcrumb\":{\"@id\":\"https:\/\/hapmaastricht.nl\/pl\/wspolna-troska-jest-w-naszym-dna\/#breadcrumb\"},\"inLanguage\":\"pl-PL\",\"potentialAction\":[{\"@type\":\"ReadAction\",\"target\":[\"https:\/\/hapmaastricht.nl\/pl\/wspolna-troska-jest-w-naszym-dna\/\"]}]},{\"@type\":\"ImageObject\",\"inLanguage\":\"pl-PL\",\"@id\":\"https:\/\/hapmaastricht.nl\/pl\/wspolna-troska-jest-w-naszym-dna\/#primaryimage\",\"url\":\"https:\/\/hapmaastricht.nl\/content\/uploads\/2023\/06\/digitale-poster-442x1024.jpg\",\"contentUrl\":\"https:\/\/hapmaastricht.nl\/content\/uploads\/2023\/06\/digitale-poster-442x1024.jpg\"},{\"@type\":\"BreadcrumbList\",\"@id\":\"https:\/\/hapmaastricht.nl\/pl\/wspolna-troska-jest-w-naszym-dna\/#breadcrumb\",\"itemListElement\":[{\"@type\":\"ListItem\",\"position\":1,\"name\":\"Home\",\"item\":\"https:\/\/hapmaastricht.nl\/pl\/\"},{\"@type\":\"ListItem\",\"position\":2,\"name\":\"Wsp\u00f3lna troska jest w naszym DNA\"}]},{\"@type\":\"WebSite\",\"@id\":\"https:\/\/hapmaastricht.nl\/pl\/#website\",\"url\":\"https:\/\/hapmaastricht.nl\/pl\/\",\"name\":\"Poczta ratunkowa lekarza rodzinnego Maastricht\",\"description\":\"\",\"potentialAction\":[{\"@type\":\"SearchAction\",\"target\":{\"@type\":\"EntryPoint\",\"urlTemplate\":\"https:\/\/hapmaastricht.nl\/pl\/?s={search_term_string}\"},\"query-input\":{\"@type\":\"PropertyValueSpecification\",\"valueRequired\":true,\"valueName\":\"search_term_string\"}}],\"inLanguage\":\"pl-PL\"}]}<\/script>\n<!-- \/ Yoast SEO plugin. -->","yoast_head_json":{"title":"Wsp\u00f3lna troska jest w naszym DNA - Poczta ratunkowa lekarza rodzinnego Maastricht","robots":{"index":"index","follow":"follow","max-snippet":"max-snippet:-1","max-image-preview":"max-image-preview:large","max-video-preview":"max-video-preview:-1"},"canonical":"https:\/\/hapmaastricht.nl\/pl\/wspolna-troska-jest-w-naszym-dna\/","og_locale":"pl_PL","og_type":"article","og_title":"Wsp\u00f3lna troska jest w naszym DNA - Poczta ratunkowa lekarza rodzinnego Maastricht","og_description":"Dwana\u015bcie stwierdze\u0144, kt\u00f3re zdobi\u0142y jeden z naszych raport\u00f3w rocznych kilka lat temu, nadal ma zastosowanie i jest zgodne z tym, jak Fundacja HMH kszta\u0142tuje swoj\u0105 wizj\u0119. Jako metafor\u0119 naszej polityki u\u017cywamy struktury DNA z has\u0142em: \u201eTroska razem jest w naszym DNA\u201d. Fundacja HMH chce w ten spos\u00f3b pokaza\u0107, \u017ce aby zoptymalizowa\u0107 opiek\u0119, niezb\u0119dna jest wewn\u0119trzna motywacja ludzi jako profesjonalisty (opieku\u0144czego) z jego entuzjazmem i pasj\u0105. To w\u0142a\u015bnie ci ludzie z dnia na dzie\u0144 dbaj\u0105 o najlepsz\u0105 mo\u017cliw\u0105 opiek\u0119 nad pacjentami w naszym regionie [...]","og_url":"https:\/\/hapmaastricht.nl\/pl\/wspolna-troska-jest-w-naszym-dna\/","og_site_name":"Poczta ratunkowa lekarza rodzinnego Maastricht","article_modified_time":"2025-07-10T07:53:52+00:00","og_image":[{"url":"https:\/\/hapmaastricht.nl\/content\/uploads\/2023\/06\/digitale-poster-442x1024.jpg","type":"","width":"","height":""}],"twitter_card":"summary_large_image","twitter_misc":{"Szacowany czas czytania":"1 minuta"},"schema":{"@context":"https:\/\/schema.org","@graph":[{"@type":"WebPage","@id":"https:\/\/hapmaastricht.nl\/pl\/wspolna-troska-jest-w-naszym-dna\/","url":"https:\/\/hapmaastricht.nl\/pl\/wspolna-troska-jest-w-naszym-dna\/","name":"Wsp\u00f3lna troska jest w naszym DNA - Poczta ratunkowa lekarza rodzinnego Maastricht","isPartOf":{"@id":"https:\/\/hapmaastricht.nl\/pl\/#website"},"primaryImageOfPage":{"@id":"https:\/\/hapmaastricht.nl\/pl\/wspolna-troska-jest-w-naszym-dna\/#primaryimage"},"image":{"@id":"https:\/\/hapmaastricht.nl\/pl\/wspolna-troska-jest-w-naszym-dna\/#primaryimage"},"thumbnailUrl":"https:\/\/hapmaastricht.nl\/content\/uploads\/2023\/06\/digitale-poster-442x1024.jpg","datePublished":"2023-06-03T12:42:07+00:00","dateModified":"2025-07-10T07:53:52+00:00","breadcrumb":{"@id":"https:\/\/hapmaastricht.nl\/pl\/wspolna-troska-jest-w-naszym-dna\/#breadcrumb"},"inLanguage":"pl-PL","potentialAction":[{"@type":"ReadAction","target":["https:\/\/hapmaastricht.nl\/pl\/wspolna-troska-jest-w-naszym-dna\/"]}]},{"@type":"ImageObject","inLanguage":"pl-PL","@id":"https:\/\/hapmaastricht.nl\/pl\/wspolna-troska-jest-w-naszym-dna\/#primaryimage","url":"https:\/\/hapmaastricht.nl\/content\/uploads\/2023\/06\/digitale-poster-442x1024.jpg","contentUrl":"https:\/\/hapmaastricht.nl\/content\/uploads\/2023\/06\/digitale-poster-442x1024.jpg"},{"@type":"BreadcrumbList","@id":"https:\/\/hapmaastricht.nl\/pl\/wspolna-troska-jest-w-naszym-dna\/#breadcrumb","itemListElement":[{"@type":"ListItem","position":1,"name":"Home","item":"https:\/\/hapmaastricht.nl\/pl\/"},{"@type":"ListItem","position":2,"name":"Wsp\u00f3lna troska jest w naszym DNA"}]},{"@type":"WebSite","@id":"https:\/\/hapmaastricht.nl\/pl\/#website","url":"https:\/\/hapmaastricht.nl\/pl\/","name":"Poczta ratunkowa lekarza rodzinnego Maastricht","description":"","potentialAction":[{"@type":"SearchAction","target":{"@type":"EntryPoint","urlTemplate":"https:\/\/hapmaastricht.nl\/pl\/?s={search_term_string}"},"query-input":{"@type":"PropertyValueSpecification","valueRequired":true,"valueName":"search_term_string"}}],"inLanguage":"pl-PL"}]}},"_links":{"self":[{"href":"https:\/\/hapmaastricht.nl\/pl\/wp-json\/wp\/v2\/pages\/3528","targetHints":{"allow":["GET"]}}],"collection":[{"href":"https:\/\/hapmaastricht.nl\/pl\/wp-json\/wp\/v2\/pages"}],"about":[{"href":"https:\/\/hapmaastricht.nl\/pl\/wp-json\/wp\/v2\/types\/page"}],"author":[{"embeddable":true,"href":"https:\/\/hapmaastricht.nl\/pl\/wp-json\/wp\/v2\/users\/3"}],"replies":[{"embeddable":true,"href":"https:\/\/hapmaastricht.nl\/pl\/wp-json\/wp\/v2\/comments?post=3528"}],"version-history":[{"count":1,"href":"https:\/\/hapmaastricht.nl\/pl\/wp-json\/wp\/v2\/pages\/3528\/revisions"}],"predecessor-version":[{"id":9192,"href":"https:\/\/hapmaastricht.nl\/pl\/wp-json\/wp\/v2\/pages\/3528\/revisions\/9192"}],"wp:attachment":[{"href":"https:\/\/hapmaastricht.nl\/pl\/wp-json\/wp\/v2\/media?parent=3528"}],"curies":[{"name":"wp","href":"https:\/\/api.w.org\/{rel}","templated":true}]}}