{"id":4994,"date":"2023-06-13T11:49:22","date_gmt":"2023-06-13T09:49:22","guid":{"rendered":"https:\/\/multisite.mindd.dev\/hap-maastricht\/?page_id=4994"},"modified":"2025-07-10T09:53:48","modified_gmt":"2025-07-10T07:53:48","slug":"dziekujemy-za-zgloszenie","status":"publish","type":"page","link":"https:\/\/hapmaastricht.nl\/pl\/rada-klienta\/dziekujemy-za-zgloszenie\/","title":{"rendered":"Dzi\u0119kujemy za zg\u0142oszenie!"},"content":{"rendered":"\n\n\n<p>Dzi\u0119kujemy za zg\u0142oszenie. Twoje pytanie\/komentarz zostanie om\u00f3wiony na nast\u0119pnym posiedzeniu rady. Otrzymasz wtedy od nas merytoryczn\u0105 odpowied\u017a.<\/p>\n","protected":false},"excerpt":{"rendered":"<p>Dzi\u0119kujemy za zg\u0142oszenie. Twoje pytanie\/komentarz zostanie om\u00f3wione na nast\u0119pnym posiedzeniu Rady. Nast\u0119pnie otrzymasz od nas merytoryczn\u0105 odpowied\u017a.<\/p>\n","protected":false},"author":3,"featured_media":0,"parent":2143,"menu_order":2,"comment_status":"closed","ping_status":"closed","template":"","meta":{"_acf_changed":false,"_trash_the_other_posts":false,"editor_notices":[],"footnotes":""},"class_list":["post-4994","page","type-page","status-publish","hentry"],"acf":[],"yoast_head":"<!-- This site is optimized with the Yoast SEO plugin v26.6 - https:\/\/yoast.com\/wordpress\/plugins\/seo\/ -->\n<title>Dzi\u0119kujemy za zg\u0142oszenie! - Poczta ratunkowa lekarza rodzinnego Maastricht<\/title>\n<meta name=\"robots\" content=\"index, follow, max-snippet:-1, max-image-preview:large, max-video-preview:-1\" \/>\n<link rel=\"canonical\" href=\"https:\/\/hapmaastricht.nl\/pl\/rada-klientow\/dziekujemy-za-zgloszenie\/\" \/>\n<meta property=\"og:locale\" content=\"pl_PL\" \/>\n<meta property=\"og:type\" content=\"article\" \/>\n<meta property=\"og:title\" content=\"Dzi\u0119kujemy za zg\u0142oszenie! - Poczta ratunkowa lekarza rodzinnego Maastricht\" \/>\n<meta property=\"og:description\" content=\"Dzi\u0119kujemy za zg\u0142oszenie. Twoje pytanie\/komentarz zostanie om\u00f3wione na nast\u0119pnym posiedzeniu Rady. Nast\u0119pnie otrzymasz od nas merytoryczn\u0105 odpowied\u017a.\" \/>\n<meta property=\"og:url\" content=\"https:\/\/hapmaastricht.nl\/pl\/rada-klientow\/dziekujemy-za-zgloszenie\/\" \/>\n<meta property=\"og:site_name\" content=\"Poczta ratunkowa lekarza rodzinnego Maastricht\" \/>\n<meta property=\"article:modified_time\" content=\"2025-07-10T07:53:48+00:00\" \/>\n<meta name=\"twitter:card\" content=\"summary_large_image\" \/>\n<meta name=\"twitter:label1\" content=\"Szacowany czas czytania\" \/>\n\t<meta name=\"twitter:data1\" content=\"1 minuta\" \/>\n<script type=\"application\/ld+json\" class=\"yoast-schema-graph\">{\"@context\":\"https:\/\/schema.org\",\"@graph\":[{\"@type\":\"WebPage\",\"@id\":\"https:\/\/hapmaastricht.nl\/pl\/rada-klientow\/dziekujemy-za-zgloszenie\/\",\"url\":\"https:\/\/hapmaastricht.nl\/pl\/rada-klientow\/dziekujemy-za-zgloszenie\/\",\"name\":\"Dzi\u0119kujemy za zg\u0142oszenie! - Poczta ratunkowa lekarza rodzinnego Maastricht\",\"isPartOf\":{\"@id\":\"https:\/\/hapmaastricht.nl\/pl\/#website\"},\"datePublished\":\"2023-06-13T09:49:22+00:00\",\"dateModified\":\"2025-07-10T07:53:48+00:00\",\"breadcrumb\":{\"@id\":\"https:\/\/hapmaastricht.nl\/pl\/rada-klientow\/dziekujemy-za-zgloszenie\/#breadcrumb\"},\"inLanguage\":\"pl-PL\",\"potentialAction\":[{\"@type\":\"ReadAction\",\"target\":[\"https:\/\/hapmaastricht.nl\/pl\/rada-klientow\/dziekujemy-za-zgloszenie\/\"]}]},{\"@type\":\"BreadcrumbList\",\"@id\":\"https:\/\/hapmaastricht.nl\/pl\/rada-klientow\/dziekujemy-za-zgloszenie\/#breadcrumb\",\"itemListElement\":[{\"@type\":\"ListItem\",\"position\":1,\"name\":\"Home\",\"item\":\"https:\/\/hapmaastricht.nl\/pl\/\"},{\"@type\":\"ListItem\",\"position\":2,\"name\":\"Rada Klient\u00f3w\",\"item\":\"https:\/\/hapmaastricht.nl\/pl\/rada-klientow\/\"},{\"@type\":\"ListItem\",\"position\":3,\"name\":\"Dzi\u0119kujemy za zg\u0142oszenie!\"}]},{\"@type\":\"WebSite\",\"@id\":\"https:\/\/hapmaastricht.nl\/pl\/#website\",\"url\":\"https:\/\/hapmaastricht.nl\/pl\/\",\"name\":\"Poczta ratunkowa lekarza rodzinnego Maastricht\",\"description\":\"\",\"potentialAction\":[{\"@type\":\"SearchAction\",\"target\":{\"@type\":\"EntryPoint\",\"urlTemplate\":\"https:\/\/hapmaastricht.nl\/pl\/?s={search_term_string}\"},\"query-input\":{\"@type\":\"PropertyValueSpecification\",\"valueRequired\":true,\"valueName\":\"search_term_string\"}}],\"inLanguage\":\"pl-PL\"}]}<\/script>\n<!-- \/ Yoast SEO plugin. -->","yoast_head_json":{"title":"Dzi\u0119kujemy za zg\u0142oszenie! - Poczta ratunkowa lekarza rodzinnego Maastricht","robots":{"index":"index","follow":"follow","max-snippet":"max-snippet:-1","max-image-preview":"max-image-preview:large","max-video-preview":"max-video-preview:-1"},"canonical":"https:\/\/hapmaastricht.nl\/pl\/rada-klientow\/dziekujemy-za-zgloszenie\/","og_locale":"pl_PL","og_type":"article","og_title":"Dzi\u0119kujemy za zg\u0142oszenie! - Poczta ratunkowa lekarza rodzinnego Maastricht","og_description":"Dzi\u0119kujemy za zg\u0142oszenie. Twoje pytanie\/komentarz zostanie om\u00f3wione na nast\u0119pnym posiedzeniu Rady. Nast\u0119pnie otrzymasz od nas merytoryczn\u0105 odpowied\u017a.","og_url":"https:\/\/hapmaastricht.nl\/pl\/rada-klientow\/dziekujemy-za-zgloszenie\/","og_site_name":"Poczta ratunkowa lekarza rodzinnego Maastricht","article_modified_time":"2025-07-10T07:53:48+00:00","twitter_card":"summary_large_image","twitter_misc":{"Szacowany czas czytania":"1 minuta"},"schema":{"@context":"https:\/\/schema.org","@graph":[{"@type":"WebPage","@id":"https:\/\/hapmaastricht.nl\/pl\/rada-klientow\/dziekujemy-za-zgloszenie\/","url":"https:\/\/hapmaastricht.nl\/pl\/rada-klientow\/dziekujemy-za-zgloszenie\/","name":"Dzi\u0119kujemy za zg\u0142oszenie! - Poczta ratunkowa lekarza rodzinnego Maastricht","isPartOf":{"@id":"https:\/\/hapmaastricht.nl\/pl\/#website"},"datePublished":"2023-06-13T09:49:22+00:00","dateModified":"2025-07-10T07:53:48+00:00","breadcrumb":{"@id":"https:\/\/hapmaastricht.nl\/pl\/rada-klientow\/dziekujemy-za-zgloszenie\/#breadcrumb"},"inLanguage":"pl-PL","potentialAction":[{"@type":"ReadAction","target":["https:\/\/hapmaastricht.nl\/pl\/rada-klientow\/dziekujemy-za-zgloszenie\/"]}]},{"@type":"BreadcrumbList","@id":"https:\/\/hapmaastricht.nl\/pl\/rada-klientow\/dziekujemy-za-zgloszenie\/#breadcrumb","itemListElement":[{"@type":"ListItem","position":1,"name":"Home","item":"https:\/\/hapmaastricht.nl\/pl\/"},{"@type":"ListItem","position":2,"name":"Rada Klient\u00f3w","item":"https:\/\/hapmaastricht.nl\/pl\/rada-klientow\/"},{"@type":"ListItem","position":3,"name":"Dzi\u0119kujemy za zg\u0142oszenie!"}]},{"@type":"WebSite","@id":"https:\/\/hapmaastricht.nl\/pl\/#website","url":"https:\/\/hapmaastricht.nl\/pl\/","name":"Poczta ratunkowa lekarza rodzinnego Maastricht","description":"","potentialAction":[{"@type":"SearchAction","target":{"@type":"EntryPoint","urlTemplate":"https:\/\/hapmaastricht.nl\/pl\/?s={search_term_string}"},"query-input":{"@type":"PropertyValueSpecification","valueRequired":true,"valueName":"search_term_string"}}],"inLanguage":"pl-PL"}]}},"_links":{"self":[{"href":"https:\/\/hapmaastricht.nl\/pl\/wp-json\/wp\/v2\/pages\/4994","targetHints":{"allow":["GET"]}}],"collection":[{"href":"https:\/\/hapmaastricht.nl\/pl\/wp-json\/wp\/v2\/pages"}],"about":[{"href":"https:\/\/hapmaastricht.nl\/pl\/wp-json\/wp\/v2\/types\/page"}],"author":[{"embeddable":true,"href":"https:\/\/hapmaastricht.nl\/pl\/wp-json\/wp\/v2\/users\/3"}],"replies":[{"embeddable":true,"href":"https:\/\/hapmaastricht.nl\/pl\/wp-json\/wp\/v2\/comments?post=4994"}],"version-history":[{"count":1,"href":"https:\/\/hapmaastricht.nl\/pl\/wp-json\/wp\/v2\/pages\/4994\/revisions"}],"predecessor-version":[{"id":9191,"href":"https:\/\/hapmaastricht.nl\/pl\/wp-json\/wp\/v2\/pages\/4994\/revisions\/9191"}],"up":[{"embeddable":true,"href":"https:\/\/hapmaastricht.nl\/pl\/wp-json\/wp\/v2\/pages\/2143"}],"wp:attachment":[{"href":"https:\/\/hapmaastricht.nl\/pl\/wp-json\/wp\/v2\/media?parent=4994"}],"curies":[{"name":"wp","href":"https:\/\/api.w.org\/{rel}","templated":true}]}}