{"id":7026,"date":"2023-05-19T09:34:08","date_gmt":"2023-05-19T07:34:08","guid":{"rendered":"https:\/\/multisite.mindd.dev\/hap-maastricht\/studenten-en-expats\/"},"modified":"2025-07-10T09:55:48","modified_gmt":"2025-07-10T07:55:48","slug":"studenci-i-obcokrajowcy","status":"publish","type":"page","link":"https:\/\/hapmaastricht.nl\/pl\/studenci-i-obcokrajowcy\/","title":{"rendered":"Student lub emigrant w Maastricht lub okolicach?"},"content":{"rendered":"\n\n\n<h2 class=\"wp-block-heading\"><strong>Znajd\u017a lekarza w pobli\u017cu<\/strong><\/h2>\n\n\n\n<p>Je\u015bli przyje\u017cd\u017casz mieszka\u0107\/studiowa\u0107 w Maastricht lub okolicach, zarejestruj si\u0119 u lekarza rodzinnego w swojej okolicy. Lekarz rodzinny ma wszystkie Twoje dane medyczne.  Jest to bardzo wa\u017cne podczas oceny Twojej pro\u015bby o pomoc, gdy kontaktujesz si\u0119 z naszym pogotowiem ratunkowym. Stacja pogotowia ratunkowego lekarza rodzinnego w Maastricht i Heuvelland jest dost\u0119pna tylko w nag\u0142ych wypadkach poza godzinami otwarcia lekarza rodzinnego.<\/p>\n\n\n\n<p>Wyszukaj <a href=\"\/praktijken\">na tej stronie<\/a> lekarza rodzinnego w swojej okolicy.<\/p>\n\n\n\n<h2 class=\"wp-block-heading\"><strong>Jak dzia\u0142a opieka zdrowotna w Holandii?<\/strong><\/h2>\n\n\n\n<p>Lekarz rodzinny jest cz\u0119\u015bci\u0105 podstawowej opieki zdrowotnej, dlatego musisz zarejestrowa\u0107 si\u0119 u lekarza rodzinnego w swojej okolicy. W przypadku wszystkich problem\u00f3w zdrowotnych, zar\u00f3wno fizycznych, jak i psychicznych, najpierw idziesz do lekarza. Mo\u017ce leczy\u0107 wi\u0119kszo\u015b\u0107 problem\u00f3w zdrowotnych. W razie potrzeby lekarz rodzinny skieruje Ci\u0119 do specjalisty w szpitalu. W Holandii nie wolno udawa\u0107 si\u0119 bezpo\u015brednio do szpitala (chyba \u017ce jest to nag\u0142y wypadek). Je\u015bli konieczne jest leczenie przez specjalist\u0119, nale\u017cy najpierw skonsultowa\u0107 si\u0119 z lekarzem pierwszego kontaktu, kt\u00f3ry wystawi skierowanie. Nie zapomnij zrobi\u0107 kserokopii skierowania do swojej firmy ubezpieczeniowej. Lekarz rodzinny nie zawsze automatycznie przepisze leki. W niekt\u00f3rych przypadkach lekarz rodzinny odbywa wizyt\u0119 domow\u0105, ale konsultacje te s\u0105 dro\u017csze.<\/p>\n\n\n\n<p><\/p>\n\n\n\n<figure class=\"wp-block-embed is-type-video is-provider-youtube wp-block-embed-youtube wp-embed-aspect-16-9 wp-has-aspect-ratio\"><div class=\"wp-block-embed__wrapper\">https:\/\/www.youtube.com\/watch?v=Lz_mEKb3_as<\/div><\/figure>\n\n\n\n<p><\/p>\n\n\n\n<h2 class=\"wp-block-heading\">Je\u015bli potrzebujesz pilnej pomocy medycznej po godzinach pracy od swojego lekarza rodzinnego<\/h2>\n\n\n\n<p>Lekarze rodzinni w Maastricht i okolicach dziel\u0105 si\u0119 zadaniami po godzinach pracy. Je\u015bli pilnie potrzebujesz pomocy lekarza rodzinnego w nocy, w weekendy lub w \u015bwi\u0119ta, mo\u017cesz skontaktowa\u0107 si\u0119 ze stacj\u0105 pogotowia ratunkowego lekarza rodzinnego w Maastricht &amp; Heuvelland. Aby upewni\u0107 si\u0119, \u017ce Twoja skarga jest naprawd\u0119 pilna, najpierw sprawd\u017a <a href=\"\/\">narz\u0119dzie do samodzielnej selekcji<\/a>.<\/p>\n\n\n\n<p>Je\u015bli zaleca si\u0119 skontaktowanie si\u0119 z nami, zadzwo\u0144 pod numer +31 43 7500 123 i przygotuj swoje dane osobowe podczas rozmowy. Asystent lekarza poprosi o nast\u0119puj\u0105ce informacje:<\/p>\n\n\n\n<ul class=\"wp-block-list\">\n<li>imi\u0119 i nazwisko, adres, dat\u0119 urodzenia i numer telefonu, pod kt\u00f3rym mo\u017cna si\u0119 z Tob\u0105 skontaktowa\u0107,<\/li>\n\n\n\n<li>informacje o Twoim ubezpieczeniu zdrowotnym,<\/li>\n\n\n\n<li>identyfikacja osobista,<\/li>\n\n\n\n<li>nazwy wszystkich lek\u00f3w, kt\u00f3rych u\u017cywasz.<\/li>\n<\/ul>\n\n\n\n<h3 class=\"wp-block-heading h2\">Przynie\u015b na wizyt\u0119 w punkcie ratunkowym lekarza rodzinnego:<\/h3>\n\n\n\n<ul class=\"wp-block-list\">\n<li>identyfikacja osobista,<\/li>\n\n\n\n<li>szczeg\u00f3\u0142y dotycz\u0105ce ubezpieczenia zdrowotnego,<\/li>\n\n\n\n<li>p\u0142atno\u015b\u0107 (got\u00f3wka, karta kredytowa lub debetowa). Je\u015bli p\u0142acisz got\u00f3wk\u0105, otrzymasz pokwitowanie.<\/li>\n<\/ul>\n\n\n\n<h2 class=\"wp-block-heading\"><strong>Ubezpieczenie zdrowotne<\/strong><\/h2>\n\n\n\n<p>Nie zapomnij zabra\u0107 ze sob\u0105 dokument\u00f3w ubezpieczeniowych podczas wizyty w naszej Stacji Ratunkowej Lekarza Rodzinnego. Je\u015bli nie masz holenderskiego ubezpieczenia zdrowotnego, musisz zap\u0142aci\u0107 got\u00f3wk\u0105 w kasie. Je\u015bli p\u0142acisz got\u00f3wk\u0105, otrzymasz pokwitowanie. Mo\u017cesz ubiega\u0107 si\u0119 o zwrot tych koszt\u00f3w z w\u0142asnego ubezpieczenia zdrowotnego.<\/p>\n","protected":false},"excerpt":{"rendered":"<p>Znajd\u017a lekarza w pobli\u017cu Je\u015bli przyje\u017cd\u017casz mieszka\u0107\/studiowa\u0107 w Maastricht lub okolicach, zarejestruj si\u0119 u lekarza w pobli\u017cu. Lekarz ma wszystkie informacje medyczne. Jest to bardzo wa\u017cne przy ocenie Twojej pro\u015bby o pomoc, gdy kontaktujesz si\u0119 z naszym serwisem pomocy medycznej. Punkt ratunkowy dla lekarzy og\u00f3lnych w Maastricht i Heuvelland jest dost\u0119pny tylko w nag\u0142ych wypadkach poza godzinami otwarcia lekarza rodzinnego. Znajd\u017a lekarza w pobli\u017cu na tej stronie. Jak dzia\u0142a opieka zdrowotna w Holandii? Lekarz jest \u015bwiadczeniodawc\u0105 podstawowej opieki zdrowotnej, dlatego musisz zarejestrowa\u0107 si\u0119 w [&#8230;]<\/p>\n","protected":false},"author":3,"featured_media":0,"parent":0,"menu_order":145,"comment_status":"closed","ping_status":"closed","template":"","meta":{"_acf_changed":false,"_trash_the_other_posts":false,"editor_notices":[],"footnotes":""},"class_list":["post-7026","page","type-page","status-publish","hentry"],"acf":[],"yoast_head":"<!-- This site is optimized with the Yoast SEO plugin v26.6 - https:\/\/yoast.com\/wordpress\/plugins\/seo\/ -->\n<title>Student lub emigrant w Maastricht lub okolicach? - Poczta ratunkowa lekarza rodzinnego Maastricht<\/title>\n<meta name=\"robots\" content=\"index, follow, max-snippet:-1, max-image-preview:large, max-video-preview:-1\" \/>\n<link rel=\"canonical\" href=\"https:\/\/hapmaastricht.nl\/pl\/studenci-i-emigranci\/\" \/>\n<meta property=\"og:locale\" content=\"pl_PL\" \/>\n<meta property=\"og:type\" content=\"article\" \/>\n<meta property=\"og:title\" content=\"Student lub emigrant w Maastricht lub okolicach? - Poczta ratunkowa lekarza rodzinnego Maastricht\" \/>\n<meta property=\"og:description\" content=\"Znajd\u017a lekarza w pobli\u017cu Je\u015bli przyje\u017cd\u017casz mieszka\u0107\/studiowa\u0107 w Maastricht lub okolicach, zarejestruj si\u0119 u lekarza w pobli\u017cu. Lekarz ma wszystkie informacje medyczne. Jest to bardzo wa\u017cne przy ocenie Twojej pro\u015bby o pomoc, gdy kontaktujesz si\u0119 z naszym serwisem pomocy medycznej. Punkt ratunkowy dla lekarzy og\u00f3lnych w Maastricht i Heuvelland jest dost\u0119pny tylko w nag\u0142ych wypadkach poza godzinami otwarcia lekarza rodzinnego. Znajd\u017a lekarza w pobli\u017cu na tej stronie. Jak dzia\u0142a opieka zdrowotna w Holandii? Lekarz jest \u015bwiadczeniodawc\u0105 podstawowej opieki zdrowotnej, dlatego musisz zarejestrowa\u0107 si\u0119 w [...]\" \/>\n<meta property=\"og:url\" content=\"https:\/\/hapmaastricht.nl\/pl\/studenci-i-emigranci\/\" \/>\n<meta property=\"og:site_name\" content=\"Poczta ratunkowa lekarza rodzinnego Maastricht\" \/>\n<meta property=\"article:modified_time\" content=\"2025-07-10T07:55:48+00:00\" \/>\n<meta name=\"twitter:card\" content=\"summary_large_image\" \/>\n<meta name=\"twitter:label1\" content=\"Szacowany czas czytania\" \/>\n\t<meta name=\"twitter:data1\" content=\"3 minuty\" \/>\n<script type=\"application\/ld+json\" class=\"yoast-schema-graph\">{\"@context\":\"https:\/\/schema.org\",\"@graph\":[{\"@type\":\"WebPage\",\"@id\":\"https:\/\/hapmaastricht.nl\/pl\/studenci-i-emigranci\/\",\"url\":\"https:\/\/hapmaastricht.nl\/pl\/studenci-i-emigranci\/\",\"name\":\"Student lub emigrant w Maastricht lub okolicach? - Poczta ratunkowa lekarza rodzinnego Maastricht\",\"isPartOf\":{\"@id\":\"https:\/\/hapmaastricht.nl\/pl\/#website\"},\"datePublished\":\"2023-05-19T07:34:08+00:00\",\"dateModified\":\"2025-07-10T07:55:48+00:00\",\"breadcrumb\":{\"@id\":\"https:\/\/hapmaastricht.nl\/pl\/studenci-i-emigranci\/#breadcrumb\"},\"inLanguage\":\"pl-PL\",\"potentialAction\":[{\"@type\":\"ReadAction\",\"target\":[\"https:\/\/hapmaastricht.nl\/pl\/studenci-i-emigranci\/\"]}]},{\"@type\":\"BreadcrumbList\",\"@id\":\"https:\/\/hapmaastricht.nl\/pl\/studenci-i-emigranci\/#breadcrumb\",\"itemListElement\":[{\"@type\":\"ListItem\",\"position\":1,\"name\":\"Home\",\"item\":\"https:\/\/hapmaastricht.nl\/pl\/\"},{\"@type\":\"ListItem\",\"position\":2,\"name\":\"Student lub emigrant w Maastricht lub okolicach?\"}]},{\"@type\":\"WebSite\",\"@id\":\"https:\/\/hapmaastricht.nl\/pl\/#website\",\"url\":\"https:\/\/hapmaastricht.nl\/pl\/\",\"name\":\"Poczta ratunkowa lekarza rodzinnego Maastricht\",\"description\":\"\",\"potentialAction\":[{\"@type\":\"SearchAction\",\"target\":{\"@type\":\"EntryPoint\",\"urlTemplate\":\"https:\/\/hapmaastricht.nl\/pl\/?s={search_term_string}\"},\"query-input\":{\"@type\":\"PropertyValueSpecification\",\"valueRequired\":true,\"valueName\":\"search_term_string\"}}],\"inLanguage\":\"pl-PL\"}]}<\/script>\n<!-- \/ Yoast SEO plugin. -->","yoast_head_json":{"title":"Student lub emigrant w Maastricht lub okolicach? - Poczta ratunkowa lekarza rodzinnego Maastricht","robots":{"index":"index","follow":"follow","max-snippet":"max-snippet:-1","max-image-preview":"max-image-preview:large","max-video-preview":"max-video-preview:-1"},"canonical":"https:\/\/hapmaastricht.nl\/pl\/studenci-i-emigranci\/","og_locale":"pl_PL","og_type":"article","og_title":"Student lub emigrant w Maastricht lub okolicach? - Poczta ratunkowa lekarza rodzinnego Maastricht","og_description":"Znajd\u017a lekarza w pobli\u017cu Je\u015bli przyje\u017cd\u017casz mieszka\u0107\/studiowa\u0107 w Maastricht lub okolicach, zarejestruj si\u0119 u lekarza w pobli\u017cu. Lekarz ma wszystkie informacje medyczne. Jest to bardzo wa\u017cne przy ocenie Twojej pro\u015bby o pomoc, gdy kontaktujesz si\u0119 z naszym serwisem pomocy medycznej. Punkt ratunkowy dla lekarzy og\u00f3lnych w Maastricht i Heuvelland jest dost\u0119pny tylko w nag\u0142ych wypadkach poza godzinami otwarcia lekarza rodzinnego. Znajd\u017a lekarza w pobli\u017cu na tej stronie. Jak dzia\u0142a opieka zdrowotna w Holandii? Lekarz jest \u015bwiadczeniodawc\u0105 podstawowej opieki zdrowotnej, dlatego musisz zarejestrowa\u0107 si\u0119 w [...]","og_url":"https:\/\/hapmaastricht.nl\/pl\/studenci-i-emigranci\/","og_site_name":"Poczta ratunkowa lekarza rodzinnego Maastricht","article_modified_time":"2025-07-10T07:55:48+00:00","twitter_card":"summary_large_image","twitter_misc":{"Szacowany czas czytania":"3 minuty"},"schema":{"@context":"https:\/\/schema.org","@graph":[{"@type":"WebPage","@id":"https:\/\/hapmaastricht.nl\/pl\/studenci-i-emigranci\/","url":"https:\/\/hapmaastricht.nl\/pl\/studenci-i-emigranci\/","name":"Student lub emigrant w Maastricht lub okolicach? - Poczta ratunkowa lekarza rodzinnego Maastricht","isPartOf":{"@id":"https:\/\/hapmaastricht.nl\/pl\/#website"},"datePublished":"2023-05-19T07:34:08+00:00","dateModified":"2025-07-10T07:55:48+00:00","breadcrumb":{"@id":"https:\/\/hapmaastricht.nl\/pl\/studenci-i-emigranci\/#breadcrumb"},"inLanguage":"pl-PL","potentialAction":[{"@type":"ReadAction","target":["https:\/\/hapmaastricht.nl\/pl\/studenci-i-emigranci\/"]}]},{"@type":"BreadcrumbList","@id":"https:\/\/hapmaastricht.nl\/pl\/studenci-i-emigranci\/#breadcrumb","itemListElement":[{"@type":"ListItem","position":1,"name":"Home","item":"https:\/\/hapmaastricht.nl\/pl\/"},{"@type":"ListItem","position":2,"name":"Student lub emigrant w Maastricht lub okolicach?"}]},{"@type":"WebSite","@id":"https:\/\/hapmaastricht.nl\/pl\/#website","url":"https:\/\/hapmaastricht.nl\/pl\/","name":"Poczta ratunkowa lekarza rodzinnego Maastricht","description":"","potentialAction":[{"@type":"SearchAction","target":{"@type":"EntryPoint","urlTemplate":"https:\/\/hapmaastricht.nl\/pl\/?s={search_term_string}"},"query-input":{"@type":"PropertyValueSpecification","valueRequired":true,"valueName":"search_term_string"}}],"inLanguage":"pl-PL"}]}},"_links":{"self":[{"href":"https:\/\/hapmaastricht.nl\/pl\/wp-json\/wp\/v2\/pages\/7026","targetHints":{"allow":["GET"]}}],"collection":[{"href":"https:\/\/hapmaastricht.nl\/pl\/wp-json\/wp\/v2\/pages"}],"about":[{"href":"https:\/\/hapmaastricht.nl\/pl\/wp-json\/wp\/v2\/types\/page"}],"author":[{"embeddable":true,"href":"https:\/\/hapmaastricht.nl\/pl\/wp-json\/wp\/v2\/users\/3"}],"replies":[{"embeddable":true,"href":"https:\/\/hapmaastricht.nl\/pl\/wp-json\/wp\/v2\/comments?post=7026"}],"version-history":[{"count":2,"href":"https:\/\/hapmaastricht.nl\/pl\/wp-json\/wp\/v2\/pages\/7026\/revisions"}],"predecessor-version":[{"id":9256,"href":"https:\/\/hapmaastricht.nl\/pl\/wp-json\/wp\/v2\/pages\/7026\/revisions\/9256"}],"wp:attachment":[{"href":"https:\/\/hapmaastricht.nl\/pl\/wp-json\/wp\/v2\/media?parent=7026"}],"curies":[{"name":"wp","href":"https:\/\/api.w.org\/{rel}","templated":true}]}}