{"id":2011,"date":"2023-04-28T09:18:09","date_gmt":"2023-04-28T07:18:09","guid":{"rendered":"https:\/\/multisite.mindd.dev\/hap-maastricht\/?page_id=2011"},"modified":"2025-07-10T09:57:12","modified_gmt":"2025-07-10T07:57:12","slug":"procedur","status":"publish","type":"page","link":"https:\/\/hapmaastricht.nl\/sv\/procedur\/","title":{"rendered":"Procedur"},"content":{"rendered":"\n\n\n<h2 class=\"wp-block-heading\"><strong>Ta f\u00f6rst reda p\u00e5 om du beh\u00f6ver g\u00e5 till l\u00e4karen omedelbart med ditt besv\u00e4r<\/strong><\/h2>\n\n\n\n<p>Det \u00e4r viktigt att du bara ringer oss om ditt klagom\u00e5l \u00e4r br\u00e5dskande. F\u00f6r att ta reda p\u00e5 det rekommenderar vi att du fyller i fr\u00e5geformul\u00e4ret &#8221;M\u00e5ste jag g\u00e5 till doktorn&#8221; p\u00e5 <a href=\"\/\">v\u00e5r hemsida<\/a> . Inom 1 minut kan du sj\u00e4lv bed\u00f6ma om ditt klagom\u00e5l \u00e4r br\u00e5dskande. Det kan vara s\u00e5 att ditt klagom\u00e5l inte \u00e4r br\u00e5dskande och att du uppmanas att ringa din egen husl\u00e4kare under kontorstid. I vissa fall f\u00e5r du r\u00e5d om vad du sj\u00e4lv kan g\u00f6ra f\u00f6r att minska dina symtom.<\/p>\n\n\n\n<p><strong>F\u00d6RSIKTIGHET!<\/strong> N\u00e4r du kontaktar akutmottagningen ska du spara ditt identitetsbevis med ditt BSN p\u00e5, ditt f\u00f6rs\u00e4kringskort och en uppdaterad \u00f6versikt \u00f6ver de l\u00e4kemedel du anv\u00e4nder.<\/p>\n\n\n\n<h2 class=\"wp-block-heading\">P\u00e5 telefon<\/h2>\n\n\n\n<p>Triagisten, en specialutbildad l\u00e4karassistent, kommer att fr\u00e5ga dig om dessa personuppgifter och vilken typ av besv\u00e4r du har. Detta kallas triage. Baserat p\u00e5 detta samtal avg\u00f6r triagisten\/triagisterna om:<\/p>\n\n\n\n<ul class=\"wp-block-list\">\n<li>du f\u00e5r r\u00e5d om egenv\u00e5rd,<\/li>\n\n\n\n<li>du har en konsultation via telefon,<\/li>\n\n\n\n<li>du m\u00e5ste&nbsp;komma till allm\u00e4nl\u00e4karens akutstation f\u00f6r ett m\u00f6te,<\/li>\n\n\n\n<li>en allm\u00e4nl\u00e4kare kommer hem till dig,<\/li>\n\n\n\n<li>Du kommer att f\u00e5 en remiss till en annan akutv\u00e5rdsleverant\u00f6r, till exempel en tandl\u00e4kare eller en specialist p\u00e5 sjukhuset.<\/li>\n<\/ul>\n\n\n\n<p>Det \u00e4r m\u00f6jligt att du f\u00f6rst f\u00e5r en pretriagesjuksk\u00f6terska p\u00e5 telefon. Den h\u00e4r medarbetaren g\u00f6r en snabb bed\u00f6mning av hur allvarlig din v\u00e5rdbeg\u00e4ran \u00e4r. Om du beh\u00f6ver hj\u00e4lp snabbt kommer du omedelbart att bli uppringd av en triagist. Om hj\u00e4lpen inte beh\u00f6vs omedelbart blir du uppringd vid ett senare tillf\u00e4lle. P\u00e5 s\u00e5 s\u00e4tt f\u00f6rblir v\u00e5rdcentralen l\u00e4ttillg\u00e4nglig och alla patienter f\u00e5r snabb kontakt med en v\u00e5rdgivare.<\/p>\n\n\n\n<h2 class=\"wp-block-heading\">Konsultation via telefon<\/h2>\n\n\n\n<p>I vissa fall kan vi erbjuda v\u00e5rd p\u00e5 distans med hj\u00e4lp av en allm\u00e4nl\u00e4kare. Detta sker via telefon. Digitaliseringen av v\u00e5rden g\u00f6r detta m\u00f6jligt. T\u00e4nk p\u00e5 att patienten skickar ett foto, bed\u00f6mer det av allm\u00e4nl\u00e4karen och sedan f\u00e5r behandlingsr\u00e5d. Det \u00e4r ocks\u00e5 m\u00f6jligt att du har kontakt via videosamtal. Det beh\u00f6ver inte alltid vara fysisk kontakt med husl\u00e4karen. F\u00f6r denna &#8221;distansmottagning&#8221; debiteras samma <a href=\"\/tarieven\">pris<\/a> som f\u00f6r ett bes\u00f6k p\u00e5 allm\u00e4nl\u00e4karjouren.<\/p>\n\n\n\n<h2 class=\"wp-block-heading\">Konsultation p\u00e5 allm\u00e4nl\u00e4karens akutmottagning<\/h2>\n\n\n\n<p>Om du har bokat tid f\u00f6r att komma till husl\u00e4karens akutmottagning ber vi dig&nbsp;att vara p\u00e5 plats vid \u00f6verenskommen tid. Du kommer att f\u00e5 hj\u00e4lp i ett behandlingsrum eller i ett konsultationsrum. Detta beror p\u00e5 vilken typ av beg\u00e4ran om hj\u00e4lp du har. B\u00e5da kamrarna har separata konsultationstider. Det kan vara s\u00e5 att en patient som kom in senare f\u00e5r behandling tidigare och du f\u00e5r v\u00e4nta.<\/p>\n\n\n\n<p>Jourhavande l\u00e4kare kommer att unders\u00f6ka dig och ge dig medicinsk r\u00e5dgivning och\/eller behandla och\/eller remittera dig f\u00f6r vidare unders\u00f6kning. I det h\u00e4r fallet kommer du att bli ombedd att v\u00e4nta p\u00e5 resultaten av unders\u00f6kningarna. Baserat p\u00e5 resultaten kommer l\u00e4karen att avg\u00f6ra vilka ytterligare behandlingar som beh\u00f6vs.<\/p>\n\n\n\n<p>Om du har skrivit ut l\u00e4kemedel kan du h\u00e4mta ut det p\u00e5 det jourhavande apoteket (se \u00e4ven under <a href=\"\/apotheken\/apotheek-maastricht-umc\/\">Apotek<\/a>).<\/p>\n\n\n\n<h2 class=\"wp-block-heading\">Husl\u00e4karen kommer hem till dig p\u00e5 ett bes\u00f6k<\/h2>\n\n\n\n<p>F\u00f6r att kunna informera allm\u00e4nl\u00e4karen s\u00e5 bra som m\u00f6jligt vid ett bes\u00f6k \u00e4r det viktigt att det finns en aktuell \u00f6versikt \u00f6ver din medicinering.<\/p>\n\n\n\n<h2 class=\"wp-block-heading\">Efter din kontakt med allm\u00e4nl\u00e4karens akutmottagning<\/h2>\n\n\n\n<p>En sammanfattning av kontakten eller bes\u00f6ket skickas till din egen husl\u00e4kare. P\u00e5 s\u00e5 s\u00e4tt vet din husl\u00e4kare exakt med vilken beg\u00e4ran om hj\u00e4lp du har varit i kontakt med V\u00e5rdcentralen och vad som har gjorts som svar p\u00e5 detta. Du hittar mer information om detta under <a href=\"\/privacy\">integritetspolicy<\/a>.<\/p>\n","protected":false},"excerpt":{"rendered":"<p>F\u00f6rst, ta reda p\u00e5 om du beh\u00f6ver g\u00e5 till l\u00e4karen omedelbart med ditt klagom\u00e5l. Det \u00e4r viktigt att du endast ringer oss om ditt klagom\u00e5l \u00e4r br\u00e5dskande. F\u00f6r att ta reda p\u00e5 det rekommenderar vi att du fyller i fr\u00e5geformul\u00e4ret \u201dSka jag g\u00e5 till l\u00e4karen\u201d p\u00e5 v\u00e5r hemsida. Inom 1 minut kan du sj\u00e4lv bed\u00f6ma om ditt klagom\u00e5l \u00e4r br\u00e5dskande. Det \u00e4r m\u00f6jligt att ditt klagom\u00e5l inte \u00e4r br\u00e5dskande och att du rekommenderas att ringa din egen l\u00e4kare under kontorstid. I vissa fall f\u00e5r du r\u00e5d om vad du kan g\u00f6ra sj\u00e4lv f\u00f6r att minska dina symtom.<\/p>\n","protected":false},"author":3,"featured_media":0,"parent":0,"menu_order":187,"comment_status":"closed","ping_status":"closed","template":"","meta":{"_acf_changed":false,"_trash_the_other_posts":false,"editor_notices":[],"footnotes":""},"class_list":["post-2011","page","type-page","status-publish","hentry"],"acf":[],"yoast_head":"<!-- This site is optimized with the Yoast SEO plugin v26.6 - https:\/\/yoast.com\/wordpress\/plugins\/seo\/ -->\n<title>Procedur - L\u00e4karens akutpost Maastricht<\/title>\n<meta name=\"robots\" content=\"index, follow, max-snippet:-1, max-image-preview:large, max-video-preview:-1\" \/>\n<link rel=\"canonical\" href=\"https:\/\/hapmaastricht.nl\/sv\/processen\/\" \/>\n<meta property=\"og:locale\" content=\"sv_SE\" \/>\n<meta property=\"og:type\" content=\"article\" \/>\n<meta property=\"og:title\" content=\"Procedur - L\u00e4karens akutpost Maastricht\" \/>\n<meta property=\"og:description\" content=\"F\u00f6rst, ta reda p\u00e5 om du beh\u00f6ver g\u00e5 till l\u00e4karen omedelbart med ditt klagom\u00e5l. Det \u00e4r viktigt att du endast ringer oss om ditt klagom\u00e5l \u00e4r br\u00e5dskande. F\u00f6r att ta reda p\u00e5 det rekommenderar vi att du fyller i fr\u00e5geformul\u00e4ret \u201dSka jag g\u00e5 till l\u00e4karen\u201d p\u00e5 v\u00e5r hemsida. Inom 1 minut kan du sj\u00e4lv bed\u00f6ma om ditt klagom\u00e5l \u00e4r br\u00e5dskande. Det \u00e4r m\u00f6jligt att ditt klagom\u00e5l inte \u00e4r br\u00e5dskande och att du rekommenderas att ringa din egen l\u00e4kare under kontorstid. I vissa fall f\u00e5r du r\u00e5d om vad du kan g\u00f6ra sj\u00e4lv f\u00f6r att minska dina symtom.\" \/>\n<meta property=\"og:url\" content=\"https:\/\/hapmaastricht.nl\/sv\/processen\/\" \/>\n<meta property=\"og:site_name\" content=\"L\u00e4karens akutpost Maastricht\" \/>\n<meta property=\"article:modified_time\" content=\"2025-07-10T07:57:12+00:00\" \/>\n<meta name=\"twitter:card\" content=\"summary_large_image\" \/>\n<meta name=\"twitter:label1\" content=\"Ber\u00e4knad l\u00e4stid\" \/>\n\t<meta name=\"twitter:data1\" content=\"3 minuter\" \/>\n<script type=\"application\/ld+json\" class=\"yoast-schema-graph\">{\"@context\":\"https:\/\/schema.org\",\"@graph\":[{\"@type\":\"WebPage\",\"@id\":\"https:\/\/hapmaastricht.nl\/sv\/processen\/\",\"url\":\"https:\/\/hapmaastricht.nl\/sv\/processen\/\",\"name\":\"Procedur - L\u00e4karens akutpost Maastricht\",\"isPartOf\":{\"@id\":\"https:\/\/hapmaastricht.nl\/sv\/#website\"},\"datePublished\":\"2023-04-28T07:18:09+00:00\",\"dateModified\":\"2025-07-10T07:57:12+00:00\",\"breadcrumb\":{\"@id\":\"https:\/\/hapmaastricht.nl\/sv\/processen\/#breadcrumb\"},\"inLanguage\":\"sv-SE\",\"potentialAction\":[{\"@type\":\"ReadAction\",\"target\":[\"https:\/\/hapmaastricht.nl\/sv\/processen\/\"]}]},{\"@type\":\"BreadcrumbList\",\"@id\":\"https:\/\/hapmaastricht.nl\/sv\/processen\/#breadcrumb\",\"itemListElement\":[{\"@type\":\"ListItem\",\"position\":1,\"name\":\"Home\",\"item\":\"https:\/\/hapmaastricht.nl\/sv\/\"},{\"@type\":\"ListItem\",\"position\":2,\"name\":\"Arbetsmetod\"}]},{\"@type\":\"WebSite\",\"@id\":\"https:\/\/hapmaastricht.nl\/sv\/#website\",\"url\":\"https:\/\/hapmaastricht.nl\/sv\/\",\"name\":\"L\u00e4karens akutpost Maastricht\",\"description\":\"\",\"potentialAction\":[{\"@type\":\"SearchAction\",\"target\":{\"@type\":\"EntryPoint\",\"urlTemplate\":\"https:\/\/hapmaastricht.nl\/sv\/?s={search_term_string}\"},\"query-input\":{\"@type\":\"PropertyValueSpecification\",\"valueRequired\":true,\"valueName\":\"search_term_string\"}}],\"inLanguage\":\"sv-SE\"}]}<\/script>\n<!-- \/ Yoast SEO plugin. -->","yoast_head_json":{"title":"Procedur - L\u00e4karens akutpost Maastricht","robots":{"index":"index","follow":"follow","max-snippet":"max-snippet:-1","max-image-preview":"max-image-preview:large","max-video-preview":"max-video-preview:-1"},"canonical":"https:\/\/hapmaastricht.nl\/sv\/processen\/","og_locale":"sv_SE","og_type":"article","og_title":"Procedur - L\u00e4karens akutpost Maastricht","og_description":"F\u00f6rst, ta reda p\u00e5 om du beh\u00f6ver g\u00e5 till l\u00e4karen omedelbart med ditt klagom\u00e5l. Det \u00e4r viktigt att du endast ringer oss om ditt klagom\u00e5l \u00e4r br\u00e5dskande. F\u00f6r att ta reda p\u00e5 det rekommenderar vi att du fyller i fr\u00e5geformul\u00e4ret \u201dSka jag g\u00e5 till l\u00e4karen\u201d p\u00e5 v\u00e5r hemsida. Inom 1 minut kan du sj\u00e4lv bed\u00f6ma om ditt klagom\u00e5l \u00e4r br\u00e5dskande. Det \u00e4r m\u00f6jligt att ditt klagom\u00e5l inte \u00e4r br\u00e5dskande och att du rekommenderas att ringa din egen l\u00e4kare under kontorstid. I vissa fall f\u00e5r du r\u00e5d om vad du kan g\u00f6ra sj\u00e4lv f\u00f6r att minska dina symtom.","og_url":"https:\/\/hapmaastricht.nl\/sv\/processen\/","og_site_name":"L\u00e4karens akutpost Maastricht","article_modified_time":"2025-07-10T07:57:12+00:00","twitter_card":"summary_large_image","twitter_misc":{"Ber\u00e4knad l\u00e4stid":"3 minuter"},"schema":{"@context":"https:\/\/schema.org","@graph":[{"@type":"WebPage","@id":"https:\/\/hapmaastricht.nl\/sv\/processen\/","url":"https:\/\/hapmaastricht.nl\/sv\/processen\/","name":"Procedur - L\u00e4karens akutpost Maastricht","isPartOf":{"@id":"https:\/\/hapmaastricht.nl\/sv\/#website"},"datePublished":"2023-04-28T07:18:09+00:00","dateModified":"2025-07-10T07:57:12+00:00","breadcrumb":{"@id":"https:\/\/hapmaastricht.nl\/sv\/processen\/#breadcrumb"},"inLanguage":"sv-SE","potentialAction":[{"@type":"ReadAction","target":["https:\/\/hapmaastricht.nl\/sv\/processen\/"]}]},{"@type":"BreadcrumbList","@id":"https:\/\/hapmaastricht.nl\/sv\/processen\/#breadcrumb","itemListElement":[{"@type":"ListItem","position":1,"name":"Home","item":"https:\/\/hapmaastricht.nl\/sv\/"},{"@type":"ListItem","position":2,"name":"Arbetsmetod"}]},{"@type":"WebSite","@id":"https:\/\/hapmaastricht.nl\/sv\/#website","url":"https:\/\/hapmaastricht.nl\/sv\/","name":"L\u00e4karens akutpost Maastricht","description":"","potentialAction":[{"@type":"SearchAction","target":{"@type":"EntryPoint","urlTemplate":"https:\/\/hapmaastricht.nl\/sv\/?s={search_term_string}"},"query-input":{"@type":"PropertyValueSpecification","valueRequired":true,"valueName":"search_term_string"}}],"inLanguage":"sv-SE"}]}},"_links":{"self":[{"href":"https:\/\/hapmaastricht.nl\/sv\/wp-json\/wp\/v2\/pages\/2011","targetHints":{"allow":["GET"]}}],"collection":[{"href":"https:\/\/hapmaastricht.nl\/sv\/wp-json\/wp\/v2\/pages"}],"about":[{"href":"https:\/\/hapmaastricht.nl\/sv\/wp-json\/wp\/v2\/types\/page"}],"author":[{"embeddable":true,"href":"https:\/\/hapmaastricht.nl\/sv\/wp-json\/wp\/v2\/users\/3"}],"replies":[{"embeddable":true,"href":"https:\/\/hapmaastricht.nl\/sv\/wp-json\/wp\/v2\/comments?post=2011"}],"version-history":[{"count":1,"href":"https:\/\/hapmaastricht.nl\/sv\/wp-json\/wp\/v2\/pages\/2011\/revisions"}],"predecessor-version":[{"id":9226,"href":"https:\/\/hapmaastricht.nl\/sv\/wp-json\/wp\/v2\/pages\/2011\/revisions\/9226"}],"wp:attachment":[{"href":"https:\/\/hapmaastricht.nl\/sv\/wp-json\/wp\/v2\/media?parent=2011"}],"curies":[{"name":"wp","href":"https:\/\/api.w.org\/{rel}","templated":true}]}}