{"id":2029,"date":"2023-04-28T09:42:59","date_gmt":"2023-04-28T07:42:59","guid":{"rendered":"https:\/\/multisite.mindd.dev\/hap-maastricht\/?page_id=2029"},"modified":"2026-02-11T09:58:17","modified_gmt":"2026-02-11T08:58:17","slug":"priser","status":"publish","type":"page","link":"https:\/\/hapmaastricht.nl\/sv\/priser\/","title":{"rendered":"Priser"},"content":{"rendered":"\n<p>Allm\u00e4nl\u00e4karv\u00e5rd f\u00f6rs\u00e4kras genom grundf\u00f6rs\u00e4kringen. Kostnader f\u00f6r husl\u00e4karv\u00e5rd debiteras inte din sj\u00e4lvrisk. Det \u00e4r m\u00f6jligt att du f\u00e5r en faktura fr\u00e5n oss, eftersom vi inte kan g\u00f6ra direkt krav fr\u00e5n ditt sjukf\u00f6rs\u00e4kringsbolag. Du m\u00e5ste d\u00e5 betala kostnaderna till oss och beg\u00e4ra \u00e5terbetalning fr\u00e5n ditt sjukf\u00f6rs\u00e4kringsbolag. Eventuella ytterligare unders\u00f6kningar som beg\u00e4rs av husl\u00e4karen och ordinerad medicin g\u00f6rs av tredje part och t\u00e4cks vanligtvis av sj\u00e4lvrisken. <\/p>\n\n\n\n<p>Under hektiska perioder samarbetar vi med andra akutmottagningar i Limburgs allm\u00e4nl\u00e4kare. D\u00e4rf\u00f6r kan du f\u00e5 en faktura eller en intygs\u00f6versikt fr\u00e5n en annan akut post fr\u00e5n Limburg GP. F\u00f6r priserna f\u00f6r detta inl\u00e4gg, v\u00e4nligen se webbplatsen f\u00f6r det aktuella inl\u00e4gget.<\/p>\n\n\n\n<h2 class=\"wp-block-heading\">V\u00e5ra priser <\/h2>\n\n\n\n<p><em>Fastst\u00e4llt av den nederl\u00e4ndska sjukv\u00e5rdsmyndigheten i euro:<\/em><\/p>\n\n\n\n<p><\/p>\n\n\n\n<div class=\"wp-block-columns is-layout-flex wp-container-core-columns-is-layout-9d6595d7 wp-block-columns-is-layout-flex\">\n<div class=\"wp-block-column is-layout-flow wp-block-column-is-layout-flow\">\n<h3 class=\"wp-block-heading h4\">Per 1 januari 2025<\/h3>\n\n\n\n<p class=\"has-text-align-left\">Konsultation: \u20ac 189,21<\/p>\n\n\n\n<p>Bes\u00f6k: \u20ac 283,82<\/p>\n\n\n\n<p>Triagekonsultation: <br>\u20ac35,00<\/p>\n<\/div>\n\n\n\n<div class=\"wp-block-column is-layout-flow wp-block-column-is-layout-flow\">\n<h3 class=\"wp-block-heading h4\">Per 1 november 2025<\/h3>\n\n\n\n<p class=\"has-text-align-left\">Konsultation: \u20ac 172,04<\/p>\n\n\n\n<p>Bes\u00f6k: \u20ac 258,05<\/p>\n\n\n\n<p>Triagekonsultation: <br>\u20ac35,00<\/p>\n<\/div>\n\n\n\n<div class=\"wp-block-column is-layout-flow wp-block-column-is-layout-flow\">\n<h3 class=\"wp-block-heading h4\">Per 1 januari 20256<\/h3>\n\n\n\n<p>Konsultation: \u20ac 183,75<\/p>\n\n\n\n<p>Bes\u00f6k: \u20ac 275,62<\/p>\n\n\n\n<p>Triagekonsultation: <br>\u20ac35,00<\/p>\n<\/div>\n<\/div>\n\n\n\n<h2 class=\"wp-block-heading\">Betala via betalningsl\u00e4nk<\/h2>\n\n\n\n<p>Om vi inte kan kr\u00e4va ers\u00e4ttning f\u00f6r ditt bes\u00f6k hos GP Emergency Post direkt fr\u00e5n ditt f\u00f6rs\u00e4kringsbolag, skickar vi en betalningsbeg\u00e4ran via SMS via Sendi. Detta SMS inneh\u00e5ller en l\u00e4nk till en betrodd betalningsmilj\u00f6. Detta g\u00f6r betalningen enkel och s\u00e4ker via din mobiltelefon.<\/p>\n\n\n\n<p><\/p>\n\n\n\n<h2 class=\"wp-block-heading\">Undvik insamlingskostnader<\/h2>\n\n\n\n<p>Undvik inkassokostnader och se till att du har r\u00e4tt adress och telefonnummer till hands n\u00e4r du kontaktar GP Post. Du kan ocks\u00e5 skicka v\u00e5ra korrekta adressuppgifter via e-post via&nbsp;<u><span style=\"text-decoration: underline\"><a href=\"mailto:admin@hapmaastricht.nl\">admin@hapmaastricht.nl<\/a><\/span><\/u>. Har du fr\u00e5gor om din faktura? Skicka med post till&nbsp;<u><a href=\"mailto:admin@hapmaastricht.nl\">admin@hapmaastricht.nl<\/a><\/u>&nbsp;och n\u00e4mn fakturan och g\u00e4lden\u00e4rens nummer.<\/p>\n\n\n\n<p><strong>Observera!<\/strong><\/p>\n\n\n\n<p class=\"has-white-color has-vivid-red-background-color has-text-color has-background\">Om en patient inte dyker upp till konsultationen debiteras en triagekonsultation.<\/p>\n","protected":false},"excerpt":{"rendered":"<p>Allm\u00e4n v\u00e5rd t\u00e4cks av grundf\u00f6rs\u00e4kringen. Allm\u00e4nna v\u00e5rdkostnader b\u00e4rs inte av din sj\u00e4lvrisk. Det \u00e4r m\u00f6jligt att du kommer att f\u00e5 en faktura fr\u00e5n oss eftersom vi inte kan g\u00f6ra anspr\u00e5k direkt fr\u00e5n ditt sjukf\u00f6rs\u00e4kringsbolag. Du m\u00e5ste sedan betala kostnaderna till oss och kr\u00e4va tillbaka dem till ditt sjukf\u00f6rs\u00e4kringsbolag. Eventuella ytterligare unders\u00f6kningar som beg\u00e4rs av l\u00e4karen och f\u00f6reskriven medicinering deklareras av tredje part och \u00e4r vanligtvis sj\u00e4lvriskfria. V\u00e5ra priser Fastst\u00e4llda av den nederl\u00e4ndska h\u00e4lsomyndigheten i euro: januari 2023 Konsultation: \u20ac112.66 Bes\u00f6k: \u20ac168.99 Triage consult: \u20ac35.00 Februari till april 2023 Konsultera: \u20ac138.23 Bes\u00f6k: \u20ac207.35 [&#8230;]<\/p>\n","protected":false},"author":3,"featured_media":0,"parent":0,"menu_order":160,"comment_status":"closed","ping_status":"closed","template":"","meta":{"_acf_changed":false,"_trash_the_other_posts":false,"editor_notices":[],"footnotes":""},"class_list":["post-2029","page","type-page","status-publish","hentry"],"acf":[],"yoast_head":"<!-- This site is optimized with the Yoast SEO plugin v26.6 - https:\/\/yoast.com\/wordpress\/plugins\/seo\/ -->\n<title>Vad kostar ett bes\u00f6k p\u00e5 Maastricht General Practitioners Emergency Post?<\/title>\n<meta name=\"description\" content=\"Allm\u00e4n v\u00e5rd t\u00e4cks av grundf\u00f6rs\u00e4kringen. Detta \u00e4r v\u00e5ra priser, fastst\u00e4llda av den nederl\u00e4ndska h\u00e4lsomyndigheten.\" \/>\n<meta name=\"robots\" content=\"index, follow, max-snippet:-1, max-image-preview:large, max-video-preview:-1\" \/>\n<link rel=\"canonical\" href=\"https:\/\/hapmaastricht.nl\/sv\/tariffer\/\" \/>\n<meta property=\"og:locale\" content=\"sv_SE\" \/>\n<meta property=\"og:type\" content=\"article\" \/>\n<meta property=\"og:title\" content=\"Vad kostar ett bes\u00f6k p\u00e5 Maastricht General Practitioners Emergency Post?\" \/>\n<meta property=\"og:description\" content=\"Allm\u00e4n v\u00e5rd t\u00e4cks av grundf\u00f6rs\u00e4kringen. Detta \u00e4r v\u00e5ra priser, fastst\u00e4llda av den nederl\u00e4ndska h\u00e4lsomyndigheten.\" \/>\n<meta property=\"og:url\" content=\"https:\/\/hapmaastricht.nl\/sv\/tariffer\/\" \/>\n<meta property=\"og:site_name\" content=\"L\u00e4karens akutpost Maastricht\" \/>\n<meta property=\"article:modified_time\" content=\"2026-02-11T08:58:17+00:00\" \/>\n<meta name=\"twitter:card\" content=\"summary_large_image\" \/>\n<meta name=\"twitter:label1\" content=\"Ber\u00e4knad l\u00e4stid\" \/>\n\t<meta name=\"twitter:data1\" content=\"1 minut\" \/>\n<script type=\"application\/ld+json\" class=\"yoast-schema-graph\">{\"@context\":\"https:\/\/schema.org\",\"@graph\":[{\"@type\":\"WebPage\",\"@id\":\"https:\/\/hapmaastricht.nl\/sv\/tariffer\/\",\"url\":\"https:\/\/hapmaastricht.nl\/sv\/tariffer\/\",\"name\":\"Vad kostar ett bes\u00f6k p\u00e5 Maastricht General Practitioners Emergency Post?\",\"isPartOf\":{\"@id\":\"https:\/\/hapmaastricht.nl\/sv\/#website\"},\"datePublished\":\"2023-04-28T07:42:59+00:00\",\"dateModified\":\"2026-02-11T08:58:17+00:00\",\"description\":\"Allm\u00e4n v\u00e5rd t\u00e4cks av grundf\u00f6rs\u00e4kringen. Detta \u00e4r v\u00e5ra priser, fastst\u00e4llda av den nederl\u00e4ndska h\u00e4lsomyndigheten.\",\"breadcrumb\":{\"@id\":\"https:\/\/hapmaastricht.nl\/sv\/tariffer\/#breadcrumb\"},\"inLanguage\":\"sv-SE\",\"potentialAction\":[{\"@type\":\"ReadAction\",\"target\":[\"https:\/\/hapmaastricht.nl\/sv\/tariffer\/\"]}]},{\"@type\":\"BreadcrumbList\",\"@id\":\"https:\/\/hapmaastricht.nl\/sv\/tariffer\/#breadcrumb\",\"itemListElement\":[{\"@type\":\"ListItem\",\"position\":1,\"name\":\"Home\",\"item\":\"https:\/\/hapmaastricht.nl\/sv\/\"},{\"@type\":\"ListItem\",\"position\":2,\"name\":\"Priser\"}]},{\"@type\":\"WebSite\",\"@id\":\"https:\/\/hapmaastricht.nl\/sv\/#website\",\"url\":\"https:\/\/hapmaastricht.nl\/sv\/\",\"name\":\"L\u00e4karens akutpost Maastricht\",\"description\":\"\",\"potentialAction\":[{\"@type\":\"SearchAction\",\"target\":{\"@type\":\"EntryPoint\",\"urlTemplate\":\"https:\/\/hapmaastricht.nl\/sv\/?s={search_term_string}\"},\"query-input\":{\"@type\":\"PropertyValueSpecification\",\"valueRequired\":true,\"valueName\":\"search_term_string\"}}],\"inLanguage\":\"sv-SE\"}]}<\/script>\n<!-- \/ Yoast SEO plugin. -->","yoast_head_json":{"title":"Vad kostar ett bes\u00f6k p\u00e5 Maastricht General Practitioners Emergency Post?","description":"Allm\u00e4n v\u00e5rd t\u00e4cks av grundf\u00f6rs\u00e4kringen. Detta \u00e4r v\u00e5ra priser, fastst\u00e4llda av den nederl\u00e4ndska h\u00e4lsomyndigheten.","robots":{"index":"index","follow":"follow","max-snippet":"max-snippet:-1","max-image-preview":"max-image-preview:large","max-video-preview":"max-video-preview:-1"},"canonical":"https:\/\/hapmaastricht.nl\/sv\/tariffer\/","og_locale":"sv_SE","og_type":"article","og_title":"Vad kostar ett bes\u00f6k p\u00e5 Maastricht General Practitioners Emergency Post?","og_description":"Allm\u00e4n v\u00e5rd t\u00e4cks av grundf\u00f6rs\u00e4kringen. Detta \u00e4r v\u00e5ra priser, fastst\u00e4llda av den nederl\u00e4ndska h\u00e4lsomyndigheten.","og_url":"https:\/\/hapmaastricht.nl\/sv\/tariffer\/","og_site_name":"L\u00e4karens akutpost Maastricht","article_modified_time":"2026-02-11T08:58:17+00:00","twitter_card":"summary_large_image","twitter_misc":{"Ber\u00e4knad l\u00e4stid":"1 minut"},"schema":{"@context":"https:\/\/schema.org","@graph":[{"@type":"WebPage","@id":"https:\/\/hapmaastricht.nl\/sv\/tariffer\/","url":"https:\/\/hapmaastricht.nl\/sv\/tariffer\/","name":"Vad kostar ett bes\u00f6k p\u00e5 Maastricht General Practitioners Emergency Post?","isPartOf":{"@id":"https:\/\/hapmaastricht.nl\/sv\/#website"},"datePublished":"2023-04-28T07:42:59+00:00","dateModified":"2026-02-11T08:58:17+00:00","description":"Allm\u00e4n v\u00e5rd t\u00e4cks av grundf\u00f6rs\u00e4kringen. Detta \u00e4r v\u00e5ra priser, fastst\u00e4llda av den nederl\u00e4ndska h\u00e4lsomyndigheten.","breadcrumb":{"@id":"https:\/\/hapmaastricht.nl\/sv\/tariffer\/#breadcrumb"},"inLanguage":"sv-SE","potentialAction":[{"@type":"ReadAction","target":["https:\/\/hapmaastricht.nl\/sv\/tariffer\/"]}]},{"@type":"BreadcrumbList","@id":"https:\/\/hapmaastricht.nl\/sv\/tariffer\/#breadcrumb","itemListElement":[{"@type":"ListItem","position":1,"name":"Home","item":"https:\/\/hapmaastricht.nl\/sv\/"},{"@type":"ListItem","position":2,"name":"Priser"}]},{"@type":"WebSite","@id":"https:\/\/hapmaastricht.nl\/sv\/#website","url":"https:\/\/hapmaastricht.nl\/sv\/","name":"L\u00e4karens akutpost Maastricht","description":"","potentialAction":[{"@type":"SearchAction","target":{"@type":"EntryPoint","urlTemplate":"https:\/\/hapmaastricht.nl\/sv\/?s={search_term_string}"},"query-input":{"@type":"PropertyValueSpecification","valueRequired":true,"valueName":"search_term_string"}}],"inLanguage":"sv-SE"}]}},"_links":{"self":[{"href":"https:\/\/hapmaastricht.nl\/sv\/wp-json\/wp\/v2\/pages\/2029","targetHints":{"allow":["GET"]}}],"collection":[{"href":"https:\/\/hapmaastricht.nl\/sv\/wp-json\/wp\/v2\/pages"}],"about":[{"href":"https:\/\/hapmaastricht.nl\/sv\/wp-json\/wp\/v2\/types\/page"}],"author":[{"embeddable":true,"href":"https:\/\/hapmaastricht.nl\/sv\/wp-json\/wp\/v2\/users\/3"}],"replies":[{"embeddable":true,"href":"https:\/\/hapmaastricht.nl\/sv\/wp-json\/wp\/v2\/comments?post=2029"}],"version-history":[{"count":9,"href":"https:\/\/hapmaastricht.nl\/sv\/wp-json\/wp\/v2\/pages\/2029\/revisions"}],"predecessor-version":[{"id":9269,"href":"https:\/\/hapmaastricht.nl\/sv\/wp-json\/wp\/v2\/pages\/2029\/revisions\/9269"}],"wp:attachment":[{"href":"https:\/\/hapmaastricht.nl\/sv\/wp-json\/wp\/v2\/media?parent=2029"}],"curies":[{"name":"wp","href":"https:\/\/api.w.org\/{rel}","templated":true}]}}