{"id":2143,"date":"2023-05-19T09:33:10","date_gmt":"2023-05-19T07:33:10","guid":{"rendered":"https:\/\/multisite.mindd.dev\/hap-maastricht\/?page_id=2143"},"modified":"2026-03-19T11:04:29","modified_gmt":"2026-03-19T10:04:29","slug":"klientrad","status":"publish","type":"page","link":"https:\/\/hapmaastricht.nl\/sv\/klientrad\/","title":{"rendered":"Klientr\u00e5d"},"content":{"rendered":"\n\n\n<p>Styrelsen f\u00f6r GP Emergency Station l\u00e4gger stor vikt vid deltagande och m\u00f6jligheter f\u00f6r patienter att delta f\u00f6r att f\u00f6rb\u00e4ttra v\u00e5rdkvaliteten. Lagen om klienters deltagande i v\u00e5rdinstitutioner (WMCZ) passar s\u00f6ml\u00f6st in i detta och ger d\u00e4rmed alla institutioner en r\u00e4ttslig grund f\u00f6r att inr\u00e4tta ett klientr\u00e5d. D\u00e4rf\u00f6r beslutades det 2022 att inr\u00e4tta ett s\u00e5dant r\u00e5d f\u00f6r Allm\u00e4nl\u00e4karnas akuta efter Maastricht och Heuvelland.<\/p>\n\n\n\n<h2 class=\"wp-block-heading\">Syfte<\/h2>\n\n\n\n<p>Syftet med Client Council \u00e4r att representera klienternas gemensamma intressen. Vi ser med \u00f6gonen p\u00e5 alla inv\u00e5nare i regionen p\u00e5 hur General Practitioners Emergency Post utf\u00f6r sina uppgifter. Varje AT-l\u00e4kare kan ju vid n\u00e5got tillf\u00e4lle vara patient p\u00e5 GP Emergency Station. Client Council har laglig befogenhet att ge b\u00e5de efterfr\u00e5gad och oombedd r\u00e5dgivning till styrelsen i fr\u00e5gor som \u00e4r viktiga f\u00f6r klienterna. Patientinformation, integritetsskydd och klagom\u00e5lsf\u00f6rfarandet \u00e4r exempel p\u00e5 detta. Styrelsen f\u00f6r GP Emergency Post och Client Council h\u00e5ller regelbundna m\u00f6ten om detta.<\/p>\n\n\n\n<h2 class=\"wp-block-heading\">Uppgifter<\/h2>\n\n\n\n<p>Klientr\u00e5det fokuserar p\u00e5 patienternas allm\u00e4nna intresse som anv\u00e4nder den v\u00e5rd som erbjuds under Maastricht och Heuvellands akutmottagningars ansvar. R\u00e5det har m\u00f6jligheter att t\u00e4nka vidare och diskutera ett brett spektrum av \u00e4mnen. Om du har f\u00f6rslag p\u00e5 hur man kan f\u00f6rb\u00e4ttra v\u00e5rdkvaliteten och kommunikationen kring detta, \u00e4r du varmt v\u00e4lkommen att kontakta Client Council.<\/p>\n\n\n\n<h2 class=\"wp-block-heading\">Sammans\u00e4ttning<\/h2>\n\n\n\n<p>Klientr\u00e5det best\u00e5r f\u00f6r n\u00e4rvarande av fem medlemmar. Dessa medlemmar representerar klienter fr\u00e5n hela upptagningsomr\u00e5det f\u00f6r Maastricht och Heuvelland GP Emergency Post och har inga materiella eller aff\u00e4rsm\u00e4ssiga kopplingar till GP Emergency Post.<\/p>\n\n\n\n<h2 class=\"wp-block-heading\">Medlemmar<\/h2>\n\n\n\n<p>John Wintjens, ordf\u00f6rande<br>Koos Munnecom, sekreterare<br>Trudy Dolmans<br>Annemiek Wijnheijmer<br>Janny de Vries<br>Toine-l\u00e4ger<br><\/p>\n\n\n\n<p><\/p>\n\n\n\n<h2 class=\"wp-block-heading\">Vakanser<\/h2>\n\n\n\n<p>Det finns inga lediga platser just nu.<\/p>\n\n\n\n<h2 class=\"wp-block-heading\">\u00c5rsrapport<\/h2>\n\n\n\n<p>Ladda ner \u00e5rsrapporten f\u00f6r 2025 <a href=\"https:\/\/hapmaastricht.nl\/wp-content\/uploads\/sites\/30\/2026\/03\/JAARVERSLAG-Clientenraad-HAP-2025.pdf\" target=\"_blank\" rel=\"noreferrer noopener\">h\u00e4r<\/a> .<\/p>\n\n\n\n<p>Du kan kontakta Client Council genom att fylla i formul\u00e4ret nedan. Din fr\u00e5ga\/kommentar kommer att diskuteras vid n\u00e4sta m\u00f6te i r\u00e5det. Du kommer d\u00e5 att f\u00e5 ett sakligt svar fr\u00e5n oss.<\/p>\n\n\n\n<p>Obs: Klientr\u00e5det hanterar inte klagom\u00e5l om allm\u00e4nl\u00e4kare i tj\u00e4nst eller andra anst\u00e4llda vid GP:s akutmottagning. Mer information om hur du l\u00e4mnar in ett klagom\u00e5l finns <a href=\"https:\/\/hapmaastricht.nl\/veelgestelde-vragen\/klachten-complimenten\/\">h\u00e4r<\/a>.<\/p>\n\n\n\n<h2 class=\"wp-block-heading\">Kontakt<\/h2>\n\n\n<script>\nvar gform;gform||(document.addEventListener(\"gform_main_scripts_loaded\",function(){gform.scriptsLoaded=!0}),document.addEventListener(\"gform\/theme\/scripts_loaded\",function(){gform.themeScriptsLoaded=!0}),window.addEventListener(\"DOMContentLoaded\",function(){gform.domLoaded=!0}),gform={domLoaded:!1,scriptsLoaded:!1,themeScriptsLoaded:!1,isFormEditor:()=>\"function\"==typeof InitializeEditor,callIfLoaded:function(o){return!(!gform.domLoaded||!gform.scriptsLoaded||!gform.themeScriptsLoaded&&!gform.isFormEditor()||(gform.isFormEditor()&&console.warn(\"The use of gform.initializeOnLoaded() is deprecated in the form editor context and will be removed in Gravity Forms 3.1.\"),o(),0))},initializeOnLoaded:function(o){gform.callIfLoaded(o)||(document.addEventListener(\"gform_main_scripts_loaded\",()=>{gform.scriptsLoaded=!0,gform.callIfLoaded(o)}),document.addEventListener(\"gform\/theme\/scripts_loaded\",()=>{gform.themeScriptsLoaded=!0,gform.callIfLoaded(o)}),window.addEventListener(\"DOMContentLoaded\",()=>{gform.domLoaded=!0,gform.callIfLoaded(o)}))},hooks:{action:{},filter:{}},addAction:function(o,r,e,t){gform.addHook(\"action\",o,r,e,t)},addFilter:function(o,r,e,t){gform.addHook(\"filter\",o,r,e,t)},doAction:function(o){gform.doHook(\"action\",o,arguments)},applyFilters:function(o){return gform.doHook(\"filter\",o,arguments)},removeAction:function(o,r){gform.removeHook(\"action\",o,r)},removeFilter:function(o,r,e){gform.removeHook(\"filter\",o,r,e)},addHook:function(o,r,e,t,n){null==gform.hooks[o][r]&&(gform.hooks[o][r]=[]);var d=gform.hooks[o][r];null==n&&(n=r+\"_\"+d.length),gform.hooks[o][r].push({tag:n,callable:e,priority:t=null==t?10:t})},doHook:function(r,o,e){var t;if(e=Array.prototype.slice.call(e,1),null!=gform.hooks[r][o]&&((o=gform.hooks[r][o]).sort(function(o,r){return o.priority-r.priority}),o.forEach(function(o){\"function\"!=typeof(t=o.callable)&&(t=window[t]),\"action\"==r?t.apply(null,e):e[0]=t.apply(null,e)})),\"filter\"==r)return e[0]},removeHook:function(o,r,t,n){var e;null!=gform.hooks[o][r]&&(e=(e=gform.hooks[o][r]).filter(function(o,r,e){return!!(null!=n&&n!=o.tag||null!=t&&t!=o.priority)}),gform.hooks[o][r]=e)}});\n<\/script>\n\n                <div class='gf_browser_gecko gform_wrapper gravity-theme gform-theme--no-framework' data-form-theme='gravity-theme' data-form-index='0' id='gform_wrapper_8' >\n                        <div class='gform_heading'>\n                            <h2 class=\"gform_title\">Cli\u00ebntenraad<\/h2>\n                            <p class='gform_description'><\/p>\n                        <\/div><form method='post' enctype='multipart\/form-data'  id='gform_8'  action='\/sv\/wp-json\/wp\/v2\/pages\/2143' data-formid='8' novalidate>\n                        <div class='gform-body gform_body'><div id='gform_fields_8' class='gform_fields top_label form_sublabel_below description_below validation_below'><div id=\"field_8_1\" class=\"gfield gfield--type-text gfield_contains_required field_sublabel_below gfield--no-description field_description_below field_validation_below gfield_visibility_visible\"  ><label class='gfield_label gform-field-label' for='input_8_1'>Naam<span class=\"gfield_required\"><span class=\"gfield_required gfield_required_text\">(Obligatoriskt)<\/span><\/span><\/label><div class='ginput_container ginput_container_text'><input name='input_1' id='input_8_1' type='text' value='' class='large'     aria-required=\"true\" aria-invalid=\"false\"   \/><\/div><\/div><div id=\"field_8_2\" class=\"gfield gfield--type-text gfield--width-full gfield_contains_required field_sublabel_below gfield--no-description field_description_below field_validation_below gfield_visibility_visible\"  ><label class='gfield_label gform-field-label' for='input_8_2'>Straat + huisnummer<span class=\"gfield_required\"><span class=\"gfield_required gfield_required_text\">(Obligatoriskt)<\/span><\/span><\/label><div class='ginput_container ginput_container_text'><input name='input_2' id='input_8_2' type='text' value='' class='large'     aria-required=\"true\" aria-invalid=\"false\"   \/><\/div><\/div><div id=\"field_8_3\" class=\"gfield gfield--type-text gfield--width-half gfield_contains_required field_sublabel_below gfield--no-description field_description_below field_validation_below gfield_visibility_visible\"  ><label class='gfield_label gform-field-label' for='input_8_3'>Postcode<span class=\"gfield_required\"><span class=\"gfield_required gfield_required_text\">(Obligatoriskt)<\/span><\/span><\/label><div class='ginput_container ginput_container_text'><input name='input_3' id='input_8_3' type='text' value='' class='large'     aria-required=\"true\" aria-invalid=\"false\"   \/><\/div><\/div><div id=\"field_8_4\" class=\"gfield gfield--type-text gfield--width-half gfield_contains_required field_sublabel_below gfield--no-description field_description_below field_validation_below gfield_visibility_visible\"  ><label class='gfield_label gform-field-label' for='input_8_4'>Woonplaats<span class=\"gfield_required\"><span class=\"gfield_required gfield_required_text\">(Obligatoriskt)<\/span><\/span><\/label><div class='ginput_container ginput_container_text'><input name='input_4' id='input_8_4' type='text' value='' class='large'     aria-required=\"true\" aria-invalid=\"false\"   \/><\/div><\/div><div id=\"field_8_5\" class=\"gfield gfield--type-text gfield--width-full field_sublabel_below gfield--no-description field_description_below field_validation_below gfield_visibility_visible\"  ><label class='gfield_label gform-field-label' for='input_8_5'>Telefoonnummer<\/label><div class='ginput_container ginput_container_text'><input name='input_5' id='input_8_5' type='text' value='' class='large'      aria-invalid=\"false\"   \/><\/div><\/div><div id=\"field_8_7\" class=\"gfield gfield--type-email gfield--width-full gfield_contains_required field_sublabel_below gfield--no-description field_description_below field_validation_below gfield_visibility_visible\"  ><label class='gfield_label gform-field-label' for='input_8_7'>E-mailadres<span class=\"gfield_required\"><span class=\"gfield_required gfield_required_text\">(Obligatoriskt)<\/span><\/span><\/label><div class='ginput_container ginput_container_email'>\n                            <input name='input_7' id='input_8_7' type='email' value='' class='large'    aria-required=\"true\" aria-invalid=\"false\"  \/>\n                        <\/div><\/div><div id=\"field_8_8\" class=\"gfield gfield--type-textarea gfield--width-full field_sublabel_below gfield--no-description field_description_below field_validation_below gfield_visibility_visible\"  ><label class='gfield_label gform-field-label' for='input_8_8'>Mijn vraag\/opmerking<\/label><div class='ginput_container ginput_container_textarea'><textarea name='input_8' id='input_8_8' class='textarea large'      aria-invalid=\"false\"   rows='10' cols='50'><\/textarea><\/div><\/div><div id=\"field_8_9\" class=\"gfield gfield--type-captcha gfield--width-full field_sublabel_below gfield--no-description field_description_below field_validation_below gfield_visibility_visible\"  ><label class='gfield_label gform-field-label' for='input_8_9'>CAPTCHA<\/label><div id='input_8_9' class='ginput_container ginput_recaptcha' data-sitekey='6LcBpHwmAAAAAPDSV-A853yyIoTBUbSo4szxA4le'  data-theme='light' data-tabindex='0'  data-badge=''><\/div><\/div><\/div><\/div>\n        <div class='gform-footer gform_footer top_label'> <input type='submit' id='gform_submit_button_8' class='gform_button button' onclick='gform.submission.handleButtonClick(this);' data-submission-type='submit' value='Skicka'  \/> \n            <input type='hidden' class='gform_hidden' name='gform_submission_method' data-js='gform_submission_method_8' value='postback' \/>\n            <input type='hidden' class='gform_hidden' name='gform_theme' data-js='gform_theme_8' id='gform_theme_8' value='gravity-theme' \/>\n            <input type='hidden' class='gform_hidden' name='gform_style_settings' data-js='gform_style_settings_8' id='gform_style_settings_8' value='{&quot;inputPrimaryColor&quot;:&quot;#204ce5&quot;}' \/>\n            <input type='hidden' class='gform_hidden' name='is_submit_8' value='1' \/>\n            <input type='hidden' class='gform_hidden' name='gform_submit' value='8' \/>\n            \n            <input type='hidden' class='gform_hidden' name='gform_unique_id' value='' \/>\n            <input type='hidden' class='gform_hidden' name='state_8' value='WyJbXSIsImJlYmM0NzQxNGFjMWJhMGI2MzU2OGIyMTgzM2FhOWJkIl0=' \/>\n            <input type='hidden' autocomplete='off' class='gform_hidden' name='gform_target_page_number_8' id='gform_target_page_number_8' value='0' \/>\n            <input type='hidden' autocomplete='off' class='gform_hidden' name='gform_source_page_number_8' id='gform_source_page_number_8' value='1' \/>\n            <input type='hidden' name='gform_field_values' value='' \/>\n            \n        <\/div>\n                        <\/form>\n                        <\/div><script>\ngform.initializeOnLoaded( function() {gformInitSpinner( 8, 'https:\/\/hapmaastricht.nl\/sv\/wp-content\/plugins\/gravityforms\/images\/spinner.svg', true );jQuery('#gform_ajax_frame_8').on('load',function(){var contents = jQuery(this).contents().find('*').html();var is_postback = contents.indexOf('GF_AJAX_POSTBACK') >= 0;if(!is_postback){return;}var form_content = jQuery(this).contents().find('#gform_wrapper_8');var is_confirmation = jQuery(this).contents().find('#gform_confirmation_wrapper_8').length > 0;var is_redirect = contents.indexOf('gformRedirect(){') >= 0;var is_form = form_content.length > 0 && ! is_redirect && ! is_confirmation;var mt = parseInt(jQuery('html').css('margin-top'), 10) + parseInt(jQuery('body').css('margin-top'), 10) + 100;if(is_form){jQuery('#gform_wrapper_8').html(form_content.html());if(form_content.hasClass('gform_validation_error')){jQuery('#gform_wrapper_8').addClass('gform_validation_error');} else {jQuery('#gform_wrapper_8').removeClass('gform_validation_error');}setTimeout( function() { \/* delay the scroll by 50 milliseconds to fix a bug in chrome *\/  }, 50 );if(window['gformInitDatepicker']) {gformInitDatepicker();}if(window['gformInitPriceFields']) {gformInitPriceFields();}var current_page = jQuery('#gform_source_page_number_8').val();gformInitSpinner( 8, 'https:\/\/hapmaastricht.nl\/sv\/wp-content\/plugins\/gravityforms\/images\/spinner.svg', true );jQuery(document).trigger('gform_page_loaded', [8, current_page]);window['gf_submitting_8'] = false;}else if(!is_redirect){var confirmation_content = jQuery(this).contents().find('.GF_AJAX_POSTBACK').html();if(!confirmation_content){confirmation_content = contents;}jQuery('#gform_wrapper_8').replaceWith(confirmation_content);jQuery(document).trigger('gform_confirmation_loaded', [8]);window['gf_submitting_8'] = false;wp.a11y.speak(jQuery('#gform_confirmation_message_8').text());}else{jQuery('#gform_8').append(contents);if(window['gformRedirect']) {gformRedirect();}}jQuery(document).trigger(\"gform_pre_post_render\", [{ formId: \"8\", currentPage: \"current_page\", abort: function() { this.preventDefault(); } }]);        if (event && event.defaultPrevented) {                return;        }        const gformWrapperDiv = document.getElementById( \"gform_wrapper_8\" );        if ( gformWrapperDiv ) {            const visibilitySpan = document.createElement( \"span\" );            visibilitySpan.id = \"gform_visibility_test_8\";            gformWrapperDiv.insertAdjacentElement( \"afterend\", visibilitySpan );        }        const visibilityTestDiv = document.getElementById( \"gform_visibility_test_8\" );        let postRenderFired = false;        function triggerPostRender() {            if ( postRenderFired ) {                return;            }            postRenderFired = true;            gform.core.triggerPostRenderEvents( 8, current_page );            if ( visibilityTestDiv ) {                visibilityTestDiv.parentNode.removeChild( visibilityTestDiv );            }        }        function debounce( func, wait, immediate ) {            var timeout;            return function() {                var context = this, args = arguments;                var later = function() {                    timeout = null;                    if ( !immediate ) func.apply( context, args );                };                var callNow = immediate && !timeout;                clearTimeout( timeout );                timeout = setTimeout( later, wait );                if ( callNow ) func.apply( context, args );            };        }        const debouncedTriggerPostRender = debounce( function() {            triggerPostRender();        }, 200 );        if ( visibilityTestDiv && visibilityTestDiv.offsetParent === null ) {            const observer = new MutationObserver( ( mutations ) => {                mutations.forEach( ( mutation ) => {                    if ( mutation.type === 'attributes' && visibilityTestDiv.offsetParent !== null ) {                        debouncedTriggerPostRender();                        observer.disconnect();                    }                });            });            observer.observe( document.body, {                attributes: true,                childList: false,                subtree: true,                attributeFilter: [ 'style', 'class' ],            });        } else {            triggerPostRender();        }    } );} );\n<\/script>\n","protected":false},"excerpt":{"rendered":"<p>N\u00f6dpostens styrelse l\u00e4gger stor vikt vid patienternas delaktighet och delaktighet f\u00f6r att f\u00f6rb\u00e4ttra v\u00e5rdkvaliteten. Healthcare Institutions Client Participation Act (WMCZ) passar s\u00f6ml\u00f6st in i detta och ger d\u00e4rmed alla institutioner en r\u00e4ttslig grund f\u00f6r att inr\u00e4tta ett klientr\u00e5d. Det \u00e4r d\u00e4rf\u00f6r det beslutades 2022 att inr\u00e4tta ett s\u00e5dant r\u00e5d f\u00f6r Maastricht och Heuvelland General Practitioners Emergency Post. Syfte Klientr\u00e5det syftar till att f\u00f6retr\u00e4da kundernas gemensamma intressen. Med \u00f6gonen p\u00e5 alla inv\u00e5nare i regionen tittar vi p\u00e5 hur General Practice Emergency Post utf\u00f6r sina uppgifter.<\/p>\n","protected":false},"author":3,"featured_media":0,"parent":0,"menu_order":42,"comment_status":"closed","ping_status":"closed","template":"","meta":{"_acf_changed":false,"_trash_the_other_posts":false,"editor_notices":[],"footnotes":""},"class_list":["post-2143","page","type-page","status-publish","hentry"],"acf":[],"yoast_head":"<!-- This site is optimized with the Yoast SEO plugin v26.6 - https:\/\/yoast.com\/wordpress\/plugins\/seo\/ -->\n<title>Klientr\u00e5d - L\u00e4karens akutpost Maastricht<\/title>\n<meta name=\"robots\" content=\"index, follow, max-snippet:-1, max-image-preview:large, max-video-preview:-1\" \/>\n<link rel=\"canonical\" href=\"https:\/\/hapmaastricht.nl\/sv\/kundrad\/\" \/>\n<meta property=\"og:locale\" content=\"sv_SE\" \/>\n<meta property=\"og:type\" content=\"article\" \/>\n<meta property=\"og:title\" content=\"Klientr\u00e5d - L\u00e4karens akutpost Maastricht\" \/>\n<meta property=\"og:description\" content=\"N\u00f6dpostens styrelse l\u00e4gger stor vikt vid patienternas delaktighet och delaktighet f\u00f6r att f\u00f6rb\u00e4ttra v\u00e5rdkvaliteten. Healthcare Institutions Client Participation Act (WMCZ) passar s\u00f6ml\u00f6st in i detta och ger d\u00e4rmed alla institutioner en r\u00e4ttslig grund f\u00f6r att inr\u00e4tta ett klientr\u00e5d. Det \u00e4r d\u00e4rf\u00f6r det beslutades 2022 att inr\u00e4tta ett s\u00e5dant r\u00e5d f\u00f6r Maastricht och Heuvelland General Practitioners Emergency Post. Syfte Klientr\u00e5det syftar till att f\u00f6retr\u00e4da kundernas gemensamma intressen. Med \u00f6gonen p\u00e5 alla inv\u00e5nare i regionen tittar vi p\u00e5 hur General Practice Emergency Post utf\u00f6r sina uppgifter.\" \/>\n<meta property=\"og:url\" content=\"https:\/\/hapmaastricht.nl\/sv\/kundrad\/\" \/>\n<meta property=\"og:site_name\" content=\"L\u00e4karens akutpost Maastricht\" \/>\n<meta property=\"article:modified_time\" content=\"2026-03-19T10:04:29+00:00\" \/>\n<meta name=\"twitter:card\" content=\"summary_large_image\" \/>\n<meta name=\"twitter:label1\" content=\"Ber\u00e4knad l\u00e4stid\" \/>\n\t<meta name=\"twitter:data1\" content=\"2 minuter\" \/>\n<script type=\"application\/ld+json\" class=\"yoast-schema-graph\">{\"@context\":\"https:\/\/schema.org\",\"@graph\":[{\"@type\":\"WebPage\",\"@id\":\"https:\/\/hapmaastricht.nl\/sv\/kundrad\/\",\"url\":\"https:\/\/hapmaastricht.nl\/sv\/kundrad\/\",\"name\":\"Klientr\u00e5d - L\u00e4karens akutpost Maastricht\",\"isPartOf\":{\"@id\":\"https:\/\/hapmaastricht.nl\/sv\/#website\"},\"datePublished\":\"2023-05-19T07:33:10+00:00\",\"dateModified\":\"2026-03-19T10:04:29+00:00\",\"breadcrumb\":{\"@id\":\"https:\/\/hapmaastricht.nl\/sv\/kundrad\/#breadcrumb\"},\"inLanguage\":\"sv-SE\",\"potentialAction\":[{\"@type\":\"ReadAction\",\"target\":[\"https:\/\/hapmaastricht.nl\/sv\/kundrad\/\"]}]},{\"@type\":\"BreadcrumbList\",\"@id\":\"https:\/\/hapmaastricht.nl\/sv\/kundrad\/#breadcrumb\",\"itemListElement\":[{\"@type\":\"ListItem\",\"position\":1,\"name\":\"Home\",\"item\":\"https:\/\/hapmaastricht.nl\/sv\/\"},{\"@type\":\"ListItem\",\"position\":2,\"name\":\"Klientr\u00e5det\"}]},{\"@type\":\"WebSite\",\"@id\":\"https:\/\/hapmaastricht.nl\/sv\/#website\",\"url\":\"https:\/\/hapmaastricht.nl\/sv\/\",\"name\":\"L\u00e4karens akutpost Maastricht\",\"description\":\"\",\"potentialAction\":[{\"@type\":\"SearchAction\",\"target\":{\"@type\":\"EntryPoint\",\"urlTemplate\":\"https:\/\/hapmaastricht.nl\/sv\/?s={search_term_string}\"},\"query-input\":{\"@type\":\"PropertyValueSpecification\",\"valueRequired\":true,\"valueName\":\"search_term_string\"}}],\"inLanguage\":\"sv-SE\"}]}<\/script>\n<!-- \/ Yoast SEO plugin. -->","yoast_head_json":{"title":"Klientr\u00e5d - L\u00e4karens akutpost Maastricht","robots":{"index":"index","follow":"follow","max-snippet":"max-snippet:-1","max-image-preview":"max-image-preview:large","max-video-preview":"max-video-preview:-1"},"canonical":"https:\/\/hapmaastricht.nl\/sv\/kundrad\/","og_locale":"sv_SE","og_type":"article","og_title":"Klientr\u00e5d - L\u00e4karens akutpost Maastricht","og_description":"N\u00f6dpostens styrelse l\u00e4gger stor vikt vid patienternas delaktighet och delaktighet f\u00f6r att f\u00f6rb\u00e4ttra v\u00e5rdkvaliteten. Healthcare Institutions Client Participation Act (WMCZ) passar s\u00f6ml\u00f6st in i detta och ger d\u00e4rmed alla institutioner en r\u00e4ttslig grund f\u00f6r att inr\u00e4tta ett klientr\u00e5d. Det \u00e4r d\u00e4rf\u00f6r det beslutades 2022 att inr\u00e4tta ett s\u00e5dant r\u00e5d f\u00f6r Maastricht och Heuvelland General Practitioners Emergency Post. Syfte Klientr\u00e5det syftar till att f\u00f6retr\u00e4da kundernas gemensamma intressen. Med \u00f6gonen p\u00e5 alla inv\u00e5nare i regionen tittar vi p\u00e5 hur General Practice Emergency Post utf\u00f6r sina uppgifter.","og_url":"https:\/\/hapmaastricht.nl\/sv\/kundrad\/","og_site_name":"L\u00e4karens akutpost Maastricht","article_modified_time":"2026-03-19T10:04:29+00:00","twitter_card":"summary_large_image","twitter_misc":{"Ber\u00e4knad l\u00e4stid":"2 minuter"},"schema":{"@context":"https:\/\/schema.org","@graph":[{"@type":"WebPage","@id":"https:\/\/hapmaastricht.nl\/sv\/kundrad\/","url":"https:\/\/hapmaastricht.nl\/sv\/kundrad\/","name":"Klientr\u00e5d - L\u00e4karens akutpost Maastricht","isPartOf":{"@id":"https:\/\/hapmaastricht.nl\/sv\/#website"},"datePublished":"2023-05-19T07:33:10+00:00","dateModified":"2026-03-19T10:04:29+00:00","breadcrumb":{"@id":"https:\/\/hapmaastricht.nl\/sv\/kundrad\/#breadcrumb"},"inLanguage":"sv-SE","potentialAction":[{"@type":"ReadAction","target":["https:\/\/hapmaastricht.nl\/sv\/kundrad\/"]}]},{"@type":"BreadcrumbList","@id":"https:\/\/hapmaastricht.nl\/sv\/kundrad\/#breadcrumb","itemListElement":[{"@type":"ListItem","position":1,"name":"Home","item":"https:\/\/hapmaastricht.nl\/sv\/"},{"@type":"ListItem","position":2,"name":"Klientr\u00e5det"}]},{"@type":"WebSite","@id":"https:\/\/hapmaastricht.nl\/sv\/#website","url":"https:\/\/hapmaastricht.nl\/sv\/","name":"L\u00e4karens akutpost Maastricht","description":"","potentialAction":[{"@type":"SearchAction","target":{"@type":"EntryPoint","urlTemplate":"https:\/\/hapmaastricht.nl\/sv\/?s={search_term_string}"},"query-input":{"@type":"PropertyValueSpecification","valueRequired":true,"valueName":"search_term_string"}}],"inLanguage":"sv-SE"}]}},"_links":{"self":[{"href":"https:\/\/hapmaastricht.nl\/sv\/wp-json\/wp\/v2\/pages\/2143","targetHints":{"allow":["GET"]}}],"collection":[{"href":"https:\/\/hapmaastricht.nl\/sv\/wp-json\/wp\/v2\/pages"}],"about":[{"href":"https:\/\/hapmaastricht.nl\/sv\/wp-json\/wp\/v2\/types\/page"}],"author":[{"embeddable":true,"href":"https:\/\/hapmaastricht.nl\/sv\/wp-json\/wp\/v2\/users\/3"}],"replies":[{"embeddable":true,"href":"https:\/\/hapmaastricht.nl\/sv\/wp-json\/wp\/v2\/comments?post=2143"}],"version-history":[{"count":6,"href":"https:\/\/hapmaastricht.nl\/sv\/wp-json\/wp\/v2\/pages\/2143\/revisions"}],"predecessor-version":[{"id":9272,"href":"https:\/\/hapmaastricht.nl\/sv\/wp-json\/wp\/v2\/pages\/2143\/revisions\/9272"}],"wp:attachment":[{"href":"https:\/\/hapmaastricht.nl\/sv\/wp-json\/wp\/v2\/media?parent=2143"}],"curies":[{"name":"wp","href":"https:\/\/api.w.org\/{rel}","templated":true}]}}