{"id":2483,"date":"2023-05-23T14:35:13","date_gmt":"2023-05-23T12:35:13","guid":{"rendered":"https:\/\/multisite.mindd.dev\/hap-maastricht\/?page_id=2483"},"modified":"2025-10-06T09:28:34","modified_gmt":"2025-10-06T07:28:34","slug":"nodnummer-till-tandlakare","status":"publish","type":"page","link":"https:\/\/hapmaastricht.nl\/sv\/nodnummer-till-tandlakare\/","title":{"rendered":"N\u00f6dnummer till tandl\u00e4kare"},"content":{"rendered":"\n\n\n<p>Journumret till tandl\u00e4karen utanf\u00f6r tj\u00e4nstetid \u00e4r <strong>0900 1515<\/strong><\/p>\n\n\n\n<p><\/p>\n","protected":false},"excerpt":{"rendered":"<p>Tandl\u00e4karens n\u00f6dnummer utanf\u00f6r kontorstid \u00e4r.<\/p>\n","protected":false},"author":3,"featured_media":0,"parent":0,"menu_order":148,"comment_status":"closed","ping_status":"closed","template":"","meta":{"_acf_changed":false,"_trash_the_other_posts":false,"editor_notices":[],"footnotes":""},"class_list":["post-2483","page","type-page","status-publish","hentry"],"acf":[],"yoast_head":"<!-- This site is optimized with the Yoast SEO plugin v26.6 - https:\/\/yoast.com\/wordpress\/plugins\/seo\/ -->\n<title>N\u00f6dnummer till tandl\u00e4kare - L\u00e4karens akutpost Maastricht<\/title>\n<meta name=\"description\" content=\"Beh\u00f6ver du akut en tandl\u00e4kare i Maastricht-omr\u00e5det utanf\u00f6r kontorstid? Hitta tandl\u00e4karens n\u00f6dnummer h\u00e4r.\" \/>\n<meta name=\"robots\" content=\"index, follow, max-snippet:-1, max-image-preview:large, max-video-preview:-1\" \/>\n<link rel=\"canonical\" href=\"https:\/\/hapmaastricht.nl\/sv\/tandvardsnodnummer\/\" \/>\n<meta property=\"og:locale\" content=\"sv_SE\" \/>\n<meta property=\"og:type\" content=\"article\" \/>\n<meta property=\"og:title\" content=\"N\u00f6dnummer till tandl\u00e4kare - L\u00e4karens akutpost Maastricht\" \/>\n<meta property=\"og:description\" content=\"Beh\u00f6ver du akut en tandl\u00e4kare i Maastricht-omr\u00e5det utanf\u00f6r kontorstid? Hitta tandl\u00e4karens n\u00f6dnummer h\u00e4r.\" \/>\n<meta property=\"og:url\" content=\"https:\/\/hapmaastricht.nl\/sv\/tandvardsnodnummer\/\" \/>\n<meta property=\"og:site_name\" content=\"L\u00e4karens akutpost Maastricht\" \/>\n<meta property=\"article:modified_time\" content=\"2025-10-06T07:28:34+00:00\" \/>\n<meta name=\"twitter:card\" content=\"summary_large_image\" \/>\n<meta name=\"twitter:label1\" content=\"Ber\u00e4knad l\u00e4stid\" \/>\n\t<meta name=\"twitter:data1\" content=\"1 minut\" \/>\n<script type=\"application\/ld+json\" class=\"yoast-schema-graph\">{\"@context\":\"https:\/\/schema.org\",\"@graph\":[{\"@type\":\"WebPage\",\"@id\":\"https:\/\/hapmaastricht.nl\/sv\/tandvardsnodnummer\/\",\"url\":\"https:\/\/hapmaastricht.nl\/sv\/tandvardsnodnummer\/\",\"name\":\"N\u00f6dnummer till tandl\u00e4kare - L\u00e4karens akutpost Maastricht\",\"isPartOf\":{\"@id\":\"https:\/\/hapmaastricht.nl\/sv\/#website\"},\"datePublished\":\"2023-05-23T12:35:13+00:00\",\"dateModified\":\"2025-10-06T07:28:34+00:00\",\"description\":\"Beh\u00f6ver du akut en tandl\u00e4kare i Maastricht-omr\u00e5det utanf\u00f6r kontorstid? Hitta tandl\u00e4karens n\u00f6dnummer h\u00e4r.\",\"breadcrumb\":{\"@id\":\"https:\/\/hapmaastricht.nl\/sv\/tandvardsnodnummer\/#breadcrumb\"},\"inLanguage\":\"sv-SE\",\"potentialAction\":[{\"@type\":\"ReadAction\",\"target\":[\"https:\/\/hapmaastricht.nl\/sv\/tandvardsnodnummer\/\"]}]},{\"@type\":\"BreadcrumbList\",\"@id\":\"https:\/\/hapmaastricht.nl\/sv\/tandvardsnodnummer\/#breadcrumb\",\"itemListElement\":[{\"@type\":\"ListItem\",\"position\":1,\"name\":\"Home\",\"item\":\"https:\/\/hapmaastricht.nl\/sv\/\"},{\"@type\":\"ListItem\",\"position\":2,\"name\":\"Tandl\u00e4karens n\u00f6dnummer\"}]},{\"@type\":\"WebSite\",\"@id\":\"https:\/\/hapmaastricht.nl\/sv\/#website\",\"url\":\"https:\/\/hapmaastricht.nl\/sv\/\",\"name\":\"L\u00e4karens akutpost Maastricht\",\"description\":\"\",\"potentialAction\":[{\"@type\":\"SearchAction\",\"target\":{\"@type\":\"EntryPoint\",\"urlTemplate\":\"https:\/\/hapmaastricht.nl\/sv\/?s={search_term_string}\"},\"query-input\":{\"@type\":\"PropertyValueSpecification\",\"valueRequired\":true,\"valueName\":\"search_term_string\"}}],\"inLanguage\":\"sv-SE\"}]}<\/script>\n<!-- \/ Yoast SEO plugin. -->","yoast_head_json":{"title":"N\u00f6dnummer till tandl\u00e4kare - L\u00e4karens akutpost Maastricht","description":"Beh\u00f6ver du akut en tandl\u00e4kare i Maastricht-omr\u00e5det utanf\u00f6r kontorstid? Hitta tandl\u00e4karens n\u00f6dnummer h\u00e4r.","robots":{"index":"index","follow":"follow","max-snippet":"max-snippet:-1","max-image-preview":"max-image-preview:large","max-video-preview":"max-video-preview:-1"},"canonical":"https:\/\/hapmaastricht.nl\/sv\/tandvardsnodnummer\/","og_locale":"sv_SE","og_type":"article","og_title":"N\u00f6dnummer till tandl\u00e4kare - L\u00e4karens akutpost Maastricht","og_description":"Beh\u00f6ver du akut en tandl\u00e4kare i Maastricht-omr\u00e5det utanf\u00f6r kontorstid? Hitta tandl\u00e4karens n\u00f6dnummer h\u00e4r.","og_url":"https:\/\/hapmaastricht.nl\/sv\/tandvardsnodnummer\/","og_site_name":"L\u00e4karens akutpost Maastricht","article_modified_time":"2025-10-06T07:28:34+00:00","twitter_card":"summary_large_image","twitter_misc":{"Ber\u00e4knad l\u00e4stid":"1 minut"},"schema":{"@context":"https:\/\/schema.org","@graph":[{"@type":"WebPage","@id":"https:\/\/hapmaastricht.nl\/sv\/tandvardsnodnummer\/","url":"https:\/\/hapmaastricht.nl\/sv\/tandvardsnodnummer\/","name":"N\u00f6dnummer till tandl\u00e4kare - L\u00e4karens akutpost Maastricht","isPartOf":{"@id":"https:\/\/hapmaastricht.nl\/sv\/#website"},"datePublished":"2023-05-23T12:35:13+00:00","dateModified":"2025-10-06T07:28:34+00:00","description":"Beh\u00f6ver du akut en tandl\u00e4kare i Maastricht-omr\u00e5det utanf\u00f6r kontorstid? Hitta tandl\u00e4karens n\u00f6dnummer h\u00e4r.","breadcrumb":{"@id":"https:\/\/hapmaastricht.nl\/sv\/tandvardsnodnummer\/#breadcrumb"},"inLanguage":"sv-SE","potentialAction":[{"@type":"ReadAction","target":["https:\/\/hapmaastricht.nl\/sv\/tandvardsnodnummer\/"]}]},{"@type":"BreadcrumbList","@id":"https:\/\/hapmaastricht.nl\/sv\/tandvardsnodnummer\/#breadcrumb","itemListElement":[{"@type":"ListItem","position":1,"name":"Home","item":"https:\/\/hapmaastricht.nl\/sv\/"},{"@type":"ListItem","position":2,"name":"Tandl\u00e4karens n\u00f6dnummer"}]},{"@type":"WebSite","@id":"https:\/\/hapmaastricht.nl\/sv\/#website","url":"https:\/\/hapmaastricht.nl\/sv\/","name":"L\u00e4karens akutpost Maastricht","description":"","potentialAction":[{"@type":"SearchAction","target":{"@type":"EntryPoint","urlTemplate":"https:\/\/hapmaastricht.nl\/sv\/?s={search_term_string}"},"query-input":{"@type":"PropertyValueSpecification","valueRequired":true,"valueName":"search_term_string"}}],"inLanguage":"sv-SE"}]}},"_links":{"self":[{"href":"https:\/\/hapmaastricht.nl\/sv\/wp-json\/wp\/v2\/pages\/2483","targetHints":{"allow":["GET"]}}],"collection":[{"href":"https:\/\/hapmaastricht.nl\/sv\/wp-json\/wp\/v2\/pages"}],"about":[{"href":"https:\/\/hapmaastricht.nl\/sv\/wp-json\/wp\/v2\/types\/page"}],"author":[{"embeddable":true,"href":"https:\/\/hapmaastricht.nl\/sv\/wp-json\/wp\/v2\/users\/3"}],"replies":[{"embeddable":true,"href":"https:\/\/hapmaastricht.nl\/sv\/wp-json\/wp\/v2\/comments?post=2483"}],"version-history":[{"count":3,"href":"https:\/\/hapmaastricht.nl\/sv\/wp-json\/wp\/v2\/pages\/2483\/revisions"}],"predecessor-version":[{"id":9255,"href":"https:\/\/hapmaastricht.nl\/sv\/wp-json\/wp\/v2\/pages\/2483\/revisions\/9255"}],"wp:attachment":[{"href":"https:\/\/hapmaastricht.nl\/sv\/wp-json\/wp\/v2\/media?parent=2483"}],"curies":[{"name":"wp","href":"https:\/\/api.w.org\/{rel}","templated":true}]}}