{"id":2494,"date":"2023-05-23T14:46:33","date_gmt":"2023-05-23T12:46:33","guid":{"rendered":"https:\/\/multisite.mindd.dev\/hap-maastricht\/?page_id=2494"},"modified":"2025-07-10T09:54:09","modified_gmt":"2025-07-10T07:54:09","slug":"samarbete-envida","status":"publish","type":"page","link":"https:\/\/hapmaastricht.nl\/sv\/samarbete-envida\/","title":{"rendered":"Samarbete med Envida"},"content":{"rendered":"\n\n\n<p>Fr\u00e5n och med b\u00f6rjan av juni 2019 har anst\u00e4llda p\u00e5 Envida Wijkzorg, som ansvarar f\u00f6r akut nattv\u00e5rd f\u00f6r \u00e4ldre, varit stationerade p\u00e5 v\u00e5r akutmottagning f\u00f6r allm\u00e4nl\u00e4kare. Genom att samla de b\u00e5da v\u00e5rdgivarnas tj\u00e4nster under ett och samma tak nattetid \u00e4r det m\u00f6jligt att snabbt samordna och att mer utsatta \u00e4ldre f\u00e5r r\u00e4tt v\u00e5rd p\u00e5 r\u00e4tt plats.<\/p>\n\n\n\n<p>Callcentret f\u00f6r allm\u00e4nl\u00e4karnas akutmottagning tar emot f\u00f6rfr\u00e5gningar om hj\u00e4lp f\u00f6r b\u00e5da v\u00e5rdgivarna. Vid behov r\u00e5dg\u00f6r anst\u00e4llda p\u00e5 Envida och GP Emergency Station med varandra om tillv\u00e4gag\u00e5ngss\u00e4ttet och hanteringen av beg\u00e4ran om hj\u00e4lp. Denna metod s\u00e4kerst\u00e4ller ett effektivare v\u00e5rds\u00e4tt, f\u00f6rhindrar on\u00f6dig inl\u00e4ggning p\u00e5 sjukhuset och m\u00f6jligg\u00f6r utbyte av kunskap och kompetens mellan b\u00e5da parter. Om situationen kr\u00e4ver det kan hj\u00e4lpen skalas upp och patienten kan remitteras till sjukhus.<\/p>\n","protected":false},"excerpt":{"rendered":"<p>Fr\u00e5n b\u00f6rjan av juni 2019 har anst\u00e4llda p\u00e5 Envida Wijkzorg, ansvarig f\u00f6r akut nattv\u00e5rd f\u00f6r \u00e4ldre, varit stationerade p\u00e5 v\u00e5r Allm\u00e4nna akutpost. Genom att samla b\u00e5da v\u00e5rdgivarnas tj\u00e4nster under ett tak under natten \u00e4r en snabb och \u00f6msesidig samordning m\u00f6jlig och mer utsatta \u00e4ldre f\u00e5r r\u00e4tt v\u00e5rd p\u00e5 r\u00e4tt plats. Callcentret f\u00f6r General Practice Emergency Post tar emot f\u00f6rfr\u00e5gningar om hj\u00e4lp f\u00f6r b\u00e5da v\u00e5rdgivarna. Vid behov kommer anst\u00e4llda p\u00e5 Envida och Allm\u00e4nna akutposten att samr\u00e5da med varandra om tillv\u00e4gag\u00e5ngss\u00e4ttet och hanteringen av beg\u00e4ran om hj\u00e4lp. Denna metod s\u00e4kerst\u00e4ller en effektivare v\u00e5rdstrategi, f\u00f6rhindrar on\u00f6dig inkludering i [&#8230;]<\/p>\n","protected":false},"author":3,"featured_media":0,"parent":0,"menu_order":129,"comment_status":"closed","ping_status":"closed","template":"","meta":{"_acf_changed":false,"_trash_the_other_posts":false,"editor_notices":[],"footnotes":""},"class_list":["post-2494","page","type-page","status-publish","hentry"],"acf":[],"yoast_head":"<!-- This site is optimized with the Yoast SEO plugin v26.6 - https:\/\/yoast.com\/wordpress\/plugins\/seo\/ -->\n<title>Samarbete med Envida - L\u00e4karens akutpost Maastricht<\/title>\n<meta name=\"robots\" content=\"index, follow, max-snippet:-1, max-image-preview:large, max-video-preview:-1\" \/>\n<link rel=\"canonical\" href=\"https:\/\/hapmaastricht.nl\/sv\/samarbete-envida\/\" \/>\n<meta property=\"og:locale\" content=\"sv_SE\" \/>\n<meta property=\"og:type\" content=\"article\" \/>\n<meta property=\"og:title\" content=\"Samarbete med Envida - L\u00e4karens akutpost Maastricht\" \/>\n<meta property=\"og:description\" content=\"Fr\u00e5n b\u00f6rjan av juni 2019 har anst\u00e4llda p\u00e5 Envida Wijkzorg, ansvarig f\u00f6r akut nattv\u00e5rd f\u00f6r \u00e4ldre, varit stationerade p\u00e5 v\u00e5r Allm\u00e4nna akutpost. Genom att samla b\u00e5da v\u00e5rdgivarnas tj\u00e4nster under ett tak under natten \u00e4r en snabb och \u00f6msesidig samordning m\u00f6jlig och mer utsatta \u00e4ldre f\u00e5r r\u00e4tt v\u00e5rd p\u00e5 r\u00e4tt plats. Callcentret f\u00f6r General Practice Emergency Post tar emot f\u00f6rfr\u00e5gningar om hj\u00e4lp f\u00f6r b\u00e5da v\u00e5rdgivarna. Vid behov kommer anst\u00e4llda p\u00e5 Envida och Allm\u00e4nna akutposten att samr\u00e5da med varandra om tillv\u00e4gag\u00e5ngss\u00e4ttet och hanteringen av beg\u00e4ran om hj\u00e4lp. Denna metod s\u00e4kerst\u00e4ller en effektivare v\u00e5rdstrategi, f\u00f6rhindrar on\u00f6dig inkludering i [...]\" \/>\n<meta property=\"og:url\" content=\"https:\/\/hapmaastricht.nl\/sv\/samarbete-envida\/\" \/>\n<meta property=\"og:site_name\" content=\"L\u00e4karens akutpost Maastricht\" \/>\n<meta property=\"article:modified_time\" content=\"2025-07-10T07:54:09+00:00\" \/>\n<meta name=\"twitter:card\" content=\"summary_large_image\" \/>\n<meta name=\"twitter:label1\" content=\"Ber\u00e4knad l\u00e4stid\" \/>\n\t<meta name=\"twitter:data1\" content=\"1 minut\" \/>\n<script type=\"application\/ld+json\" class=\"yoast-schema-graph\">{\"@context\":\"https:\/\/schema.org\",\"@graph\":[{\"@type\":\"WebPage\",\"@id\":\"https:\/\/hapmaastricht.nl\/sv\/samarbete-envida\/\",\"url\":\"https:\/\/hapmaastricht.nl\/sv\/samarbete-envida\/\",\"name\":\"Samarbete med Envida - L\u00e4karens akutpost Maastricht\",\"isPartOf\":{\"@id\":\"https:\/\/hapmaastricht.nl\/sv\/#website\"},\"datePublished\":\"2023-05-23T12:46:33+00:00\",\"dateModified\":\"2025-07-10T07:54:09+00:00\",\"breadcrumb\":{\"@id\":\"https:\/\/hapmaastricht.nl\/sv\/samarbete-envida\/#breadcrumb\"},\"inLanguage\":\"sv-SE\",\"potentialAction\":[{\"@type\":\"ReadAction\",\"target\":[\"https:\/\/hapmaastricht.nl\/sv\/samarbete-envida\/\"]}]},{\"@type\":\"BreadcrumbList\",\"@id\":\"https:\/\/hapmaastricht.nl\/sv\/samarbete-envida\/#breadcrumb\",\"itemListElement\":[{\"@type\":\"ListItem\",\"position\":1,\"name\":\"Home\",\"item\":\"https:\/\/hapmaastricht.nl\/sv\/\"},{\"@type\":\"ListItem\",\"position\":2,\"name\":\"Envida Samarbete\"}]},{\"@type\":\"WebSite\",\"@id\":\"https:\/\/hapmaastricht.nl\/sv\/#website\",\"url\":\"https:\/\/hapmaastricht.nl\/sv\/\",\"name\":\"L\u00e4karens akutpost Maastricht\",\"description\":\"\",\"potentialAction\":[{\"@type\":\"SearchAction\",\"target\":{\"@type\":\"EntryPoint\",\"urlTemplate\":\"https:\/\/hapmaastricht.nl\/sv\/?s={search_term_string}\"},\"query-input\":{\"@type\":\"PropertyValueSpecification\",\"valueRequired\":true,\"valueName\":\"search_term_string\"}}],\"inLanguage\":\"sv-SE\"}]}<\/script>\n<!-- \/ Yoast SEO plugin. -->","yoast_head_json":{"title":"Samarbete med Envida - L\u00e4karens akutpost Maastricht","robots":{"index":"index","follow":"follow","max-snippet":"max-snippet:-1","max-image-preview":"max-image-preview:large","max-video-preview":"max-video-preview:-1"},"canonical":"https:\/\/hapmaastricht.nl\/sv\/samarbete-envida\/","og_locale":"sv_SE","og_type":"article","og_title":"Samarbete med Envida - L\u00e4karens akutpost Maastricht","og_description":"Fr\u00e5n b\u00f6rjan av juni 2019 har anst\u00e4llda p\u00e5 Envida Wijkzorg, ansvarig f\u00f6r akut nattv\u00e5rd f\u00f6r \u00e4ldre, varit stationerade p\u00e5 v\u00e5r Allm\u00e4nna akutpost. Genom att samla b\u00e5da v\u00e5rdgivarnas tj\u00e4nster under ett tak under natten \u00e4r en snabb och \u00f6msesidig samordning m\u00f6jlig och mer utsatta \u00e4ldre f\u00e5r r\u00e4tt v\u00e5rd p\u00e5 r\u00e4tt plats. Callcentret f\u00f6r General Practice Emergency Post tar emot f\u00f6rfr\u00e5gningar om hj\u00e4lp f\u00f6r b\u00e5da v\u00e5rdgivarna. Vid behov kommer anst\u00e4llda p\u00e5 Envida och Allm\u00e4nna akutposten att samr\u00e5da med varandra om tillv\u00e4gag\u00e5ngss\u00e4ttet och hanteringen av beg\u00e4ran om hj\u00e4lp. Denna metod s\u00e4kerst\u00e4ller en effektivare v\u00e5rdstrategi, f\u00f6rhindrar on\u00f6dig inkludering i [...]","og_url":"https:\/\/hapmaastricht.nl\/sv\/samarbete-envida\/","og_site_name":"L\u00e4karens akutpost Maastricht","article_modified_time":"2025-07-10T07:54:09+00:00","twitter_card":"summary_large_image","twitter_misc":{"Ber\u00e4knad l\u00e4stid":"1 minut"},"schema":{"@context":"https:\/\/schema.org","@graph":[{"@type":"WebPage","@id":"https:\/\/hapmaastricht.nl\/sv\/samarbete-envida\/","url":"https:\/\/hapmaastricht.nl\/sv\/samarbete-envida\/","name":"Samarbete med Envida - L\u00e4karens akutpost Maastricht","isPartOf":{"@id":"https:\/\/hapmaastricht.nl\/sv\/#website"},"datePublished":"2023-05-23T12:46:33+00:00","dateModified":"2025-07-10T07:54:09+00:00","breadcrumb":{"@id":"https:\/\/hapmaastricht.nl\/sv\/samarbete-envida\/#breadcrumb"},"inLanguage":"sv-SE","potentialAction":[{"@type":"ReadAction","target":["https:\/\/hapmaastricht.nl\/sv\/samarbete-envida\/"]}]},{"@type":"BreadcrumbList","@id":"https:\/\/hapmaastricht.nl\/sv\/samarbete-envida\/#breadcrumb","itemListElement":[{"@type":"ListItem","position":1,"name":"Home","item":"https:\/\/hapmaastricht.nl\/sv\/"},{"@type":"ListItem","position":2,"name":"Envida Samarbete"}]},{"@type":"WebSite","@id":"https:\/\/hapmaastricht.nl\/sv\/#website","url":"https:\/\/hapmaastricht.nl\/sv\/","name":"L\u00e4karens akutpost Maastricht","description":"","potentialAction":[{"@type":"SearchAction","target":{"@type":"EntryPoint","urlTemplate":"https:\/\/hapmaastricht.nl\/sv\/?s={search_term_string}"},"query-input":{"@type":"PropertyValueSpecification","valueRequired":true,"valueName":"search_term_string"}}],"inLanguage":"sv-SE"}]}},"_links":{"self":[{"href":"https:\/\/hapmaastricht.nl\/sv\/wp-json\/wp\/v2\/pages\/2494","targetHints":{"allow":["GET"]}}],"collection":[{"href":"https:\/\/hapmaastricht.nl\/sv\/wp-json\/wp\/v2\/pages"}],"about":[{"href":"https:\/\/hapmaastricht.nl\/sv\/wp-json\/wp\/v2\/types\/page"}],"author":[{"embeddable":true,"href":"https:\/\/hapmaastricht.nl\/sv\/wp-json\/wp\/v2\/users\/3"}],"replies":[{"embeddable":true,"href":"https:\/\/hapmaastricht.nl\/sv\/wp-json\/wp\/v2\/comments?post=2494"}],"version-history":[{"count":1,"href":"https:\/\/hapmaastricht.nl\/sv\/wp-json\/wp\/v2\/pages\/2494\/revisions"}],"predecessor-version":[{"id":9193,"href":"https:\/\/hapmaastricht.nl\/sv\/wp-json\/wp\/v2\/pages\/2494\/revisions\/9193"}],"wp:attachment":[{"href":"https:\/\/hapmaastricht.nl\/sv\/wp-json\/wp\/v2\/media?parent=2494"}],"curies":[{"name":"wp","href":"https:\/\/api.w.org\/{rel}","templated":true}]}}