{"id":2572,"date":"2023-05-31T16:56:36","date_gmt":"2023-05-31T14:56:36","guid":{"rendered":"https:\/\/multisite.mindd.dev\/hap-maastricht\/?page_id=2572"},"modified":"2025-07-10T09:54:01","modified_gmt":"2025-07-10T07:54:01","slug":"forvaltningsradet","status":"publish","type":"page","link":"https:\/\/hapmaastricht.nl\/sv\/forvaltningsradet\/","title":{"rendered":"F\u00f6rvaltningsr\u00e5det"},"content":{"rendered":"\n\n\n<p>Tillsynsr\u00e5det f\u00f6r allm\u00e4nl\u00e4karnas akutstationer i Maastricht och Heuvelland best\u00e5r av tre medlemmar och har till uppgift att \u00f6vervaka och ge r\u00e5d om hur organisationen utf\u00f6r sina uppgifter. Ledam\u00f6terna utses f\u00f6r en period av fyra \u00e5r. F\u00f6r n\u00e4rvarande best\u00e5r f\u00f6rvaltningsr\u00e5det av:<\/p>\n\n\n\n<h2 class=\"wp-block-heading h4\"><\/h2>\n\n\n\n<p>Maarten Klomp <\/p>\n\n\n\n<p>Yvonne Custers-Spelautomater <\/p>\n\n\n\n<p>Guido Kerckhoffs<\/p>\n\n\n\n<p><\/p>\n\n\n\n<p><\/p>\n\n\n\n<p><\/p>\n\n\n\n<h2 class=\"wp-block-heading h4\"><\/h2>\n\n\n\n<p><\/p>\n\n\n\n<h2 class=\"wp-block-heading h4\"><\/h2>\n\n\n\n<p><\/p>\n","protected":false},"excerpt":{"rendered":"<p>F\u00f6rvaltningsr\u00e5det f\u00f6r ZIO och Huisartsenpost en Heuvelland Foundation best\u00e5r av tre medlemmar och ansvarar f\u00f6r att \u00f6vervaka och ge r\u00e5d om b\u00e5da organisationernas resultat. Ledam\u00f6terna utses f\u00f6r en period av fyra \u00e5r. Arno Timmermans, ordf\u00f6rande (per 1 januari 2022) Verksam som allm\u00e4nl\u00e4kare i Almere fram till 2012. Direkt\u00f6r f\u00f6r NHG fr\u00e5n 2000 till 2004 och styrelseordf\u00f6rande f\u00f6r NHG fr\u00e5n 2004 till 2012. Styrelseordf\u00f6rande i Westfriesgasthuis sedan 2012. Westfriesgasthuis slogs samman med Waterland Hospital, f\u00f6r n\u00e4rvarande k\u00e4nt som Dijklander Hospital, 2017. F\u00f6r n\u00e4rvarande ordf\u00f6rande i SBOH: s styrelse och [&#8230;]<\/p>\n","protected":false},"author":3,"featured_media":0,"parent":0,"menu_order":125,"comment_status":"closed","ping_status":"closed","template":"","meta":{"_acf_changed":false,"_trash_the_other_posts":false,"editor_notices":[],"footnotes":""},"class_list":["post-2572","page","type-page","status-publish","hentry"],"acf":[],"yoast_head":"<!-- This site is optimized with the Yoast SEO plugin v26.6 - https:\/\/yoast.com\/wordpress\/plugins\/seo\/ -->\n<title>F\u00f6rvaltningsr\u00e5det - L\u00e4karens akutpost Maastricht<\/title>\n<meta name=\"robots\" content=\"index, follow, max-snippet:-1, max-image-preview:large, max-video-preview:-1\" \/>\n<link rel=\"canonical\" href=\"https:\/\/hapmaastricht.nl\/sv\/tillsynsnamnden\/\" \/>\n<meta property=\"og:locale\" content=\"sv_SE\" \/>\n<meta property=\"og:type\" content=\"article\" \/>\n<meta property=\"og:title\" content=\"F\u00f6rvaltningsr\u00e5det - L\u00e4karens akutpost Maastricht\" \/>\n<meta property=\"og:description\" content=\"F\u00f6rvaltningsr\u00e5det f\u00f6r ZIO och Huisartsenpost en Heuvelland Foundation best\u00e5r av tre medlemmar och ansvarar f\u00f6r att \u00f6vervaka och ge r\u00e5d om b\u00e5da organisationernas resultat. Ledam\u00f6terna utses f\u00f6r en period av fyra \u00e5r. Arno Timmermans, ordf\u00f6rande (per 1 januari 2022) Verksam som allm\u00e4nl\u00e4kare i Almere fram till 2012. Direkt\u00f6r f\u00f6r NHG fr\u00e5n 2000 till 2004 och styrelseordf\u00f6rande f\u00f6r NHG fr\u00e5n 2004 till 2012. Styrelseordf\u00f6rande i Westfriesgasthuis sedan 2012. Westfriesgasthuis slogs samman med Waterland Hospital, f\u00f6r n\u00e4rvarande k\u00e4nt som Dijklander Hospital, 2017. F\u00f6r n\u00e4rvarande ordf\u00f6rande i SBOH: s styrelse och [...]\" \/>\n<meta property=\"og:url\" content=\"https:\/\/hapmaastricht.nl\/sv\/tillsynsnamnden\/\" \/>\n<meta property=\"og:site_name\" content=\"L\u00e4karens akutpost Maastricht\" \/>\n<meta property=\"article:modified_time\" content=\"2025-07-10T07:54:01+00:00\" \/>\n<meta name=\"twitter:card\" content=\"summary_large_image\" \/>\n<meta name=\"twitter:label1\" content=\"Ber\u00e4knad l\u00e4stid\" \/>\n\t<meta name=\"twitter:data1\" content=\"1 minut\" \/>\n<script type=\"application\/ld+json\" class=\"yoast-schema-graph\">{\"@context\":\"https:\/\/schema.org\",\"@graph\":[{\"@type\":\"WebPage\",\"@id\":\"https:\/\/hapmaastricht.nl\/sv\/tillsynsnamnden\/\",\"url\":\"https:\/\/hapmaastricht.nl\/sv\/tillsynsnamnden\/\",\"name\":\"F\u00f6rvaltningsr\u00e5det - L\u00e4karens akutpost Maastricht\",\"isPartOf\":{\"@id\":\"https:\/\/hapmaastricht.nl\/sv\/#website\"},\"datePublished\":\"2023-05-31T14:56:36+00:00\",\"dateModified\":\"2025-07-10T07:54:01+00:00\",\"breadcrumb\":{\"@id\":\"https:\/\/hapmaastricht.nl\/sv\/tillsynsnamnden\/#breadcrumb\"},\"inLanguage\":\"sv-SE\",\"potentialAction\":[{\"@type\":\"ReadAction\",\"target\":[\"https:\/\/hapmaastricht.nl\/sv\/tillsynsnamnden\/\"]}]},{\"@type\":\"BreadcrumbList\",\"@id\":\"https:\/\/hapmaastricht.nl\/sv\/tillsynsnamnden\/#breadcrumb\",\"itemListElement\":[{\"@type\":\"ListItem\",\"position\":1,\"name\":\"Home\",\"item\":\"https:\/\/hapmaastricht.nl\/sv\/\"},{\"@type\":\"ListItem\",\"position\":2,\"name\":\"Tillsynsn\u00e4mnden\"}]},{\"@type\":\"WebSite\",\"@id\":\"https:\/\/hapmaastricht.nl\/sv\/#website\",\"url\":\"https:\/\/hapmaastricht.nl\/sv\/\",\"name\":\"L\u00e4karens akutpost Maastricht\",\"description\":\"\",\"potentialAction\":[{\"@type\":\"SearchAction\",\"target\":{\"@type\":\"EntryPoint\",\"urlTemplate\":\"https:\/\/hapmaastricht.nl\/sv\/?s={search_term_string}\"},\"query-input\":{\"@type\":\"PropertyValueSpecification\",\"valueRequired\":true,\"valueName\":\"search_term_string\"}}],\"inLanguage\":\"sv-SE\"}]}<\/script>\n<!-- \/ Yoast SEO plugin. -->","yoast_head_json":{"title":"F\u00f6rvaltningsr\u00e5det - L\u00e4karens akutpost Maastricht","robots":{"index":"index","follow":"follow","max-snippet":"max-snippet:-1","max-image-preview":"max-image-preview:large","max-video-preview":"max-video-preview:-1"},"canonical":"https:\/\/hapmaastricht.nl\/sv\/tillsynsnamnden\/","og_locale":"sv_SE","og_type":"article","og_title":"F\u00f6rvaltningsr\u00e5det - L\u00e4karens akutpost Maastricht","og_description":"F\u00f6rvaltningsr\u00e5det f\u00f6r ZIO och Huisartsenpost en Heuvelland Foundation best\u00e5r av tre medlemmar och ansvarar f\u00f6r att \u00f6vervaka och ge r\u00e5d om b\u00e5da organisationernas resultat. Ledam\u00f6terna utses f\u00f6r en period av fyra \u00e5r. Arno Timmermans, ordf\u00f6rande (per 1 januari 2022) Verksam som allm\u00e4nl\u00e4kare i Almere fram till 2012. Direkt\u00f6r f\u00f6r NHG fr\u00e5n 2000 till 2004 och styrelseordf\u00f6rande f\u00f6r NHG fr\u00e5n 2004 till 2012. Styrelseordf\u00f6rande i Westfriesgasthuis sedan 2012. Westfriesgasthuis slogs samman med Waterland Hospital, f\u00f6r n\u00e4rvarande k\u00e4nt som Dijklander Hospital, 2017. F\u00f6r n\u00e4rvarande ordf\u00f6rande i SBOH: s styrelse och [...]","og_url":"https:\/\/hapmaastricht.nl\/sv\/tillsynsnamnden\/","og_site_name":"L\u00e4karens akutpost Maastricht","article_modified_time":"2025-07-10T07:54:01+00:00","twitter_card":"summary_large_image","twitter_misc":{"Ber\u00e4knad l\u00e4stid":"1 minut"},"schema":{"@context":"https:\/\/schema.org","@graph":[{"@type":"WebPage","@id":"https:\/\/hapmaastricht.nl\/sv\/tillsynsnamnden\/","url":"https:\/\/hapmaastricht.nl\/sv\/tillsynsnamnden\/","name":"F\u00f6rvaltningsr\u00e5det - L\u00e4karens akutpost Maastricht","isPartOf":{"@id":"https:\/\/hapmaastricht.nl\/sv\/#website"},"datePublished":"2023-05-31T14:56:36+00:00","dateModified":"2025-07-10T07:54:01+00:00","breadcrumb":{"@id":"https:\/\/hapmaastricht.nl\/sv\/tillsynsnamnden\/#breadcrumb"},"inLanguage":"sv-SE","potentialAction":[{"@type":"ReadAction","target":["https:\/\/hapmaastricht.nl\/sv\/tillsynsnamnden\/"]}]},{"@type":"BreadcrumbList","@id":"https:\/\/hapmaastricht.nl\/sv\/tillsynsnamnden\/#breadcrumb","itemListElement":[{"@type":"ListItem","position":1,"name":"Home","item":"https:\/\/hapmaastricht.nl\/sv\/"},{"@type":"ListItem","position":2,"name":"Tillsynsn\u00e4mnden"}]},{"@type":"WebSite","@id":"https:\/\/hapmaastricht.nl\/sv\/#website","url":"https:\/\/hapmaastricht.nl\/sv\/","name":"L\u00e4karens akutpost Maastricht","description":"","potentialAction":[{"@type":"SearchAction","target":{"@type":"EntryPoint","urlTemplate":"https:\/\/hapmaastricht.nl\/sv\/?s={search_term_string}"},"query-input":{"@type":"PropertyValueSpecification","valueRequired":true,"valueName":"search_term_string"}}],"inLanguage":"sv-SE"}]}},"_links":{"self":[{"href":"https:\/\/hapmaastricht.nl\/sv\/wp-json\/wp\/v2\/pages\/2572","targetHints":{"allow":["GET"]}}],"collection":[{"href":"https:\/\/hapmaastricht.nl\/sv\/wp-json\/wp\/v2\/pages"}],"about":[{"href":"https:\/\/hapmaastricht.nl\/sv\/wp-json\/wp\/v2\/types\/page"}],"author":[{"embeddable":true,"href":"https:\/\/hapmaastricht.nl\/sv\/wp-json\/wp\/v2\/users\/3"}],"replies":[{"embeddable":true,"href":"https:\/\/hapmaastricht.nl\/sv\/wp-json\/wp\/v2\/comments?post=2572"}],"version-history":[{"count":4,"href":"https:\/\/hapmaastricht.nl\/sv\/wp-json\/wp\/v2\/pages\/2572\/revisions"}],"predecessor-version":[{"id":9191,"href":"https:\/\/hapmaastricht.nl\/sv\/wp-json\/wp\/v2\/pages\/2572\/revisions\/9191"}],"wp:attachment":[{"href":"https:\/\/hapmaastricht.nl\/sv\/wp-json\/wp\/v2\/media?parent=2572"}],"curies":[{"name":"wp","href":"https:\/\/api.w.org\/{rel}","templated":true}]}}