{"id":2579,"date":"2023-05-31T17:08:15","date_gmt":"2023-05-31T15:08:15","guid":{"rendered":"https:\/\/multisite.mindd.dev\/hap-maastricht\/?page_id=2579"},"modified":"2025-07-10T09:53:58","modified_gmt":"2025-07-10T07:53:58","slug":"organisationsschema","status":"publish","type":"page","link":"https:\/\/hapmaastricht.nl\/sv\/organisationsschema\/","title":{"rendered":"Ledning och tillsyn"},"content":{"rendered":"\n<figure class=\"wp-block-image size-full\"><img decoding=\"async\" width=\"760\" height=\"937\" src=\"https:\/\/hapmaastricht.nl\/content\/uploads\/2023\/08\/HAP-organogram-2023.jpg\" alt=\"\" class=\"wp-image-7412\" srcset=\"https:\/\/hapmaastricht.nl\/sv\/wp-content\/uploads\/sites\/60\/2023\/08\/HAP-organogram-2023.jpg 760w, https:\/\/hapmaastricht.nl\/sv\/wp-content\/uploads\/sites\/60\/2023\/08\/HAP-organogram-2023-243x300.jpg 243w\" sizes=\"(max-width: 760px) 100vw, 760px\" \/><\/figure>\n\n\n\n<p><span style=\"text-decoration: underline\">F\u00f6rklaring<\/span><br>Verkst\u00e4llande direkt\u00f6ren \u00e4r anst\u00e4lld av HMH-stiftelsen. F\u00f6r den \u00f6vriga personalen har stiftelsen ett avtal om tj\u00e4nster med MUMC+.<br>Allm\u00e4nl\u00e4kare fr\u00e5n Maastricht och Heuvelland-regionen \u00e4r anslutna till HMH-stiftelsen p\u00e5 grundval av ett anslutningsavtal. F\u00f6r transport av den tj\u00e4nstg\u00f6rande l\u00e4karen anv\u00e4nder stiftelsen chauff\u00f6rer fr\u00e5n ett transportf\u00f6retag som \u00e4r specialiserat p\u00e5 det medicinska omr\u00e5det.<\/p>\n\n\n\n<p>Tillsynsr\u00e5det f\u00f6r allm\u00e4nl\u00e4karnas akutstationer i Maastricht och Heuvelland best\u00e5r av tre medlemmar och har till uppgift att \u00f6vervaka och ge r\u00e5d om hur organisationen utf\u00f6r sina uppgifter. Ledam\u00f6terna utses f\u00f6r en period av fyra \u00e5r. F\u00f6r n\u00e4rvarande best\u00e5r f\u00f6rvaltningsr\u00e5det av:<\/p>\n\n\n\n<p><\/p>\n\n\n\n<ul class=\"wp-block-list\">\n<li>Maarten Klomp<\/li>\n\n\n\n<li>Yvonne Custers-Spelautomater<\/li>\n\n\n\n<li>Guido Kerckhoffs<\/li>\n<\/ul>\n\n\n\n<p><\/p>\n","protected":false},"excerpt":{"rendered":"<p>F\u00f6rklaring: Direkt\u00f6ren och direkt\u00f6ren \u00e4r anst\u00e4lld av HMH-stiftelsen. F\u00f6r \u00f6vrig personal har stiftelsen ett uppdragsavtal med MUMC+. Allm\u00e4nl\u00e4kare fr\u00e5n Maastricht och Heuvelland-regionen \u00e4r anslutna till HMH-stiftelsen p\u00e5 grundval av ett anslutningsavtal. F\u00f6r att transportera l\u00e4karen i tj\u00e4nst anv\u00e4nder stiftelsen f\u00f6rare fr\u00e5n ett medicinskt transportf\u00f6retag specialiserat p\u00e5 det medicinska omr\u00e5det.<\/p>\n","protected":false},"author":3,"featured_media":0,"parent":0,"menu_order":106,"comment_status":"closed","ping_status":"closed","template":"","meta":{"_acf_changed":false,"_trash_the_other_posts":false,"editor_notices":["a:0:{}"],"footnotes":""},"class_list":["post-2579","page","type-page","status-publish","hentry"],"acf":[],"yoast_head":"<!-- This site is optimized with the Yoast SEO plugin v26.6 - https:\/\/yoast.com\/wordpress\/plugins\/seo\/ -->\n<title>Ledning och tillsyn - L\u00e4karens akutpost Maastricht<\/title>\n<meta name=\"robots\" content=\"index, follow, max-snippet:-1, max-image-preview:large, max-video-preview:-1\" \/>\n<link rel=\"canonical\" href=\"https:\/\/hapmaastricht.nl\/sv\/organisationsschema\/\" \/>\n<meta property=\"og:locale\" content=\"sv_SE\" \/>\n<meta property=\"og:type\" content=\"article\" \/>\n<meta property=\"og:title\" content=\"Ledning och tillsyn - L\u00e4karens akutpost Maastricht\" \/>\n<meta property=\"og:description\" content=\"F\u00f6rklaring: Direkt\u00f6ren och direkt\u00f6ren \u00e4r anst\u00e4lld av HMH-stiftelsen. F\u00f6r \u00f6vrig personal har stiftelsen ett uppdragsavtal med MUMC+. Allm\u00e4nl\u00e4kare fr\u00e5n Maastricht och Heuvelland-regionen \u00e4r anslutna till HMH-stiftelsen p\u00e5 grundval av ett anslutningsavtal. F\u00f6r att transportera l\u00e4karen i tj\u00e4nst anv\u00e4nder stiftelsen f\u00f6rare fr\u00e5n ett medicinskt transportf\u00f6retag specialiserat p\u00e5 det medicinska omr\u00e5det.\" \/>\n<meta property=\"og:url\" content=\"https:\/\/hapmaastricht.nl\/sv\/organisationsschema\/\" \/>\n<meta property=\"og:site_name\" content=\"L\u00e4karens akutpost Maastricht\" \/>\n<meta property=\"article:modified_time\" content=\"2025-07-10T07:53:58+00:00\" \/>\n<meta property=\"og:image\" content=\"https:\/\/hapmaastricht.nl\/content\/uploads\/2023\/08\/HAP-organogram-2023.jpg\" \/>\n<meta name=\"twitter:card\" content=\"summary_large_image\" \/>\n<meta name=\"twitter:label1\" content=\"Ber\u00e4knad l\u00e4stid\" \/>\n\t<meta name=\"twitter:data1\" content=\"1 minut\" \/>\n<script type=\"application\/ld+json\" class=\"yoast-schema-graph\">{\"@context\":\"https:\/\/schema.org\",\"@graph\":[{\"@type\":\"WebPage\",\"@id\":\"https:\/\/hapmaastricht.nl\/sv\/organisationsschema\/\",\"url\":\"https:\/\/hapmaastricht.nl\/sv\/organisationsschema\/\",\"name\":\"Ledning och tillsyn - L\u00e4karens akutpost Maastricht\",\"isPartOf\":{\"@id\":\"https:\/\/hapmaastricht.nl\/sv\/#website\"},\"primaryImageOfPage\":{\"@id\":\"https:\/\/hapmaastricht.nl\/sv\/organisationsschema\/#primaryimage\"},\"image\":{\"@id\":\"https:\/\/hapmaastricht.nl\/sv\/organisationsschema\/#primaryimage\"},\"thumbnailUrl\":\"https:\/\/hapmaastricht.nl\/content\/uploads\/2023\/08\/HAP-organogram-2023.jpg\",\"datePublished\":\"2023-05-31T15:08:15+00:00\",\"dateModified\":\"2025-07-10T07:53:58+00:00\",\"breadcrumb\":{\"@id\":\"https:\/\/hapmaastricht.nl\/sv\/organisationsschema\/#breadcrumb\"},\"inLanguage\":\"sv-SE\",\"potentialAction\":[{\"@type\":\"ReadAction\",\"target\":[\"https:\/\/hapmaastricht.nl\/sv\/organisationsschema\/\"]}]},{\"@type\":\"ImageObject\",\"inLanguage\":\"sv-SE\",\"@id\":\"https:\/\/hapmaastricht.nl\/sv\/organisationsschema\/#primaryimage\",\"url\":\"https:\/\/hapmaastricht.nl\/content\/uploads\/2023\/08\/HAP-organogram-2023.jpg\",\"contentUrl\":\"https:\/\/hapmaastricht.nl\/content\/uploads\/2023\/08\/HAP-organogram-2023.jpg\"},{\"@type\":\"BreadcrumbList\",\"@id\":\"https:\/\/hapmaastricht.nl\/sv\/organisationsschema\/#breadcrumb\",\"itemListElement\":[{\"@type\":\"ListItem\",\"position\":1,\"name\":\"Home\",\"item\":\"https:\/\/hapmaastricht.nl\/sv\/\"},{\"@type\":\"ListItem\",\"position\":2,\"name\":\"Organisationsschema\"}]},{\"@type\":\"WebSite\",\"@id\":\"https:\/\/hapmaastricht.nl\/sv\/#website\",\"url\":\"https:\/\/hapmaastricht.nl\/sv\/\",\"name\":\"L\u00e4karens akutpost Maastricht\",\"description\":\"\",\"potentialAction\":[{\"@type\":\"SearchAction\",\"target\":{\"@type\":\"EntryPoint\",\"urlTemplate\":\"https:\/\/hapmaastricht.nl\/sv\/?s={search_term_string}\"},\"query-input\":{\"@type\":\"PropertyValueSpecification\",\"valueRequired\":true,\"valueName\":\"search_term_string\"}}],\"inLanguage\":\"sv-SE\"}]}<\/script>\n<!-- \/ Yoast SEO plugin. -->","yoast_head_json":{"title":"Ledning och tillsyn - L\u00e4karens akutpost Maastricht","robots":{"index":"index","follow":"follow","max-snippet":"max-snippet:-1","max-image-preview":"max-image-preview:large","max-video-preview":"max-video-preview:-1"},"canonical":"https:\/\/hapmaastricht.nl\/sv\/organisationsschema\/","og_locale":"sv_SE","og_type":"article","og_title":"Ledning och tillsyn - L\u00e4karens akutpost Maastricht","og_description":"F\u00f6rklaring: Direkt\u00f6ren och direkt\u00f6ren \u00e4r anst\u00e4lld av HMH-stiftelsen. F\u00f6r \u00f6vrig personal har stiftelsen ett uppdragsavtal med MUMC+. Allm\u00e4nl\u00e4kare fr\u00e5n Maastricht och Heuvelland-regionen \u00e4r anslutna till HMH-stiftelsen p\u00e5 grundval av ett anslutningsavtal. F\u00f6r att transportera l\u00e4karen i tj\u00e4nst anv\u00e4nder stiftelsen f\u00f6rare fr\u00e5n ett medicinskt transportf\u00f6retag specialiserat p\u00e5 det medicinska omr\u00e5det.","og_url":"https:\/\/hapmaastricht.nl\/sv\/organisationsschema\/","og_site_name":"L\u00e4karens akutpost Maastricht","article_modified_time":"2025-07-10T07:53:58+00:00","og_image":[{"url":"https:\/\/hapmaastricht.nl\/content\/uploads\/2023\/08\/HAP-organogram-2023.jpg","type":"","width":"","height":""}],"twitter_card":"summary_large_image","twitter_misc":{"Ber\u00e4knad l\u00e4stid":"1 minut"},"schema":{"@context":"https:\/\/schema.org","@graph":[{"@type":"WebPage","@id":"https:\/\/hapmaastricht.nl\/sv\/organisationsschema\/","url":"https:\/\/hapmaastricht.nl\/sv\/organisationsschema\/","name":"Ledning och tillsyn - L\u00e4karens akutpost Maastricht","isPartOf":{"@id":"https:\/\/hapmaastricht.nl\/sv\/#website"},"primaryImageOfPage":{"@id":"https:\/\/hapmaastricht.nl\/sv\/organisationsschema\/#primaryimage"},"image":{"@id":"https:\/\/hapmaastricht.nl\/sv\/organisationsschema\/#primaryimage"},"thumbnailUrl":"https:\/\/hapmaastricht.nl\/content\/uploads\/2023\/08\/HAP-organogram-2023.jpg","datePublished":"2023-05-31T15:08:15+00:00","dateModified":"2025-07-10T07:53:58+00:00","breadcrumb":{"@id":"https:\/\/hapmaastricht.nl\/sv\/organisationsschema\/#breadcrumb"},"inLanguage":"sv-SE","potentialAction":[{"@type":"ReadAction","target":["https:\/\/hapmaastricht.nl\/sv\/organisationsschema\/"]}]},{"@type":"ImageObject","inLanguage":"sv-SE","@id":"https:\/\/hapmaastricht.nl\/sv\/organisationsschema\/#primaryimage","url":"https:\/\/hapmaastricht.nl\/content\/uploads\/2023\/08\/HAP-organogram-2023.jpg","contentUrl":"https:\/\/hapmaastricht.nl\/content\/uploads\/2023\/08\/HAP-organogram-2023.jpg"},{"@type":"BreadcrumbList","@id":"https:\/\/hapmaastricht.nl\/sv\/organisationsschema\/#breadcrumb","itemListElement":[{"@type":"ListItem","position":1,"name":"Home","item":"https:\/\/hapmaastricht.nl\/sv\/"},{"@type":"ListItem","position":2,"name":"Organisationsschema"}]},{"@type":"WebSite","@id":"https:\/\/hapmaastricht.nl\/sv\/#website","url":"https:\/\/hapmaastricht.nl\/sv\/","name":"L\u00e4karens akutpost Maastricht","description":"","potentialAction":[{"@type":"SearchAction","target":{"@type":"EntryPoint","urlTemplate":"https:\/\/hapmaastricht.nl\/sv\/?s={search_term_string}"},"query-input":{"@type":"PropertyValueSpecification","valueRequired":true,"valueName":"search_term_string"}}],"inLanguage":"sv-SE"}]}},"_links":{"self":[{"href":"https:\/\/hapmaastricht.nl\/sv\/wp-json\/wp\/v2\/pages\/2579","targetHints":{"allow":["GET"]}}],"collection":[{"href":"https:\/\/hapmaastricht.nl\/sv\/wp-json\/wp\/v2\/pages"}],"about":[{"href":"https:\/\/hapmaastricht.nl\/sv\/wp-json\/wp\/v2\/types\/page"}],"author":[{"embeddable":true,"href":"https:\/\/hapmaastricht.nl\/sv\/wp-json\/wp\/v2\/users\/3"}],"replies":[{"embeddable":true,"href":"https:\/\/hapmaastricht.nl\/sv\/wp-json\/wp\/v2\/comments?post=2579"}],"version-history":[{"count":14,"href":"https:\/\/hapmaastricht.nl\/sv\/wp-json\/wp\/v2\/pages\/2579\/revisions"}],"predecessor-version":[{"id":9190,"href":"https:\/\/hapmaastricht.nl\/sv\/wp-json\/wp\/v2\/pages\/2579\/revisions\/9190"}],"wp:attachment":[{"href":"https:\/\/hapmaastricht.nl\/sv\/wp-json\/wp\/v2\/media?parent=2579"}],"curies":[{"name":"wp","href":"https:\/\/api.w.org\/{rel}","templated":true}]}}