{"id":3528,"date":"2023-06-03T14:42:07","date_gmt":"2023-06-03T12:42:07","guid":{"rendered":"https:\/\/multisite.mindd.dev\/hap-maastricht\/?page_id=3528"},"modified":"2025-07-10T09:53:53","modified_gmt":"2025-07-10T07:53:53","slug":"att-bry-sig-tillsammans-ligger-i-vart-dna","status":"publish","type":"page","link":"https:\/\/hapmaastricht.nl\/sv\/att-bry-sig-tillsammans-ligger-i-vart-dna\/","title":{"rendered":"Att bry sig tillsammans ligger i v\u00e5rt DNA"},"content":{"rendered":"\n\n\n<p>De <a href=\"\/wp-content\/uploads\/sites\/30\/2023\/06\/QUOTES-JAARVERSLAG-2016-def.pdf\" target=\"_blank\" rel=\"noreferrer noopener\">tolv uttalanden<\/a> som prytde en av v\u00e5ra \u00e5rsredovisningar f\u00f6r n\u00e5gra \u00e5r sedan \u00e4r fortfarande aktuella och ligger i linje med det s\u00e4tt p\u00e5 vilket HMH Foundation formar sin vision. Som en metafor f\u00f6r v\u00e5r politik anv\u00e4nder vi DNA-strukturen med sloganen: &#8221;Att bry sig tillsammans ligger i v\u00e5rt DNA&#8221;. HMH Foundation vill visa att den inneboende motivationen hos m\u00e4nniskor som (v\u00e5rd)proffs med sin entusiasm och passion \u00e4r n\u00f6dv\u00e4ndig f\u00f6r att optimera v\u00e5rden. Det \u00e4r dessa m\u00e4nniskor som ser till att patienterna i v\u00e5r region f\u00e5r b\u00e4sta m\u00f6jliga v\u00e5rd varje dag.<\/p>\n\n\n\n<figure class=\"wp-block-image size-large\"><img decoding=\"async\" width=\"442\" height=\"1024\" src=\"https:\/\/hapmaastricht.nl\/content\/uploads\/2023\/06\/digitale-poster-442x1024.jpg\" alt=\"\" class=\"wp-image-3705\" srcset=\"https:\/\/hapmaastricht.nl\/sv\/wp-content\/uploads\/sites\/60\/2023\/06\/digitale-poster-442x1024.jpg 442w, https:\/\/hapmaastricht.nl\/sv\/wp-content\/uploads\/sites\/60\/2023\/06\/digitale-poster-130x300.jpg 130w, https:\/\/hapmaastricht.nl\/sv\/wp-content\/uploads\/sites\/60\/2023\/06\/digitale-poster-768x1779.jpg 768w, https:\/\/hapmaastricht.nl\/sv\/wp-content\/uploads\/sites\/60\/2023\/06\/digitale-poster-663x1536.jpg 663w, https:\/\/hapmaastricht.nl\/sv\/wp-content\/uploads\/sites\/60\/2023\/06\/digitale-poster-884x2048.jpg 884w, https:\/\/hapmaastricht.nl\/sv\/wp-content\/uploads\/sites\/60\/2023\/06\/digitale-poster-scaled.jpg 1105w\" sizes=\"(max-width: 442px) 100vw, 442px\" \/><\/figure>\n","protected":false},"excerpt":{"rendered":"<p>De tolv uttalanden som prydde en av v\u00e5ra \u00e5rsredovisningar f\u00f6r n\u00e5gra \u00e5r sedan g\u00e4ller fortfarande och ligger i linje med hur HMH-stiftelsen formar sin vision. Som en metafor f\u00f6r v\u00e5r politik anv\u00e4nder vi DNA-strukturen med parollen: \u201dAtt ta hand tillsammans \u00e4r i v\u00e5rt DNA\u201d. HMH-stiftelsen vill d\u00e4rf\u00f6r visa att f\u00f6r att optimera v\u00e5rden \u00e4r m\u00e4nniskors inneboende motivation som (v\u00e5rd) professionell med sin entusiasm och passion n\u00f6dv\u00e4ndig. Det \u00e4r dessa m\u00e4nniskor som dag ut och dag ser till att b\u00e4sta m\u00f6jliga v\u00e5rd f\u00f6r patienter i v\u00e5r region [&#8230;]<\/p>\n","protected":false},"author":3,"featured_media":0,"parent":0,"menu_order":128,"comment_status":"closed","ping_status":"closed","template":"","meta":{"_acf_changed":false,"_trash_the_other_posts":false,"editor_notices":[],"footnotes":""},"class_list":["post-3528","page","type-page","status-publish","hentry"],"acf":[],"yoast_head":"<!-- This site is optimized with the Yoast SEO plugin v26.6 - https:\/\/yoast.com\/wordpress\/plugins\/seo\/ -->\n<title>Att bry sig tillsammans ligger i v\u00e5rt DNA - L\u00e4karens akutpost Maastricht<\/title>\n<meta name=\"robots\" content=\"index, follow, max-snippet:-1, max-image-preview:large, max-video-preview:-1\" \/>\n<link rel=\"canonical\" href=\"https:\/\/hapmaastricht.nl\/sv\/att-bry-sig-tillsammans-finns-i-vart-dna\/\" \/>\n<meta property=\"og:locale\" content=\"sv_SE\" \/>\n<meta property=\"og:type\" content=\"article\" \/>\n<meta property=\"og:title\" content=\"Att bry sig tillsammans ligger i v\u00e5rt DNA - L\u00e4karens akutpost Maastricht\" \/>\n<meta property=\"og:description\" content=\"De tolv uttalanden som prydde en av v\u00e5ra \u00e5rsredovisningar f\u00f6r n\u00e5gra \u00e5r sedan g\u00e4ller fortfarande och ligger i linje med hur HMH-stiftelsen formar sin vision. Som en metafor f\u00f6r v\u00e5r politik anv\u00e4nder vi DNA-strukturen med parollen: \u201dAtt ta hand tillsammans \u00e4r i v\u00e5rt DNA\u201d. HMH-stiftelsen vill d\u00e4rf\u00f6r visa att f\u00f6r att optimera v\u00e5rden \u00e4r m\u00e4nniskors inneboende motivation som (v\u00e5rd) professionell med sin entusiasm och passion n\u00f6dv\u00e4ndig. Det \u00e4r dessa m\u00e4nniskor som dag ut och dag ser till att b\u00e4sta m\u00f6jliga v\u00e5rd f\u00f6r patienter i v\u00e5r region [...]\" \/>\n<meta property=\"og:url\" content=\"https:\/\/hapmaastricht.nl\/sv\/att-bry-sig-tillsammans-finns-i-vart-dna\/\" \/>\n<meta property=\"og:site_name\" content=\"L\u00e4karens akutpost Maastricht\" \/>\n<meta property=\"article:modified_time\" content=\"2025-07-10T07:53:53+00:00\" \/>\n<meta property=\"og:image\" content=\"https:\/\/hapmaastricht.nl\/content\/uploads\/2023\/06\/digitale-poster-442x1024.jpg\" \/>\n<meta name=\"twitter:card\" content=\"summary_large_image\" \/>\n<meta name=\"twitter:label1\" content=\"Ber\u00e4knad l\u00e4stid\" \/>\n\t<meta name=\"twitter:data1\" content=\"1 minut\" \/>\n<script type=\"application\/ld+json\" class=\"yoast-schema-graph\">{\"@context\":\"https:\/\/schema.org\",\"@graph\":[{\"@type\":\"WebPage\",\"@id\":\"https:\/\/hapmaastricht.nl\/sv\/att-bry-sig-tillsammans-finns-i-vart-dna\/\",\"url\":\"https:\/\/hapmaastricht.nl\/sv\/att-bry-sig-tillsammans-finns-i-vart-dna\/\",\"name\":\"Att bry sig tillsammans ligger i v\u00e5rt DNA - L\u00e4karens akutpost Maastricht\",\"isPartOf\":{\"@id\":\"https:\/\/hapmaastricht.nl\/sv\/#website\"},\"primaryImageOfPage\":{\"@id\":\"https:\/\/hapmaastricht.nl\/sv\/att-bry-sig-tillsammans-finns-i-vart-dna\/#primaryimage\"},\"image\":{\"@id\":\"https:\/\/hapmaastricht.nl\/sv\/att-bry-sig-tillsammans-finns-i-vart-dna\/#primaryimage\"},\"thumbnailUrl\":\"https:\/\/hapmaastricht.nl\/content\/uploads\/2023\/06\/digitale-poster-442x1024.jpg\",\"datePublished\":\"2023-06-03T12:42:07+00:00\",\"dateModified\":\"2025-07-10T07:53:53+00:00\",\"breadcrumb\":{\"@id\":\"https:\/\/hapmaastricht.nl\/sv\/att-bry-sig-tillsammans-finns-i-vart-dna\/#breadcrumb\"},\"inLanguage\":\"sv-SE\",\"potentialAction\":[{\"@type\":\"ReadAction\",\"target\":[\"https:\/\/hapmaastricht.nl\/sv\/att-bry-sig-tillsammans-finns-i-vart-dna\/\"]}]},{\"@type\":\"ImageObject\",\"inLanguage\":\"sv-SE\",\"@id\":\"https:\/\/hapmaastricht.nl\/sv\/att-bry-sig-tillsammans-finns-i-vart-dna\/#primaryimage\",\"url\":\"https:\/\/hapmaastricht.nl\/content\/uploads\/2023\/06\/digitale-poster-442x1024.jpg\",\"contentUrl\":\"https:\/\/hapmaastricht.nl\/content\/uploads\/2023\/06\/digitale-poster-442x1024.jpg\"},{\"@type\":\"BreadcrumbList\",\"@id\":\"https:\/\/hapmaastricht.nl\/sv\/att-bry-sig-tillsammans-finns-i-vart-dna\/#breadcrumb\",\"itemListElement\":[{\"@type\":\"ListItem\",\"position\":1,\"name\":\"Home\",\"item\":\"https:\/\/hapmaastricht.nl\/sv\/\"},{\"@type\":\"ListItem\",\"position\":2,\"name\":\"Att bry sig tillsammans finns i v\u00e5rt DNA\"}]},{\"@type\":\"WebSite\",\"@id\":\"https:\/\/hapmaastricht.nl\/sv\/#website\",\"url\":\"https:\/\/hapmaastricht.nl\/sv\/\",\"name\":\"L\u00e4karens akutpost Maastricht\",\"description\":\"\",\"potentialAction\":[{\"@type\":\"SearchAction\",\"target\":{\"@type\":\"EntryPoint\",\"urlTemplate\":\"https:\/\/hapmaastricht.nl\/sv\/?s={search_term_string}\"},\"query-input\":{\"@type\":\"PropertyValueSpecification\",\"valueRequired\":true,\"valueName\":\"search_term_string\"}}],\"inLanguage\":\"sv-SE\"}]}<\/script>\n<!-- \/ Yoast SEO plugin. -->","yoast_head_json":{"title":"Att bry sig tillsammans ligger i v\u00e5rt DNA - L\u00e4karens akutpost Maastricht","robots":{"index":"index","follow":"follow","max-snippet":"max-snippet:-1","max-image-preview":"max-image-preview:large","max-video-preview":"max-video-preview:-1"},"canonical":"https:\/\/hapmaastricht.nl\/sv\/att-bry-sig-tillsammans-finns-i-vart-dna\/","og_locale":"sv_SE","og_type":"article","og_title":"Att bry sig tillsammans ligger i v\u00e5rt DNA - L\u00e4karens akutpost Maastricht","og_description":"De tolv uttalanden som prydde en av v\u00e5ra \u00e5rsredovisningar f\u00f6r n\u00e5gra \u00e5r sedan g\u00e4ller fortfarande och ligger i linje med hur HMH-stiftelsen formar sin vision. Som en metafor f\u00f6r v\u00e5r politik anv\u00e4nder vi DNA-strukturen med parollen: \u201dAtt ta hand tillsammans \u00e4r i v\u00e5rt DNA\u201d. HMH-stiftelsen vill d\u00e4rf\u00f6r visa att f\u00f6r att optimera v\u00e5rden \u00e4r m\u00e4nniskors inneboende motivation som (v\u00e5rd) professionell med sin entusiasm och passion n\u00f6dv\u00e4ndig. Det \u00e4r dessa m\u00e4nniskor som dag ut och dag ser till att b\u00e4sta m\u00f6jliga v\u00e5rd f\u00f6r patienter i v\u00e5r region [...]","og_url":"https:\/\/hapmaastricht.nl\/sv\/att-bry-sig-tillsammans-finns-i-vart-dna\/","og_site_name":"L\u00e4karens akutpost Maastricht","article_modified_time":"2025-07-10T07:53:53+00:00","og_image":[{"url":"https:\/\/hapmaastricht.nl\/content\/uploads\/2023\/06\/digitale-poster-442x1024.jpg","type":"","width":"","height":""}],"twitter_card":"summary_large_image","twitter_misc":{"Ber\u00e4knad l\u00e4stid":"1 minut"},"schema":{"@context":"https:\/\/schema.org","@graph":[{"@type":"WebPage","@id":"https:\/\/hapmaastricht.nl\/sv\/att-bry-sig-tillsammans-finns-i-vart-dna\/","url":"https:\/\/hapmaastricht.nl\/sv\/att-bry-sig-tillsammans-finns-i-vart-dna\/","name":"Att bry sig tillsammans ligger i v\u00e5rt DNA - L\u00e4karens akutpost Maastricht","isPartOf":{"@id":"https:\/\/hapmaastricht.nl\/sv\/#website"},"primaryImageOfPage":{"@id":"https:\/\/hapmaastricht.nl\/sv\/att-bry-sig-tillsammans-finns-i-vart-dna\/#primaryimage"},"image":{"@id":"https:\/\/hapmaastricht.nl\/sv\/att-bry-sig-tillsammans-finns-i-vart-dna\/#primaryimage"},"thumbnailUrl":"https:\/\/hapmaastricht.nl\/content\/uploads\/2023\/06\/digitale-poster-442x1024.jpg","datePublished":"2023-06-03T12:42:07+00:00","dateModified":"2025-07-10T07:53:53+00:00","breadcrumb":{"@id":"https:\/\/hapmaastricht.nl\/sv\/att-bry-sig-tillsammans-finns-i-vart-dna\/#breadcrumb"},"inLanguage":"sv-SE","potentialAction":[{"@type":"ReadAction","target":["https:\/\/hapmaastricht.nl\/sv\/att-bry-sig-tillsammans-finns-i-vart-dna\/"]}]},{"@type":"ImageObject","inLanguage":"sv-SE","@id":"https:\/\/hapmaastricht.nl\/sv\/att-bry-sig-tillsammans-finns-i-vart-dna\/#primaryimage","url":"https:\/\/hapmaastricht.nl\/content\/uploads\/2023\/06\/digitale-poster-442x1024.jpg","contentUrl":"https:\/\/hapmaastricht.nl\/content\/uploads\/2023\/06\/digitale-poster-442x1024.jpg"},{"@type":"BreadcrumbList","@id":"https:\/\/hapmaastricht.nl\/sv\/att-bry-sig-tillsammans-finns-i-vart-dna\/#breadcrumb","itemListElement":[{"@type":"ListItem","position":1,"name":"Home","item":"https:\/\/hapmaastricht.nl\/sv\/"},{"@type":"ListItem","position":2,"name":"Att bry sig tillsammans finns i v\u00e5rt DNA"}]},{"@type":"WebSite","@id":"https:\/\/hapmaastricht.nl\/sv\/#website","url":"https:\/\/hapmaastricht.nl\/sv\/","name":"L\u00e4karens akutpost Maastricht","description":"","potentialAction":[{"@type":"SearchAction","target":{"@type":"EntryPoint","urlTemplate":"https:\/\/hapmaastricht.nl\/sv\/?s={search_term_string}"},"query-input":{"@type":"PropertyValueSpecification","valueRequired":true,"valueName":"search_term_string"}}],"inLanguage":"sv-SE"}]}},"_links":{"self":[{"href":"https:\/\/hapmaastricht.nl\/sv\/wp-json\/wp\/v2\/pages\/3528","targetHints":{"allow":["GET"]}}],"collection":[{"href":"https:\/\/hapmaastricht.nl\/sv\/wp-json\/wp\/v2\/pages"}],"about":[{"href":"https:\/\/hapmaastricht.nl\/sv\/wp-json\/wp\/v2\/types\/page"}],"author":[{"embeddable":true,"href":"https:\/\/hapmaastricht.nl\/sv\/wp-json\/wp\/v2\/users\/3"}],"replies":[{"embeddable":true,"href":"https:\/\/hapmaastricht.nl\/sv\/wp-json\/wp\/v2\/comments?post=3528"}],"version-history":[{"count":1,"href":"https:\/\/hapmaastricht.nl\/sv\/wp-json\/wp\/v2\/pages\/3528\/revisions"}],"predecessor-version":[{"id":9188,"href":"https:\/\/hapmaastricht.nl\/sv\/wp-json\/wp\/v2\/pages\/3528\/revisions\/9188"}],"wp:attachment":[{"href":"https:\/\/hapmaastricht.nl\/sv\/wp-json\/wp\/v2\/media?parent=3528"}],"curies":[{"name":"wp","href":"https:\/\/api.w.org\/{rel}","templated":true}]}}