{"id":7026,"date":"2023-05-19T09:34:08","date_gmt":"2023-05-19T07:34:08","guid":{"rendered":"https:\/\/multisite.mindd.dev\/hap-maastricht\/studenten-en-expats\/"},"modified":"2025-07-10T09:55:49","modified_gmt":"2025-07-10T07:55:49","slug":"studenter-och-utlandsboende","status":"publish","type":"page","link":"https:\/\/hapmaastricht.nl\/sv\/studenter-och-utlandsboende\/","title":{"rendered":"Student eller expat i Maastricht med omnejd?"},"content":{"rendered":"\n\n\n<h2 class=\"wp-block-heading\"><strong>Hitta en l\u00e4kare n\u00e4ra dig<\/strong><\/h2>\n\n\n\n<p>Om du kommer f\u00f6r att bo\/studera i Maastricht eller det omgivande omr\u00e5det, registrera dig hos en l\u00e4kare i ditt omr\u00e5de. Allm\u00e4nl\u00e4karen har alla dina medicinska uppgifter.  Detta \u00e4r mycket viktigt n\u00e4r du bed\u00f6mer din beg\u00e4ran om hj\u00e4lp n\u00e4r du kontaktar v\u00e5r akutsjukv\u00e5rd. Allm\u00e4nl\u00e4karnas akutstationer i Maastricht och Heuvelland \u00e4r endast tillg\u00e4ngliga f\u00f6r n\u00f6dsituationer utanf\u00f6r allm\u00e4nl\u00e4karens \u00f6ppettider.<\/p>\n\n\n\n<p>S\u00f6k p\u00e5 <a href=\"\/praktijken\">den h\u00e4r sidan<\/a> efter en l\u00e4kare i ditt omr\u00e5de.<\/p>\n\n\n\n<h2 class=\"wp-block-heading\"><strong>Hur fungerar sjukv\u00e5rden i Nederl\u00e4nderna?<\/strong><\/h2>\n\n\n\n<p>Allm\u00e4nl\u00e4karen \u00e4r en del av prim\u00e4rv\u00e5rden, och d\u00e4rf\u00f6r m\u00e5ste du registrera dig hos en allm\u00e4nl\u00e4kare i ditt omr\u00e5de. F\u00f6r alla dina h\u00e4lsoproblem, b\u00e5de fysiska och psykologiska, g\u00e5r du f\u00f6rst till doktorn. Han\/hon kan behandla de flesta h\u00e4lsoproblem. Vid behov kommer allm\u00e4nl\u00e4karen att h\u00e4nvisa dig till en specialist p\u00e5 sjukhuset. I Nederl\u00e4nderna \u00e4r det inte till\u00e5tet att \u00e5ka direkt till sjukhuset (om det inte \u00e4r akut). Om du beh\u00f6ver behandling av en specialist b\u00f6r du f\u00f6rst r\u00e5dg\u00f6ra med en allm\u00e4nl\u00e4kare som ger dig en remiss. Gl\u00f6m inte att g\u00f6ra en kopia av remissbrevet till ditt sjukf\u00f6rs\u00e4kringsbolag. Allm\u00e4nl\u00e4karen ordinerar inte alltid l\u00e4kemedel automatiskt. I vissa fall g\u00f6r allm\u00e4nl\u00e4karen ett hembes\u00f6k, men dessa konsultationer \u00e4r dyrare.<\/p>\n\n\n\n<p><\/p>\n\n\n\n<figure class=\"wp-block-embed is-type-video is-provider-youtube wp-block-embed-youtube wp-embed-aspect-16-9 wp-has-aspect-ratio\"><div class=\"wp-block-embed__wrapper\">https:\/\/www.youtube.com\/watch?v=Lz_mEKb3_as<\/div><\/figure>\n\n\n\n<p><\/p>\n\n\n\n<h2 class=\"wp-block-heading\">Om du beh\u00f6ver akut medicinsk hj\u00e4lp efter kontorstid fr\u00e5n din egen husl\u00e4kare<\/h2>\n\n\n\n<p>Allm\u00e4nl\u00e4kare i Maastricht med omnejd delar upp uppgifterna efter arbetstid. Om du akut beh\u00f6ver hj\u00e4lp av en allm\u00e4nl\u00e4kare p\u00e5 natten, p\u00e5 helgerna eller p\u00e5 helgdagar kan du kontakta allm\u00e4nl\u00e4karens akutstation Maastricht &amp; Heuvelland. F\u00f6r att se till att ditt klagom\u00e5l verkligen \u00e4r br\u00e5dskande, kontrollera f\u00f6rst <a href=\"\/\">sj\u00e4lvtriageverktyget<\/a>.<\/p>\n\n\n\n<p>Om du uppmanas att kontakta oss, ring +31 43 7500 123 och ha dina personuppgifter redo medan du ringer. L\u00e4karassistenten kommer att be om f\u00f6ljande information:<\/p>\n\n\n\n<ul class=\"wp-block-list\">\n<li>ditt namn, adress, f\u00f6delsedatum och ett telefonnummer d\u00e4r du kan kontaktas,<\/li>\n\n\n\n<li>information om din sjukf\u00f6rs\u00e4kring,<\/li>\n\n\n\n<li>Personlig identifiering.<\/li>\n\n\n\n<li>Namnen p\u00e5 alla mediciner du anv\u00e4nder.<\/li>\n<\/ul>\n\n\n\n<h3 class=\"wp-block-heading h2\">Ta med till ett m\u00f6te p\u00e5 GP Emergency Post:<\/h3>\n\n\n\n<ul class=\"wp-block-list\">\n<li>Personlig identifiering.<\/li>\n\n\n\n<li>uppgifter om din sjukf\u00f6rs\u00e4kring,<\/li>\n\n\n\n<li>Betalning (kontant, kredit- eller betalkort). Om du betalar kontant f\u00e5r du ett kvitto.<\/li>\n<\/ul>\n\n\n\n<h2 class=\"wp-block-heading\"><strong>Sjukf\u00f6rs\u00e4kring<\/strong><\/h2>\n\n\n\n<p>Gl\u00f6m inte att ta med dig dina f\u00f6rs\u00e4kringspapper n\u00e4r du bes\u00f6ker v\u00e5r akutmottagning. Om du inte har en nederl\u00e4ndsk sjukf\u00f6rs\u00e4kring m\u00e5ste du betala kontant vid disken. Om du betalar kontant f\u00e5r du ett kvitto. Du kan f\u00e5 ers\u00e4ttning f\u00f6r dessa kostnader fr\u00e5n din egen sjukf\u00f6rs\u00e4kring.<\/p>\n","protected":false},"excerpt":{"rendered":"<p>Hitta en l\u00e4kare n\u00e4ra dig Om du kommer att boa\/studera i Maastricht eller det omgivande omr\u00e5det, anm\u00e4l dig till en l\u00e4kare n\u00e4ra dig. L\u00e4karen har all din medicinska information. Detta \u00e4r mycket viktigt f\u00f6r att bed\u00f6ma din beg\u00e4ran om hj\u00e4lp n\u00e4r du kontaktar v\u00e5r medicinska assistansservice. Maastricht och Heuvelland General Practitioners Emergency Post \u00e4r endast tillg\u00e4nglig f\u00f6r n\u00f6dsituationer utanf\u00f6r l\u00e4karens \u00f6ppettider. Hitta en l\u00e4kare n\u00e4ra dig p\u00e5 den h\u00e4r sidan. Hur fungerar sjukv\u00e5rden i Nederl\u00e4nderna? L\u00e4karen \u00e4r en prim\u00e4rv\u00e5rdsleverant\u00f6r, varf\u00f6r du m\u00e5ste registrera dig hos en [&#8230;]<\/p>\n","protected":false},"author":3,"featured_media":0,"parent":0,"menu_order":145,"comment_status":"closed","ping_status":"closed","template":"","meta":{"_acf_changed":false,"_trash_the_other_posts":false,"editor_notices":[],"footnotes":""},"class_list":["post-7026","page","type-page","status-publish","hentry"],"acf":[],"yoast_head":"<!-- This site is optimized with the Yoast SEO plugin v26.6 - https:\/\/yoast.com\/wordpress\/plugins\/seo\/ -->\n<title>Student eller expat i Maastricht med omnejd? - L\u00e4karens akutpost Maastricht<\/title>\n<meta name=\"robots\" content=\"index, follow, max-snippet:-1, max-image-preview:large, max-video-preview:-1\" \/>\n<link rel=\"canonical\" href=\"https:\/\/hapmaastricht.nl\/sv\/studenter-och-expats\/\" \/>\n<meta property=\"og:locale\" content=\"sv_SE\" \/>\n<meta property=\"og:type\" content=\"article\" \/>\n<meta property=\"og:title\" content=\"Student eller expat i Maastricht med omnejd? - L\u00e4karens akutpost Maastricht\" \/>\n<meta property=\"og:description\" content=\"Hitta en l\u00e4kare n\u00e4ra dig Om du kommer att boa\/studera i Maastricht eller det omgivande omr\u00e5det, anm\u00e4l dig till en l\u00e4kare n\u00e4ra dig. L\u00e4karen har all din medicinska information. Detta \u00e4r mycket viktigt f\u00f6r att bed\u00f6ma din beg\u00e4ran om hj\u00e4lp n\u00e4r du kontaktar v\u00e5r medicinska assistansservice. Maastricht och Heuvelland General Practitioners Emergency Post \u00e4r endast tillg\u00e4nglig f\u00f6r n\u00f6dsituationer utanf\u00f6r l\u00e4karens \u00f6ppettider. Hitta en l\u00e4kare n\u00e4ra dig p\u00e5 den h\u00e4r sidan. Hur fungerar sjukv\u00e5rden i Nederl\u00e4nderna? L\u00e4karen \u00e4r en prim\u00e4rv\u00e5rdsleverant\u00f6r, varf\u00f6r du m\u00e5ste registrera dig hos en [...]\" \/>\n<meta property=\"og:url\" content=\"https:\/\/hapmaastricht.nl\/sv\/studenter-och-expats\/\" \/>\n<meta property=\"og:site_name\" content=\"L\u00e4karens akutpost Maastricht\" \/>\n<meta property=\"article:modified_time\" content=\"2025-07-10T07:55:49+00:00\" \/>\n<meta name=\"twitter:card\" content=\"summary_large_image\" \/>\n<meta name=\"twitter:label1\" content=\"Ber\u00e4knad l\u00e4stid\" \/>\n\t<meta name=\"twitter:data1\" content=\"3 minuter\" \/>\n<script type=\"application\/ld+json\" class=\"yoast-schema-graph\">{\"@context\":\"https:\/\/schema.org\",\"@graph\":[{\"@type\":\"WebPage\",\"@id\":\"https:\/\/hapmaastricht.nl\/sv\/studenter-och-expats\/\",\"url\":\"https:\/\/hapmaastricht.nl\/sv\/studenter-och-expats\/\",\"name\":\"Student eller expat i Maastricht med omnejd? - L\u00e4karens akutpost Maastricht\",\"isPartOf\":{\"@id\":\"https:\/\/hapmaastricht.nl\/sv\/#website\"},\"datePublished\":\"2023-05-19T07:34:08+00:00\",\"dateModified\":\"2025-07-10T07:55:49+00:00\",\"breadcrumb\":{\"@id\":\"https:\/\/hapmaastricht.nl\/sv\/studenter-och-expats\/#breadcrumb\"},\"inLanguage\":\"sv-SE\",\"potentialAction\":[{\"@type\":\"ReadAction\",\"target\":[\"https:\/\/hapmaastricht.nl\/sv\/studenter-och-expats\/\"]}]},{\"@type\":\"BreadcrumbList\",\"@id\":\"https:\/\/hapmaastricht.nl\/sv\/studenter-och-expats\/#breadcrumb\",\"itemListElement\":[{\"@type\":\"ListItem\",\"position\":1,\"name\":\"Home\",\"item\":\"https:\/\/hapmaastricht.nl\/sv\/\"},{\"@type\":\"ListItem\",\"position\":2,\"name\":\"Student eller expat i Maastricht eller det omgivande omr\u00e5det?\"}]},{\"@type\":\"WebSite\",\"@id\":\"https:\/\/hapmaastricht.nl\/sv\/#website\",\"url\":\"https:\/\/hapmaastricht.nl\/sv\/\",\"name\":\"L\u00e4karens akutpost Maastricht\",\"description\":\"\",\"potentialAction\":[{\"@type\":\"SearchAction\",\"target\":{\"@type\":\"EntryPoint\",\"urlTemplate\":\"https:\/\/hapmaastricht.nl\/sv\/?s={search_term_string}\"},\"query-input\":{\"@type\":\"PropertyValueSpecification\",\"valueRequired\":true,\"valueName\":\"search_term_string\"}}],\"inLanguage\":\"sv-SE\"}]}<\/script>\n<!-- \/ Yoast SEO plugin. -->","yoast_head_json":{"title":"Student eller expat i Maastricht med omnejd? - L\u00e4karens akutpost Maastricht","robots":{"index":"index","follow":"follow","max-snippet":"max-snippet:-1","max-image-preview":"max-image-preview:large","max-video-preview":"max-video-preview:-1"},"canonical":"https:\/\/hapmaastricht.nl\/sv\/studenter-och-expats\/","og_locale":"sv_SE","og_type":"article","og_title":"Student eller expat i Maastricht med omnejd? - L\u00e4karens akutpost Maastricht","og_description":"Hitta en l\u00e4kare n\u00e4ra dig Om du kommer att boa\/studera i Maastricht eller det omgivande omr\u00e5det, anm\u00e4l dig till en l\u00e4kare n\u00e4ra dig. L\u00e4karen har all din medicinska information. Detta \u00e4r mycket viktigt f\u00f6r att bed\u00f6ma din beg\u00e4ran om hj\u00e4lp n\u00e4r du kontaktar v\u00e5r medicinska assistansservice. Maastricht och Heuvelland General Practitioners Emergency Post \u00e4r endast tillg\u00e4nglig f\u00f6r n\u00f6dsituationer utanf\u00f6r l\u00e4karens \u00f6ppettider. Hitta en l\u00e4kare n\u00e4ra dig p\u00e5 den h\u00e4r sidan. Hur fungerar sjukv\u00e5rden i Nederl\u00e4nderna? L\u00e4karen \u00e4r en prim\u00e4rv\u00e5rdsleverant\u00f6r, varf\u00f6r du m\u00e5ste registrera dig hos en [...]","og_url":"https:\/\/hapmaastricht.nl\/sv\/studenter-och-expats\/","og_site_name":"L\u00e4karens akutpost Maastricht","article_modified_time":"2025-07-10T07:55:49+00:00","twitter_card":"summary_large_image","twitter_misc":{"Ber\u00e4knad l\u00e4stid":"3 minuter"},"schema":{"@context":"https:\/\/schema.org","@graph":[{"@type":"WebPage","@id":"https:\/\/hapmaastricht.nl\/sv\/studenter-och-expats\/","url":"https:\/\/hapmaastricht.nl\/sv\/studenter-och-expats\/","name":"Student eller expat i Maastricht med omnejd? - L\u00e4karens akutpost Maastricht","isPartOf":{"@id":"https:\/\/hapmaastricht.nl\/sv\/#website"},"datePublished":"2023-05-19T07:34:08+00:00","dateModified":"2025-07-10T07:55:49+00:00","breadcrumb":{"@id":"https:\/\/hapmaastricht.nl\/sv\/studenter-och-expats\/#breadcrumb"},"inLanguage":"sv-SE","potentialAction":[{"@type":"ReadAction","target":["https:\/\/hapmaastricht.nl\/sv\/studenter-och-expats\/"]}]},{"@type":"BreadcrumbList","@id":"https:\/\/hapmaastricht.nl\/sv\/studenter-och-expats\/#breadcrumb","itemListElement":[{"@type":"ListItem","position":1,"name":"Home","item":"https:\/\/hapmaastricht.nl\/sv\/"},{"@type":"ListItem","position":2,"name":"Student eller expat i Maastricht eller det omgivande omr\u00e5det?"}]},{"@type":"WebSite","@id":"https:\/\/hapmaastricht.nl\/sv\/#website","url":"https:\/\/hapmaastricht.nl\/sv\/","name":"L\u00e4karens akutpost Maastricht","description":"","potentialAction":[{"@type":"SearchAction","target":{"@type":"EntryPoint","urlTemplate":"https:\/\/hapmaastricht.nl\/sv\/?s={search_term_string}"},"query-input":{"@type":"PropertyValueSpecification","valueRequired":true,"valueName":"search_term_string"}}],"inLanguage":"sv-SE"}]}},"_links":{"self":[{"href":"https:\/\/hapmaastricht.nl\/sv\/wp-json\/wp\/v2\/pages\/7026","targetHints":{"allow":["GET"]}}],"collection":[{"href":"https:\/\/hapmaastricht.nl\/sv\/wp-json\/wp\/v2\/pages"}],"about":[{"href":"https:\/\/hapmaastricht.nl\/sv\/wp-json\/wp\/v2\/types\/page"}],"author":[{"embeddable":true,"href":"https:\/\/hapmaastricht.nl\/sv\/wp-json\/wp\/v2\/users\/3"}],"replies":[{"embeddable":true,"href":"https:\/\/hapmaastricht.nl\/sv\/wp-json\/wp\/v2\/comments?post=7026"}],"version-history":[{"count":2,"href":"https:\/\/hapmaastricht.nl\/sv\/wp-json\/wp\/v2\/pages\/7026\/revisions"}],"predecessor-version":[{"id":9252,"href":"https:\/\/hapmaastricht.nl\/sv\/wp-json\/wp\/v2\/pages\/7026\/revisions\/9252"}],"wp:attachment":[{"href":"https:\/\/hapmaastricht.nl\/sv\/wp-json\/wp\/v2\/media?parent=7026"}],"curies":[{"name":"wp","href":"https:\/\/api.w.org\/{rel}","templated":true}]}}