{"id":8341,"date":"2023-11-16T16:41:42","date_gmt":"2023-11-16T15:41:42","guid":{"rendered":"https:\/\/multisite.mindd.dev\/hap-maastricht-sv-se\/visie-en-ambitie-2\/"},"modified":"2025-07-10T09:53:31","modified_gmt":"2025-07-10T07:53:31","slug":"organisation","status":"publish","type":"page","link":"https:\/\/hapmaastricht.nl\/sv\/organisation\/","title":{"rendered":"Vision och ambition"},"content":{"rendered":"\n\n\n<h2 class=\"wp-block-heading\">Vision<\/h2>\n\n\n\n<p>HMH-stiftelsen vill ge god v\u00e5rd till patienter i regionen och underl\u00e4ttar d\u00e4rf\u00f6r f\u00f6r allm\u00e4nl\u00e4kare p\u00e5 ett s\u00e5dant s\u00e4tt att h\u00f6gkvalitativ, effektiv och s\u00e4ker akutv\u00e5rd av allm\u00e4nl\u00e4kare tillhandah\u00e5lls av allm\u00e4nl\u00e4karjouren. En god ledning och tillsyn \u00e4r en viktig f\u00f6ruts\u00e4ttning f\u00f6r en god v\u00e5rd. Styrelsen och ledningen arbetar d\u00e4rf\u00f6r i enlighet med principerna i den nationellt fastst\u00e4llda koden f\u00f6r styrning av h\u00e4lso- och sjukv\u00e5rden. SHMH implementerar sin policy utifr\u00e5n den inneboende motivationen hos de professionella. Tillsammans med kedjepartners ser hon till att patientv\u00e5rden sker s\u00e4kert p\u00e5 r\u00e4tt plats, i r\u00e4tt tid och av r\u00e4tt v\u00e5rdgivare.<\/p>\n\n\n\n<h2 class=\"wp-block-heading\">Ambition<\/h2>\n\n\n\n<p>Det finns flaskhalsar i v\u00e5rden p\u00e5 olika fronter och det \u00e4r orov\u00e4ckande. Inom akutsjukv\u00e5rden har varningsklockorna ringt under en l\u00e4ngre tid och flaskhalsar blir synliga. Samh\u00e4llet tar i allt h\u00f6gre grad upp (akut) v\u00e5rd och intressenter b\u00e5de inom och utanf\u00f6r organisationen r\u00f6r om p\u00e5 sitt eget s\u00e4tt. Detta leder till s\u00e5rbarhet hos h\u00e4lso- och sjukv\u00e5rdsorganisationen med alla dess konsekvenser. Det \u00e4r en stor utmaning att bem\u00f6ta detta p\u00e5 ett adekvat s\u00e4tt.<\/p>\n\n\n\n<p>Samverkan i akutv\u00e5rdsn\u00e4tverk \u00e4r n\u00f6dv\u00e4ndigt f\u00f6r att forts\u00e4tta uppn\u00e5 och uppr\u00e4tth\u00e5lla en god, effektiv och \u00e4ndam\u00e5lsenlig v\u00e5rd i regionen. Att bry sig tillsammans \u00e4r n\u00f6dv\u00e4ndigt f\u00f6r att klara av det hektiska tempot i vardagen. T\u00e4nk p\u00e5 h\u00f6g arbetspress, en \u00f6kning av komplexa problem bland utsatta m\u00e4nniskor, f\u00f6r\u00e4ndrade regelverk och begr\u00e4nsning av resurser och arbetskraft. I synnerhet kr\u00e4vs det lagarbete f\u00f6r att rekrytera och beh\u00e5lla motiverad h\u00e4lso- och sjukv\u00e5rdspersonal i regionen. Konkurrensen \u00e4r skadlig f\u00f6r detta.<\/p>\n\n\n\n<p>Det \u00e4r v\u00e5r ambition att forts\u00e4tta ge god v\u00e5rd och att p\u00e5 ett adekvat s\u00e4tt bem\u00f6ta utvecklingen som p\u00e5verkar akutv\u00e5rden.<\/p>\n\n\n\n<p>Det \u00e4r v\u00e5r ambition att uppr\u00e4tth\u00e5lla och st\u00e4rka anv\u00e4ndarnas och patienternas f\u00f6rtroende f\u00f6r GP Emergency Station Maastricht och Heuvelland.<\/p>\n\n\n\n<p>Det \u00e4r v\u00e5r ambition att beh\u00e5lla och st\u00e4rka entusiasmen och passionen hos den (h\u00e4lso)personal som \u00e4r involverad.<\/p>\n\n\n\n<p>V\u00e5r ambition \u00e4r att allm\u00e4nl\u00e4karjouren ska bli en igenk\u00e4nnbar del av den regionala allm\u00e4nl\u00e4karv\u00e5rden och det regionala n\u00e4tverket av v\u00e5rdgivare.<\/p>\n\n\n\n<p>Vi anv\u00e4nder sloganen &#8221;<em>Att bry sig tillsammans \u00e4r v\u00e5rt DNA&#8221;<\/em> f\u00f6r att visa v\u00e5r riktning. Fr\u00e5gan &#8221;Varf\u00f6r?&#8221; kommer att beh\u00f6va st\u00e4llas allt oftare. Varf\u00f6r g\u00f6r vi p\u00e5 det h\u00e4r s\u00e4ttet, varf\u00f6r inte p\u00e5 ett annat s\u00e4tt, varf\u00f6r inte tillsammans? Vi b\u00f6r ocks\u00e5 oftare st\u00e4lla oss fr\u00e5gan: &#8221;Vad tror vi p\u00e5 tillsammans &#8211; oftare. F\u00f6rst d\u00e5 kan vi tillsammans se till att den mest optimala v\u00e5rden ges till patienterna i v\u00e5r region p\u00e5 r\u00e4tt plats, i r\u00e4tt tid och av r\u00e4tt v\u00e5rdgivare.<\/p>\n","protected":false},"excerpt":{"rendered":"<p>Vision HMH-stiftelsen vill ge god v\u00e5rd till patienter i regionen och underl\u00e4ttar d\u00e4rf\u00f6r allm\u00e4nl\u00e4kare p\u00e5 ett s\u00e5dant s\u00e4tt att h\u00f6gkvalitativ, effektiv och s\u00e4ker allm\u00e4n akutv\u00e5rd tillhandah\u00e5lls av Allm\u00e4nl\u00e4karens akutpost. God f\u00f6rvaltning och tillsyn \u00e4r viktiga f\u00f6ruts\u00e4ttningar f\u00f6r god v\u00e5rd. D\u00e4rf\u00f6r arbetar f\u00f6rvaltningsr\u00e5det och styrelsen i enlighet med principerna i den nationellt fastst\u00e4llda koden f\u00f6r h\u00e4lso- och sjukv\u00e5rdsstyrning. SHMH genomf\u00f6r sin policy baserad p\u00e5 den professionella inneboende motivation. Tillsammans med kedjepartners ser hon till att patientv\u00e5rden sker s\u00e4kert p\u00e5 r\u00e4tt plats, vid r\u00e4tt tidpunkt och av r\u00e4tt v\u00e5rdgivare. Ambition P\u00e5 olika fronter [&#8230;]<\/p>\n","protected":false},"author":3,"featured_media":0,"parent":0,"menu_order":0,"comment_status":"closed","ping_status":"closed","template":"","meta":{"_acf_changed":false,"_trash_the_other_posts":false,"editor_notices":[],"footnotes":""},"class_list":["post-8341","page","type-page","status-publish","hentry"],"acf":[],"yoast_head":"<!-- This site is optimized with the Yoast SEO plugin v26.6 - https:\/\/yoast.com\/wordpress\/plugins\/seo\/ -->\n<title>Vision och ambition - L\u00e4karens akutpost Maastricht<\/title>\n<meta name=\"robots\" content=\"index, follow, max-snippet:-1, max-image-preview:large, max-video-preview:-1\" \/>\n<link rel=\"canonical\" href=\"https:\/\/hapmaastricht.nl\/sv\/organisation\/\" \/>\n<meta property=\"og:locale\" content=\"sv_SE\" \/>\n<meta property=\"og:type\" content=\"article\" \/>\n<meta property=\"og:title\" content=\"Vision och ambition - L\u00e4karens akutpost Maastricht\" \/>\n<meta property=\"og:description\" content=\"Vision HMH-stiftelsen vill ge god v\u00e5rd till patienter i regionen och underl\u00e4ttar d\u00e4rf\u00f6r allm\u00e4nl\u00e4kare p\u00e5 ett s\u00e5dant s\u00e4tt att h\u00f6gkvalitativ, effektiv och s\u00e4ker allm\u00e4n akutv\u00e5rd tillhandah\u00e5lls av Allm\u00e4nl\u00e4karens akutpost. God f\u00f6rvaltning och tillsyn \u00e4r viktiga f\u00f6ruts\u00e4ttningar f\u00f6r god v\u00e5rd. D\u00e4rf\u00f6r arbetar f\u00f6rvaltningsr\u00e5det och styrelsen i enlighet med principerna i den nationellt fastst\u00e4llda koden f\u00f6r h\u00e4lso- och sjukv\u00e5rdsstyrning. SHMH genomf\u00f6r sin policy baserad p\u00e5 den professionella inneboende motivation. Tillsammans med kedjepartners ser hon till att patientv\u00e5rden sker s\u00e4kert p\u00e5 r\u00e4tt plats, vid r\u00e4tt tidpunkt och av r\u00e4tt v\u00e5rdgivare. Ambition P\u00e5 olika fronter [...]\" \/>\n<meta property=\"og:url\" content=\"https:\/\/hapmaastricht.nl\/sv\/organisation\/\" \/>\n<meta property=\"og:site_name\" content=\"L\u00e4karens akutpost Maastricht\" \/>\n<meta property=\"article:modified_time\" content=\"2025-07-10T07:53:31+00:00\" \/>\n<meta name=\"twitter:card\" content=\"summary_large_image\" \/>\n<meta name=\"twitter:label1\" content=\"Ber\u00e4knad l\u00e4stid\" \/>\n\t<meta name=\"twitter:data1\" content=\"3 minuter\" \/>\n<script type=\"application\/ld+json\" class=\"yoast-schema-graph\">{\"@context\":\"https:\/\/schema.org\",\"@graph\":[{\"@type\":\"WebPage\",\"@id\":\"https:\/\/hapmaastricht.nl\/sv\/organisation\/\",\"url\":\"https:\/\/hapmaastricht.nl\/sv\/organisation\/\",\"name\":\"Vision och ambition - L\u00e4karens akutpost Maastricht\",\"isPartOf\":{\"@id\":\"https:\/\/hapmaastricht.nl\/sv\/#website\"},\"datePublished\":\"2023-11-16T15:41:42+00:00\",\"dateModified\":\"2025-07-10T07:53:31+00:00\",\"breadcrumb\":{\"@id\":\"https:\/\/hapmaastricht.nl\/sv\/organisation\/#breadcrumb\"},\"inLanguage\":\"sv-SE\",\"potentialAction\":[{\"@type\":\"ReadAction\",\"target\":[\"https:\/\/hapmaastricht.nl\/sv\/organisation\/\"]}]},{\"@type\":\"BreadcrumbList\",\"@id\":\"https:\/\/hapmaastricht.nl\/sv\/organisation\/#breadcrumb\",\"itemListElement\":[{\"@type\":\"ListItem\",\"position\":1,\"name\":\"Home\",\"item\":\"https:\/\/hapmaastricht.nl\/sv\/\"},{\"@type\":\"ListItem\",\"position\":2,\"name\":\"Vision och ambition\"}]},{\"@type\":\"WebSite\",\"@id\":\"https:\/\/hapmaastricht.nl\/sv\/#website\",\"url\":\"https:\/\/hapmaastricht.nl\/sv\/\",\"name\":\"L\u00e4karens akutpost Maastricht\",\"description\":\"\",\"potentialAction\":[{\"@type\":\"SearchAction\",\"target\":{\"@type\":\"EntryPoint\",\"urlTemplate\":\"https:\/\/hapmaastricht.nl\/sv\/?s={search_term_string}\"},\"query-input\":{\"@type\":\"PropertyValueSpecification\",\"valueRequired\":true,\"valueName\":\"search_term_string\"}}],\"inLanguage\":\"sv-SE\"}]}<\/script>\n<!-- \/ Yoast SEO plugin. -->","yoast_head_json":{"title":"Vision och ambition - L\u00e4karens akutpost Maastricht","robots":{"index":"index","follow":"follow","max-snippet":"max-snippet:-1","max-image-preview":"max-image-preview:large","max-video-preview":"max-video-preview:-1"},"canonical":"https:\/\/hapmaastricht.nl\/sv\/organisation\/","og_locale":"sv_SE","og_type":"article","og_title":"Vision och ambition - L\u00e4karens akutpost Maastricht","og_description":"Vision HMH-stiftelsen vill ge god v\u00e5rd till patienter i regionen och underl\u00e4ttar d\u00e4rf\u00f6r allm\u00e4nl\u00e4kare p\u00e5 ett s\u00e5dant s\u00e4tt att h\u00f6gkvalitativ, effektiv och s\u00e4ker allm\u00e4n akutv\u00e5rd tillhandah\u00e5lls av Allm\u00e4nl\u00e4karens akutpost. God f\u00f6rvaltning och tillsyn \u00e4r viktiga f\u00f6ruts\u00e4ttningar f\u00f6r god v\u00e5rd. D\u00e4rf\u00f6r arbetar f\u00f6rvaltningsr\u00e5det och styrelsen i enlighet med principerna i den nationellt fastst\u00e4llda koden f\u00f6r h\u00e4lso- och sjukv\u00e5rdsstyrning. SHMH genomf\u00f6r sin policy baserad p\u00e5 den professionella inneboende motivation. Tillsammans med kedjepartners ser hon till att patientv\u00e5rden sker s\u00e4kert p\u00e5 r\u00e4tt plats, vid r\u00e4tt tidpunkt och av r\u00e4tt v\u00e5rdgivare. Ambition P\u00e5 olika fronter [...]","og_url":"https:\/\/hapmaastricht.nl\/sv\/organisation\/","og_site_name":"L\u00e4karens akutpost Maastricht","article_modified_time":"2025-07-10T07:53:31+00:00","twitter_card":"summary_large_image","twitter_misc":{"Ber\u00e4knad l\u00e4stid":"3 minuter"},"schema":{"@context":"https:\/\/schema.org","@graph":[{"@type":"WebPage","@id":"https:\/\/hapmaastricht.nl\/sv\/organisation\/","url":"https:\/\/hapmaastricht.nl\/sv\/organisation\/","name":"Vision och ambition - L\u00e4karens akutpost Maastricht","isPartOf":{"@id":"https:\/\/hapmaastricht.nl\/sv\/#website"},"datePublished":"2023-11-16T15:41:42+00:00","dateModified":"2025-07-10T07:53:31+00:00","breadcrumb":{"@id":"https:\/\/hapmaastricht.nl\/sv\/organisation\/#breadcrumb"},"inLanguage":"sv-SE","potentialAction":[{"@type":"ReadAction","target":["https:\/\/hapmaastricht.nl\/sv\/organisation\/"]}]},{"@type":"BreadcrumbList","@id":"https:\/\/hapmaastricht.nl\/sv\/organisation\/#breadcrumb","itemListElement":[{"@type":"ListItem","position":1,"name":"Home","item":"https:\/\/hapmaastricht.nl\/sv\/"},{"@type":"ListItem","position":2,"name":"Vision och ambition"}]},{"@type":"WebSite","@id":"https:\/\/hapmaastricht.nl\/sv\/#website","url":"https:\/\/hapmaastricht.nl\/sv\/","name":"L\u00e4karens akutpost Maastricht","description":"","potentialAction":[{"@type":"SearchAction","target":{"@type":"EntryPoint","urlTemplate":"https:\/\/hapmaastricht.nl\/sv\/?s={search_term_string}"},"query-input":{"@type":"PropertyValueSpecification","valueRequired":true,"valueName":"search_term_string"}}],"inLanguage":"sv-SE"}]}},"_links":{"self":[{"href":"https:\/\/hapmaastricht.nl\/sv\/wp-json\/wp\/v2\/pages\/8341","targetHints":{"allow":["GET"]}}],"collection":[{"href":"https:\/\/hapmaastricht.nl\/sv\/wp-json\/wp\/v2\/pages"}],"about":[{"href":"https:\/\/hapmaastricht.nl\/sv\/wp-json\/wp\/v2\/types\/page"}],"author":[{"embeddable":true,"href":"https:\/\/hapmaastricht.nl\/sv\/wp-json\/wp\/v2\/users\/3"}],"replies":[{"embeddable":true,"href":"https:\/\/hapmaastricht.nl\/sv\/wp-json\/wp\/v2\/comments?post=8341"}],"version-history":[{"count":1,"href":"https:\/\/hapmaastricht.nl\/sv\/wp-json\/wp\/v2\/pages\/8341\/revisions"}],"predecessor-version":[{"id":9181,"href":"https:\/\/hapmaastricht.nl\/sv\/wp-json\/wp\/v2\/pages\/8341\/revisions\/9181"}],"wp:attachment":[{"href":"https:\/\/hapmaastricht.nl\/sv\/wp-json\/wp\/v2\/media?parent=8341"}],"curies":[{"name":"wp","href":"https:\/\/api.w.org\/{rel}","templated":true}]}}