{"id":2011,"date":"2023-04-28T09:18:09","date_gmt":"2023-04-28T07:18:09","guid":{"rendered":"https:\/\/multisite.mindd.dev\/hap-maastricht\/?page_id=2011"},"modified":"2025-07-10T09:57:12","modified_gmt":"2025-07-10T07:57:12","slug":"prosedur","status":"publish","type":"page","link":"https:\/\/hapmaastricht.nl\/tr\/prosedur\/","title":{"rendered":"Prosed\u00fcr"},"content":{"rendered":"\n\n\n<h2 class=\"wp-block-heading\"><strong>\u00d6ncelikle \u015fikayetinizle birlikte hemen doktora gitmeniz gerekip gerekmedi\u011fini \u00f6\u011frenin<\/strong><\/h2>\n\n\n\n<p>Bizi yaln\u0131zca \u015fikayetiniz acil oldu\u011funda araman\u0131z \u00f6nemlidir. \u00d6\u011frenmek i\u00e7in <a href=\"\/\">ana sayfam\u0131zda<\/a> yer alan &#8216;Doktora gitmem gerekiyor mu&#8217; anketini doldurman\u0131z\u0131 tavsiye ederiz. 1 dakika i\u00e7inde \u015fikayetinizin acil olup olmad\u0131\u011f\u0131na kendiniz karar verebilirsiniz. \u015eikayetiniz acil olmayabilir ve mesai saatleri i\u00e7inde kendi doktorunuzu araman\u0131z tavsiye edilebilir. Baz\u0131 durumlarda, semptomlar\u0131n\u0131z\u0131 azaltmak i\u00e7in kendi ba\u015f\u0131n\u0131za neler yapabilece\u011finiz konusunda tavsiyeler alacaks\u0131n\u0131z.<\/p>\n\n\n\n<p><strong>D\u0130KKAT!<\/strong> GP Acil Durum \u0130stasyonu ile ileti\u015fime ge\u00e7ti\u011finizde, \u00fczerinde BSN&#8217;niz, sigorta kart\u0131n\u0131z ve kulland\u0131\u011f\u0131n\u0131z ila\u00e7lara ili\u015fkin g\u00fcncel bir genel bak\u0131\u015f ile kimlik belgenizi saklay\u0131n.<\/p>\n\n\n\n<h2 class=\"wp-block-heading\">Telefonda<\/h2>\n\n\n\n<p>\u00d6zel olarak e\u011fitilmi\u015f bir doktor asistan\u0131 olan triagist, size bu ki\u015fisel veriler ve \u015fikayetlerinizin niteli\u011fi hakk\u0131nda sorular soracakt\u0131r. Buna triyaj denir. Bu konu\u015fmaya dayanarak, triagist(ler) \u015funlar\u0131n olup olmad\u0131\u011f\u0131n\u0131 belirler:<\/p>\n\n\n\n<ul class=\"wp-block-list\">\n<li>ki\u015fisel bak\u0131m dan\u0131\u015fmanl\u0131\u011f\u0131 al\u0131yorsunuz,<\/li>\n\n\n\n<li>Telefonda bir kons\u00fcltasyonunuz var,<\/li>\n\n\n\n<li>Randevu i\u00e7in GP Acil Durum \u0130stasyonuna gelmeniz gerekmektedir&nbsp;,<\/li>\n\n\n\n<li>evinize bir pratisyen hekim geliyor,<\/li>\n\n\n\n<li>Di\u015f hekimi veya hastanedeki bir uzman gibi ba\u015fka bir akut bak\u0131m sa\u011flay\u0131c\u0131s\u0131na y\u00f6nlendirileceksiniz.<\/li>\n<\/ul>\n\n\n\n<p>\u00d6nce telefonda bir triyaj \u00f6ncesi hem\u015fire alman\u0131z m\u00fcmk\u00fcnd\u00fcr. Bu \u00e7al\u0131\u015fan, bak\u0131m talebinizin ciddiyetine ili\u015fkin h\u0131zl\u0131 bir de\u011ferlendirme yapar. H\u0131zl\u0131 bir \u015fekilde yard\u0131ma ihtiyac\u0131n\u0131z olursa, bir triagist taraf\u0131ndan hemen geri aranacaks\u0131n\u0131z. Yard\u0131ma hemen ihtiya\u00e7 duyulmazsa, daha sonra geri aranacaks\u0131n\u0131z. Bu \u015fekilde, GP Acil Durum Postas\u0131na kolayca eri\u015filebilir durumda kal\u0131r ve t\u00fcm hastalar bir bak\u0131m sa\u011flay\u0131c\u0131 ile h\u0131zl\u0131 bir \u015fekilde ileti\u015fim kurabilir.<\/p>\n\n\n\n<h2 class=\"wp-block-heading\">Telefonla dan\u0131\u015fma<\/h2>\n\n\n\n<p>Baz\u0131 durumlarda, bir pratisyen hekimin m\u00fcdahalesi ile uzaktan bak\u0131m sa\u011flayabiliriz. Bu telefonla ger\u00e7ekle\u015fir. Bak\u0131m\u0131n dijitalle\u015ftirilmesi bunu m\u00fcmk\u00fcn k\u0131l\u0131yor. Hastan\u0131n bir foto\u011fraf iletti\u011fini, pratisyen hekim taraf\u0131ndan de\u011ferlendirdi\u011fini ve ard\u0131ndan tedavi tavsiyesi ald\u0131\u011f\u0131n\u0131 d\u00fc\u015f\u00fcn\u00fcn. G\u00f6r\u00fcnt\u00fcl\u00fc arama yoluyla ileti\u015fim kurman\u0131z da m\u00fcmk\u00fcnd\u00fcr. Pratisyen hekim ile her zaman fiziksel temas olmas\u0131 gerekmez. Bu &#8216;uzaktan kons\u00fcltasyon&#8217; i\u00e7in GP Acil Durum \u0130stasyonu&#8217;ndaki kons\u00fcltasyon ile ayn\u0131 <a href=\"\/tarieven\">\u00fccret<\/a> al\u0131n\u0131r.<\/p>\n\n\n\n<h2 class=\"wp-block-heading\">GP Acil Durum \u0130stasyonunda Dan\u0131\u015fma<\/h2>\n\n\n\n<p>GP Acil Durum \u0130stasyonuna gelmek i\u00e7in bir randevunuz varsa, kararla\u015ft\u0131r\u0131lan saatte haz\u0131r bulunman\u0131z\u0131&nbsp;rica ederiz. Bir tedavi odas\u0131nda veya bir dan\u0131\u015fma odas\u0131nda size yard\u0131mc\u0131 olunacakt\u0131r. Bu, sahip oldu\u011funuz yard\u0131m talebinin t\u00fcr\u00fcne ba\u011fl\u0131d\u0131r. Her iki odan\u0131n da ayr\u0131 dan\u0131\u015fma saatleri vard\u0131r. Daha ge\u00e7 gelen bir hasta daha erken tedavi edilebilir ve beklemeniz gerekebilir.<\/p>\n\n\n\n<p>N\u00f6bet\u00e7i pratisyen hekim sizi muayene edecek ve size t\u0131bbi tavsiye verecek ve\/veya tedavi edecek ve\/veya daha fazla muayene i\u00e7in sizi sevk edecektir. Bu durumda, s\u0131navlar\u0131n sonu\u00e7lar\u0131n\u0131 beklemeniz istenecektir. Sonu\u00e7lara dayanarak, doktor hangi ba\u015fka tedavilerin gerekli oldu\u011funu belirleyecektir.<\/p>\n\n\n\n<p>\u0130la\u00e7 re\u00e7ete edilirse, n\u00f6bet\u00e7i eczaneden alabilirsiniz (ayr\u0131ca <a href=\"\/apotheken\/apotheek-maastricht-umc\/\">Eczane<\/a> b\u00f6l\u00fcm\u00fcne de bak\u0131n).<\/p>\n\n\n\n<h2 class=\"wp-block-heading\">Pratisyen hekim ziyaret i\u00e7in evinize gelecektir<\/h2>\n\n\n\n<p>Bir ziyaret s\u0131ras\u0131nda pratisyen hekimi m\u00fcmk\u00fcn oldu\u011funca iyi bilgilendirmek i\u00e7in, ilac\u0131n\u0131zla ilgili g\u00fcncel bir genel bak\u0131\u015f\u0131n haz\u0131r olmas\u0131 \u00f6nemlidir.<\/p>\n\n\n\n<h2 class=\"wp-block-heading\">GP Acil Durum \u0130stasyonu ile ileti\u015fime ge\u00e7tikten sonra<\/h2>\n\n\n\n<p>\u0130rtibat ki\u015fisinin veya ziyaretin bir \u00f6zeti kendi doktorunuza g\u00f6nderilecektir. Bu \u015fekilde, pratisyen hekiminiz, GP Acil Durum Noktas\u0131 ile hangi yard\u0131m talebiyle ileti\u015fim kurdu\u011funuzu ve buna yan\u0131t olarak ne yap\u0131ld\u0131\u011f\u0131n\u0131 tam olarak bilir. Bununla ilgili daha fazla bilgiyi <a href=\"\/privacy\">gizlilik politikas\u0131<\/a> alt\u0131nda bulabilirsiniz.<\/p>\n","protected":false},"excerpt":{"rendered":"<p>\u00d6ncelikle \u015fikayetinizle hemen doktora gitmeniz gerekip gerekmedi\u011fini \u00f6\u011frenin. Bizi yaln\u0131zca \u015fikayetiniz acil ise araman\u0131z \u00f6nemlidir. \u00d6\u011frenmek i\u00e7in ana sayfam\u0131zdaki \u201cDoktora gitmeli miyim\u201d anketini doldurman\u0131z\u0131 \u00f6neririz. 1 dakika i\u00e7inde \u015fikayetinizin acil olup olmad\u0131\u011f\u0131n\u0131 kendiniz de\u011ferlendirebilirsiniz. \u015eikayetinizin acil olmamas\u0131 ve mesai saatleri i\u00e7inde kendi doktorunuzu araman\u0131z tavsiye edilmesi m\u00fcmk\u00fcnd\u00fcr. Baz\u0131 durumlarda, belirtilerinizi azaltmak i\u00e7in kendiniz neler yapabilece\u011finiz konusunda tavsiye alacaks\u0131n\u0131z. [&#8230;]<\/p>\n","protected":false},"author":3,"featured_media":0,"parent":0,"menu_order":187,"comment_status":"closed","ping_status":"closed","template":"","meta":{"_acf_changed":false,"_trash_the_other_posts":false,"editor_notices":[],"footnotes":""},"class_list":["post-2011","page","type-page","status-publish","hentry"],"acf":[],"yoast_head":"<!-- This site is optimized with the Yoast SEO plugin v26.6 - https:\/\/yoast.com\/wordpress\/plugins\/seo\/ -->\n<title>Prosed\u00fcr - GP Acil Durum Postas\u0131 Maastricht<\/title>\n<meta name=\"robots\" content=\"index, follow, max-snippet:-1, max-image-preview:large, max-video-preview:-1\" \/>\n<link rel=\"canonical\" href=\"https:\/\/hapmaastricht.nl\/tr\/surec\/\" \/>\n<meta property=\"og:locale\" content=\"tr_TR\" \/>\n<meta property=\"og:type\" content=\"article\" \/>\n<meta property=\"og:title\" content=\"Prosed\u00fcr - GP Acil Durum Postas\u0131 Maastricht\" \/>\n<meta property=\"og:description\" content=\"\u00d6ncelikle \u015fikayetinizle hemen doktora gitmeniz gerekip gerekmedi\u011fini \u00f6\u011frenin. Bizi yaln\u0131zca \u015fikayetiniz acil ise araman\u0131z \u00f6nemlidir. \u00d6\u011frenmek i\u00e7in ana sayfam\u0131zdaki \u201cDoktora gitmeli miyim\u201d anketini doldurman\u0131z\u0131 \u00f6neririz. 1 dakika i\u00e7inde \u015fikayetinizin acil olup olmad\u0131\u011f\u0131n\u0131 kendiniz de\u011ferlendirebilirsiniz. \u015eikayetinizin acil olmamas\u0131 ve mesai saatleri i\u00e7inde kendi doktorunuzu araman\u0131z tavsiye edilmesi m\u00fcmk\u00fcnd\u00fcr. Baz\u0131 durumlarda, belirtilerinizi azaltmak i\u00e7in kendiniz neler yapabilece\u011finiz konusunda tavsiye alacaks\u0131n\u0131z. [...]\" \/>\n<meta property=\"og:url\" content=\"https:\/\/hapmaastricht.nl\/tr\/surec\/\" \/>\n<meta property=\"og:site_name\" content=\"GP Acil Durum Postas\u0131 Maastricht\" \/>\n<meta property=\"article:modified_time\" content=\"2025-07-10T07:57:12+00:00\" \/>\n<meta name=\"twitter:card\" content=\"summary_large_image\" \/>\n<meta name=\"twitter:label1\" content=\"Tahmini okuma s\u00fcresi\" \/>\n\t<meta name=\"twitter:data1\" content=\"3 dakika\" \/>\n<script type=\"application\/ld+json\" class=\"yoast-schema-graph\">{\"@context\":\"https:\/\/schema.org\",\"@graph\":[{\"@type\":\"WebPage\",\"@id\":\"https:\/\/hapmaastricht.nl\/tr\/surec\/\",\"url\":\"https:\/\/hapmaastricht.nl\/tr\/surec\/\",\"name\":\"Prosed\u00fcr - GP Acil Durum Postas\u0131 Maastricht\",\"isPartOf\":{\"@id\":\"https:\/\/hapmaastricht.nl\/tr\/#website\"},\"datePublished\":\"2023-04-28T07:18:09+00:00\",\"dateModified\":\"2025-07-10T07:57:12+00:00\",\"breadcrumb\":{\"@id\":\"https:\/\/hapmaastricht.nl\/tr\/surec\/#breadcrumb\"},\"inLanguage\":\"tr\",\"potentialAction\":[{\"@type\":\"ReadAction\",\"target\":[\"https:\/\/hapmaastricht.nl\/tr\/surec\/\"]}]},{\"@type\":\"BreadcrumbList\",\"@id\":\"https:\/\/hapmaastricht.nl\/tr\/surec\/#breadcrumb\",\"itemListElement\":[{\"@type\":\"ListItem\",\"position\":1,\"name\":\"Home\",\"item\":\"https:\/\/hapmaastricht.nl\/tr\/\"},{\"@type\":\"ListItem\",\"position\":2,\"name\":\"\u00c7al\u0131\u015fma y\u00f6ntemi\"}]},{\"@type\":\"WebSite\",\"@id\":\"https:\/\/hapmaastricht.nl\/tr\/#website\",\"url\":\"https:\/\/hapmaastricht.nl\/tr\/\",\"name\":\"GP Acil Durum Postas\u0131 Maastricht\",\"description\":\"\",\"potentialAction\":[{\"@type\":\"SearchAction\",\"target\":{\"@type\":\"EntryPoint\",\"urlTemplate\":\"https:\/\/hapmaastricht.nl\/tr\/?s={search_term_string}\"},\"query-input\":{\"@type\":\"PropertyValueSpecification\",\"valueRequired\":true,\"valueName\":\"search_term_string\"}}],\"inLanguage\":\"tr\"}]}<\/script>\n<!-- \/ Yoast SEO plugin. -->","yoast_head_json":{"title":"Prosed\u00fcr - GP Acil Durum Postas\u0131 Maastricht","robots":{"index":"index","follow":"follow","max-snippet":"max-snippet:-1","max-image-preview":"max-image-preview:large","max-video-preview":"max-video-preview:-1"},"canonical":"https:\/\/hapmaastricht.nl\/tr\/surec\/","og_locale":"tr_TR","og_type":"article","og_title":"Prosed\u00fcr - GP Acil Durum Postas\u0131 Maastricht","og_description":"\u00d6ncelikle \u015fikayetinizle hemen doktora gitmeniz gerekip gerekmedi\u011fini \u00f6\u011frenin. Bizi yaln\u0131zca \u015fikayetiniz acil ise araman\u0131z \u00f6nemlidir. \u00d6\u011frenmek i\u00e7in ana sayfam\u0131zdaki \u201cDoktora gitmeli miyim\u201d anketini doldurman\u0131z\u0131 \u00f6neririz. 1 dakika i\u00e7inde \u015fikayetinizin acil olup olmad\u0131\u011f\u0131n\u0131 kendiniz de\u011ferlendirebilirsiniz. \u015eikayetinizin acil olmamas\u0131 ve mesai saatleri i\u00e7inde kendi doktorunuzu araman\u0131z tavsiye edilmesi m\u00fcmk\u00fcnd\u00fcr. Baz\u0131 durumlarda, belirtilerinizi azaltmak i\u00e7in kendiniz neler yapabilece\u011finiz konusunda tavsiye alacaks\u0131n\u0131z. [...]","og_url":"https:\/\/hapmaastricht.nl\/tr\/surec\/","og_site_name":"GP Acil Durum Postas\u0131 Maastricht","article_modified_time":"2025-07-10T07:57:12+00:00","twitter_card":"summary_large_image","twitter_misc":{"Tahmini okuma s\u00fcresi":"3 dakika"},"schema":{"@context":"https:\/\/schema.org","@graph":[{"@type":"WebPage","@id":"https:\/\/hapmaastricht.nl\/tr\/surec\/","url":"https:\/\/hapmaastricht.nl\/tr\/surec\/","name":"Prosed\u00fcr - GP Acil Durum Postas\u0131 Maastricht","isPartOf":{"@id":"https:\/\/hapmaastricht.nl\/tr\/#website"},"datePublished":"2023-04-28T07:18:09+00:00","dateModified":"2025-07-10T07:57:12+00:00","breadcrumb":{"@id":"https:\/\/hapmaastricht.nl\/tr\/surec\/#breadcrumb"},"inLanguage":"tr","potentialAction":[{"@type":"ReadAction","target":["https:\/\/hapmaastricht.nl\/tr\/surec\/"]}]},{"@type":"BreadcrumbList","@id":"https:\/\/hapmaastricht.nl\/tr\/surec\/#breadcrumb","itemListElement":[{"@type":"ListItem","position":1,"name":"Home","item":"https:\/\/hapmaastricht.nl\/tr\/"},{"@type":"ListItem","position":2,"name":"\u00c7al\u0131\u015fma y\u00f6ntemi"}]},{"@type":"WebSite","@id":"https:\/\/hapmaastricht.nl\/tr\/#website","url":"https:\/\/hapmaastricht.nl\/tr\/","name":"GP Acil Durum Postas\u0131 Maastricht","description":"","potentialAction":[{"@type":"SearchAction","target":{"@type":"EntryPoint","urlTemplate":"https:\/\/hapmaastricht.nl\/tr\/?s={search_term_string}"},"query-input":{"@type":"PropertyValueSpecification","valueRequired":true,"valueName":"search_term_string"}}],"inLanguage":"tr"}]}},"_links":{"self":[{"href":"https:\/\/hapmaastricht.nl\/tr\/wp-json\/wp\/v2\/pages\/2011","targetHints":{"allow":["GET"]}}],"collection":[{"href":"https:\/\/hapmaastricht.nl\/tr\/wp-json\/wp\/v2\/pages"}],"about":[{"href":"https:\/\/hapmaastricht.nl\/tr\/wp-json\/wp\/v2\/types\/page"}],"author":[{"embeddable":true,"href":"https:\/\/hapmaastricht.nl\/tr\/wp-json\/wp\/v2\/users\/3"}],"replies":[{"embeddable":true,"href":"https:\/\/hapmaastricht.nl\/tr\/wp-json\/wp\/v2\/comments?post=2011"}],"version-history":[{"count":1,"href":"https:\/\/hapmaastricht.nl\/tr\/wp-json\/wp\/v2\/pages\/2011\/revisions"}],"predecessor-version":[{"id":9231,"href":"https:\/\/hapmaastricht.nl\/tr\/wp-json\/wp\/v2\/pages\/2011\/revisions\/9231"}],"wp:attachment":[{"href":"https:\/\/hapmaastricht.nl\/tr\/wp-json\/wp\/v2\/media?parent=2011"}],"curies":[{"name":"wp","href":"https:\/\/api.w.org\/{rel}","templated":true}]}}