{"id":2029,"date":"2023-04-28T09:42:59","date_gmt":"2023-04-28T07:42:59","guid":{"rendered":"https:\/\/multisite.mindd.dev\/hap-maastricht\/?page_id=2029"},"modified":"2026-02-11T09:58:17","modified_gmt":"2026-02-11T08:58:17","slug":"oranlar","status":"publish","type":"page","link":"https:\/\/hapmaastricht.nl\/tr\/oranlar\/","title":{"rendered":"Fiyatlar"},"content":{"rendered":"\n<p>Genel hekim bak\u0131m\u0131 temel sigorta ile sigortalan\u0131r. GP bak\u0131m\u0131 masraflar\u0131 muafiyetinize d\u00fc\u015fmez. Bizden fatura alman\u0131z m\u00fcmk\u00fcnd\u00fcr, \u00e7\u00fcnk\u00fc do\u011frudan sa\u011fl\u0131k sigortan\u0131zdan talep edemeyiz. Daha sonra masraflar\u0131 bize \u00f6demeli ve sa\u011fl\u0131k sigortan\u0131zdan iade talep etmelisiniz. Aile hekimi taraf\u0131ndan talep edilen ek muayeneler ve re\u00e7ete edilen ila\u00e7lar \u00fc\u00e7\u00fcnc\u00fc \u015fah\u0131slar taraf\u0131ndan talep edilir ve genellikle muafiyet taraf\u0131ndan kar\u015f\u0131lan\u0131r. <\/p>\n\n\n\n<p>Yo\u011fun zamanlarda, di\u011fer Limburg GP Acil Durum \u0130stasyonlar\u0131 ile birlikte \u00e7al\u0131\u015f\u0131yoruz. Bu nedenle, ba\u015fka bir Limburg GP Acil Durum Noktas\u0131&#8217;ndan fatura veya beyanname genel de\u011ferlendirmesi alman\u0131z m\u00fcmk\u00fcnd\u00fcr. Bu g\u00f6nderinin oranlar\u0131 i\u00e7in l\u00fctfen ilgili g\u00f6nderinin web sitesine bak\u0131n\u0131z.<\/p>\n\n\n\n<h2 class=\"wp-block-heading\">Fiyatlar\u0131m\u0131z <\/h2>\n\n\n\n<p><em>Hollanda Sa\u011fl\u0131k Otoritesi taraf\u0131ndan euro cinsinden belirlenen:<\/em><\/p>\n\n\n\n<p><\/p>\n\n\n\n<div class=\"wp-block-columns is-layout-flex wp-container-core-columns-is-layout-9d6595d7 wp-block-columns-is-layout-flex\">\n<div class=\"wp-block-column is-layout-flow wp-block-column-is-layout-flow\">\n<h3 class=\"wp-block-heading h4\">1 Ocak 2025 itibar\u0131yla<\/h3>\n\n\n\n<p class=\"has-text-align-left\">Dan\u0131\u015fmanl\u0131k: \u20ac 189.21<\/p>\n\n\n\n<p>Ziyaret: \u20ac 283,82<\/p>\n\n\n\n<p>Triage dan\u0131\u015fmanl\u0131\u011f\u0131: <br>\u20ac35.00<\/p>\n<\/div>\n\n\n\n<div class=\"wp-block-column is-layout-flow wp-block-column-is-layout-flow\">\n<h3 class=\"wp-block-heading h4\">1 Kas\u0131m 2025 itibar\u0131yla<\/h3>\n\n\n\n<p class=\"has-text-align-left\">Dan\u0131\u015fmanl\u0131k: \u20ac 172.04<\/p>\n\n\n\n<p>Ziyaret: \u20ac 258,05<\/p>\n\n\n\n<p>Triage dan\u0131\u015fmanl\u0131\u011f\u0131: <br>\u20ac35.00<\/p>\n<\/div>\n\n\n\n<div class=\"wp-block-column is-layout-flow wp-block-column-is-layout-flow\">\n<h3 class=\"wp-block-heading h4\">1 Ocak 20256 itibar\u0131yla<\/h3>\n\n\n\n<p>Dan\u0131\u015fmanl\u0131k: \u20ac 183.75<\/p>\n\n\n\n<p>Ziyaret: \u20ac 275,62<\/p>\n\n\n\n<p>Triage dan\u0131\u015fmanl\u0131\u011f\u0131: <br>\u20ac35.00<\/p>\n<\/div>\n<\/div>\n\n\n\n<h2 class=\"wp-block-heading\">\u00d6deme ba\u011flant\u0131s\u0131 \u00fczerinden \u00f6deme yap\u0131n<\/h2>\n\n\n\n<p>GP Acil Durum Noktas\u0131&#8217;na ziyaretinizin masraflar\u0131n\u0131 do\u011frudan sigorta \u015firketinizden talep edemezsek, Sendi \u00fczerinden SMS ile size \u00f6deme talebi g\u00f6nderece\u011fiz. Bu SMS, g\u00fcvenilir bir \u00f6deme ortam\u0131na ba\u011flant\u0131 i\u00e7erir. Bu, mobil telefonunuz \u00fczerinden \u00f6demeyi kolay ve g\u00fcvenli hale getirir.<\/p>\n\n\n\n<p><\/p>\n\n\n\n<h2 class=\"wp-block-heading\">Tahsilat masraflar\u0131ndan ka\u00e7\u0131n\u0131n<\/h2>\n\n\n\n<p>Tahsilat masraflar\u0131ndan ka\u00e7\u0131n\u0131n ve GP postuyla ileti\u015fime ge\u00e7ti\u011finizde do\u011fru adresiniz ve telefon numaran\u0131z\u0131 elinizde bulundurdu\u011funuzdan emin olun. Do\u011fru adres bilgilerinizi <u><span style=\"text-decoration: underline\"><a href=\"mailto:admin@hapmaastricht.nl\">admin@hapmaastricht.nl<\/a><\/span><\/u> \u00fczerinden e-posta&nbsp;yoluyla da bize g\u00f6nderebilirsiniz. Faturan\u0131zla ilgili sorular\u0131n\u0131z var m\u0131? <u><a href=\"mailto:admin@hapmaastricht.nl\">admin@hapmaastricht.nl<\/a><\/u>&nbsp;adresine posta&nbsp;g\u00f6nderin ve fatura ile bor\u00e7lu numaras\u0131n\u0131 belirtin.<\/p>\n\n\n\n<p><strong>L\u00fctfen not edin!<\/strong><\/p>\n\n\n\n<p class=\"has-white-color has-vivid-red-background-color has-text-color has-background\">Bir hasta kons\u00fclsiyona gelmezse, triage g\u00f6r\u00fc\u015fmesi \u00fccretlendirilecektir.<\/p>\n","protected":false},"excerpt":{"rendered":"<p>Genel bak\u0131m temel sigorta kapsam\u0131ndad\u0131r. Genel bak\u0131m masraflar\u0131, d\u00fc\u015f\u00fclebiliriniz taraf\u0131ndan kar\u015f\u0131lanmaz. Do\u011frudan sa\u011fl\u0131k sigortan\u0131zdan talep edemedi\u011fimiz i\u00e7in bizden bir fatura alman\u0131z m\u00fcmk\u00fcnd\u00fcr.. Daha sonra masraflar\u0131 bize \u00f6demeli ve sa\u011fl\u0131k sigortac\u0131n\u0131za geri talep etmelisiniz.. Doktor taraf\u0131ndan talep edilen ek muayeneler ve re\u00e7eteli ila\u00e7lar \u00fc\u00e7\u00fcnc\u00fc \u015fah\u0131slar taraf\u0131ndan beyan edilir ve genellikle indirimlidir. Fiyatlar\u0131m\u0131z Hollanda Sa\u011fl\u0131k Otoritesi taraf\u0131ndan Euro cinsinden belirlendi: Ocak 2023 Dan\u0131\u015fma: 112.66\u20ac Ziyaret: 168.99\u20ac Triaj dan\u0131\u015fmanl\u0131\u011f\u0131: 35.00\u20ac \u015eubat &#8211; Nisan 2023 Dan\u0131\u015fma: 138.23\u20ac Ziyaret: 207.35\u20ac [&#8230;]<\/p>\n","protected":false},"author":3,"featured_media":0,"parent":0,"menu_order":160,"comment_status":"closed","ping_status":"closed","template":"","meta":{"_acf_changed":false,"_trash_the_other_posts":false,"editor_notices":[],"footnotes":""},"class_list":["post-2029","page","type-page","status-publish","hentry"],"acf":[],"yoast_head":"<!-- This site is optimized with the Yoast SEO plugin v26.6 - https:\/\/yoast.com\/wordpress\/plugins\/seo\/ -->\n<title>Maastricht Pratisyen Hekimler Acil Postas\u0131na bir ziyaretin maliyeti nedir?<\/title>\n<meta name=\"description\" content=\"Genel bak\u0131m temel sigorta kapsam\u0131ndad\u0131r. Bunlar Hollanda Sa\u011fl\u0131k Otoritesi taraf\u0131ndan belirlenen oranlar\u0131m\u0131z.\" \/>\n<meta name=\"robots\" content=\"index, follow, max-snippet:-1, max-image-preview:large, max-video-preview:-1\" \/>\n<link rel=\"canonical\" href=\"https:\/\/hapmaastricht.nl\/tr\/tarifeler\/\" \/>\n<meta property=\"og:locale\" content=\"tr_TR\" \/>\n<meta property=\"og:type\" content=\"article\" \/>\n<meta property=\"og:title\" content=\"Maastricht Pratisyen Hekimler Acil Postas\u0131na bir ziyaretin maliyeti nedir?\" \/>\n<meta property=\"og:description\" content=\"Genel bak\u0131m temel sigorta kapsam\u0131ndad\u0131r. Bunlar Hollanda Sa\u011fl\u0131k Otoritesi taraf\u0131ndan belirlenen oranlar\u0131m\u0131z.\" \/>\n<meta property=\"og:url\" content=\"https:\/\/hapmaastricht.nl\/tr\/tarifeler\/\" \/>\n<meta property=\"og:site_name\" content=\"GP Acil Durum Postas\u0131 Maastricht\" \/>\n<meta property=\"article:modified_time\" content=\"2026-02-11T08:58:17+00:00\" \/>\n<meta name=\"twitter:card\" content=\"summary_large_image\" \/>\n<meta name=\"twitter:label1\" content=\"Tahmini okuma s\u00fcresi\" \/>\n\t<meta name=\"twitter:data1\" content=\"1 dakika\" \/>\n<script type=\"application\/ld+json\" class=\"yoast-schema-graph\">{\"@context\":\"https:\/\/schema.org\",\"@graph\":[{\"@type\":\"WebPage\",\"@id\":\"https:\/\/hapmaastricht.nl\/tr\/tarifeler\/\",\"url\":\"https:\/\/hapmaastricht.nl\/tr\/tarifeler\/\",\"name\":\"Maastricht Pratisyen Hekimler Acil Postas\u0131na bir ziyaretin maliyeti nedir?\",\"isPartOf\":{\"@id\":\"https:\/\/hapmaastricht.nl\/tr\/#website\"},\"datePublished\":\"2023-04-28T07:42:59+00:00\",\"dateModified\":\"2026-02-11T08:58:17+00:00\",\"description\":\"Genel bak\u0131m temel sigorta kapsam\u0131ndad\u0131r. Bunlar Hollanda Sa\u011fl\u0131k Otoritesi taraf\u0131ndan belirlenen oranlar\u0131m\u0131z.\",\"breadcrumb\":{\"@id\":\"https:\/\/hapmaastricht.nl\/tr\/tarifeler\/#breadcrumb\"},\"inLanguage\":\"tr\",\"potentialAction\":[{\"@type\":\"ReadAction\",\"target\":[\"https:\/\/hapmaastricht.nl\/tr\/tarifeler\/\"]}]},{\"@type\":\"BreadcrumbList\",\"@id\":\"https:\/\/hapmaastricht.nl\/tr\/tarifeler\/#breadcrumb\",\"itemListElement\":[{\"@type\":\"ListItem\",\"position\":1,\"name\":\"Home\",\"item\":\"https:\/\/hapmaastricht.nl\/tr\/\"},{\"@type\":\"ListItem\",\"position\":2,\"name\":\"Oranlar\"}]},{\"@type\":\"WebSite\",\"@id\":\"https:\/\/hapmaastricht.nl\/tr\/#website\",\"url\":\"https:\/\/hapmaastricht.nl\/tr\/\",\"name\":\"GP Acil Durum Postas\u0131 Maastricht\",\"description\":\"\",\"potentialAction\":[{\"@type\":\"SearchAction\",\"target\":{\"@type\":\"EntryPoint\",\"urlTemplate\":\"https:\/\/hapmaastricht.nl\/tr\/?s={search_term_string}\"},\"query-input\":{\"@type\":\"PropertyValueSpecification\",\"valueRequired\":true,\"valueName\":\"search_term_string\"}}],\"inLanguage\":\"tr\"}]}<\/script>\n<!-- \/ Yoast SEO plugin. -->","yoast_head_json":{"title":"Maastricht Pratisyen Hekimler Acil Postas\u0131na bir ziyaretin maliyeti nedir?","description":"Genel bak\u0131m temel sigorta kapsam\u0131ndad\u0131r. Bunlar Hollanda Sa\u011fl\u0131k Otoritesi taraf\u0131ndan belirlenen oranlar\u0131m\u0131z.","robots":{"index":"index","follow":"follow","max-snippet":"max-snippet:-1","max-image-preview":"max-image-preview:large","max-video-preview":"max-video-preview:-1"},"canonical":"https:\/\/hapmaastricht.nl\/tr\/tarifeler\/","og_locale":"tr_TR","og_type":"article","og_title":"Maastricht Pratisyen Hekimler Acil Postas\u0131na bir ziyaretin maliyeti nedir?","og_description":"Genel bak\u0131m temel sigorta kapsam\u0131ndad\u0131r. Bunlar Hollanda Sa\u011fl\u0131k Otoritesi taraf\u0131ndan belirlenen oranlar\u0131m\u0131z.","og_url":"https:\/\/hapmaastricht.nl\/tr\/tarifeler\/","og_site_name":"GP Acil Durum Postas\u0131 Maastricht","article_modified_time":"2026-02-11T08:58:17+00:00","twitter_card":"summary_large_image","twitter_misc":{"Tahmini okuma s\u00fcresi":"1 dakika"},"schema":{"@context":"https:\/\/schema.org","@graph":[{"@type":"WebPage","@id":"https:\/\/hapmaastricht.nl\/tr\/tarifeler\/","url":"https:\/\/hapmaastricht.nl\/tr\/tarifeler\/","name":"Maastricht Pratisyen Hekimler Acil Postas\u0131na bir ziyaretin maliyeti nedir?","isPartOf":{"@id":"https:\/\/hapmaastricht.nl\/tr\/#website"},"datePublished":"2023-04-28T07:42:59+00:00","dateModified":"2026-02-11T08:58:17+00:00","description":"Genel bak\u0131m temel sigorta kapsam\u0131ndad\u0131r. Bunlar Hollanda Sa\u011fl\u0131k Otoritesi taraf\u0131ndan belirlenen oranlar\u0131m\u0131z.","breadcrumb":{"@id":"https:\/\/hapmaastricht.nl\/tr\/tarifeler\/#breadcrumb"},"inLanguage":"tr","potentialAction":[{"@type":"ReadAction","target":["https:\/\/hapmaastricht.nl\/tr\/tarifeler\/"]}]},{"@type":"BreadcrumbList","@id":"https:\/\/hapmaastricht.nl\/tr\/tarifeler\/#breadcrumb","itemListElement":[{"@type":"ListItem","position":1,"name":"Home","item":"https:\/\/hapmaastricht.nl\/tr\/"},{"@type":"ListItem","position":2,"name":"Oranlar"}]},{"@type":"WebSite","@id":"https:\/\/hapmaastricht.nl\/tr\/#website","url":"https:\/\/hapmaastricht.nl\/tr\/","name":"GP Acil Durum Postas\u0131 Maastricht","description":"","potentialAction":[{"@type":"SearchAction","target":{"@type":"EntryPoint","urlTemplate":"https:\/\/hapmaastricht.nl\/tr\/?s={search_term_string}"},"query-input":{"@type":"PropertyValueSpecification","valueRequired":true,"valueName":"search_term_string"}}],"inLanguage":"tr"}]}},"_links":{"self":[{"href":"https:\/\/hapmaastricht.nl\/tr\/wp-json\/wp\/v2\/pages\/2029","targetHints":{"allow":["GET"]}}],"collection":[{"href":"https:\/\/hapmaastricht.nl\/tr\/wp-json\/wp\/v2\/pages"}],"about":[{"href":"https:\/\/hapmaastricht.nl\/tr\/wp-json\/wp\/v2\/types\/page"}],"author":[{"embeddable":true,"href":"https:\/\/hapmaastricht.nl\/tr\/wp-json\/wp\/v2\/users\/3"}],"replies":[{"embeddable":true,"href":"https:\/\/hapmaastricht.nl\/tr\/wp-json\/wp\/v2\/comments?post=2029"}],"version-history":[{"count":9,"href":"https:\/\/hapmaastricht.nl\/tr\/wp-json\/wp\/v2\/pages\/2029\/revisions"}],"predecessor-version":[{"id":9275,"href":"https:\/\/hapmaastricht.nl\/tr\/wp-json\/wp\/v2\/pages\/2029\/revisions\/9275"}],"wp:attachment":[{"href":"https:\/\/hapmaastricht.nl\/tr\/wp-json\/wp\/v2\/media?parent=2029"}],"curies":[{"name":"wp","href":"https:\/\/api.w.org\/{rel}","templated":true}]}}