{"id":2143,"date":"2023-05-19T09:33:10","date_gmt":"2023-05-19T07:33:10","guid":{"rendered":"https:\/\/multisite.mindd.dev\/hap-maastricht\/?page_id=2143"},"modified":"2026-03-19T11:04:29","modified_gmt":"2026-03-19T10:04:29","slug":"musteri-konseyi","status":"publish","type":"page","link":"https:\/\/hapmaastricht.nl\/tr\/musteri-konseyi\/","title":{"rendered":"M\u00fc\u015fteri konseyi"},"content":{"rendered":"\n\n\n<p>GP Acil Servis Merkezi kurulu, bak\u0131m kalitesini art\u0131rmak i\u00e7in hastalar\u0131n kat\u0131l\u0131m\u0131 ve kat\u0131l\u0131m f\u0131rsatlar\u0131na b\u00fcy\u00fck \u00f6nem vermektedir. Sa\u011fl\u0131k Kurumlar\u0131na M\u00fcvekkillerin Kat\u0131l\u0131m\u0131 Yasas\u0131 (WMCZ) bununla m\u00fckemmel bir uyum sa\u011flar ve b\u00f6ylece t\u00fcm kurumlara M\u00fc\u015fteri Konseyi&#8217;nin kurulmas\u0131 i\u00e7in yasal bir temel sa\u011flar. Bu nedenle, 2022 y\u0131l\u0131nda Maastricht ve Heuvelland Acil Durum Merkezi&#8217;nde b\u00f6yle bir konsey kurulmas\u0131na karar verildi.<\/p>\n\n\n\n<h2 class=\"wp-block-heading\">Ama\u00e7<\/h2>\n\n\n\n<p>M\u00fc\u015fteri Konseyi&#8217;nin amac\u0131, m\u00fcvekkillerin ortak \u00e7\u0131karlar\u0131n\u0131 temsil etmektir. B\u00f6lgedeki t\u00fcm sakinlerin g\u00f6z\u00fcnde, Genel Hekimler Acil Durum Merkezi&#8217;nin g\u00f6revlerini nas\u0131l y\u00fcr\u00fctt\u00fc\u011f\u00fcne bak\u0131yoruz. Sonu\u00e7ta, her asistan bir noktada GP Acil Servis hastas\u0131 olabilir. M\u00fc\u015fteri Konseyi, m\u00fcvekkiller i\u00e7in \u00f6nemli konularda Y\u00fcr\u00fctme Kurulu&#8217;na istenen ve talep edilmeyen dan\u0131\u015fmanl\u0131k sa\u011flama yasal yetkisine sahiptir. Hasta bilgileri, mahremiyet korumas\u0131 ve \u015fikayet prosed\u00fcr\u00fc buna \u00f6rnektir. GP Acil Durum Merkezi ve M\u00fc\u015fteri Konseyi bu konuda d\u00fczenli toplant\u0131lar yapar.<\/p>\n\n\n\n<h2 class=\"wp-block-heading\">G\u00f6revler<\/h2>\n\n\n\n<p>M\u00fc\u015fteri Konseyi, Maastricht ve Heuvelland Acil T\u0131bbi Kliniklerinin sorumlulu\u011funda sunulan bak\u0131mdan yararlanan hastalar\u0131n genel \u00e7\u0131karlar\u0131na odaklan\u0131r. Konsey, \u00e7ok \u00e7e\u015fitli konular\u0131 d\u00fc\u015f\u00fcnme ve tart\u0131\u015fma f\u0131rsatlar\u0131na sahiptir. Bak\u0131m kalitesini art\u0131rmak ve bu konuda ileti\u015fimi art\u0131rmak i\u00e7in \u00f6nerileriniz varsa, M\u00fc\u015fteri Konseyi ile ileti\u015fime ge\u00e7meye i\u00e7tenlikle davet ediliriz.<\/p>\n\n\n\n<h2 class=\"wp-block-heading\">Bile\u015fim<\/h2>\n\n\n\n<p>M\u00fc\u015fteri Konseyi \u015fu anda be\u015f \u00fcyeden olu\u015fmaktad\u0131r. Bu \u00fcyeler, Maastricht ve Heuvelland GP Acil Durum Merkezi&#8217;nin t\u00fcm kapsam alan\u0131ndan gelen m\u00fc\u015fterileri temsil eder ve GP Acil Durum Merkezi ile maddi veya ticari bir ba\u011flar\u0131 yoktur.<\/p>\n\n\n\n<h2 class=\"wp-block-heading\">\u00dcyeler<\/h2>\n\n\n\n<p>John Wintjens, ba\u015fkan<br>Koos Munnecom, sekreter<br>Trudy Dolmans<br>Annemiek Wijnheijmer<br>Janny de Vries<br>Toine Kamplar\u0131<br><\/p>\n\n\n\n<p><\/p>\n\n\n\n<h2 class=\"wp-block-heading\">Bo\u015f Pozisyonlar<\/h2>\n\n\n\n<p>\u015eu anda bo\u015f yer yok.<\/p>\n\n\n\n<h2 class=\"wp-block-heading\">Y\u0131ll\u0131k rapor<\/h2>\n\n\n\n<p>2025 y\u0131ll\u0131k <a href=\"https:\/\/hapmaastricht.nl\/wp-content\/uploads\/sites\/30\/2026\/03\/JAARVERSLAG-Clientenraad-HAP-2025.pdf\" target=\"_blank\" rel=\"noreferrer noopener\">raporunu buradan<\/a> indirebilirsiniz.<\/p>\n\n\n\n<p>A\u015fa\u011f\u0131daki formu doldurarak M\u00fc\u015fteri Konseyi ile ileti\u015fime ge\u00e7ebilirsiniz. Sorunuz\/yorumunuz bir sonraki meclis toplant\u0131s\u0131nda tart\u0131\u015f\u0131lacakt\u0131r. O zaman bizden somut bir cevap alacaks\u0131n\u0131z.<\/p>\n\n\n\n<p>Not: M\u00fc\u015fteri Konseyi, g\u00f6revdeki genel hekimler veya GP Acil Durum \u0130stasyonu&#8217;nun di\u011fer \u00e7al\u0131\u015fanlar\u0131 hakk\u0131nda \u015fikayetleri ele almaz. \u015eikayet nas\u0131l yap\u0131laca\u011f\u0131na dair daha fazla <a href=\"https:\/\/hapmaastricht.nl\/veelgestelde-vragen\/klachten-complimenten\/\">bilgi burada<\/a> bulunabilir.<\/p>\n\n\n\n<h2 class=\"wp-block-heading\">\u0130leti\u015fim<\/h2>\n\n\n<script>\nvar gform;gform||(document.addEventListener(\"gform_main_scripts_loaded\",function(){gform.scriptsLoaded=!0}),document.addEventListener(\"gform\/theme\/scripts_loaded\",function(){gform.themeScriptsLoaded=!0}),window.addEventListener(\"DOMContentLoaded\",function(){gform.domLoaded=!0}),gform={domLoaded:!1,scriptsLoaded:!1,themeScriptsLoaded:!1,isFormEditor:()=>\"function\"==typeof InitializeEditor,callIfLoaded:function(o){return!(!gform.domLoaded||!gform.scriptsLoaded||!gform.themeScriptsLoaded&&!gform.isFormEditor()||(gform.isFormEditor()&&console.warn(\"The use of gform.initializeOnLoaded() is deprecated in the form editor context and will be removed in Gravity Forms 3.1.\"),o(),0))},initializeOnLoaded:function(o){gform.callIfLoaded(o)||(document.addEventListener(\"gform_main_scripts_loaded\",()=>{gform.scriptsLoaded=!0,gform.callIfLoaded(o)}),document.addEventListener(\"gform\/theme\/scripts_loaded\",()=>{gform.themeScriptsLoaded=!0,gform.callIfLoaded(o)}),window.addEventListener(\"DOMContentLoaded\",()=>{gform.domLoaded=!0,gform.callIfLoaded(o)}))},hooks:{action:{},filter:{}},addAction:function(o,r,e,t){gform.addHook(\"action\",o,r,e,t)},addFilter:function(o,r,e,t){gform.addHook(\"filter\",o,r,e,t)},doAction:function(o){gform.doHook(\"action\",o,arguments)},applyFilters:function(o){return gform.doHook(\"filter\",o,arguments)},removeAction:function(o,r){gform.removeHook(\"action\",o,r)},removeFilter:function(o,r,e){gform.removeHook(\"filter\",o,r,e)},addHook:function(o,r,e,t,n){null==gform.hooks[o][r]&&(gform.hooks[o][r]=[]);var d=gform.hooks[o][r];null==n&&(n=r+\"_\"+d.length),gform.hooks[o][r].push({tag:n,callable:e,priority:t=null==t?10:t})},doHook:function(r,o,e){var t;if(e=Array.prototype.slice.call(e,1),null!=gform.hooks[r][o]&&((o=gform.hooks[r][o]).sort(function(o,r){return o.priority-r.priority}),o.forEach(function(o){\"function\"!=typeof(t=o.callable)&&(t=window[t]),\"action\"==r?t.apply(null,e):e[0]=t.apply(null,e)})),\"filter\"==r)return e[0]},removeHook:function(o,r,t,n){var e;null!=gform.hooks[o][r]&&(e=(e=gform.hooks[o][r]).filter(function(o,r,e){return!!(null!=n&&n!=o.tag||null!=t&&t!=o.priority)}),gform.hooks[o][r]=e)}});\n<\/script>\n\n                <div class='gf_browser_gecko gform_wrapper gravity-theme gform-theme--no-framework' data-form-theme='gravity-theme' data-form-index='0' id='gform_wrapper_8' >\n                        <div class='gform_heading'>\n                            <h2 class=\"gform_title\">Cli\u00ebntenraad<\/h2>\n                            <p class='gform_description'><\/p>\n                        <\/div><form method='post' enctype='multipart\/form-data'  id='gform_8'  action='\/tr\/wp-json\/wp\/v2\/pages\/2143' data-formid='8' novalidate>\n                        <div class='gform-body gform_body'><div id='gform_fields_8' class='gform_fields top_label form_sublabel_below description_below validation_below'><div id=\"field_8_1\" class=\"gfield gfield--type-text gfield_contains_required field_sublabel_below gfield--no-description field_description_below field_validation_below gfield_visibility_visible\"  ><label class='gfield_label gform-field-label' for='input_8_1'>Naam<span class=\"gfield_required\"><span class=\"gfield_required gfield_required_text\">(Gerekli)<\/span><\/span><\/label><div class='ginput_container ginput_container_text'><input name='input_1' id='input_8_1' type='text' value='' class='large'     aria-required=\"true\" aria-invalid=\"false\"   \/><\/div><\/div><div id=\"field_8_2\" class=\"gfield gfield--type-text gfield--width-full gfield_contains_required field_sublabel_below gfield--no-description field_description_below field_validation_below gfield_visibility_visible\"  ><label class='gfield_label gform-field-label' for='input_8_2'>Straat + huisnummer<span class=\"gfield_required\"><span class=\"gfield_required gfield_required_text\">(Gerekli)<\/span><\/span><\/label><div class='ginput_container ginput_container_text'><input name='input_2' id='input_8_2' type='text' value='' class='large'     aria-required=\"true\" aria-invalid=\"false\"   \/><\/div><\/div><div id=\"field_8_3\" class=\"gfield gfield--type-text gfield--width-half gfield_contains_required field_sublabel_below gfield--no-description field_description_below field_validation_below gfield_visibility_visible\"  ><label class='gfield_label gform-field-label' for='input_8_3'>Postcode<span class=\"gfield_required\"><span class=\"gfield_required gfield_required_text\">(Gerekli)<\/span><\/span><\/label><div class='ginput_container ginput_container_text'><input name='input_3' id='input_8_3' type='text' value='' class='large'     aria-required=\"true\" aria-invalid=\"false\"   \/><\/div><\/div><div id=\"field_8_4\" class=\"gfield gfield--type-text gfield--width-half gfield_contains_required field_sublabel_below gfield--no-description field_description_below field_validation_below gfield_visibility_visible\"  ><label class='gfield_label gform-field-label' for='input_8_4'>Woonplaats<span class=\"gfield_required\"><span class=\"gfield_required gfield_required_text\">(Gerekli)<\/span><\/span><\/label><div class='ginput_container ginput_container_text'><input name='input_4' id='input_8_4' type='text' value='' class='large'     aria-required=\"true\" aria-invalid=\"false\"   \/><\/div><\/div><div id=\"field_8_5\" class=\"gfield gfield--type-text gfield--width-full field_sublabel_below gfield--no-description field_description_below field_validation_below gfield_visibility_visible\"  ><label class='gfield_label gform-field-label' for='input_8_5'>Telefoonnummer<\/label><div class='ginput_container ginput_container_text'><input name='input_5' id='input_8_5' type='text' value='' class='large'      aria-invalid=\"false\"   \/><\/div><\/div><div id=\"field_8_7\" class=\"gfield gfield--type-email gfield--width-full gfield_contains_required field_sublabel_below gfield--no-description field_description_below field_validation_below gfield_visibility_visible\"  ><label class='gfield_label gform-field-label' for='input_8_7'>E-mailadres<span class=\"gfield_required\"><span class=\"gfield_required gfield_required_text\">(Gerekli)<\/span><\/span><\/label><div class='ginput_container ginput_container_email'>\n                            <input name='input_7' id='input_8_7' type='email' value='' class='large'    aria-required=\"true\" aria-invalid=\"false\"  \/>\n                        <\/div><\/div><div id=\"field_8_8\" class=\"gfield gfield--type-textarea gfield--width-full field_sublabel_below gfield--no-description field_description_below field_validation_below gfield_visibility_visible\"  ><label class='gfield_label gform-field-label' for='input_8_8'>Mijn vraag\/opmerking<\/label><div class='ginput_container ginput_container_textarea'><textarea name='input_8' id='input_8_8' class='textarea large'      aria-invalid=\"false\"   rows='10' cols='50'><\/textarea><\/div><\/div><div id=\"field_8_9\" class=\"gfield gfield--type-captcha gfield--width-full field_sublabel_below gfield--no-description field_description_below field_validation_below gfield_visibility_visible\"  ><label class='gfield_label gform-field-label' for='input_8_9'>CAPTCHA<\/label><div id='input_8_9' class='ginput_container ginput_recaptcha' data-sitekey='6LcBpHwmAAAAAPDSV-A853yyIoTBUbSo4szxA4le'  data-theme='light' data-tabindex='0'  data-badge=''><\/div><\/div><\/div><\/div>\n        <div class='gform-footer gform_footer top_label'> <input type='submit' id='gform_submit_button_8' class='gform_button button' onclick='gform.submission.handleButtonClick(this);' data-submission-type='submit' value='G\u00f6nder'  \/> \n            <input type='hidden' class='gform_hidden' name='gform_submission_method' data-js='gform_submission_method_8' value='postback' \/>\n            <input type='hidden' class='gform_hidden' name='gform_theme' data-js='gform_theme_8' id='gform_theme_8' value='gravity-theme' \/>\n            <input type='hidden' class='gform_hidden' name='gform_style_settings' data-js='gform_style_settings_8' id='gform_style_settings_8' value='{&quot;inputPrimaryColor&quot;:&quot;#204ce5&quot;}' \/>\n            <input type='hidden' class='gform_hidden' name='is_submit_8' value='1' \/>\n            <input type='hidden' class='gform_hidden' name='gform_submit' value='8' \/>\n            \n            <input type='hidden' class='gform_hidden' name='gform_unique_id' value='' \/>\n            <input type='hidden' class='gform_hidden' name='state_8' value='WyJbXSIsImJlYmM0NzQxNGFjMWJhMGI2MzU2OGIyMTgzM2FhOWJkIl0=' \/>\n            <input type='hidden' autocomplete='off' class='gform_hidden' name='gform_target_page_number_8' id='gform_target_page_number_8' value='0' \/>\n            <input type='hidden' autocomplete='off' class='gform_hidden' name='gform_source_page_number_8' id='gform_source_page_number_8' value='1' \/>\n            <input type='hidden' name='gform_field_values' value='' \/>\n            \n        <\/div>\n                        <\/form>\n                        <\/div><script>\ngform.initializeOnLoaded( function() {gformInitSpinner( 8, 'https:\/\/hapmaastricht.nl\/tr\/wp-content\/plugins\/gravityforms\/images\/spinner.svg', true );jQuery('#gform_ajax_frame_8').on('load',function(){var contents = jQuery(this).contents().find('*').html();var is_postback = contents.indexOf('GF_AJAX_POSTBACK') >= 0;if(!is_postback){return;}var form_content = jQuery(this).contents().find('#gform_wrapper_8');var is_confirmation = jQuery(this).contents().find('#gform_confirmation_wrapper_8').length > 0;var is_redirect = contents.indexOf('gformRedirect(){') >= 0;var is_form = form_content.length > 0 && ! is_redirect && ! is_confirmation;var mt = parseInt(jQuery('html').css('margin-top'), 10) + parseInt(jQuery('body').css('margin-top'), 10) + 100;if(is_form){jQuery('#gform_wrapper_8').html(form_content.html());if(form_content.hasClass('gform_validation_error')){jQuery('#gform_wrapper_8').addClass('gform_validation_error');} else {jQuery('#gform_wrapper_8').removeClass('gform_validation_error');}setTimeout( function() { \/* delay the scroll by 50 milliseconds to fix a bug in chrome *\/  }, 50 );if(window['gformInitDatepicker']) {gformInitDatepicker();}if(window['gformInitPriceFields']) {gformInitPriceFields();}var current_page = jQuery('#gform_source_page_number_8').val();gformInitSpinner( 8, 'https:\/\/hapmaastricht.nl\/tr\/wp-content\/plugins\/gravityforms\/images\/spinner.svg', true );jQuery(document).trigger('gform_page_loaded', [8, current_page]);window['gf_submitting_8'] = false;}else if(!is_redirect){var confirmation_content = jQuery(this).contents().find('.GF_AJAX_POSTBACK').html();if(!confirmation_content){confirmation_content = contents;}jQuery('#gform_wrapper_8').replaceWith(confirmation_content);jQuery(document).trigger('gform_confirmation_loaded', [8]);window['gf_submitting_8'] = false;wp.a11y.speak(jQuery('#gform_confirmation_message_8').text());}else{jQuery('#gform_8').append(contents);if(window['gformRedirect']) {gformRedirect();}}jQuery(document).trigger(\"gform_pre_post_render\", [{ formId: \"8\", currentPage: \"current_page\", abort: function() { this.preventDefault(); } }]);        if (event && event.defaultPrevented) {                return;        }        const gformWrapperDiv = document.getElementById( \"gform_wrapper_8\" );        if ( gformWrapperDiv ) {            const visibilitySpan = document.createElement( \"span\" );            visibilitySpan.id = \"gform_visibility_test_8\";            gformWrapperDiv.insertAdjacentElement( \"afterend\", visibilitySpan );        }        const visibilityTestDiv = document.getElementById( \"gform_visibility_test_8\" );        let postRenderFired = false;        function triggerPostRender() {            if ( postRenderFired ) {                return;            }            postRenderFired = true;            gform.core.triggerPostRenderEvents( 8, current_page );            if ( visibilityTestDiv ) {                visibilityTestDiv.parentNode.removeChild( visibilityTestDiv );            }        }        function debounce( func, wait, immediate ) {            var timeout;            return function() {                var context = this, args = arguments;                var later = function() {                    timeout = null;                    if ( !immediate ) func.apply( context, args );                };                var callNow = immediate && !timeout;                clearTimeout( timeout );                timeout = setTimeout( later, wait );                if ( callNow ) func.apply( context, args );            };        }        const debouncedTriggerPostRender = debounce( function() {            triggerPostRender();        }, 200 );        if ( visibilityTestDiv && visibilityTestDiv.offsetParent === null ) {            const observer = new MutationObserver( ( mutations ) => {                mutations.forEach( ( mutation ) => {                    if ( mutation.type === 'attributes' && visibilityTestDiv.offsetParent !== null ) {                        debouncedTriggerPostRender();                        observer.disconnect();                    }                });            });            observer.observe( document.body, {                attributes: true,                childList: false,                subtree: true,                attributeFilter: [ 'style', 'class' ],            });        } else {            triggerPostRender();        }    } );} );\n<\/script>\n","protected":false},"excerpt":{"rendered":"<p>Genel Uygulama Acil Postas\u0131 kurulu, bak\u0131m kalitesini iyile\u015ftirmek i\u00e7in hastalar\u0131n kat\u0131l\u0131m\u0131na ve kat\u0131l\u0131m\u0131na b\u00fcy\u00fck \u00f6nem vermektedir.. Sa\u011fl\u0131k Kurumlar\u0131 M\u00fc\u015fteri Kat\u0131l\u0131m\u0131 Yasas\u0131 (WMCZ) buna sorunsuz bir \u015fekilde uyar ve bu nedenle t\u00fcm kurumlara bir M\u00fc\u015fteri Konseyi olu\u015fturmak i\u00e7in yasal bir temel sa\u011flar. Bu nedenle 2022&#8217;de Maastricht ve Heuvelland Pratisyen Hekimler Acil Durum Postas\u0131 i\u00e7in b\u00f6yle bir konsey kurulmas\u0131na karar verildi. Ama\u00e7 M\u00fc\u015fteri Konseyi, m\u00fc\u015fterilerin ortak \u00e7\u0131karlar\u0131n\u0131 temsil etmeyi ama\u00e7lamaktad\u0131r. B\u00f6lgedeki t\u00fcm sakinlerin g\u00f6z\u00fcyle, Genel Uygulama Acil Durum Postas\u0131n\u0131n g\u00f6revlerini nas\u0131l yerine getirdi\u011fine bak\u0131yoruz. [&#8230;]<\/p>\n","protected":false},"author":3,"featured_media":0,"parent":0,"menu_order":42,"comment_status":"closed","ping_status":"closed","template":"","meta":{"_acf_changed":false,"_trash_the_other_posts":false,"editor_notices":[],"footnotes":""},"class_list":["post-2143","page","type-page","status-publish","hentry"],"acf":[],"yoast_head":"<!-- This site is optimized with the Yoast SEO plugin v26.6 - https:\/\/yoast.com\/wordpress\/plugins\/seo\/ -->\n<title>M\u00fc\u015fteri konseyi - GP Acil Durum Postas\u0131 Maastricht<\/title>\n<meta name=\"robots\" content=\"index, follow, max-snippet:-1, max-image-preview:large, max-video-preview:-1\" \/>\n<link rel=\"canonical\" href=\"https:\/\/hapmaastricht.nl\/tr\/musteri-konseyi\/\" \/>\n<meta property=\"og:locale\" content=\"tr_TR\" \/>\n<meta property=\"og:type\" content=\"article\" \/>\n<meta property=\"og:title\" content=\"M\u00fc\u015fteri konseyi - GP Acil Durum Postas\u0131 Maastricht\" \/>\n<meta property=\"og:description\" content=\"Genel Uygulama Acil Postas\u0131 kurulu, bak\u0131m kalitesini iyile\u015ftirmek i\u00e7in hastalar\u0131n kat\u0131l\u0131m\u0131na ve kat\u0131l\u0131m\u0131na b\u00fcy\u00fck \u00f6nem vermektedir.. Sa\u011fl\u0131k Kurumlar\u0131 M\u00fc\u015fteri Kat\u0131l\u0131m\u0131 Yasas\u0131 (WMCZ) buna sorunsuz bir \u015fekilde uyar ve bu nedenle t\u00fcm kurumlara bir M\u00fc\u015fteri Konseyi olu\u015fturmak i\u00e7in yasal bir temel sa\u011flar. Bu nedenle 2022&#039;de Maastricht ve Heuvelland Pratisyen Hekimler Acil Durum Postas\u0131 i\u00e7in b\u00f6yle bir konsey kurulmas\u0131na karar verildi. Ama\u00e7 M\u00fc\u015fteri Konseyi, m\u00fc\u015fterilerin ortak \u00e7\u0131karlar\u0131n\u0131 temsil etmeyi ama\u00e7lamaktad\u0131r. B\u00f6lgedeki t\u00fcm sakinlerin g\u00f6z\u00fcyle, Genel Uygulama Acil Durum Postas\u0131n\u0131n g\u00f6revlerini nas\u0131l yerine getirdi\u011fine bak\u0131yoruz. [...]\" \/>\n<meta property=\"og:url\" content=\"https:\/\/hapmaastricht.nl\/tr\/musteri-konseyi\/\" \/>\n<meta property=\"og:site_name\" content=\"GP Acil Durum Postas\u0131 Maastricht\" \/>\n<meta property=\"article:modified_time\" content=\"2026-03-19T10:04:29+00:00\" \/>\n<meta name=\"twitter:card\" content=\"summary_large_image\" \/>\n<meta name=\"twitter:label1\" content=\"Tahmini okuma s\u00fcresi\" \/>\n\t<meta name=\"twitter:data1\" content=\"2 dakika\" \/>\n<script type=\"application\/ld+json\" class=\"yoast-schema-graph\">{\"@context\":\"https:\/\/schema.org\",\"@graph\":[{\"@type\":\"WebPage\",\"@id\":\"https:\/\/hapmaastricht.nl\/tr\/musteri-konseyi\/\",\"url\":\"https:\/\/hapmaastricht.nl\/tr\/musteri-konseyi\/\",\"name\":\"M\u00fc\u015fteri konseyi - GP Acil Durum Postas\u0131 Maastricht\",\"isPartOf\":{\"@id\":\"https:\/\/hapmaastricht.nl\/tr\/#website\"},\"datePublished\":\"2023-05-19T07:33:10+00:00\",\"dateModified\":\"2026-03-19T10:04:29+00:00\",\"breadcrumb\":{\"@id\":\"https:\/\/hapmaastricht.nl\/tr\/musteri-konseyi\/#breadcrumb\"},\"inLanguage\":\"tr\",\"potentialAction\":[{\"@type\":\"ReadAction\",\"target\":[\"https:\/\/hapmaastricht.nl\/tr\/musteri-konseyi\/\"]}]},{\"@type\":\"BreadcrumbList\",\"@id\":\"https:\/\/hapmaastricht.nl\/tr\/musteri-konseyi\/#breadcrumb\",\"itemListElement\":[{\"@type\":\"ListItem\",\"position\":1,\"name\":\"Home\",\"item\":\"https:\/\/hapmaastricht.nl\/tr\/\"},{\"@type\":\"ListItem\",\"position\":2,\"name\":\"M\u00fc\u015fteri Konseyi\"}]},{\"@type\":\"WebSite\",\"@id\":\"https:\/\/hapmaastricht.nl\/tr\/#website\",\"url\":\"https:\/\/hapmaastricht.nl\/tr\/\",\"name\":\"GP Acil Durum Postas\u0131 Maastricht\",\"description\":\"\",\"potentialAction\":[{\"@type\":\"SearchAction\",\"target\":{\"@type\":\"EntryPoint\",\"urlTemplate\":\"https:\/\/hapmaastricht.nl\/tr\/?s={search_term_string}\"},\"query-input\":{\"@type\":\"PropertyValueSpecification\",\"valueRequired\":true,\"valueName\":\"search_term_string\"}}],\"inLanguage\":\"tr\"}]}<\/script>\n<!-- \/ Yoast SEO plugin. -->","yoast_head_json":{"title":"M\u00fc\u015fteri konseyi - GP Acil Durum Postas\u0131 Maastricht","robots":{"index":"index","follow":"follow","max-snippet":"max-snippet:-1","max-image-preview":"max-image-preview:large","max-video-preview":"max-video-preview:-1"},"canonical":"https:\/\/hapmaastricht.nl\/tr\/musteri-konseyi\/","og_locale":"tr_TR","og_type":"article","og_title":"M\u00fc\u015fteri konseyi - GP Acil Durum Postas\u0131 Maastricht","og_description":"Genel Uygulama Acil Postas\u0131 kurulu, bak\u0131m kalitesini iyile\u015ftirmek i\u00e7in hastalar\u0131n kat\u0131l\u0131m\u0131na ve kat\u0131l\u0131m\u0131na b\u00fcy\u00fck \u00f6nem vermektedir.. Sa\u011fl\u0131k Kurumlar\u0131 M\u00fc\u015fteri Kat\u0131l\u0131m\u0131 Yasas\u0131 (WMCZ) buna sorunsuz bir \u015fekilde uyar ve bu nedenle t\u00fcm kurumlara bir M\u00fc\u015fteri Konseyi olu\u015fturmak i\u00e7in yasal bir temel sa\u011flar. Bu nedenle 2022'de Maastricht ve Heuvelland Pratisyen Hekimler Acil Durum Postas\u0131 i\u00e7in b\u00f6yle bir konsey kurulmas\u0131na karar verildi. Ama\u00e7 M\u00fc\u015fteri Konseyi, m\u00fc\u015fterilerin ortak \u00e7\u0131karlar\u0131n\u0131 temsil etmeyi ama\u00e7lamaktad\u0131r. B\u00f6lgedeki t\u00fcm sakinlerin g\u00f6z\u00fcyle, Genel Uygulama Acil Durum Postas\u0131n\u0131n g\u00f6revlerini nas\u0131l yerine getirdi\u011fine bak\u0131yoruz. [...]","og_url":"https:\/\/hapmaastricht.nl\/tr\/musteri-konseyi\/","og_site_name":"GP Acil Durum Postas\u0131 Maastricht","article_modified_time":"2026-03-19T10:04:29+00:00","twitter_card":"summary_large_image","twitter_misc":{"Tahmini okuma s\u00fcresi":"2 dakika"},"schema":{"@context":"https:\/\/schema.org","@graph":[{"@type":"WebPage","@id":"https:\/\/hapmaastricht.nl\/tr\/musteri-konseyi\/","url":"https:\/\/hapmaastricht.nl\/tr\/musteri-konseyi\/","name":"M\u00fc\u015fteri konseyi - GP Acil Durum Postas\u0131 Maastricht","isPartOf":{"@id":"https:\/\/hapmaastricht.nl\/tr\/#website"},"datePublished":"2023-05-19T07:33:10+00:00","dateModified":"2026-03-19T10:04:29+00:00","breadcrumb":{"@id":"https:\/\/hapmaastricht.nl\/tr\/musteri-konseyi\/#breadcrumb"},"inLanguage":"tr","potentialAction":[{"@type":"ReadAction","target":["https:\/\/hapmaastricht.nl\/tr\/musteri-konseyi\/"]}]},{"@type":"BreadcrumbList","@id":"https:\/\/hapmaastricht.nl\/tr\/musteri-konseyi\/#breadcrumb","itemListElement":[{"@type":"ListItem","position":1,"name":"Home","item":"https:\/\/hapmaastricht.nl\/tr\/"},{"@type":"ListItem","position":2,"name":"M\u00fc\u015fteri Konseyi"}]},{"@type":"WebSite","@id":"https:\/\/hapmaastricht.nl\/tr\/#website","url":"https:\/\/hapmaastricht.nl\/tr\/","name":"GP Acil Durum Postas\u0131 Maastricht","description":"","potentialAction":[{"@type":"SearchAction","target":{"@type":"EntryPoint","urlTemplate":"https:\/\/hapmaastricht.nl\/tr\/?s={search_term_string}"},"query-input":{"@type":"PropertyValueSpecification","valueRequired":true,"valueName":"search_term_string"}}],"inLanguage":"tr"}]}},"_links":{"self":[{"href":"https:\/\/hapmaastricht.nl\/tr\/wp-json\/wp\/v2\/pages\/2143","targetHints":{"allow":["GET"]}}],"collection":[{"href":"https:\/\/hapmaastricht.nl\/tr\/wp-json\/wp\/v2\/pages"}],"about":[{"href":"https:\/\/hapmaastricht.nl\/tr\/wp-json\/wp\/v2\/types\/page"}],"author":[{"embeddable":true,"href":"https:\/\/hapmaastricht.nl\/tr\/wp-json\/wp\/v2\/users\/3"}],"replies":[{"embeddable":true,"href":"https:\/\/hapmaastricht.nl\/tr\/wp-json\/wp\/v2\/comments?post=2143"}],"version-history":[{"count":6,"href":"https:\/\/hapmaastricht.nl\/tr\/wp-json\/wp\/v2\/pages\/2143\/revisions"}],"predecessor-version":[{"id":9278,"href":"https:\/\/hapmaastricht.nl\/tr\/wp-json\/wp\/v2\/pages\/2143\/revisions\/9278"}],"wp:attachment":[{"href":"https:\/\/hapmaastricht.nl\/tr\/wp-json\/wp\/v2\/media?parent=2143"}],"curies":[{"name":"wp","href":"https:\/\/api.w.org\/{rel}","templated":true}]}}