{"id":2159,"date":"2023-05-19T13:49:16","date_gmt":"2023-05-19T11:49:16","guid":{"rendered":"https:\/\/multisite.mindd.dev\/hap-maastricht\/?page_id=2159"},"modified":"2025-07-10T09:55:44","modified_gmt":"2025-07-10T07:55:44","slug":"site-haritasi","status":"publish","type":"page","link":"https:\/\/hapmaastricht.nl\/tr\/site-haritasi\/","title":{"rendered":"Site Haritas\u0131"},"content":{"rendered":"\n\n<ul class=\"wp-block-page-list\"><li class=\"wp-block-pages-list__item\"><a class=\"wp-block-pages-list__item__link\" href=\"https:\/\/hapmaastricht.nl\/tr\/bagli-kurulus-uygulamalari\/\">Ba\u011fl\u0131 uygulamalar<\/a><\/li><li class=\"wp-block-pages-list__item\"><a class=\"wp-block-pages-list__item__link\" href=\"https:\/\/hapmaastricht.nl\/tr\/pratik-bilgiler\/\">Prosed\u00fcr<\/a><\/li><li class=\"wp-block-pages-list__item\"><a class=\"wp-block-pages-list__item__link\" href=\"https:\/\/hapmaastricht.nl\/tr\/vizyon-ve-hirs\/\">Vizyon ve h\u0131rs<\/a><\/li><li class=\"wp-block-pages-list__item\"><a class=\"wp-block-pages-list__item__link\" href=\"https:\/\/hapmaastricht.nl\/tr\/vizyon-ve-hirs-2\/\">Vizyon ve h\u0131rs<\/a><\/li><li class=\"wp-block-pages-list__item\"><a class=\"wp-block-pages-list__item__link\" href=\"https:\/\/hapmaastricht.nl\/tr\/organizasyon\/\">Vizyon ve h\u0131rs<\/a><\/li><li class=\"wp-block-pages-list__item\"><a class=\"wp-block-pages-list__item__link\" href=\"https:\/\/hapmaastricht.nl\/tr\/404-2\/\">404<\/a><\/li><li class=\"wp-block-pages-list__item\"><a class=\"wp-block-pages-list__item__link\" href=\"https:\/\/hapmaastricht.nl\/tr\/praktijken__trashed\/\">Ba\u011fl\u0131 pratisyen hekim uygulamalar\u0131<\/a><\/li><li class=\"wp-block-pages-list__item\"><a class=\"wp-block-pages-list__item__link\" href=\"https:\/\/hapmaastricht.nl\/tr\/eczane\/\">Eczane<\/a><\/li><li class=\"wp-block-pages-list__item\"><a class=\"wp-block-pages-list__item__link\" href=\"https:\/\/hapmaastricht.nl\/tr\/yonetim-raporu-ve-finansal-tablolar\/\">Raporlama<\/a><\/li><li class=\"wp-block-pages-list__item has-child\"><a class=\"wp-block-pages-list__item__link\" href=\"https:\/\/hapmaastricht.nl\/tr\/musteri-konseyi\/\">M\u00fc\u015fteri konseyi<\/a><ul class=\"wp-block-navigation__submenu-container\"><li class=\"wp-block-pages-list__item \"><a class=\"wp-block-pages-list__item__link\" href=\"https:\/\/hapmaastricht.nl\/tr\/musteri-konseyi\/gonderiminiz-icin-tesekkur-ederiz\/\">G\u00f6nderiminiz i\u00e7in te\u015fekk\u00fcr ederiz!<\/a><\/li><\/ul><\/li><li class=\"wp-block-pages-list__item\"><a class=\"wp-block-pages-list__item__link\" href=\"https:\/\/hapmaastricht.nl\/tr\/cookie-politikamiz\/\">Cookie politikam\u0131z<\/a><\/li><li class=\"wp-block-pages-list__item\"><a class=\"wp-block-pages-list__item__link\" href=\"https:\/\/hapmaastricht.nl\/tr\/form\/\">Form<\/a><\/li><li class=\"wp-block-pages-list__item\"><a class=\"wp-block-pages-list__item__link\" href=\"https:\/\/hapmaastricht.nl\/tr\/kosul-lari\/\">Ko\u015ful -lar\u0131<\/a><\/li><li class=\"wp-block-pages-list__item\"><a class=\"wp-block-pages-list__item__link\" href=\"https:\/\/hapmaastricht.nl\/tr\/saglik-sikayetleri\/\">Sa\u011fl\u0131k \u015fikayetleri<\/a><\/li><li class=\"wp-block-pages-list__item menu-item-home\"><a class=\"wp-block-pages-list__item__link\" href=\"https:\/\/hapmaastricht.nl\/tr\/\">Ev<\/a><\/li><li class=\"wp-block-pages-list__item\"><a class=\"wp-block-pages-list__item__link\" href=\"https:\/\/hapmaastricht.nl\/tr\/konumlar\/\">Konumlar<\/a><\/li><li class=\"wp-block-pages-list__item\"><a class=\"wp-block-pages-list__item__link\" href=\"https:\/\/hapmaastricht.nl\/tr\/haberler\/\">Haberler<\/a><\/li><li class=\"wp-block-pages-list__item\"><a class=\"wp-block-pages-list__item__link\" href=\"https:\/\/hapmaastricht.nl\/tr\/organizasyon-semasi\/\">Y\u00f6netim ve Denetim<\/a><\/li><li class=\"wp-block-pages-list__item\"><a class=\"wp-block-pages-list__item__link\" href=\"https:\/\/hapmaastricht.nl\/tr\/privacy\/\">Privacy<\/a><\/li><li class=\"wp-block-pages-list__item\"><a class=\"wp-block-pages-list__item__link\" href=\"https:\/\/hapmaastricht.nl\/tr\/denetleme-kurulu\/\">Denetleme Kurulu<\/a><\/li><li class=\"wp-block-pages-list__item\"><a class=\"wp-block-pages-list__item__link\" href=\"https:\/\/hapmaastricht.nl\/tr\/birlikte-onemsemek-dnamizda-var\/\">Birlikte \u00f6nemsemek DNA&#8217;m\u0131zda var<\/a><\/li><li class=\"wp-block-pages-list__item\"><a class=\"wp-block-pages-list__item__link\" href=\"https:\/\/hapmaastricht.nl\/tr\/isbirligi-envida\/\">Envida ile \u0130\u015fbirli\u011fi<\/a><\/li><li class=\"wp-block-pages-list__item\"><a class=\"wp-block-pages-list__item__link\" href=\"https:\/\/hapmaastricht.nl\/tr\/site-haritasi\/\">Site Haritas\u0131<\/a><\/li><li class=\"wp-block-pages-list__item\"><a class=\"wp-block-pages-list__item__link\" href=\"https:\/\/hapmaastricht.nl\/tr\/ogrenciler-ve-gurbetciler\/\">Maastricht&#8217;te veya \u00e7evresinde \u00f6\u011frenci mi yoksa gurbet\u00e7i mi?<\/a><\/li><li class=\"wp-block-pages-list__item\"><a class=\"wp-block-pages-list__item__link\" href=\"https:\/\/hapmaastricht.nl\/tr\/dis-hekimi-acil-durum-numarasi\/\">Di\u015f hekimi acil durum numaras\u0131<\/a><\/li><li class=\"wp-block-pages-list__item\"><a class=\"wp-block-pages-list__item__link\" href=\"https:\/\/hapmaastricht.nl\/tr\/oranlar\/\">Fiyatlar<\/a><\/li><li class=\"wp-block-pages-list__item\"><a class=\"wp-block-pages-list__item__link\" href=\"https:\/\/hapmaastricht.nl\/tr\/vacancy\/\">Bo\u015f<\/a><\/li><li class=\"wp-block-pages-list__item\"><a class=\"wp-block-pages-list__item__link\" href=\"https:\/\/hapmaastricht.nl\/tr\/sikca-sorulan-sorular\/\">S\u0131k\u00e7a Sorulan Sorular<\/a><\/li><li class=\"wp-block-pages-list__item\"><a class=\"wp-block-pages-list__item__link\" href=\"https:\/\/hapmaastricht.nl\/tr\/vizyon-tutkusu\/\">Vizyon ve h\u0131rs<\/a><\/li><li class=\"wp-block-pages-list__item\"><a class=\"wp-block-pages-list__item__link\" href=\"https:\/\/hapmaastricht.nl\/tr\/prosedur\/\">Prosed\u00fcr<\/a><\/li><\/ul>","protected":false},"excerpt":{"rendered":"","protected":false},"author":3,"featured_media":0,"parent":0,"menu_order":132,"comment_status":"closed","ping_status":"closed","template":"","meta":{"_acf_changed":false,"_trash_the_other_posts":false,"editor_notices":[],"footnotes":""},"class_list":["post-2159","page","type-page","status-publish","hentry"],"acf":[],"yoast_head":"<!-- This site is optimized with the Yoast SEO plugin v26.6 - https:\/\/yoast.com\/wordpress\/plugins\/seo\/ -->\n<title>Site Haritas\u0131 - GP Acil Durum Postas\u0131 Maastricht<\/title>\n<meta name=\"robots\" content=\"index, follow, max-snippet:-1, max-image-preview:large, max-video-preview:-1\" \/>\n<link rel=\"canonical\" href=\"https:\/\/hapmaastricht.nl\/tr\/site-haritasi\/\" \/>\n<meta property=\"og:locale\" content=\"tr_TR\" \/>\n<meta property=\"og:type\" content=\"article\" \/>\n<meta property=\"og:title\" content=\"Site Haritas\u0131 - GP Acil Durum Postas\u0131 Maastricht\" \/>\n<meta property=\"og:url\" content=\"https:\/\/hapmaastricht.nl\/tr\/site-haritasi\/\" \/>\n<meta property=\"og:site_name\" content=\"GP Acil Durum Postas\u0131 Maastricht\" \/>\n<meta property=\"article:modified_time\" content=\"2025-07-10T07:55:44+00:00\" \/>\n<meta name=\"twitter:card\" content=\"summary_large_image\" \/>\n<script type=\"application\/ld+json\" class=\"yoast-schema-graph\">{\"@context\":\"https:\/\/schema.org\",\"@graph\":[{\"@type\":\"WebPage\",\"@id\":\"https:\/\/hapmaastricht.nl\/tr\/site-haritasi\/\",\"url\":\"https:\/\/hapmaastricht.nl\/tr\/site-haritasi\/\",\"name\":\"Site Haritas\u0131 - GP Acil Durum Postas\u0131 Maastricht\",\"isPartOf\":{\"@id\":\"https:\/\/hapmaastricht.nl\/tr\/#website\"},\"datePublished\":\"2023-05-19T11:49:16+00:00\",\"dateModified\":\"2025-07-10T07:55:44+00:00\",\"breadcrumb\":{\"@id\":\"https:\/\/hapmaastricht.nl\/tr\/site-haritasi\/#breadcrumb\"},\"inLanguage\":\"tr\",\"potentialAction\":[{\"@type\":\"ReadAction\",\"target\":[\"https:\/\/hapmaastricht.nl\/tr\/site-haritasi\/\"]}]},{\"@type\":\"BreadcrumbList\",\"@id\":\"https:\/\/hapmaastricht.nl\/tr\/site-haritasi\/#breadcrumb\",\"itemListElement\":[{\"@type\":\"ListItem\",\"position\":1,\"name\":\"Home\",\"item\":\"https:\/\/hapmaastricht.nl\/tr\/\"},{\"@type\":\"ListItem\",\"position\":2,\"name\":\"Site haritas\u0131\"}]},{\"@type\":\"WebSite\",\"@id\":\"https:\/\/hapmaastricht.nl\/tr\/#website\",\"url\":\"https:\/\/hapmaastricht.nl\/tr\/\",\"name\":\"GP Acil Durum Postas\u0131 Maastricht\",\"description\":\"\",\"potentialAction\":[{\"@type\":\"SearchAction\",\"target\":{\"@type\":\"EntryPoint\",\"urlTemplate\":\"https:\/\/hapmaastricht.nl\/tr\/?s={search_term_string}\"},\"query-input\":{\"@type\":\"PropertyValueSpecification\",\"valueRequired\":true,\"valueName\":\"search_term_string\"}}],\"inLanguage\":\"tr\"}]}<\/script>\n<!-- \/ Yoast SEO plugin. -->","yoast_head_json":{"title":"Site Haritas\u0131 - GP Acil Durum Postas\u0131 Maastricht","robots":{"index":"index","follow":"follow","max-snippet":"max-snippet:-1","max-image-preview":"max-image-preview:large","max-video-preview":"max-video-preview:-1"},"canonical":"https:\/\/hapmaastricht.nl\/tr\/site-haritasi\/","og_locale":"tr_TR","og_type":"article","og_title":"Site Haritas\u0131 - GP Acil Durum Postas\u0131 Maastricht","og_url":"https:\/\/hapmaastricht.nl\/tr\/site-haritasi\/","og_site_name":"GP Acil Durum Postas\u0131 Maastricht","article_modified_time":"2025-07-10T07:55:44+00:00","twitter_card":"summary_large_image","schema":{"@context":"https:\/\/schema.org","@graph":[{"@type":"WebPage","@id":"https:\/\/hapmaastricht.nl\/tr\/site-haritasi\/","url":"https:\/\/hapmaastricht.nl\/tr\/site-haritasi\/","name":"Site Haritas\u0131 - GP Acil Durum Postas\u0131 Maastricht","isPartOf":{"@id":"https:\/\/hapmaastricht.nl\/tr\/#website"},"datePublished":"2023-05-19T11:49:16+00:00","dateModified":"2025-07-10T07:55:44+00:00","breadcrumb":{"@id":"https:\/\/hapmaastricht.nl\/tr\/site-haritasi\/#breadcrumb"},"inLanguage":"tr","potentialAction":[{"@type":"ReadAction","target":["https:\/\/hapmaastricht.nl\/tr\/site-haritasi\/"]}]},{"@type":"BreadcrumbList","@id":"https:\/\/hapmaastricht.nl\/tr\/site-haritasi\/#breadcrumb","itemListElement":[{"@type":"ListItem","position":1,"name":"Home","item":"https:\/\/hapmaastricht.nl\/tr\/"},{"@type":"ListItem","position":2,"name":"Site haritas\u0131"}]},{"@type":"WebSite","@id":"https:\/\/hapmaastricht.nl\/tr\/#website","url":"https:\/\/hapmaastricht.nl\/tr\/","name":"GP Acil Durum Postas\u0131 Maastricht","description":"","potentialAction":[{"@type":"SearchAction","target":{"@type":"EntryPoint","urlTemplate":"https:\/\/hapmaastricht.nl\/tr\/?s={search_term_string}"},"query-input":{"@type":"PropertyValueSpecification","valueRequired":true,"valueName":"search_term_string"}}],"inLanguage":"tr"}]}},"_links":{"self":[{"href":"https:\/\/hapmaastricht.nl\/tr\/wp-json\/wp\/v2\/pages\/2159","targetHints":{"allow":["GET"]}}],"collection":[{"href":"https:\/\/hapmaastricht.nl\/tr\/wp-json\/wp\/v2\/pages"}],"about":[{"href":"https:\/\/hapmaastricht.nl\/tr\/wp-json\/wp\/v2\/types\/page"}],"author":[{"embeddable":true,"href":"https:\/\/hapmaastricht.nl\/tr\/wp-json\/wp\/v2\/users\/3"}],"replies":[{"embeddable":true,"href":"https:\/\/hapmaastricht.nl\/tr\/wp-json\/wp\/v2\/comments?post=2159"}],"version-history":[{"count":1,"href":"https:\/\/hapmaastricht.nl\/tr\/wp-json\/wp\/v2\/pages\/2159\/revisions"}],"predecessor-version":[{"id":9201,"href":"https:\/\/hapmaastricht.nl\/tr\/wp-json\/wp\/v2\/pages\/2159\/revisions\/9201"}],"wp:attachment":[{"href":"https:\/\/hapmaastricht.nl\/tr\/wp-json\/wp\/v2\/media?parent=2159"}],"curies":[{"name":"wp","href":"https:\/\/api.w.org\/{rel}","templated":true}]}}