{"id":2494,"date":"2023-05-23T14:46:33","date_gmt":"2023-05-23T12:46:33","guid":{"rendered":"https:\/\/multisite.mindd.dev\/hap-maastricht\/?page_id=2494"},"modified":"2025-07-10T09:54:09","modified_gmt":"2025-07-10T07:54:09","slug":"isbirligi-envida","status":"publish","type":"page","link":"https:\/\/hapmaastricht.nl\/tr\/isbirligi-envida\/","title":{"rendered":"Envida ile \u0130\u015fbirli\u011fi"},"content":{"rendered":"\n\n\n<p>Haziran 2019&#8217;un ba\u015f\u0131ndan bu yana, ya\u015fl\u0131lar i\u00e7in akut gece bak\u0131m\u0131ndan sorumlu olan Envida Wijkzorg \u00e7al\u0131\u015fanlar\u0131, GP Acil Durum \u0130stasyonumuzda g\u00f6revlendirilmi\u015ftir. Her iki bak\u0131m sa\u011flay\u0131c\u0131s\u0131n\u0131n hizmetlerini geceleri tek bir \u00e7at\u0131 alt\u0131nda bir araya getirerek, h\u0131zl\u0131 koordinasyon m\u00fcmk\u00fcn olur ve daha savunmas\u0131z ya\u015fl\u0131lar do\u011fru yerde do\u011fru bak\u0131m\u0131 al\u0131rlar.<\/p>\n\n\n\n<p>Pratisyen Hekim Acil Durum Merkezinin \u00e7a\u011fr\u0131 merkezi, her iki bak\u0131m sa\u011flay\u0131c\u0131s\u0131 i\u00e7in de yard\u0131m taleplerini al\u0131r. Gerekirse, Envida ve GP Acil Durum \u0130stasyonu \u00e7al\u0131\u015fanlar\u0131, yard\u0131m talebinin yakla\u015f\u0131m\u0131 ve ele al\u0131nmas\u0131 hakk\u0131nda birbirlerine dan\u0131\u015f\u0131rlar. Bu y\u00f6ntem daha verimli bir bak\u0131m yakla\u015f\u0131m\u0131 sa\u011flar, hastaneye gereksiz ba\u015fvuruyu \u00f6nler ve her iki taraf aras\u0131nda bilgi ve beceri al\u0131\u015fveri\u015fini sa\u011flar. Durum gerektiriyorsa, yard\u0131m \u00f6l\u00e7eklendirilebilir ve hasta hastaneye sevk edilebilir.<\/p>\n","protected":false},"excerpt":{"rendered":"<p>Haziran 2019&#8217;un ba\u015f\u0131ndan itibaren, ya\u015fl\u0131lar i\u00e7in akut gece bak\u0131m\u0131ndan sorumlu Envida Wijkzorg \u00e7al\u0131\u015fanlar\u0131 Genel Uygulama Acil Durum Merkezimize yerle\u015ftirildi. Her iki bak\u0131m sa\u011flay\u0131c\u0131s\u0131n\u0131n hizmetlerini gece boyunca tek bir \u00e7at\u0131 alt\u0131nda bir araya getirerek h\u0131zl\u0131, kar\u015f\u0131l\u0131kl\u0131 koordinasyon m\u00fcmk\u00fcn olur ve daha savunmas\u0131z ya\u015fl\u0131 insanlar do\u011fru yerde do\u011fru bak\u0131m\u0131 al\u0131rlar. Genel Uygulama Acil Postas\u0131n\u0131n \u00e7a\u011fr\u0131 merkezi, her iki sa\u011fl\u0131k hizmeti sa\u011flay\u0131c\u0131s\u0131 i\u00e7in de yard\u0131m talepleri al\u0131r. Gerekirse, Envida ve Genel Uygulama Acil Durum Postas\u0131 \u00e7al\u0131\u015fanlar\u0131, yard\u0131m talebinin yakla\u015f\u0131m\u0131 ve ele al\u0131nmas\u0131 konusunda birbirlerine dan\u0131\u015facaklard\u0131r. Bu y\u00f6ntem daha verimli bir bak\u0131m yakla\u015f\u0131m\u0131 sa\u011flar, gereksiz yere dahil edilmesini \u00f6nler [&#8230;]<\/p>\n","protected":false},"author":3,"featured_media":0,"parent":0,"menu_order":129,"comment_status":"closed","ping_status":"closed","template":"","meta":{"_acf_changed":false,"_trash_the_other_posts":false,"editor_notices":[],"footnotes":""},"class_list":["post-2494","page","type-page","status-publish","hentry"],"acf":[],"yoast_head":"<!-- This site is optimized with the Yoast SEO plugin v26.6 - https:\/\/yoast.com\/wordpress\/plugins\/seo\/ -->\n<title>Envida ile \u0130\u015fbirli\u011fi - GP Acil Durum Postas\u0131 Maastricht<\/title>\n<meta name=\"robots\" content=\"index, follow, max-snippet:-1, max-image-preview:large, max-video-preview:-1\" \/>\n<link rel=\"canonical\" href=\"https:\/\/hapmaastricht.nl\/tr\/isbirligi\/\" \/>\n<meta property=\"og:locale\" content=\"tr_TR\" \/>\n<meta property=\"og:type\" content=\"article\" \/>\n<meta property=\"og:title\" content=\"Envida ile \u0130\u015fbirli\u011fi - GP Acil Durum Postas\u0131 Maastricht\" \/>\n<meta property=\"og:description\" content=\"Haziran 2019&#039;un ba\u015f\u0131ndan itibaren, ya\u015fl\u0131lar i\u00e7in akut gece bak\u0131m\u0131ndan sorumlu Envida Wijkzorg \u00e7al\u0131\u015fanlar\u0131 Genel Uygulama Acil Durum Merkezimize yerle\u015ftirildi. Her iki bak\u0131m sa\u011flay\u0131c\u0131s\u0131n\u0131n hizmetlerini gece boyunca tek bir \u00e7at\u0131 alt\u0131nda bir araya getirerek h\u0131zl\u0131, kar\u015f\u0131l\u0131kl\u0131 koordinasyon m\u00fcmk\u00fcn olur ve daha savunmas\u0131z ya\u015fl\u0131 insanlar do\u011fru yerde do\u011fru bak\u0131m\u0131 al\u0131rlar. Genel Uygulama Acil Postas\u0131n\u0131n \u00e7a\u011fr\u0131 merkezi, her iki sa\u011fl\u0131k hizmeti sa\u011flay\u0131c\u0131s\u0131 i\u00e7in de yard\u0131m talepleri al\u0131r. Gerekirse, Envida ve Genel Uygulama Acil Durum Postas\u0131 \u00e7al\u0131\u015fanlar\u0131, yard\u0131m talebinin yakla\u015f\u0131m\u0131 ve ele al\u0131nmas\u0131 konusunda birbirlerine dan\u0131\u015facaklard\u0131r. Bu y\u00f6ntem daha verimli bir bak\u0131m yakla\u015f\u0131m\u0131 sa\u011flar, gereksiz yere dahil edilmesini \u00f6nler [...]\" \/>\n<meta property=\"og:url\" content=\"https:\/\/hapmaastricht.nl\/tr\/isbirligi\/\" \/>\n<meta property=\"og:site_name\" content=\"GP Acil Durum Postas\u0131 Maastricht\" \/>\n<meta property=\"article:modified_time\" content=\"2025-07-10T07:54:09+00:00\" \/>\n<meta name=\"twitter:card\" content=\"summary_large_image\" \/>\n<meta name=\"twitter:label1\" content=\"Tahmini okuma s\u00fcresi\" \/>\n\t<meta name=\"twitter:data1\" content=\"1 dakika\" \/>\n<script type=\"application\/ld+json\" class=\"yoast-schema-graph\">{\"@context\":\"https:\/\/schema.org\",\"@graph\":[{\"@type\":\"WebPage\",\"@id\":\"https:\/\/hapmaastricht.nl\/tr\/isbirligi\/\",\"url\":\"https:\/\/hapmaastricht.nl\/tr\/isbirligi\/\",\"name\":\"Envida ile \u0130\u015fbirli\u011fi - GP Acil Durum Postas\u0131 Maastricht\",\"isPartOf\":{\"@id\":\"https:\/\/hapmaastricht.nl\/tr\/#website\"},\"datePublished\":\"2023-05-23T12:46:33+00:00\",\"dateModified\":\"2025-07-10T07:54:09+00:00\",\"breadcrumb\":{\"@id\":\"https:\/\/hapmaastricht.nl\/tr\/isbirligi\/#breadcrumb\"},\"inLanguage\":\"tr\",\"potentialAction\":[{\"@type\":\"ReadAction\",\"target\":[\"https:\/\/hapmaastricht.nl\/tr\/isbirligi\/\"]}]},{\"@type\":\"BreadcrumbList\",\"@id\":\"https:\/\/hapmaastricht.nl\/tr\/isbirligi\/#breadcrumb\",\"itemListElement\":[{\"@type\":\"ListItem\",\"position\":1,\"name\":\"Home\",\"item\":\"https:\/\/hapmaastricht.nl\/tr\/\"},{\"@type\":\"ListItem\",\"position\":2,\"name\":\"Envida \u0130\u015fbirli\u011fi\"}]},{\"@type\":\"WebSite\",\"@id\":\"https:\/\/hapmaastricht.nl\/tr\/#website\",\"url\":\"https:\/\/hapmaastricht.nl\/tr\/\",\"name\":\"GP Acil Durum Postas\u0131 Maastricht\",\"description\":\"\",\"potentialAction\":[{\"@type\":\"SearchAction\",\"target\":{\"@type\":\"EntryPoint\",\"urlTemplate\":\"https:\/\/hapmaastricht.nl\/tr\/?s={search_term_string}\"},\"query-input\":{\"@type\":\"PropertyValueSpecification\",\"valueRequired\":true,\"valueName\":\"search_term_string\"}}],\"inLanguage\":\"tr\"}]}<\/script>\n<!-- \/ Yoast SEO plugin. -->","yoast_head_json":{"title":"Envida ile \u0130\u015fbirli\u011fi - GP Acil Durum Postas\u0131 Maastricht","robots":{"index":"index","follow":"follow","max-snippet":"max-snippet:-1","max-image-preview":"max-image-preview:large","max-video-preview":"max-video-preview:-1"},"canonical":"https:\/\/hapmaastricht.nl\/tr\/isbirligi\/","og_locale":"tr_TR","og_type":"article","og_title":"Envida ile \u0130\u015fbirli\u011fi - GP Acil Durum Postas\u0131 Maastricht","og_description":"Haziran 2019'un ba\u015f\u0131ndan itibaren, ya\u015fl\u0131lar i\u00e7in akut gece bak\u0131m\u0131ndan sorumlu Envida Wijkzorg \u00e7al\u0131\u015fanlar\u0131 Genel Uygulama Acil Durum Merkezimize yerle\u015ftirildi. Her iki bak\u0131m sa\u011flay\u0131c\u0131s\u0131n\u0131n hizmetlerini gece boyunca tek bir \u00e7at\u0131 alt\u0131nda bir araya getirerek h\u0131zl\u0131, kar\u015f\u0131l\u0131kl\u0131 koordinasyon m\u00fcmk\u00fcn olur ve daha savunmas\u0131z ya\u015fl\u0131 insanlar do\u011fru yerde do\u011fru bak\u0131m\u0131 al\u0131rlar. Genel Uygulama Acil Postas\u0131n\u0131n \u00e7a\u011fr\u0131 merkezi, her iki sa\u011fl\u0131k hizmeti sa\u011flay\u0131c\u0131s\u0131 i\u00e7in de yard\u0131m talepleri al\u0131r. Gerekirse, Envida ve Genel Uygulama Acil Durum Postas\u0131 \u00e7al\u0131\u015fanlar\u0131, yard\u0131m talebinin yakla\u015f\u0131m\u0131 ve ele al\u0131nmas\u0131 konusunda birbirlerine dan\u0131\u015facaklard\u0131r. Bu y\u00f6ntem daha verimli bir bak\u0131m yakla\u015f\u0131m\u0131 sa\u011flar, gereksiz yere dahil edilmesini \u00f6nler [...]","og_url":"https:\/\/hapmaastricht.nl\/tr\/isbirligi\/","og_site_name":"GP Acil Durum Postas\u0131 Maastricht","article_modified_time":"2025-07-10T07:54:09+00:00","twitter_card":"summary_large_image","twitter_misc":{"Tahmini okuma s\u00fcresi":"1 dakika"},"schema":{"@context":"https:\/\/schema.org","@graph":[{"@type":"WebPage","@id":"https:\/\/hapmaastricht.nl\/tr\/isbirligi\/","url":"https:\/\/hapmaastricht.nl\/tr\/isbirligi\/","name":"Envida ile \u0130\u015fbirli\u011fi - GP Acil Durum Postas\u0131 Maastricht","isPartOf":{"@id":"https:\/\/hapmaastricht.nl\/tr\/#website"},"datePublished":"2023-05-23T12:46:33+00:00","dateModified":"2025-07-10T07:54:09+00:00","breadcrumb":{"@id":"https:\/\/hapmaastricht.nl\/tr\/isbirligi\/#breadcrumb"},"inLanguage":"tr","potentialAction":[{"@type":"ReadAction","target":["https:\/\/hapmaastricht.nl\/tr\/isbirligi\/"]}]},{"@type":"BreadcrumbList","@id":"https:\/\/hapmaastricht.nl\/tr\/isbirligi\/#breadcrumb","itemListElement":[{"@type":"ListItem","position":1,"name":"Home","item":"https:\/\/hapmaastricht.nl\/tr\/"},{"@type":"ListItem","position":2,"name":"Envida \u0130\u015fbirli\u011fi"}]},{"@type":"WebSite","@id":"https:\/\/hapmaastricht.nl\/tr\/#website","url":"https:\/\/hapmaastricht.nl\/tr\/","name":"GP Acil Durum Postas\u0131 Maastricht","description":"","potentialAction":[{"@type":"SearchAction","target":{"@type":"EntryPoint","urlTemplate":"https:\/\/hapmaastricht.nl\/tr\/?s={search_term_string}"},"query-input":{"@type":"PropertyValueSpecification","valueRequired":true,"valueName":"search_term_string"}}],"inLanguage":"tr"}]}},"_links":{"self":[{"href":"https:\/\/hapmaastricht.nl\/tr\/wp-json\/wp\/v2\/pages\/2494","targetHints":{"allow":["GET"]}}],"collection":[{"href":"https:\/\/hapmaastricht.nl\/tr\/wp-json\/wp\/v2\/pages"}],"about":[{"href":"https:\/\/hapmaastricht.nl\/tr\/wp-json\/wp\/v2\/types\/page"}],"author":[{"embeddable":true,"href":"https:\/\/hapmaastricht.nl\/tr\/wp-json\/wp\/v2\/users\/3"}],"replies":[{"embeddable":true,"href":"https:\/\/hapmaastricht.nl\/tr\/wp-json\/wp\/v2\/comments?post=2494"}],"version-history":[{"count":1,"href":"https:\/\/hapmaastricht.nl\/tr\/wp-json\/wp\/v2\/pages\/2494\/revisions"}],"predecessor-version":[{"id":9198,"href":"https:\/\/hapmaastricht.nl\/tr\/wp-json\/wp\/v2\/pages\/2494\/revisions\/9198"}],"wp:attachment":[{"href":"https:\/\/hapmaastricht.nl\/tr\/wp-json\/wp\/v2\/media?parent=2494"}],"curies":[{"name":"wp","href":"https:\/\/api.w.org\/{rel}","templated":true}]}}