{"id":2566,"date":"2023-05-31T16:50:19","date_gmt":"2023-05-31T14:50:19","guid":{"rendered":"https:\/\/multisite.mindd.dev\/hap-maastricht\/?page_id=2566"},"modified":"2025-07-10T09:54:06","modified_gmt":"2025-07-10T07:54:06","slug":"vizyon-tutkusu","status":"publish","type":"page","link":"https:\/\/hapmaastricht.nl\/tr\/vizyon-tutkusu\/","title":{"rendered":"Vizyon ve h\u0131rs"},"content":{"rendered":"\n\n\n<h2 class=\"wp-block-heading\">\u0130mgelem<\/h2>\n\n\n\n<p>HMH Vakf\u0131, b\u00f6lgedeki hastalara iyi bak\u0131m sa\u011flamak istiyor ve bu nedenle pratisyen hekimleri, GP Acil Durum Postas\u0131 taraf\u0131ndan y\u00fcksek kaliteli, verimli ve g\u00fcvenli acil GP bak\u0131m\u0131 sa\u011flayacak \u015fekilde kolayla\u015ft\u0131r\u0131yor. \u0130yi y\u00f6netim ve denetim, iyi bak\u0131m i\u00e7in \u00f6nemli ko\u015fullard\u0131r. Bu nedenle, Denetleme Kurulu ve y\u00f6netim, ulusal olarak olu\u015fturulmu\u015f Sa\u011fl\u0131k Hizmetleri Y\u00f6neti\u015fim Yasas\u0131 ilkelerine g\u00f6re \u00e7al\u0131\u015f\u0131r. SHMH, politikas\u0131n\u0131 profesyonelin i\u00e7sel motivasyonundan yola \u00e7\u0131karak uygular. Zincir ortaklarla birlikte, hasta bak\u0131m\u0131n\u0131n do\u011fru yerde, do\u011fru zamanda ve do\u011fru sa\u011fl\u0131k hizmeti sa\u011flay\u0131c\u0131s\u0131 taraf\u0131ndan g\u00fcvenli bir \u015fekilde ger\u00e7ekle\u015fmesini sa\u011flar.<\/p>\n\n\n\n<h2 class=\"wp-block-heading\">H\u0131rs<\/h2>\n\n\n\n<p>Sa\u011fl\u0131k hizmetlerinde \u00e7e\u015fitli cephelerde darbo\u011fazlar var ve bu endi\u015fe verici. Akut bak\u0131mda alarm zilleri bir s\u00fcredir \u00e7al\u0131yor ve darbo\u011fazlar g\u00f6r\u00fcn\u00fcr hale geliyor. Toplum giderek daha fazla (akut) bak\u0131m g\u00f6r\u00fcyor ve kurulu\u015fun hem i\u00e7indeki hem de d\u0131\u015f\u0131ndaki payda\u015flar\u0131n her biri kendi yollar\u0131yla harekete ge\u00e7iyor. Bu, sa\u011fl\u0131k kurulu\u015funun t\u00fcm sonu\u00e7lar\u0131yla savunmas\u0131zl\u0131\u011f\u0131na yol a\u00e7ar. Buna yeterince cevap vermek olduk\u00e7a zordur.<\/p>\n\n\n\n<p>B\u00f6lgede iyi, verimli ve etkili bak\u0131m\u0131n sa\u011flanmas\u0131na ve s\u00fcrd\u00fcr\u00fclmesine devam etmek i\u00e7in akut bak\u0131m a\u011flar\u0131nda i\u015fbirli\u011fi gereklidir. G\u00fcnl\u00fck ya\u015fam\u0131n yo\u011fun temposuyla ba\u015fa \u00e7\u0131kmak i\u00e7in birlikte bak\u0131m yapmak gerekir. Y\u00fcksek i\u015f bask\u0131s\u0131n\u0131, savunmas\u0131z insanlar aras\u0131ndaki karma\u015f\u0131k sorunlar\u0131n artmas\u0131n\u0131, de\u011fi\u015fen d\u00fczenlemeleri ve kaynaklar\u0131n ve insan g\u00fcc\u00fcn\u00fcn s\u0131n\u0131rland\u0131r\u0131lmas\u0131n\u0131 d\u00fc\u015f\u00fcn\u00fcn. \u00d6zellikle, b\u00f6lgede motive olmu\u015f sa\u011fl\u0131k personelinin i\u015fe al\u0131nmas\u0131 ve elde tutulmas\u0131 ekip \u00e7al\u0131\u015fmas\u0131n\u0131 gerektirmektedir; Rekabet buna zarar verir.<\/p>\n\n\n\n<p>Amac\u0131m\u0131z, iyi bak\u0131m sa\u011flamaya devam etmek ve akut pratisyen hekim bak\u0131m\u0131n\u0131 etkileyen geli\u015fmelere yeterince yan\u0131t vermektir.<\/p>\n\n\n\n<p>Maastricht ve Heuvelland GP Acil Durum \u0130stasyonu&#8217;ndaki kullan\u0131c\u0131lar\u0131n, hastalar\u0131n g\u00fcvenini korumak ve g\u00fc\u00e7lendirmek bizim amac\u0131m\u0131zd\u0131r.<\/p>\n\n\n\n<p>\u0130lgili (sa\u011fl\u0131k hizmetleri) profesyonellerinin co\u015fkusunu ve tutkusunu s\u00fcrd\u00fcrmek ve g\u00fc\u00e7lendirmek bizim tutkumuzdur.<\/p>\n\n\n\n<p>GP Acil Durum \u0130stasyonunu b\u00f6lgesel GP bak\u0131m\u0131n\u0131n ve b\u00f6lgesel sa\u011fl\u0131k hizmeti sa\u011flay\u0131c\u0131lar\u0131 a\u011f\u0131n\u0131n tan\u0131nabilir bir par\u00e7as\u0131 haline getirmeyi ama\u00e7l\u0131yoruz.<\/p>\n\n\n\n<p>Y\u00f6n\u00fcm\u00fcz\u00fc belirtmek i\u00e7in &#8216;<em>Birlikte \u00f6nemsemek DNA&#8217;m\u0131zd\u0131r&#8217;<\/em> slogan\u0131n\u0131 kullan\u0131yoruz. &#8216;Neden?&#8217; sorusunun giderek daha s\u0131k sorulmas\u0131 gerekecek. Neden bu \u015fekilde yap\u0131yoruz, neden farkl\u0131 de\u011fil, neden birlikte de\u011fil? \u015eu soruyu da sormal\u0131y\u0131z: &#8216;Birlikte neye inan\u0131yoruz &#8211; daha s\u0131k. Ancak o zaman b\u00f6lgemizdeki hastalara en uygun bak\u0131m\u0131n do\u011fru yerde, do\u011fru zamanda ve do\u011fru sa\u011fl\u0131k hizmeti sa\u011flay\u0131c\u0131s\u0131 taraf\u0131ndan verilmesini birlikte sa\u011flayabiliriz.<\/p>\n","protected":false},"excerpt":{"rendered":"<p>Vizyon HMH Vakf\u0131, b\u00f6lgedeki hastalara iyi bak\u0131m sa\u011flamak istiyor ve bu nedenle pratisyen hekim Acil Postas\u0131 taraf\u0131ndan y\u00fcksek kaliteli, verimli ve g\u00fcvenli acil genel bak\u0131m\u0131n sa\u011flanaca\u011f\u0131 \u015fekilde pratisyen hekimleri kolayla\u015ft\u0131r\u0131yor. \u0130yi y\u00f6netim ve denetim, iyi bak\u0131m i\u00e7in \u00f6nemli \u00f6n ko\u015fullard\u0131r. Bu nedenle Denetim Kurulu ve Y\u00f6netim Kurulu, ulusal olarak olu\u015fturulmu\u015f Sa\u011fl\u0131k Y\u00f6netimi Kanunu ilkelerine uygun olarak \u00e7al\u0131\u015f\u0131r. SHMH, politikas\u0131n\u0131 profesyonelin i\u00e7sel motivasyonuna dayanarak uygular. Zincir ortaklar\u0131yla birlikte, hasta bak\u0131m\u0131n\u0131n do\u011fru yerde, do\u011fru zamanda ve do\u011fru sa\u011fl\u0131k hizmeti sa\u011flay\u0131c\u0131s\u0131 taraf\u0131ndan g\u00fcvenli bir \u015fekilde yap\u0131lmas\u0131n\u0131 sa\u011flar. H\u0131rs \u00c7e\u015fitli cephelerde [&#8230;]<\/p>\n","protected":false},"author":3,"featured_media":0,"parent":0,"menu_order":186,"comment_status":"closed","ping_status":"closed","template":"","meta":{"_acf_changed":false,"_trash_the_other_posts":false,"editor_notices":[],"footnotes":""},"class_list":["post-2566","page","type-page","status-publish","hentry"],"acf":[],"yoast_head":"<!-- This site is optimized with the Yoast SEO plugin v26.6 - https:\/\/yoast.com\/wordpress\/plugins\/seo\/ -->\n<title>Vizyon ve h\u0131rs - GP Acil Durum Postas\u0131 Maastricht<\/title>\n<meta name=\"robots\" content=\"index, follow, max-snippet:-1, max-image-preview:large, max-video-preview:-1\" \/>\n<link rel=\"canonical\" href=\"https:\/\/hapmaastricht.nl\/tr\/vizyon-hirsi\/\" \/>\n<meta property=\"og:locale\" content=\"tr_TR\" \/>\n<meta property=\"og:type\" content=\"article\" \/>\n<meta property=\"og:title\" content=\"Vizyon ve h\u0131rs - GP Acil Durum Postas\u0131 Maastricht\" \/>\n<meta property=\"og:description\" content=\"Vizyon HMH Vakf\u0131, b\u00f6lgedeki hastalara iyi bak\u0131m sa\u011flamak istiyor ve bu nedenle pratisyen hekim Acil Postas\u0131 taraf\u0131ndan y\u00fcksek kaliteli, verimli ve g\u00fcvenli acil genel bak\u0131m\u0131n sa\u011flanaca\u011f\u0131 \u015fekilde pratisyen hekimleri kolayla\u015ft\u0131r\u0131yor. \u0130yi y\u00f6netim ve denetim, iyi bak\u0131m i\u00e7in \u00f6nemli \u00f6n ko\u015fullard\u0131r. Bu nedenle Denetim Kurulu ve Y\u00f6netim Kurulu, ulusal olarak olu\u015fturulmu\u015f Sa\u011fl\u0131k Y\u00f6netimi Kanunu ilkelerine uygun olarak \u00e7al\u0131\u015f\u0131r. SHMH, politikas\u0131n\u0131 profesyonelin i\u00e7sel motivasyonuna dayanarak uygular. Zincir ortaklar\u0131yla birlikte, hasta bak\u0131m\u0131n\u0131n do\u011fru yerde, do\u011fru zamanda ve do\u011fru sa\u011fl\u0131k hizmeti sa\u011flay\u0131c\u0131s\u0131 taraf\u0131ndan g\u00fcvenli bir \u015fekilde yap\u0131lmas\u0131n\u0131 sa\u011flar. H\u0131rs \u00c7e\u015fitli cephelerde [...]\" \/>\n<meta property=\"og:url\" content=\"https:\/\/hapmaastricht.nl\/tr\/vizyon-hirsi\/\" \/>\n<meta property=\"og:site_name\" content=\"GP Acil Durum Postas\u0131 Maastricht\" \/>\n<meta property=\"article:modified_time\" content=\"2025-07-10T07:54:06+00:00\" \/>\n<meta name=\"twitter:card\" content=\"summary_large_image\" \/>\n<meta name=\"twitter:label1\" content=\"Tahmini okuma s\u00fcresi\" \/>\n\t<meta name=\"twitter:data1\" content=\"3 dakika\" \/>\n<script type=\"application\/ld+json\" class=\"yoast-schema-graph\">{\"@context\":\"https:\/\/schema.org\",\"@graph\":[{\"@type\":\"WebPage\",\"@id\":\"https:\/\/hapmaastricht.nl\/tr\/vizyon-hirsi\/\",\"url\":\"https:\/\/hapmaastricht.nl\/tr\/vizyon-hirsi\/\",\"name\":\"Vizyon ve h\u0131rs - GP Acil Durum Postas\u0131 Maastricht\",\"isPartOf\":{\"@id\":\"https:\/\/hapmaastricht.nl\/tr\/#website\"},\"datePublished\":\"2023-05-31T14:50:19+00:00\",\"dateModified\":\"2025-07-10T07:54:06+00:00\",\"breadcrumb\":{\"@id\":\"https:\/\/hapmaastricht.nl\/tr\/vizyon-hirsi\/#breadcrumb\"},\"inLanguage\":\"tr\",\"potentialAction\":[{\"@type\":\"ReadAction\",\"target\":[\"https:\/\/hapmaastricht.nl\/tr\/vizyon-hirsi\/\"]}]},{\"@type\":\"BreadcrumbList\",\"@id\":\"https:\/\/hapmaastricht.nl\/tr\/vizyon-hirsi\/#breadcrumb\",\"itemListElement\":[{\"@type\":\"ListItem\",\"position\":1,\"name\":\"Home\",\"item\":\"https:\/\/hapmaastricht.nl\/tr\/\"},{\"@type\":\"ListItem\",\"position\":2,\"name\":\"Vizyon ve H\u0131rs\"}]},{\"@type\":\"WebSite\",\"@id\":\"https:\/\/hapmaastricht.nl\/tr\/#website\",\"url\":\"https:\/\/hapmaastricht.nl\/tr\/\",\"name\":\"GP Acil Durum Postas\u0131 Maastricht\",\"description\":\"\",\"potentialAction\":[{\"@type\":\"SearchAction\",\"target\":{\"@type\":\"EntryPoint\",\"urlTemplate\":\"https:\/\/hapmaastricht.nl\/tr\/?s={search_term_string}\"},\"query-input\":{\"@type\":\"PropertyValueSpecification\",\"valueRequired\":true,\"valueName\":\"search_term_string\"}}],\"inLanguage\":\"tr\"}]}<\/script>\n<!-- \/ Yoast SEO plugin. -->","yoast_head_json":{"title":"Vizyon ve h\u0131rs - GP Acil Durum Postas\u0131 Maastricht","robots":{"index":"index","follow":"follow","max-snippet":"max-snippet:-1","max-image-preview":"max-image-preview:large","max-video-preview":"max-video-preview:-1"},"canonical":"https:\/\/hapmaastricht.nl\/tr\/vizyon-hirsi\/","og_locale":"tr_TR","og_type":"article","og_title":"Vizyon ve h\u0131rs - GP Acil Durum Postas\u0131 Maastricht","og_description":"Vizyon HMH Vakf\u0131, b\u00f6lgedeki hastalara iyi bak\u0131m sa\u011flamak istiyor ve bu nedenle pratisyen hekim Acil Postas\u0131 taraf\u0131ndan y\u00fcksek kaliteli, verimli ve g\u00fcvenli acil genel bak\u0131m\u0131n sa\u011flanaca\u011f\u0131 \u015fekilde pratisyen hekimleri kolayla\u015ft\u0131r\u0131yor. \u0130yi y\u00f6netim ve denetim, iyi bak\u0131m i\u00e7in \u00f6nemli \u00f6n ko\u015fullard\u0131r. Bu nedenle Denetim Kurulu ve Y\u00f6netim Kurulu, ulusal olarak olu\u015fturulmu\u015f Sa\u011fl\u0131k Y\u00f6netimi Kanunu ilkelerine uygun olarak \u00e7al\u0131\u015f\u0131r. SHMH, politikas\u0131n\u0131 profesyonelin i\u00e7sel motivasyonuna dayanarak uygular. Zincir ortaklar\u0131yla birlikte, hasta bak\u0131m\u0131n\u0131n do\u011fru yerde, do\u011fru zamanda ve do\u011fru sa\u011fl\u0131k hizmeti sa\u011flay\u0131c\u0131s\u0131 taraf\u0131ndan g\u00fcvenli bir \u015fekilde yap\u0131lmas\u0131n\u0131 sa\u011flar. H\u0131rs \u00c7e\u015fitli cephelerde [...]","og_url":"https:\/\/hapmaastricht.nl\/tr\/vizyon-hirsi\/","og_site_name":"GP Acil Durum Postas\u0131 Maastricht","article_modified_time":"2025-07-10T07:54:06+00:00","twitter_card":"summary_large_image","twitter_misc":{"Tahmini okuma s\u00fcresi":"3 dakika"},"schema":{"@context":"https:\/\/schema.org","@graph":[{"@type":"WebPage","@id":"https:\/\/hapmaastricht.nl\/tr\/vizyon-hirsi\/","url":"https:\/\/hapmaastricht.nl\/tr\/vizyon-hirsi\/","name":"Vizyon ve h\u0131rs - GP Acil Durum Postas\u0131 Maastricht","isPartOf":{"@id":"https:\/\/hapmaastricht.nl\/tr\/#website"},"datePublished":"2023-05-31T14:50:19+00:00","dateModified":"2025-07-10T07:54:06+00:00","breadcrumb":{"@id":"https:\/\/hapmaastricht.nl\/tr\/vizyon-hirsi\/#breadcrumb"},"inLanguage":"tr","potentialAction":[{"@type":"ReadAction","target":["https:\/\/hapmaastricht.nl\/tr\/vizyon-hirsi\/"]}]},{"@type":"BreadcrumbList","@id":"https:\/\/hapmaastricht.nl\/tr\/vizyon-hirsi\/#breadcrumb","itemListElement":[{"@type":"ListItem","position":1,"name":"Home","item":"https:\/\/hapmaastricht.nl\/tr\/"},{"@type":"ListItem","position":2,"name":"Vizyon ve H\u0131rs"}]},{"@type":"WebSite","@id":"https:\/\/hapmaastricht.nl\/tr\/#website","url":"https:\/\/hapmaastricht.nl\/tr\/","name":"GP Acil Durum Postas\u0131 Maastricht","description":"","potentialAction":[{"@type":"SearchAction","target":{"@type":"EntryPoint","urlTemplate":"https:\/\/hapmaastricht.nl\/tr\/?s={search_term_string}"},"query-input":{"@type":"PropertyValueSpecification","valueRequired":true,"valueName":"search_term_string"}}],"inLanguage":"tr"}]}},"_links":{"self":[{"href":"https:\/\/hapmaastricht.nl\/tr\/wp-json\/wp\/v2\/pages\/2566","targetHints":{"allow":["GET"]}}],"collection":[{"href":"https:\/\/hapmaastricht.nl\/tr\/wp-json\/wp\/v2\/pages"}],"about":[{"href":"https:\/\/hapmaastricht.nl\/tr\/wp-json\/wp\/v2\/types\/page"}],"author":[{"embeddable":true,"href":"https:\/\/hapmaastricht.nl\/tr\/wp-json\/wp\/v2\/users\/3"}],"replies":[{"embeddable":true,"href":"https:\/\/hapmaastricht.nl\/tr\/wp-json\/wp\/v2\/comments?post=2566"}],"version-history":[{"count":1,"href":"https:\/\/hapmaastricht.nl\/tr\/wp-json\/wp\/v2\/pages\/2566\/revisions"}],"predecessor-version":[{"id":9197,"href":"https:\/\/hapmaastricht.nl\/tr\/wp-json\/wp\/v2\/pages\/2566\/revisions\/9197"}],"wp:attachment":[{"href":"https:\/\/hapmaastricht.nl\/tr\/wp-json\/wp\/v2\/media?parent=2566"}],"curies":[{"name":"wp","href":"https:\/\/api.w.org\/{rel}","templated":true}]}}