{"id":2570,"date":"2023-05-31T16:53:17","date_gmt":"2023-05-31T14:53:17","guid":{"rendered":"https:\/\/multisite.mindd.dev\/hap-maastricht\/?page_id=2570"},"modified":"2025-08-06T10:25:24","modified_gmt":"2025-08-06T08:25:24","slug":"vacancy","status":"publish","type":"page","link":"https:\/\/hapmaastricht.nl\/tr\/vacancy\/","title":{"rendered":"Bo\u015f"},"content":{"rendered":"\n<p>Pratisyen Hekim Acil Servisi, NPA onayl\u0131 bir kurulu\u015ftur. Bu, doktor asistanlar\u0131n\u0131 kendimiz triagist olmalar\u0131 i\u00e7in e\u011fitti\u011fimiz anlam\u0131na gelir. Ayr\u0131ca, doktor asistan\u0131 olmak i\u00e7in e\u011fitim alan \u00f6\u011frenciler i\u00e7in tan\u0131nm\u0131\u015f bir e\u011fitim \u015firketiyiz.<\/p>\n\n\n\n<p>Doktor asistanlar\u0131\/triyaj hem\u015firelerinden olu\u015fan ekibi g\u00fc\u00e7lendirmek istiyoruz, ilgileniyor musunuz? Ard\u0131ndan CV&#8217;nizi ve motivasyonunuzu <a href=\"mailto:info@hapmaastricht.nl\">info@hapmaastricht.nl<\/a>&nbsp;&nbsp;g\u00f6nderin. Ayr\u0131ca ba\u015fvurmadan \u00f6nce gelip bir g\u00f6z atabilirsiniz, \u00e7ok ho\u015f geldiniz! <\/p>\n\n\n\n<p>Veya GP Acil Durum \u0130stasyonundaki triyaj hem\u015firesinin \u00e7al\u0131\u015fmalar\u0131 hakk\u0131nda size iyi bir izlenim verecek olan a\u015fa\u011f\u0131daki videolar\u0131 izleyin<\/p>\n\n\n\n<h4 class=\"wp-block-heading\"><em>GP Acil Durum \u0130stasyonunda \u00e7al\u0131\u015fmak neleri kapsar?<\/em><\/h4>\n\n\n\n<h4 class=\"wp-block-heading\"><\/h4>\n\n\n\n<figure class=\"wp-block-embed is-type-video is-provider-youtube wp-block-embed-youtube wp-embed-aspect-16-9 wp-has-aspect-ratio\"><div class=\"wp-block-embed__wrapper\">https:\/\/youtu.be\/cLs787y_GSE<\/div><\/figure>\n\n\n\n<h4 class=\"wp-block-heading\"><\/h4>\n\n\n\n<figure class=\"wp-block-embed is-type-video is-provider-youtube wp-block-embed-youtube wp-embed-aspect-16-9 wp-has-aspect-ratio\"><div class=\"wp-block-embed__wrapper\">https:\/\/youtu.be\/9Qor6O31w68<\/div><\/figure>\n\n\n\n<p><\/p>\n\n\n\n<h4 class=\"wp-block-heading\"><\/h4>\n\n\n\n<figure class=\"wp-block-embed is-type-video is-provider-youtube wp-block-embed-youtube wp-embed-aspect-16-9 wp-has-aspect-ratio\"><div class=\"wp-block-embed__wrapper\">https:\/\/youtu.be\/0a7HLQlSS98<\/div><\/figure>\n\n\n\n<figure class=\"wp-block-embed is-type-video is-provider-youtube wp-block-embed-youtube wp-embed-aspect-16-9 wp-has-aspect-ratio\"><div class=\"wp-block-embed__wrapper\">https:\/\/youtu.be\/jpeoLKnBw98<\/div><\/figure>\n\n\n\n<h4 class=\"wp-block-heading\"><\/h4>\n\n\n\n<figure class=\"wp-block-embed is-type-video is-provider-youtube wp-block-embed-youtube wp-embed-aspect-16-9 wp-has-aspect-ratio\"><div class=\"wp-block-embed__wrapper\">https:\/\/youtu.be\/vzxKMLOOzfk<\/div><\/figure>\n\n\n\n<figure class=\"wp-block-embed is-type-video is-provider-youtube wp-block-embed-youtube wp-embed-aspect-16-9 wp-has-aspect-ratio\"><div class=\"wp-block-embed__wrapper\">https:\/\/youtu.be\/vBU7JtWwEsw<\/div><\/figure>\n","protected":false},"excerpt":{"rendered":"<p>Doktor asistanlar\u0131\/triajist ekibini g\u00fc\u00e7lendirmek istiyoruz, ilgileniyorsan\u0131z l\u00fctfen \u00f6zge\u00e7mi\u015finizi ve motivasyonunuzu info@hapmaastricht.nl adresine g\u00f6nderin. Ayr\u0131ca ba\u015fvurmadan \u00f6nce gelip bir g\u00f6z atabilirsiniz, \u00e7ok ho\u015f geldiniz!<\/p>\n","protected":false},"author":3,"featured_media":0,"parent":0,"menu_order":167,"comment_status":"closed","ping_status":"closed","template":"page-full-width.php","meta":{"_acf_changed":false,"_trash_the_other_posts":false,"editor_notices":[],"footnotes":""},"class_list":["post-2570","page","type-page","status-publish","hentry"],"acf":[],"yoast_head":"<!-- This site is optimized with the Yoast SEO plugin v26.6 - https:\/\/yoast.com\/wordpress\/plugins\/seo\/ -->\n<title>Bo\u015f - GP Acil Durum Postas\u0131 Maastricht<\/title>\n<meta name=\"robots\" content=\"index, follow, max-snippet:-1, max-image-preview:large, max-video-preview:-1\" \/>\n<link rel=\"canonical\" href=\"https:\/\/hapmaastricht.nl\/tr\/bosluk\/\" \/>\n<meta property=\"og:locale\" content=\"tr_TR\" \/>\n<meta property=\"og:type\" content=\"article\" \/>\n<meta property=\"og:title\" content=\"Bo\u015f - GP Acil Durum Postas\u0131 Maastricht\" \/>\n<meta property=\"og:description\" content=\"Doktor asistanlar\u0131\/triajist ekibini g\u00fc\u00e7lendirmek istiyoruz, ilgileniyorsan\u0131z l\u00fctfen \u00f6zge\u00e7mi\u015finizi ve motivasyonunuzu info@hapmaastricht.nl adresine g\u00f6nderin. Ayr\u0131ca ba\u015fvurmadan \u00f6nce gelip bir g\u00f6z atabilirsiniz, \u00e7ok ho\u015f geldiniz!\" \/>\n<meta property=\"og:url\" content=\"https:\/\/hapmaastricht.nl\/tr\/bosluk\/\" \/>\n<meta property=\"og:site_name\" content=\"GP Acil Durum Postas\u0131 Maastricht\" \/>\n<meta property=\"article:modified_time\" content=\"2025-08-06T08:25:24+00:00\" \/>\n<meta name=\"twitter:card\" content=\"summary_large_image\" \/>\n<meta name=\"twitter:label1\" content=\"Tahmini okuma s\u00fcresi\" \/>\n\t<meta name=\"twitter:data1\" content=\"1 dakika\" \/>\n<script type=\"application\/ld+json\" class=\"yoast-schema-graph\">{\"@context\":\"https:\/\/schema.org\",\"@graph\":[{\"@type\":\"WebPage\",\"@id\":\"https:\/\/hapmaastricht.nl\/tr\/bosluk\/\",\"url\":\"https:\/\/hapmaastricht.nl\/tr\/bosluk\/\",\"name\":\"Bo\u015f - GP Acil Durum Postas\u0131 Maastricht\",\"isPartOf\":{\"@id\":\"https:\/\/hapmaastricht.nl\/tr\/#website\"},\"datePublished\":\"2023-05-31T14:53:17+00:00\",\"dateModified\":\"2025-08-06T08:25:24+00:00\",\"breadcrumb\":{\"@id\":\"https:\/\/hapmaastricht.nl\/tr\/bosluk\/#breadcrumb\"},\"inLanguage\":\"tr\",\"potentialAction\":[{\"@type\":\"ReadAction\",\"target\":[\"https:\/\/hapmaastricht.nl\/tr\/bosluk\/\"]}]},{\"@type\":\"BreadcrumbList\",\"@id\":\"https:\/\/hapmaastricht.nl\/tr\/bosluk\/#breadcrumb\",\"itemListElement\":[{\"@type\":\"ListItem\",\"position\":1,\"name\":\"Home\",\"item\":\"https:\/\/hapmaastricht.nl\/tr\/\"},{\"@type\":\"ListItem\",\"position\":2,\"name\":\"A\u00e7\u0131k Pozisyonlar\"}]},{\"@type\":\"WebSite\",\"@id\":\"https:\/\/hapmaastricht.nl\/tr\/#website\",\"url\":\"https:\/\/hapmaastricht.nl\/tr\/\",\"name\":\"GP Acil Durum Postas\u0131 Maastricht\",\"description\":\"\",\"potentialAction\":[{\"@type\":\"SearchAction\",\"target\":{\"@type\":\"EntryPoint\",\"urlTemplate\":\"https:\/\/hapmaastricht.nl\/tr\/?s={search_term_string}\"},\"query-input\":{\"@type\":\"PropertyValueSpecification\",\"valueRequired\":true,\"valueName\":\"search_term_string\"}}],\"inLanguage\":\"tr\"}]}<\/script>\n<!-- \/ Yoast SEO plugin. -->","yoast_head_json":{"title":"Bo\u015f - GP Acil Durum Postas\u0131 Maastricht","robots":{"index":"index","follow":"follow","max-snippet":"max-snippet:-1","max-image-preview":"max-image-preview:large","max-video-preview":"max-video-preview:-1"},"canonical":"https:\/\/hapmaastricht.nl\/tr\/bosluk\/","og_locale":"tr_TR","og_type":"article","og_title":"Bo\u015f - GP Acil Durum Postas\u0131 Maastricht","og_description":"Doktor asistanlar\u0131\/triajist ekibini g\u00fc\u00e7lendirmek istiyoruz, ilgileniyorsan\u0131z l\u00fctfen \u00f6zge\u00e7mi\u015finizi ve motivasyonunuzu info@hapmaastricht.nl adresine g\u00f6nderin. Ayr\u0131ca ba\u015fvurmadan \u00f6nce gelip bir g\u00f6z atabilirsiniz, \u00e7ok ho\u015f geldiniz!","og_url":"https:\/\/hapmaastricht.nl\/tr\/bosluk\/","og_site_name":"GP Acil Durum Postas\u0131 Maastricht","article_modified_time":"2025-08-06T08:25:24+00:00","twitter_card":"summary_large_image","twitter_misc":{"Tahmini okuma s\u00fcresi":"1 dakika"},"schema":{"@context":"https:\/\/schema.org","@graph":[{"@type":"WebPage","@id":"https:\/\/hapmaastricht.nl\/tr\/bosluk\/","url":"https:\/\/hapmaastricht.nl\/tr\/bosluk\/","name":"Bo\u015f - GP Acil Durum Postas\u0131 Maastricht","isPartOf":{"@id":"https:\/\/hapmaastricht.nl\/tr\/#website"},"datePublished":"2023-05-31T14:53:17+00:00","dateModified":"2025-08-06T08:25:24+00:00","breadcrumb":{"@id":"https:\/\/hapmaastricht.nl\/tr\/bosluk\/#breadcrumb"},"inLanguage":"tr","potentialAction":[{"@type":"ReadAction","target":["https:\/\/hapmaastricht.nl\/tr\/bosluk\/"]}]},{"@type":"BreadcrumbList","@id":"https:\/\/hapmaastricht.nl\/tr\/bosluk\/#breadcrumb","itemListElement":[{"@type":"ListItem","position":1,"name":"Home","item":"https:\/\/hapmaastricht.nl\/tr\/"},{"@type":"ListItem","position":2,"name":"A\u00e7\u0131k Pozisyonlar"}]},{"@type":"WebSite","@id":"https:\/\/hapmaastricht.nl\/tr\/#website","url":"https:\/\/hapmaastricht.nl\/tr\/","name":"GP Acil Durum Postas\u0131 Maastricht","description":"","potentialAction":[{"@type":"SearchAction","target":{"@type":"EntryPoint","urlTemplate":"https:\/\/hapmaastricht.nl\/tr\/?s={search_term_string}"},"query-input":{"@type":"PropertyValueSpecification","valueRequired":true,"valueName":"search_term_string"}}],"inLanguage":"tr"}]}},"_links":{"self":[{"href":"https:\/\/hapmaastricht.nl\/tr\/wp-json\/wp\/v2\/pages\/2570","targetHints":{"allow":["GET"]}}],"collection":[{"href":"https:\/\/hapmaastricht.nl\/tr\/wp-json\/wp\/v2\/pages"}],"about":[{"href":"https:\/\/hapmaastricht.nl\/tr\/wp-json\/wp\/v2\/types\/page"}],"author":[{"embeddable":true,"href":"https:\/\/hapmaastricht.nl\/tr\/wp-json\/wp\/v2\/users\/3"}],"replies":[{"embeddable":true,"href":"https:\/\/hapmaastricht.nl\/tr\/wp-json\/wp\/v2\/comments?post=2570"}],"version-history":[{"count":13,"href":"https:\/\/hapmaastricht.nl\/tr\/wp-json\/wp\/v2\/pages\/2570\/revisions"}],"predecessor-version":[{"id":9251,"href":"https:\/\/hapmaastricht.nl\/tr\/wp-json\/wp\/v2\/pages\/2570\/revisions\/9251"}],"wp:attachment":[{"href":"https:\/\/hapmaastricht.nl\/tr\/wp-json\/wp\/v2\/media?parent=2570"}],"curies":[{"name":"wp","href":"https:\/\/api.w.org\/{rel}","templated":true}]}}