{"id":2572,"date":"2023-05-31T16:56:36","date_gmt":"2023-05-31T14:56:36","guid":{"rendered":"https:\/\/multisite.mindd.dev\/hap-maastricht\/?page_id=2572"},"modified":"2025-07-10T09:54:01","modified_gmt":"2025-07-10T07:54:01","slug":"denetleme-kurulu","status":"publish","type":"page","link":"https:\/\/hapmaastricht.nl\/tr\/denetleme-kurulu\/","title":{"rendered":"Denetleme Kurulu"},"content":{"rendered":"\n\n\n<p>Maastricht ve Heuvelland Pratisyen Hekimler Acil Durum \u0130stasyonu Denetleme Kurulu \u00fc\u00e7 \u00fcyeden olu\u015fur ve kurulu\u015fun g\u00f6revlerinin yerine getirilmesini denetlemek ve tavsiyelerde bulunmakla g\u00f6revlidir. \u00dcyeler d\u00f6rt y\u0131ll\u0131k bir s\u00fcre i\u00e7in atan\u0131r. \u015eu anda, Denetleme Kurulu \u00fcyeleri \u015funlard\u0131r:<\/p>\n\n\n\n<h2 class=\"wp-block-heading h4\"><\/h2>\n\n\n\n<p>Maarten Klomp <\/p>\n\n\n\n<p>Yvonne Custers-Yuvalar\u0131 <\/p>\n\n\n\n<p>Guido Kerckhoff&#8217;un foto\u011fraf\u0131.<\/p>\n\n\n\n<p><\/p>\n\n\n\n<p><\/p>\n\n\n\n<p><\/p>\n\n\n\n<h2 class=\"wp-block-heading h4\"><\/h2>\n\n\n\n<p><\/p>\n\n\n\n<h2 class=\"wp-block-heading h4\"><\/h2>\n\n\n\n<p><\/p>\n","protected":false},"excerpt":{"rendered":"<p>ZIO Denetim Kurulu ve Huisartsenpost en Heuvelland Vakf\u0131 \u00fc\u00e7 \u00fcyeden olu\u015fur ve her iki kurulu\u015fun performans\u0131n\u0131 denetlemekten ve dan\u0131\u015fmanl\u0131ktan sorumludur. \u00dcyeler d\u00f6rt y\u0131ll\u0131k bir s\u00fcre i\u00e7in atan\u0131r. Arno Timmermans, ba\u015fkan (1 Ocak 2022 itibariyle) 2012 y\u0131l\u0131na kadar Almere&#8217;de pratisyen hekim olarak \u00e7al\u0131\u015f\u0131yor. 2000&#8217;den 2004&#8217;e kadar NHG Direkt\u00f6r\u00fc ve 2004&#8217;ten 2012&#8217;ye kadar NHG Y\u00f6netim Kurulu Ba\u015fkan\u0131. 2012&#8217;den beri Westfriesgasthuis Y\u00f6netim Kurulu Ba\u015fkan\u0131. Westfriesgasthuis, 2017 y\u0131l\u0131nda Dijklander Hastanesi olarak bilinen Waterland Hastanesi ile birle\u015fti. Halen SBOH Denetim Kurulu Ba\u015fkan\u0131 ve [&#8230;]<\/p>\n","protected":false},"author":3,"featured_media":0,"parent":0,"menu_order":125,"comment_status":"closed","ping_status":"closed","template":"","meta":{"_acf_changed":false,"_trash_the_other_posts":false,"editor_notices":[],"footnotes":""},"class_list":["post-2572","page","type-page","status-publish","hentry"],"acf":[],"yoast_head":"<!-- This site is optimized with the Yoast SEO plugin v26.6 - https:\/\/yoast.com\/wordpress\/plugins\/seo\/ -->\n<title>Denetleme Kurulu - GP Acil Durum Postas\u0131 Maastricht<\/title>\n<meta name=\"robots\" content=\"index, follow, max-snippet:-1, max-image-preview:large, max-video-preview:-1\" \/>\n<link rel=\"canonical\" href=\"https:\/\/hapmaastricht.nl\/tr\/denetim-kurulu\/\" \/>\n<meta property=\"og:locale\" content=\"tr_TR\" \/>\n<meta property=\"og:type\" content=\"article\" \/>\n<meta property=\"og:title\" content=\"Denetleme Kurulu - GP Acil Durum Postas\u0131 Maastricht\" \/>\n<meta property=\"og:description\" content=\"ZIO Denetim Kurulu ve Huisartsenpost en Heuvelland Vakf\u0131 \u00fc\u00e7 \u00fcyeden olu\u015fur ve her iki kurulu\u015fun performans\u0131n\u0131 denetlemekten ve dan\u0131\u015fmanl\u0131ktan sorumludur. \u00dcyeler d\u00f6rt y\u0131ll\u0131k bir s\u00fcre i\u00e7in atan\u0131r. Arno Timmermans, ba\u015fkan (1 Ocak 2022 itibariyle) 2012 y\u0131l\u0131na kadar Almere&#039;de pratisyen hekim olarak \u00e7al\u0131\u015f\u0131yor. 2000&#039;den 2004&#039;e kadar NHG Direkt\u00f6r\u00fc ve 2004&#039;ten 2012&#039;ye kadar NHG Y\u00f6netim Kurulu Ba\u015fkan\u0131. 2012&#039;den beri Westfriesgasthuis Y\u00f6netim Kurulu Ba\u015fkan\u0131. Westfriesgasthuis, 2017 y\u0131l\u0131nda Dijklander Hastanesi olarak bilinen Waterland Hastanesi ile birle\u015fti. Halen SBOH Denetim Kurulu Ba\u015fkan\u0131 ve [...]\" \/>\n<meta property=\"og:url\" content=\"https:\/\/hapmaastricht.nl\/tr\/denetim-kurulu\/\" \/>\n<meta property=\"og:site_name\" content=\"GP Acil Durum Postas\u0131 Maastricht\" \/>\n<meta property=\"article:modified_time\" content=\"2025-07-10T07:54:01+00:00\" \/>\n<meta name=\"twitter:card\" content=\"summary_large_image\" \/>\n<meta name=\"twitter:label1\" content=\"Tahmini okuma s\u00fcresi\" \/>\n\t<meta name=\"twitter:data1\" content=\"1 dakika\" \/>\n<script type=\"application\/ld+json\" class=\"yoast-schema-graph\">{\"@context\":\"https:\/\/schema.org\",\"@graph\":[{\"@type\":\"WebPage\",\"@id\":\"https:\/\/hapmaastricht.nl\/tr\/denetim-kurulu\/\",\"url\":\"https:\/\/hapmaastricht.nl\/tr\/denetim-kurulu\/\",\"name\":\"Denetleme Kurulu - GP Acil Durum Postas\u0131 Maastricht\",\"isPartOf\":{\"@id\":\"https:\/\/hapmaastricht.nl\/tr\/#website\"},\"datePublished\":\"2023-05-31T14:56:36+00:00\",\"dateModified\":\"2025-07-10T07:54:01+00:00\",\"breadcrumb\":{\"@id\":\"https:\/\/hapmaastricht.nl\/tr\/denetim-kurulu\/#breadcrumb\"},\"inLanguage\":\"tr\",\"potentialAction\":[{\"@type\":\"ReadAction\",\"target\":[\"https:\/\/hapmaastricht.nl\/tr\/denetim-kurulu\/\"]}]},{\"@type\":\"BreadcrumbList\",\"@id\":\"https:\/\/hapmaastricht.nl\/tr\/denetim-kurulu\/#breadcrumb\",\"itemListElement\":[{\"@type\":\"ListItem\",\"position\":1,\"name\":\"Home\",\"item\":\"https:\/\/hapmaastricht.nl\/tr\/\"},{\"@type\":\"ListItem\",\"position\":2,\"name\":\"Denetim Kurulu\"}]},{\"@type\":\"WebSite\",\"@id\":\"https:\/\/hapmaastricht.nl\/tr\/#website\",\"url\":\"https:\/\/hapmaastricht.nl\/tr\/\",\"name\":\"GP Acil Durum Postas\u0131 Maastricht\",\"description\":\"\",\"potentialAction\":[{\"@type\":\"SearchAction\",\"target\":{\"@type\":\"EntryPoint\",\"urlTemplate\":\"https:\/\/hapmaastricht.nl\/tr\/?s={search_term_string}\"},\"query-input\":{\"@type\":\"PropertyValueSpecification\",\"valueRequired\":true,\"valueName\":\"search_term_string\"}}],\"inLanguage\":\"tr\"}]}<\/script>\n<!-- \/ Yoast SEO plugin. -->","yoast_head_json":{"title":"Denetleme Kurulu - GP Acil Durum Postas\u0131 Maastricht","robots":{"index":"index","follow":"follow","max-snippet":"max-snippet:-1","max-image-preview":"max-image-preview:large","max-video-preview":"max-video-preview:-1"},"canonical":"https:\/\/hapmaastricht.nl\/tr\/denetim-kurulu\/","og_locale":"tr_TR","og_type":"article","og_title":"Denetleme Kurulu - GP Acil Durum Postas\u0131 Maastricht","og_description":"ZIO Denetim Kurulu ve Huisartsenpost en Heuvelland Vakf\u0131 \u00fc\u00e7 \u00fcyeden olu\u015fur ve her iki kurulu\u015fun performans\u0131n\u0131 denetlemekten ve dan\u0131\u015fmanl\u0131ktan sorumludur. \u00dcyeler d\u00f6rt y\u0131ll\u0131k bir s\u00fcre i\u00e7in atan\u0131r. Arno Timmermans, ba\u015fkan (1 Ocak 2022 itibariyle) 2012 y\u0131l\u0131na kadar Almere'de pratisyen hekim olarak \u00e7al\u0131\u015f\u0131yor. 2000'den 2004'e kadar NHG Direkt\u00f6r\u00fc ve 2004'ten 2012'ye kadar NHG Y\u00f6netim Kurulu Ba\u015fkan\u0131. 2012'den beri Westfriesgasthuis Y\u00f6netim Kurulu Ba\u015fkan\u0131. Westfriesgasthuis, 2017 y\u0131l\u0131nda Dijklander Hastanesi olarak bilinen Waterland Hastanesi ile birle\u015fti. Halen SBOH Denetim Kurulu Ba\u015fkan\u0131 ve [...]","og_url":"https:\/\/hapmaastricht.nl\/tr\/denetim-kurulu\/","og_site_name":"GP Acil Durum Postas\u0131 Maastricht","article_modified_time":"2025-07-10T07:54:01+00:00","twitter_card":"summary_large_image","twitter_misc":{"Tahmini okuma s\u00fcresi":"1 dakika"},"schema":{"@context":"https:\/\/schema.org","@graph":[{"@type":"WebPage","@id":"https:\/\/hapmaastricht.nl\/tr\/denetim-kurulu\/","url":"https:\/\/hapmaastricht.nl\/tr\/denetim-kurulu\/","name":"Denetleme Kurulu - GP Acil Durum Postas\u0131 Maastricht","isPartOf":{"@id":"https:\/\/hapmaastricht.nl\/tr\/#website"},"datePublished":"2023-05-31T14:56:36+00:00","dateModified":"2025-07-10T07:54:01+00:00","breadcrumb":{"@id":"https:\/\/hapmaastricht.nl\/tr\/denetim-kurulu\/#breadcrumb"},"inLanguage":"tr","potentialAction":[{"@type":"ReadAction","target":["https:\/\/hapmaastricht.nl\/tr\/denetim-kurulu\/"]}]},{"@type":"BreadcrumbList","@id":"https:\/\/hapmaastricht.nl\/tr\/denetim-kurulu\/#breadcrumb","itemListElement":[{"@type":"ListItem","position":1,"name":"Home","item":"https:\/\/hapmaastricht.nl\/tr\/"},{"@type":"ListItem","position":2,"name":"Denetim Kurulu"}]},{"@type":"WebSite","@id":"https:\/\/hapmaastricht.nl\/tr\/#website","url":"https:\/\/hapmaastricht.nl\/tr\/","name":"GP Acil Durum Postas\u0131 Maastricht","description":"","potentialAction":[{"@type":"SearchAction","target":{"@type":"EntryPoint","urlTemplate":"https:\/\/hapmaastricht.nl\/tr\/?s={search_term_string}"},"query-input":{"@type":"PropertyValueSpecification","valueRequired":true,"valueName":"search_term_string"}}],"inLanguage":"tr"}]}},"_links":{"self":[{"href":"https:\/\/hapmaastricht.nl\/tr\/wp-json\/wp\/v2\/pages\/2572","targetHints":{"allow":["GET"]}}],"collection":[{"href":"https:\/\/hapmaastricht.nl\/tr\/wp-json\/wp\/v2\/pages"}],"about":[{"href":"https:\/\/hapmaastricht.nl\/tr\/wp-json\/wp\/v2\/types\/page"}],"author":[{"embeddable":true,"href":"https:\/\/hapmaastricht.nl\/tr\/wp-json\/wp\/v2\/users\/3"}],"replies":[{"embeddable":true,"href":"https:\/\/hapmaastricht.nl\/tr\/wp-json\/wp\/v2\/comments?post=2572"}],"version-history":[{"count":4,"href":"https:\/\/hapmaastricht.nl\/tr\/wp-json\/wp\/v2\/pages\/2572\/revisions"}],"predecessor-version":[{"id":9196,"href":"https:\/\/hapmaastricht.nl\/tr\/wp-json\/wp\/v2\/pages\/2572\/revisions\/9196"}],"wp:attachment":[{"href":"https:\/\/hapmaastricht.nl\/tr\/wp-json\/wp\/v2\/media?parent=2572"}],"curies":[{"name":"wp","href":"https:\/\/api.w.org\/{rel}","templated":true}]}}