{"id":2579,"date":"2023-05-31T17:08:15","date_gmt":"2023-05-31T15:08:15","guid":{"rendered":"https:\/\/multisite.mindd.dev\/hap-maastricht\/?page_id=2579"},"modified":"2025-07-10T09:53:58","modified_gmt":"2025-07-10T07:53:58","slug":"organizasyon-semasi","status":"publish","type":"page","link":"https:\/\/hapmaastricht.nl\/tr\/organizasyon-semasi\/","title":{"rendered":"Y\u00f6netim ve Denetim"},"content":{"rendered":"\n<figure class=\"wp-block-image size-full\"><img decoding=\"async\" width=\"760\" height=\"937\" src=\"https:\/\/hapmaastricht.nl\/content\/uploads\/2023\/08\/HAP-organogram-2023.jpg\" alt=\"\" class=\"wp-image-7412\" srcset=\"https:\/\/hapmaastricht.nl\/tr\/wp-content\/uploads\/sites\/61\/2023\/08\/HAP-organogram-2023.jpg 760w, https:\/\/hapmaastricht.nl\/tr\/wp-content\/uploads\/sites\/61\/2023\/08\/HAP-organogram-2023-243x300.jpg 243w\" sizes=\"(max-width: 760px) 100vw, 760px\" \/><\/figure>\n\n\n\n<p><span style=\"text-decoration: underline\">A\u00e7\u0131klama<\/span><br>Genel m\u00fcd\u00fcr HMH Vakf\u0131 taraf\u0131ndan istihdam edilmektedir. Di\u011fer personel i\u00e7in, Vakf\u0131n MUMC + ile hizmetler i\u00e7in bir s\u00f6zle\u015fmesi vard\u0131r.<br>Maastricht ve Heuvelland b\u00f6lgesinden pratisyen hekimler, bir ortakl\u0131k anla\u015fmas\u0131 temelinde HMH Vakf\u0131&#8217;na ba\u011fl\u0131d\u0131r. Vak\u0131f, n\u00f6bet\u00e7i doktorun ta\u015f\u0131nmas\u0131 i\u00e7in t\u0131p alan\u0131nda uzmanla\u015fm\u0131\u015f bir nakliye \u015firketinden s\u00fcr\u00fcc\u00fcler kullan\u0131yor.<\/p>\n\n\n\n<p>Maastricht ve Heuvelland Pratisyen Hekimler Acil Durum \u0130stasyonu Denetleme Kurulu \u00fc\u00e7 \u00fcyeden olu\u015fur ve kurulu\u015fun g\u00f6revlerinin yerine getirilmesini denetlemek ve tavsiyelerde bulunmakla g\u00f6revlidir. \u00dcyeler d\u00f6rt y\u0131ll\u0131k bir s\u00fcre i\u00e7in atan\u0131r. \u015eu anda, Denetleme Kurulu \u00fcyeleri \u015funlard\u0131r:<\/p>\n\n\n\n<p><\/p>\n\n\n\n<ul class=\"wp-block-list\">\n<li>Maarten Klomp<\/li>\n\n\n\n<li>Yvonne Custers-Yuvalar\u0131<\/li>\n\n\n\n<li>Guido Kerckhoff&#8217;un foto\u011fraf\u0131.<\/li>\n<\/ul>\n\n\n\n<p><\/p>\n","protected":false},"excerpt":{"rendered":"<p>A\u00e7\u0131klama: Y\u00f6netmen ve y\u00f6netmen HMH Vakf\u0131 taraf\u0131ndan istihdama edilmektedir. Di\u011fer personel i\u00e7in Vakf\u0131n MUMC+ile bir g\u00f6rev s\u00f6zle\u015fmesi vard\u0131r. Maastricht ve Heuvelland b\u00f6lgesinden gelen pratisyen hekimler, bir ortakl\u0131k anla\u015fmas\u0131 temelinde HMH Vakf\u0131&#8217;na ba\u011fl\u0131d\u0131r. G\u00f6revdeki doktoru ta\u015f\u0131mak i\u00e7in vak\u0131f, t\u0131p alan\u0131nda uzmanla\u015fm\u0131\u015f bir t\u0131bbi nakliye \u015firketinden s\u00fcr\u00fcc\u00fcleri kullan\u0131yor.<\/p>\n","protected":false},"author":3,"featured_media":0,"parent":0,"menu_order":106,"comment_status":"closed","ping_status":"closed","template":"","meta":{"_acf_changed":false,"_trash_the_other_posts":false,"editor_notices":["a:0:{}"],"footnotes":""},"class_list":["post-2579","page","type-page","status-publish","hentry"],"acf":[],"yoast_head":"<!-- This site is optimized with the Yoast SEO plugin v26.6 - https:\/\/yoast.com\/wordpress\/plugins\/seo\/ -->\n<title>Y\u00f6netim ve Denetim - GP Acil Durum Postas\u0131 Maastricht<\/title>\n<meta name=\"robots\" content=\"index, follow, max-snippet:-1, max-image-preview:large, max-video-preview:-1\" \/>\n<link rel=\"canonical\" href=\"https:\/\/hapmaastricht.nl\/tr\/organizasyon-semasi\/\" \/>\n<meta property=\"og:locale\" content=\"tr_TR\" \/>\n<meta property=\"og:type\" content=\"article\" \/>\n<meta property=\"og:title\" content=\"Y\u00f6netim ve Denetim - GP Acil Durum Postas\u0131 Maastricht\" \/>\n<meta property=\"og:description\" content=\"A\u00e7\u0131klama: Y\u00f6netmen ve y\u00f6netmen HMH Vakf\u0131 taraf\u0131ndan istihdama edilmektedir. Di\u011fer personel i\u00e7in Vakf\u0131n MUMC+ile bir g\u00f6rev s\u00f6zle\u015fmesi vard\u0131r. Maastricht ve Heuvelland b\u00f6lgesinden gelen pratisyen hekimler, bir ortakl\u0131k anla\u015fmas\u0131 temelinde HMH Vakf\u0131&#039;na ba\u011fl\u0131d\u0131r. G\u00f6revdeki doktoru ta\u015f\u0131mak i\u00e7in vak\u0131f, t\u0131p alan\u0131nda uzmanla\u015fm\u0131\u015f bir t\u0131bbi nakliye \u015firketinden s\u00fcr\u00fcc\u00fcleri kullan\u0131yor.\" \/>\n<meta property=\"og:url\" content=\"https:\/\/hapmaastricht.nl\/tr\/organizasyon-semasi\/\" \/>\n<meta property=\"og:site_name\" content=\"GP Acil Durum Postas\u0131 Maastricht\" \/>\n<meta property=\"article:modified_time\" content=\"2025-07-10T07:53:58+00:00\" \/>\n<meta property=\"og:image\" content=\"https:\/\/hapmaastricht.nl\/content\/uploads\/2023\/08\/HAP-organogram-2023.jpg\" \/>\n<meta name=\"twitter:card\" content=\"summary_large_image\" \/>\n<meta name=\"twitter:label1\" content=\"Tahmini okuma s\u00fcresi\" \/>\n\t<meta name=\"twitter:data1\" content=\"1 dakika\" \/>\n<script type=\"application\/ld+json\" class=\"yoast-schema-graph\">{\"@context\":\"https:\/\/schema.org\",\"@graph\":[{\"@type\":\"WebPage\",\"@id\":\"https:\/\/hapmaastricht.nl\/tr\/organizasyon-semasi\/\",\"url\":\"https:\/\/hapmaastricht.nl\/tr\/organizasyon-semasi\/\",\"name\":\"Y\u00f6netim ve Denetim - GP Acil Durum Postas\u0131 Maastricht\",\"isPartOf\":{\"@id\":\"https:\/\/hapmaastricht.nl\/tr\/#website\"},\"primaryImageOfPage\":{\"@id\":\"https:\/\/hapmaastricht.nl\/tr\/organizasyon-semasi\/#primaryimage\"},\"image\":{\"@id\":\"https:\/\/hapmaastricht.nl\/tr\/organizasyon-semasi\/#primaryimage\"},\"thumbnailUrl\":\"https:\/\/hapmaastricht.nl\/content\/uploads\/2023\/08\/HAP-organogram-2023.jpg\",\"datePublished\":\"2023-05-31T15:08:15+00:00\",\"dateModified\":\"2025-07-10T07:53:58+00:00\",\"breadcrumb\":{\"@id\":\"https:\/\/hapmaastricht.nl\/tr\/organizasyon-semasi\/#breadcrumb\"},\"inLanguage\":\"tr\",\"potentialAction\":[{\"@type\":\"ReadAction\",\"target\":[\"https:\/\/hapmaastricht.nl\/tr\/organizasyon-semasi\/\"]}]},{\"@type\":\"ImageObject\",\"inLanguage\":\"tr\",\"@id\":\"https:\/\/hapmaastricht.nl\/tr\/organizasyon-semasi\/#primaryimage\",\"url\":\"https:\/\/hapmaastricht.nl\/content\/uploads\/2023\/08\/HAP-organogram-2023.jpg\",\"contentUrl\":\"https:\/\/hapmaastricht.nl\/content\/uploads\/2023\/08\/HAP-organogram-2023.jpg\"},{\"@type\":\"BreadcrumbList\",\"@id\":\"https:\/\/hapmaastricht.nl\/tr\/organizasyon-semasi\/#breadcrumb\",\"itemListElement\":[{\"@type\":\"ListItem\",\"position\":1,\"name\":\"Home\",\"item\":\"https:\/\/hapmaastricht.nl\/tr\/\"},{\"@type\":\"ListItem\",\"position\":2,\"name\":\"Organizasyon \u015femas\u0131\"}]},{\"@type\":\"WebSite\",\"@id\":\"https:\/\/hapmaastricht.nl\/tr\/#website\",\"url\":\"https:\/\/hapmaastricht.nl\/tr\/\",\"name\":\"GP Acil Durum Postas\u0131 Maastricht\",\"description\":\"\",\"potentialAction\":[{\"@type\":\"SearchAction\",\"target\":{\"@type\":\"EntryPoint\",\"urlTemplate\":\"https:\/\/hapmaastricht.nl\/tr\/?s={search_term_string}\"},\"query-input\":{\"@type\":\"PropertyValueSpecification\",\"valueRequired\":true,\"valueName\":\"search_term_string\"}}],\"inLanguage\":\"tr\"}]}<\/script>\n<!-- \/ Yoast SEO plugin. -->","yoast_head_json":{"title":"Y\u00f6netim ve Denetim - GP Acil Durum Postas\u0131 Maastricht","robots":{"index":"index","follow":"follow","max-snippet":"max-snippet:-1","max-image-preview":"max-image-preview:large","max-video-preview":"max-video-preview:-1"},"canonical":"https:\/\/hapmaastricht.nl\/tr\/organizasyon-semasi\/","og_locale":"tr_TR","og_type":"article","og_title":"Y\u00f6netim ve Denetim - GP Acil Durum Postas\u0131 Maastricht","og_description":"A\u00e7\u0131klama: Y\u00f6netmen ve y\u00f6netmen HMH Vakf\u0131 taraf\u0131ndan istihdama edilmektedir. Di\u011fer personel i\u00e7in Vakf\u0131n MUMC+ile bir g\u00f6rev s\u00f6zle\u015fmesi vard\u0131r. Maastricht ve Heuvelland b\u00f6lgesinden gelen pratisyen hekimler, bir ortakl\u0131k anla\u015fmas\u0131 temelinde HMH Vakf\u0131'na ba\u011fl\u0131d\u0131r. G\u00f6revdeki doktoru ta\u015f\u0131mak i\u00e7in vak\u0131f, t\u0131p alan\u0131nda uzmanla\u015fm\u0131\u015f bir t\u0131bbi nakliye \u015firketinden s\u00fcr\u00fcc\u00fcleri kullan\u0131yor.","og_url":"https:\/\/hapmaastricht.nl\/tr\/organizasyon-semasi\/","og_site_name":"GP Acil Durum Postas\u0131 Maastricht","article_modified_time":"2025-07-10T07:53:58+00:00","og_image":[{"url":"https:\/\/hapmaastricht.nl\/content\/uploads\/2023\/08\/HAP-organogram-2023.jpg","type":"","width":"","height":""}],"twitter_card":"summary_large_image","twitter_misc":{"Tahmini okuma s\u00fcresi":"1 dakika"},"schema":{"@context":"https:\/\/schema.org","@graph":[{"@type":"WebPage","@id":"https:\/\/hapmaastricht.nl\/tr\/organizasyon-semasi\/","url":"https:\/\/hapmaastricht.nl\/tr\/organizasyon-semasi\/","name":"Y\u00f6netim ve Denetim - GP Acil Durum Postas\u0131 Maastricht","isPartOf":{"@id":"https:\/\/hapmaastricht.nl\/tr\/#website"},"primaryImageOfPage":{"@id":"https:\/\/hapmaastricht.nl\/tr\/organizasyon-semasi\/#primaryimage"},"image":{"@id":"https:\/\/hapmaastricht.nl\/tr\/organizasyon-semasi\/#primaryimage"},"thumbnailUrl":"https:\/\/hapmaastricht.nl\/content\/uploads\/2023\/08\/HAP-organogram-2023.jpg","datePublished":"2023-05-31T15:08:15+00:00","dateModified":"2025-07-10T07:53:58+00:00","breadcrumb":{"@id":"https:\/\/hapmaastricht.nl\/tr\/organizasyon-semasi\/#breadcrumb"},"inLanguage":"tr","potentialAction":[{"@type":"ReadAction","target":["https:\/\/hapmaastricht.nl\/tr\/organizasyon-semasi\/"]}]},{"@type":"ImageObject","inLanguage":"tr","@id":"https:\/\/hapmaastricht.nl\/tr\/organizasyon-semasi\/#primaryimage","url":"https:\/\/hapmaastricht.nl\/content\/uploads\/2023\/08\/HAP-organogram-2023.jpg","contentUrl":"https:\/\/hapmaastricht.nl\/content\/uploads\/2023\/08\/HAP-organogram-2023.jpg"},{"@type":"BreadcrumbList","@id":"https:\/\/hapmaastricht.nl\/tr\/organizasyon-semasi\/#breadcrumb","itemListElement":[{"@type":"ListItem","position":1,"name":"Home","item":"https:\/\/hapmaastricht.nl\/tr\/"},{"@type":"ListItem","position":2,"name":"Organizasyon \u015femas\u0131"}]},{"@type":"WebSite","@id":"https:\/\/hapmaastricht.nl\/tr\/#website","url":"https:\/\/hapmaastricht.nl\/tr\/","name":"GP Acil Durum Postas\u0131 Maastricht","description":"","potentialAction":[{"@type":"SearchAction","target":{"@type":"EntryPoint","urlTemplate":"https:\/\/hapmaastricht.nl\/tr\/?s={search_term_string}"},"query-input":{"@type":"PropertyValueSpecification","valueRequired":true,"valueName":"search_term_string"}}],"inLanguage":"tr"}]}},"_links":{"self":[{"href":"https:\/\/hapmaastricht.nl\/tr\/wp-json\/wp\/v2\/pages\/2579","targetHints":{"allow":["GET"]}}],"collection":[{"href":"https:\/\/hapmaastricht.nl\/tr\/wp-json\/wp\/v2\/pages"}],"about":[{"href":"https:\/\/hapmaastricht.nl\/tr\/wp-json\/wp\/v2\/types\/page"}],"author":[{"embeddable":true,"href":"https:\/\/hapmaastricht.nl\/tr\/wp-json\/wp\/v2\/users\/3"}],"replies":[{"embeddable":true,"href":"https:\/\/hapmaastricht.nl\/tr\/wp-json\/wp\/v2\/comments?post=2579"}],"version-history":[{"count":14,"href":"https:\/\/hapmaastricht.nl\/tr\/wp-json\/wp\/v2\/pages\/2579\/revisions"}],"predecessor-version":[{"id":9195,"href":"https:\/\/hapmaastricht.nl\/tr\/wp-json\/wp\/v2\/pages\/2579\/revisions\/9195"}],"wp:attachment":[{"href":"https:\/\/hapmaastricht.nl\/tr\/wp-json\/wp\/v2\/media?parent=2579"}],"curies":[{"name":"wp","href":"https:\/\/api.w.org\/{rel}","templated":true}]}}