{"id":3528,"date":"2023-06-03T14:42:07","date_gmt":"2023-06-03T12:42:07","guid":{"rendered":"https:\/\/multisite.mindd.dev\/hap-maastricht\/?page_id=3528"},"modified":"2025-07-10T09:53:53","modified_gmt":"2025-07-10T07:53:53","slug":"birlikte-onemsemek-dnamizda-var","status":"publish","type":"page","link":"https:\/\/hapmaastricht.nl\/tr\/birlikte-onemsemek-dnamizda-var\/","title":{"rendered":"Birlikte \u00f6nemsemek DNA&#8217;m\u0131zda var"},"content":{"rendered":"\n\n\n<p>Birka\u00e7 y\u0131l \u00f6nce y\u0131ll\u0131k raporlar\u0131m\u0131zdan birini s\u00fcsleyen <a href=\"\/wp-content\/uploads\/sites\/30\/2023\/06\/QUOTES-JAARVERSLAG-2016-def.pdf\" target=\"_blank\" rel=\"noreferrer noopener\">on iki ifade<\/a> hala ge\u00e7erlidir ve HMH Vakf\u0131&#8217;n\u0131n vizyonunu \u015fekillendirme \u015fekliyle uyumludur. Politikam\u0131z\u0131n bir metaforu olarak, &#8216;Birlikte \u00f6nemsemek DNA&#8217;m\u0131zda var&#8217; slogan\u0131yla DNA yap\u0131s\u0131n\u0131 kullan\u0131yoruz. HMH Vakf\u0131, insanlar\u0131n (bak\u0131m) profesyonelleri olarak co\u015fku ve tutkular\u0131yla i\u00e7sel motivasyonunun, bak\u0131m\u0131n optimizasyonu i\u00e7in gerekli oldu\u011funu g\u00f6stermek istiyor. B\u00f6lgemizdeki hastalara her g\u00fcn m\u00fcmk\u00fcn olan en iyi bak\u0131m\u0131n verilmesini sa\u011flayan bu insanlard\u0131r.<\/p>\n\n\n\n<figure class=\"wp-block-image size-large\"><img decoding=\"async\" width=\"442\" height=\"1024\" src=\"https:\/\/hapmaastricht.nl\/content\/uploads\/2023\/06\/digitale-poster-442x1024.jpg\" alt=\"\" class=\"wp-image-3705\" srcset=\"https:\/\/hapmaastricht.nl\/tr\/wp-content\/uploads\/sites\/61\/2023\/06\/digitale-poster-442x1024.jpg 442w, https:\/\/hapmaastricht.nl\/tr\/wp-content\/uploads\/sites\/61\/2023\/06\/digitale-poster-130x300.jpg 130w, https:\/\/hapmaastricht.nl\/tr\/wp-content\/uploads\/sites\/61\/2023\/06\/digitale-poster-768x1779.jpg 768w, https:\/\/hapmaastricht.nl\/tr\/wp-content\/uploads\/sites\/61\/2023\/06\/digitale-poster-663x1536.jpg 663w, https:\/\/hapmaastricht.nl\/tr\/wp-content\/uploads\/sites\/61\/2023\/06\/digitale-poster-884x2048.jpg 884w, https:\/\/hapmaastricht.nl\/tr\/wp-content\/uploads\/sites\/61\/2023\/06\/digitale-poster-scaled.jpg 1105w\" sizes=\"(max-width: 442px) 100vw, 442px\" \/><\/figure>\n","protected":false},"excerpt":{"rendered":"<p>Birka\u00e7 y\u0131l \u00f6nce y\u0131ll\u0131k raporlar\u0131m\u0131zdan birini s\u00fcsleyen on iki ifade hala ge\u00e7erlidir ve HMH Vakf\u0131&#8217;n\u0131n vizyonunu nas\u0131l \u015fekillendirdi\u011fi ile uyumludur.. Politikam\u0131z i\u00e7in bir metafor olarak DNA yap\u0131s\u0131n\u0131 \u201cBirlikte \u00f6zen g\u00f6stermek DNA&#8217;m\u0131zda\u201d slogan\u0131yla kullan\u0131yoruz. Bu nedenle HMH Vakf\u0131, bak\u0131m\u0131 optimize etmek i\u00e7in insanlar\u0131n co\u015fkusu ve tutkusuyla (bak\u0131m) profesyoneli olarak i\u00e7sel motivasyonunun gerekli oldu\u011funu g\u00f6stermek istiyor. B\u00f6lgemizdeki hastalar i\u00e7in her g\u00fcn m\u00fcmk\u00fcn olan en iyi bak\u0131m\u0131 sa\u011flayan bu insanlard\u0131r [&#8230;]<\/p>\n","protected":false},"author":3,"featured_media":0,"parent":0,"menu_order":128,"comment_status":"closed","ping_status":"closed","template":"","meta":{"_acf_changed":false,"_trash_the_other_posts":false,"editor_notices":[],"footnotes":""},"class_list":["post-3528","page","type-page","status-publish","hentry"],"acf":[],"yoast_head":"<!-- This site is optimized with the Yoast SEO plugin v26.6 - https:\/\/yoast.com\/wordpress\/plugins\/seo\/ -->\n<title>Birlikte \u00f6nemsemek DNA&#039;m\u0131zda var - GP Acil Durum Postas\u0131 Maastricht<\/title>\n<meta name=\"robots\" content=\"index, follow, max-snippet:-1, max-image-preview:large, max-video-preview:-1\" \/>\n<link rel=\"canonical\" href=\"https:\/\/hapmaastricht.nl\/tr\/birlikte-ilgilenmek-dnamizda\/\" \/>\n<meta property=\"og:locale\" content=\"tr_TR\" \/>\n<meta property=\"og:type\" content=\"article\" \/>\n<meta property=\"og:title\" content=\"Birlikte \u00f6nemsemek DNA&#039;m\u0131zda var - GP Acil Durum Postas\u0131 Maastricht\" \/>\n<meta property=\"og:description\" content=\"Birka\u00e7 y\u0131l \u00f6nce y\u0131ll\u0131k raporlar\u0131m\u0131zdan birini s\u00fcsleyen on iki ifade hala ge\u00e7erlidir ve HMH Vakf\u0131&#039;n\u0131n vizyonunu nas\u0131l \u015fekillendirdi\u011fi ile uyumludur.. Politikam\u0131z i\u00e7in bir metafor olarak DNA yap\u0131s\u0131n\u0131 \u201cBirlikte \u00f6zen g\u00f6stermek DNA&#039;m\u0131zda\u201d slogan\u0131yla kullan\u0131yoruz. Bu nedenle HMH Vakf\u0131, bak\u0131m\u0131 optimize etmek i\u00e7in insanlar\u0131n co\u015fkusu ve tutkusuyla (bak\u0131m) profesyoneli olarak i\u00e7sel motivasyonunun gerekli oldu\u011funu g\u00f6stermek istiyor. B\u00f6lgemizdeki hastalar i\u00e7in her g\u00fcn m\u00fcmk\u00fcn olan en iyi bak\u0131m\u0131 sa\u011flayan bu insanlard\u0131r [...]\" \/>\n<meta property=\"og:url\" content=\"https:\/\/hapmaastricht.nl\/tr\/birlikte-ilgilenmek-dnamizda\/\" \/>\n<meta property=\"og:site_name\" content=\"GP Acil Durum Postas\u0131 Maastricht\" \/>\n<meta property=\"article:modified_time\" content=\"2025-07-10T07:53:53+00:00\" \/>\n<meta property=\"og:image\" content=\"https:\/\/hapmaastricht.nl\/content\/uploads\/2023\/06\/digitale-poster-442x1024.jpg\" \/>\n<meta name=\"twitter:card\" content=\"summary_large_image\" \/>\n<meta name=\"twitter:label1\" content=\"Tahmini okuma s\u00fcresi\" \/>\n\t<meta name=\"twitter:data1\" content=\"1 dakika\" \/>\n<script type=\"application\/ld+json\" class=\"yoast-schema-graph\">{\"@context\":\"https:\/\/schema.org\",\"@graph\":[{\"@type\":\"WebPage\",\"@id\":\"https:\/\/hapmaastricht.nl\/tr\/birlikte-ilgilenmek-dnamizda\/\",\"url\":\"https:\/\/hapmaastricht.nl\/tr\/birlikte-ilgilenmek-dnamizda\/\",\"name\":\"Birlikte \u00f6nemsemek DNA'm\u0131zda var - GP Acil Durum Postas\u0131 Maastricht\",\"isPartOf\":{\"@id\":\"https:\/\/hapmaastricht.nl\/tr\/#website\"},\"primaryImageOfPage\":{\"@id\":\"https:\/\/hapmaastricht.nl\/tr\/birlikte-ilgilenmek-dnamizda\/#primaryimage\"},\"image\":{\"@id\":\"https:\/\/hapmaastricht.nl\/tr\/birlikte-ilgilenmek-dnamizda\/#primaryimage\"},\"thumbnailUrl\":\"https:\/\/hapmaastricht.nl\/content\/uploads\/2023\/06\/digitale-poster-442x1024.jpg\",\"datePublished\":\"2023-06-03T12:42:07+00:00\",\"dateModified\":\"2025-07-10T07:53:53+00:00\",\"breadcrumb\":{\"@id\":\"https:\/\/hapmaastricht.nl\/tr\/birlikte-ilgilenmek-dnamizda\/#breadcrumb\"},\"inLanguage\":\"tr\",\"potentialAction\":[{\"@type\":\"ReadAction\",\"target\":[\"https:\/\/hapmaastricht.nl\/tr\/birlikte-ilgilenmek-dnamizda\/\"]}]},{\"@type\":\"ImageObject\",\"inLanguage\":\"tr\",\"@id\":\"https:\/\/hapmaastricht.nl\/tr\/birlikte-ilgilenmek-dnamizda\/#primaryimage\",\"url\":\"https:\/\/hapmaastricht.nl\/content\/uploads\/2023\/06\/digitale-poster-442x1024.jpg\",\"contentUrl\":\"https:\/\/hapmaastricht.nl\/content\/uploads\/2023\/06\/digitale-poster-442x1024.jpg\"},{\"@type\":\"BreadcrumbList\",\"@id\":\"https:\/\/hapmaastricht.nl\/tr\/birlikte-ilgilenmek-dnamizda\/#breadcrumb\",\"itemListElement\":[{\"@type\":\"ListItem\",\"position\":1,\"name\":\"Home\",\"item\":\"https:\/\/hapmaastricht.nl\/tr\/\"},{\"@type\":\"ListItem\",\"position\":2,\"name\":\"Birlikte ilgilenmek DNA&#8217;m\u0131zda\"}]},{\"@type\":\"WebSite\",\"@id\":\"https:\/\/hapmaastricht.nl\/tr\/#website\",\"url\":\"https:\/\/hapmaastricht.nl\/tr\/\",\"name\":\"GP Acil Durum Postas\u0131 Maastricht\",\"description\":\"\",\"potentialAction\":[{\"@type\":\"SearchAction\",\"target\":{\"@type\":\"EntryPoint\",\"urlTemplate\":\"https:\/\/hapmaastricht.nl\/tr\/?s={search_term_string}\"},\"query-input\":{\"@type\":\"PropertyValueSpecification\",\"valueRequired\":true,\"valueName\":\"search_term_string\"}}],\"inLanguage\":\"tr\"}]}<\/script>\n<!-- \/ Yoast SEO plugin. -->","yoast_head_json":{"title":"Birlikte \u00f6nemsemek DNA'm\u0131zda var - GP Acil Durum Postas\u0131 Maastricht","robots":{"index":"index","follow":"follow","max-snippet":"max-snippet:-1","max-image-preview":"max-image-preview:large","max-video-preview":"max-video-preview:-1"},"canonical":"https:\/\/hapmaastricht.nl\/tr\/birlikte-ilgilenmek-dnamizda\/","og_locale":"tr_TR","og_type":"article","og_title":"Birlikte \u00f6nemsemek DNA'm\u0131zda var - GP Acil Durum Postas\u0131 Maastricht","og_description":"Birka\u00e7 y\u0131l \u00f6nce y\u0131ll\u0131k raporlar\u0131m\u0131zdan birini s\u00fcsleyen on iki ifade hala ge\u00e7erlidir ve HMH Vakf\u0131'n\u0131n vizyonunu nas\u0131l \u015fekillendirdi\u011fi ile uyumludur.. Politikam\u0131z i\u00e7in bir metafor olarak DNA yap\u0131s\u0131n\u0131 \u201cBirlikte \u00f6zen g\u00f6stermek DNA'm\u0131zda\u201d slogan\u0131yla kullan\u0131yoruz. Bu nedenle HMH Vakf\u0131, bak\u0131m\u0131 optimize etmek i\u00e7in insanlar\u0131n co\u015fkusu ve tutkusuyla (bak\u0131m) profesyoneli olarak i\u00e7sel motivasyonunun gerekli oldu\u011funu g\u00f6stermek istiyor. B\u00f6lgemizdeki hastalar i\u00e7in her g\u00fcn m\u00fcmk\u00fcn olan en iyi bak\u0131m\u0131 sa\u011flayan bu insanlard\u0131r [...]","og_url":"https:\/\/hapmaastricht.nl\/tr\/birlikte-ilgilenmek-dnamizda\/","og_site_name":"GP Acil Durum Postas\u0131 Maastricht","article_modified_time":"2025-07-10T07:53:53+00:00","og_image":[{"url":"https:\/\/hapmaastricht.nl\/content\/uploads\/2023\/06\/digitale-poster-442x1024.jpg","type":"","width":"","height":""}],"twitter_card":"summary_large_image","twitter_misc":{"Tahmini okuma s\u00fcresi":"1 dakika"},"schema":{"@context":"https:\/\/schema.org","@graph":[{"@type":"WebPage","@id":"https:\/\/hapmaastricht.nl\/tr\/birlikte-ilgilenmek-dnamizda\/","url":"https:\/\/hapmaastricht.nl\/tr\/birlikte-ilgilenmek-dnamizda\/","name":"Birlikte \u00f6nemsemek DNA'm\u0131zda var - GP Acil Durum Postas\u0131 Maastricht","isPartOf":{"@id":"https:\/\/hapmaastricht.nl\/tr\/#website"},"primaryImageOfPage":{"@id":"https:\/\/hapmaastricht.nl\/tr\/birlikte-ilgilenmek-dnamizda\/#primaryimage"},"image":{"@id":"https:\/\/hapmaastricht.nl\/tr\/birlikte-ilgilenmek-dnamizda\/#primaryimage"},"thumbnailUrl":"https:\/\/hapmaastricht.nl\/content\/uploads\/2023\/06\/digitale-poster-442x1024.jpg","datePublished":"2023-06-03T12:42:07+00:00","dateModified":"2025-07-10T07:53:53+00:00","breadcrumb":{"@id":"https:\/\/hapmaastricht.nl\/tr\/birlikte-ilgilenmek-dnamizda\/#breadcrumb"},"inLanguage":"tr","potentialAction":[{"@type":"ReadAction","target":["https:\/\/hapmaastricht.nl\/tr\/birlikte-ilgilenmek-dnamizda\/"]}]},{"@type":"ImageObject","inLanguage":"tr","@id":"https:\/\/hapmaastricht.nl\/tr\/birlikte-ilgilenmek-dnamizda\/#primaryimage","url":"https:\/\/hapmaastricht.nl\/content\/uploads\/2023\/06\/digitale-poster-442x1024.jpg","contentUrl":"https:\/\/hapmaastricht.nl\/content\/uploads\/2023\/06\/digitale-poster-442x1024.jpg"},{"@type":"BreadcrumbList","@id":"https:\/\/hapmaastricht.nl\/tr\/birlikte-ilgilenmek-dnamizda\/#breadcrumb","itemListElement":[{"@type":"ListItem","position":1,"name":"Home","item":"https:\/\/hapmaastricht.nl\/tr\/"},{"@type":"ListItem","position":2,"name":"Birlikte ilgilenmek DNA&#8217;m\u0131zda"}]},{"@type":"WebSite","@id":"https:\/\/hapmaastricht.nl\/tr\/#website","url":"https:\/\/hapmaastricht.nl\/tr\/","name":"GP Acil Durum Postas\u0131 Maastricht","description":"","potentialAction":[{"@type":"SearchAction","target":{"@type":"EntryPoint","urlTemplate":"https:\/\/hapmaastricht.nl\/tr\/?s={search_term_string}"},"query-input":{"@type":"PropertyValueSpecification","valueRequired":true,"valueName":"search_term_string"}}],"inLanguage":"tr"}]}},"_links":{"self":[{"href":"https:\/\/hapmaastricht.nl\/tr\/wp-json\/wp\/v2\/pages\/3528","targetHints":{"allow":["GET"]}}],"collection":[{"href":"https:\/\/hapmaastricht.nl\/tr\/wp-json\/wp\/v2\/pages"}],"about":[{"href":"https:\/\/hapmaastricht.nl\/tr\/wp-json\/wp\/v2\/types\/page"}],"author":[{"embeddable":true,"href":"https:\/\/hapmaastricht.nl\/tr\/wp-json\/wp\/v2\/users\/3"}],"replies":[{"embeddable":true,"href":"https:\/\/hapmaastricht.nl\/tr\/wp-json\/wp\/v2\/comments?post=3528"}],"version-history":[{"count":1,"href":"https:\/\/hapmaastricht.nl\/tr\/wp-json\/wp\/v2\/pages\/3528\/revisions"}],"predecessor-version":[{"id":9193,"href":"https:\/\/hapmaastricht.nl\/tr\/wp-json\/wp\/v2\/pages\/3528\/revisions\/9193"}],"wp:attachment":[{"href":"https:\/\/hapmaastricht.nl\/tr\/wp-json\/wp\/v2\/media?parent=3528"}],"curies":[{"name":"wp","href":"https:\/\/api.w.org\/{rel}","templated":true}]}}