{"id":4994,"date":"2023-06-13T11:49:22","date_gmt":"2023-06-13T09:49:22","guid":{"rendered":"https:\/\/multisite.mindd.dev\/hap-maastricht\/?page_id=4994"},"modified":"2025-07-10T09:53:49","modified_gmt":"2025-07-10T07:53:49","slug":"gonderiminiz-icin-tesekkur-ederiz","status":"publish","type":"page","link":"https:\/\/hapmaastricht.nl\/tr\/musteri-konseyi\/gonderiminiz-icin-tesekkur-ederiz\/","title":{"rendered":"G\u00f6nderiminiz i\u00e7in te\u015fekk\u00fcr ederiz!"},"content":{"rendered":"\n\n\n<p>G\u00f6nderiminiz i\u00e7in te\u015fekk\u00fcr ederiz. Sorunuz\/yorumunuz konseyin bir sonraki toplant\u0131s\u0131nda tart\u0131\u015f\u0131lacakt\u0131r. Daha sonra bizden \u00f6nemli bir cevap alacaks\u0131n\u0131z.<\/p>\n","protected":false},"excerpt":{"rendered":"<p>G\u00f6nderiniz i\u00e7in te\u015fekk\u00fcrler. Sorunuz\/yorumunuz bir sonraki meclis toplant\u0131s\u0131nda tart\u0131\u015f\u0131lacakt\u0131r. Daha sonra bizden \u00f6nemli bir yan\u0131t alacaks\u0131n\u0131z.<\/p>\n","protected":false},"author":3,"featured_media":0,"parent":2143,"menu_order":2,"comment_status":"closed","ping_status":"closed","template":"","meta":{"_acf_changed":false,"_trash_the_other_posts":false,"editor_notices":[],"footnotes":""},"class_list":["post-4994","page","type-page","status-publish","hentry"],"acf":[],"yoast_head":"<!-- This site is optimized with the Yoast SEO plugin v26.6 - https:\/\/yoast.com\/wordpress\/plugins\/seo\/ -->\n<title>G\u00f6nderiminiz i\u00e7in te\u015fekk\u00fcr ederiz! - GP Acil Durum Postas\u0131 Maastricht<\/title>\n<meta name=\"robots\" content=\"index, follow, max-snippet:-1, max-image-preview:large, max-video-preview:-1\" \/>\n<link rel=\"canonical\" href=\"https:\/\/hapmaastricht.nl\/tr\/musteri-konseyi\/gonderiminiz-icin-tesekkur-ederim\/\" \/>\n<meta property=\"og:locale\" content=\"tr_TR\" \/>\n<meta property=\"og:type\" content=\"article\" \/>\n<meta property=\"og:title\" content=\"G\u00f6nderiminiz i\u00e7in te\u015fekk\u00fcr ederiz! - GP Acil Durum Postas\u0131 Maastricht\" \/>\n<meta property=\"og:description\" content=\"G\u00f6nderiniz i\u00e7in te\u015fekk\u00fcrler. Sorunuz\/yorumunuz bir sonraki meclis toplant\u0131s\u0131nda tart\u0131\u015f\u0131lacakt\u0131r. Daha sonra bizden \u00f6nemli bir yan\u0131t alacaks\u0131n\u0131z.\" \/>\n<meta property=\"og:url\" content=\"https:\/\/hapmaastricht.nl\/tr\/musteri-konseyi\/gonderiminiz-icin-tesekkur-ederim\/\" \/>\n<meta property=\"og:site_name\" content=\"GP Acil Durum Postas\u0131 Maastricht\" \/>\n<meta property=\"article:modified_time\" content=\"2025-07-10T07:53:49+00:00\" \/>\n<meta name=\"twitter:card\" content=\"summary_large_image\" \/>\n<meta name=\"twitter:label1\" content=\"Tahmini okuma s\u00fcresi\" \/>\n\t<meta name=\"twitter:data1\" content=\"1 dakika\" \/>\n<script type=\"application\/ld+json\" class=\"yoast-schema-graph\">{\"@context\":\"https:\/\/schema.org\",\"@graph\":[{\"@type\":\"WebPage\",\"@id\":\"https:\/\/hapmaastricht.nl\/tr\/musteri-konseyi\/gonderiminiz-icin-tesekkur-ederim\/\",\"url\":\"https:\/\/hapmaastricht.nl\/tr\/musteri-konseyi\/gonderiminiz-icin-tesekkur-ederim\/\",\"name\":\"G\u00f6nderiminiz i\u00e7in te\u015fekk\u00fcr ederiz! - GP Acil Durum Postas\u0131 Maastricht\",\"isPartOf\":{\"@id\":\"https:\/\/hapmaastricht.nl\/tr\/#website\"},\"datePublished\":\"2023-06-13T09:49:22+00:00\",\"dateModified\":\"2025-07-10T07:53:49+00:00\",\"breadcrumb\":{\"@id\":\"https:\/\/hapmaastricht.nl\/tr\/musteri-konseyi\/gonderiminiz-icin-tesekkur-ederim\/#breadcrumb\"},\"inLanguage\":\"tr\",\"potentialAction\":[{\"@type\":\"ReadAction\",\"target\":[\"https:\/\/hapmaastricht.nl\/tr\/musteri-konseyi\/gonderiminiz-icin-tesekkur-ederim\/\"]}]},{\"@type\":\"BreadcrumbList\",\"@id\":\"https:\/\/hapmaastricht.nl\/tr\/musteri-konseyi\/gonderiminiz-icin-tesekkur-ederim\/#breadcrumb\",\"itemListElement\":[{\"@type\":\"ListItem\",\"position\":1,\"name\":\"Home\",\"item\":\"https:\/\/hapmaastricht.nl\/tr\/\"},{\"@type\":\"ListItem\",\"position\":2,\"name\":\"M\u00fc\u015fteri Konseyi\",\"item\":\"https:\/\/hapmaastricht.nl\/tr\/musteri-konseyi\/\"},{\"@type\":\"ListItem\",\"position\":3,\"name\":\"G\u00f6nderiniz i\u00e7in te\u015fekk\u00fcrler!\"}]},{\"@type\":\"WebSite\",\"@id\":\"https:\/\/hapmaastricht.nl\/tr\/#website\",\"url\":\"https:\/\/hapmaastricht.nl\/tr\/\",\"name\":\"GP Acil Durum Postas\u0131 Maastricht\",\"description\":\"\",\"potentialAction\":[{\"@type\":\"SearchAction\",\"target\":{\"@type\":\"EntryPoint\",\"urlTemplate\":\"https:\/\/hapmaastricht.nl\/tr\/?s={search_term_string}\"},\"query-input\":{\"@type\":\"PropertyValueSpecification\",\"valueRequired\":true,\"valueName\":\"search_term_string\"}}],\"inLanguage\":\"tr\"}]}<\/script>\n<!-- \/ Yoast SEO plugin. -->","yoast_head_json":{"title":"G\u00f6nderiminiz i\u00e7in te\u015fekk\u00fcr ederiz! - GP Acil Durum Postas\u0131 Maastricht","robots":{"index":"index","follow":"follow","max-snippet":"max-snippet:-1","max-image-preview":"max-image-preview:large","max-video-preview":"max-video-preview:-1"},"canonical":"https:\/\/hapmaastricht.nl\/tr\/musteri-konseyi\/gonderiminiz-icin-tesekkur-ederim\/","og_locale":"tr_TR","og_type":"article","og_title":"G\u00f6nderiminiz i\u00e7in te\u015fekk\u00fcr ederiz! - GP Acil Durum Postas\u0131 Maastricht","og_description":"G\u00f6nderiniz i\u00e7in te\u015fekk\u00fcrler. Sorunuz\/yorumunuz bir sonraki meclis toplant\u0131s\u0131nda tart\u0131\u015f\u0131lacakt\u0131r. Daha sonra bizden \u00f6nemli bir yan\u0131t alacaks\u0131n\u0131z.","og_url":"https:\/\/hapmaastricht.nl\/tr\/musteri-konseyi\/gonderiminiz-icin-tesekkur-ederim\/","og_site_name":"GP Acil Durum Postas\u0131 Maastricht","article_modified_time":"2025-07-10T07:53:49+00:00","twitter_card":"summary_large_image","twitter_misc":{"Tahmini okuma s\u00fcresi":"1 dakika"},"schema":{"@context":"https:\/\/schema.org","@graph":[{"@type":"WebPage","@id":"https:\/\/hapmaastricht.nl\/tr\/musteri-konseyi\/gonderiminiz-icin-tesekkur-ederim\/","url":"https:\/\/hapmaastricht.nl\/tr\/musteri-konseyi\/gonderiminiz-icin-tesekkur-ederim\/","name":"G\u00f6nderiminiz i\u00e7in te\u015fekk\u00fcr ederiz! - GP Acil Durum Postas\u0131 Maastricht","isPartOf":{"@id":"https:\/\/hapmaastricht.nl\/tr\/#website"},"datePublished":"2023-06-13T09:49:22+00:00","dateModified":"2025-07-10T07:53:49+00:00","breadcrumb":{"@id":"https:\/\/hapmaastricht.nl\/tr\/musteri-konseyi\/gonderiminiz-icin-tesekkur-ederim\/#breadcrumb"},"inLanguage":"tr","potentialAction":[{"@type":"ReadAction","target":["https:\/\/hapmaastricht.nl\/tr\/musteri-konseyi\/gonderiminiz-icin-tesekkur-ederim\/"]}]},{"@type":"BreadcrumbList","@id":"https:\/\/hapmaastricht.nl\/tr\/musteri-konseyi\/gonderiminiz-icin-tesekkur-ederim\/#breadcrumb","itemListElement":[{"@type":"ListItem","position":1,"name":"Home","item":"https:\/\/hapmaastricht.nl\/tr\/"},{"@type":"ListItem","position":2,"name":"M\u00fc\u015fteri Konseyi","item":"https:\/\/hapmaastricht.nl\/tr\/musteri-konseyi\/"},{"@type":"ListItem","position":3,"name":"G\u00f6nderiniz i\u00e7in te\u015fekk\u00fcrler!"}]},{"@type":"WebSite","@id":"https:\/\/hapmaastricht.nl\/tr\/#website","url":"https:\/\/hapmaastricht.nl\/tr\/","name":"GP Acil Durum Postas\u0131 Maastricht","description":"","potentialAction":[{"@type":"SearchAction","target":{"@type":"EntryPoint","urlTemplate":"https:\/\/hapmaastricht.nl\/tr\/?s={search_term_string}"},"query-input":{"@type":"PropertyValueSpecification","valueRequired":true,"valueName":"search_term_string"}}],"inLanguage":"tr"}]}},"_links":{"self":[{"href":"https:\/\/hapmaastricht.nl\/tr\/wp-json\/wp\/v2\/pages\/4994","targetHints":{"allow":["GET"]}}],"collection":[{"href":"https:\/\/hapmaastricht.nl\/tr\/wp-json\/wp\/v2\/pages"}],"about":[{"href":"https:\/\/hapmaastricht.nl\/tr\/wp-json\/wp\/v2\/types\/page"}],"author":[{"embeddable":true,"href":"https:\/\/hapmaastricht.nl\/tr\/wp-json\/wp\/v2\/users\/3"}],"replies":[{"embeddable":true,"href":"https:\/\/hapmaastricht.nl\/tr\/wp-json\/wp\/v2\/comments?post=4994"}],"version-history":[{"count":1,"href":"https:\/\/hapmaastricht.nl\/tr\/wp-json\/wp\/v2\/pages\/4994\/revisions"}],"predecessor-version":[{"id":9192,"href":"https:\/\/hapmaastricht.nl\/tr\/wp-json\/wp\/v2\/pages\/4994\/revisions\/9192"}],"up":[{"embeddable":true,"href":"https:\/\/hapmaastricht.nl\/tr\/wp-json\/wp\/v2\/pages\/2143"}],"wp:attachment":[{"href":"https:\/\/hapmaastricht.nl\/tr\/wp-json\/wp\/v2\/media?parent=4994"}],"curies":[{"name":"wp","href":"https:\/\/api.w.org\/{rel}","templated":true}]}}