{"id":7026,"date":"2023-05-19T09:34:08","date_gmt":"2023-05-19T07:34:08","guid":{"rendered":"https:\/\/multisite.mindd.dev\/hap-maastricht\/studenten-en-expats\/"},"modified":"2025-07-10T09:55:49","modified_gmt":"2025-07-10T07:55:49","slug":"ogrenciler-ve-gurbetciler","status":"publish","type":"page","link":"https:\/\/hapmaastricht.nl\/tr\/ogrenciler-ve-gurbetciler\/","title":{"rendered":"Maastricht&#8217;te veya \u00e7evresinde \u00f6\u011frenci mi yoksa gurbet\u00e7i mi?"},"content":{"rendered":"\n\n\n<h2 class=\"wp-block-heading\"><strong>Size en yak\u0131n doktoru bulun<\/strong><\/h2>\n\n\n\n<p>Maastricht&#8217;te veya \u00e7evresinde ya\u015famak\/okumak i\u00e7in geliyorsan\u0131z, b\u00f6lgenizdeki bir pratisyen hekime kaydolun. Aile hekimi t\u00fcm t\u0131bbi verilerinize sahiptir.  Acil sa\u011fl\u0131k hizmetimizle ileti\u015fime ge\u00e7ti\u011finizde yard\u0131m talebinizi de\u011ferlendirirken bu \u00e7ok \u00f6nemlidir. Maastricht ve Heuvelland GP Acil Durum \u0130stasyonu, yaln\u0131zca pratisyen hekimin \u00e7al\u0131\u015fma saatleri d\u0131\u015f\u0131ndaki acil durumlar i\u00e7in kullan\u0131labilir.<\/p>\n\n\n\n<p>B\u00f6lgenizdeki bir pratisyen hekim i\u00e7in <a href=\"\/praktijken\">bu sayfada<\/a> arama yap\u0131n.<\/p>\n\n\n\n<h2 class=\"wp-block-heading\"><strong>Hollanda&#8217;da sa\u011fl\u0131k hizmetleri nas\u0131l i\u015fliyor?<\/strong><\/h2>\n\n\n\n<p>Aile hekimi, birinci basamak sa\u011fl\u0131k hizmetlerinin bir par\u00e7as\u0131d\u0131r, bu nedenle b\u00f6lgenizdeki bir aile hekimine kaydolman\u0131z gerekir. Hem fiziksel hem de psikolojik t\u00fcm sa\u011fl\u0131k sorunlar\u0131n\u0131z i\u00e7in \u00f6nce doktora gidersiniz. \u00c7o\u011fu sa\u011fl\u0131k sorununu tedavi edebilir. Gerekirse, aile hekimi sizi hastanedeki bir uzmana y\u00f6nlendirecektir. Hollanda&#8217;da (acil bir durum olmad\u0131k\u00e7a) do\u011frudan hastaneye gitmeye izin verilmez. Bir uzman taraf\u0131ndan tedavi edilmesi gerekiyorsa, \u00f6nce size bir sevk mektubu verecek olan bir pratisyen hekime dan\u0131\u015fmal\u0131s\u0131n\u0131z. Sa\u011fl\u0131k sigortas\u0131 \u015firketiniz i\u00e7in sevk mektubunun fotokopisini almay\u0131 unutmay\u0131n. Pratisyen hekim her zaman otomatik olarak ila\u00e7 re\u00e7ete etmeyecektir. Baz\u0131 durumlarda, pratisyen hekim bir ev ziyareti yapar, ancak bu kons\u00fcltasyonlar daha pahal\u0131d\u0131r.<\/p>\n\n\n\n<p><\/p>\n\n\n\n<figure class=\"wp-block-embed is-type-video is-provider-youtube wp-block-embed-youtube wp-embed-aspect-16-9 wp-has-aspect-ratio\"><div class=\"wp-block-embed__wrapper\">https:\/\/www.youtube.com\/watch?v=Lz_mEKb3_as<\/div><\/figure>\n\n\n\n<p><\/p>\n\n\n\n<h2 class=\"wp-block-heading\">Mesai saatlerinden sonra kendi doktorunuzdan acil t\u0131bbi yard\u0131ma ihtiyac\u0131n\u0131z varsa<\/h2>\n\n\n\n<p>Maastricht ve \u00e7evresindeki pratisyen hekimler, mesai saatlerinden sonra g\u00f6rev da\u011f\u0131l\u0131m\u0131 yapar. Geceleri, hafta sonlar\u0131 veya resmi tatillerde acilen bir pratisyen hekimin yard\u0131m\u0131na ihtiyac\u0131n\u0131z varsa, Maastricht ve Heuvelland GP Acil Durum \u0130stasyonu ile ileti\u015fime ge\u00e7ebilirsiniz. \u015eikayetinizin ger\u00e7ekten acil oldu\u011fundan emin olmak i\u00e7in \u00f6nce <a href=\"\/\">kendi kendine \u00f6nceliklendirme arac\u0131n\u0131<\/a> kontrol edin.<\/p>\n\n\n\n<p>Bizimle ileti\u015fime ge\u00e7meniz tavsiye edilirse, l\u00fctfen +31 43 7500 123 numaral\u0131 telefonu aray\u0131n ve ararken ki\u015fisel bilgilerinizi haz\u0131r bulundurun. Doktorun asistan\u0131 a\u015fa\u011f\u0131daki bilgileri isteyecektir:<\/p>\n\n\n\n<ul class=\"wp-block-list\">\n<li>ad\u0131n\u0131z, adresiniz, do\u011fum tarihiniz ve sizinle ileti\u015fim kurulabilecek bir telefon numaran\u0131z,<\/li>\n\n\n\n<li>Sa\u011fl\u0131k sigortan\u0131z ile ilgili bilgiler,<\/li>\n\n\n\n<li>ki\u015fisel kimlik,<\/li>\n\n\n\n<li>Kulland\u0131\u011f\u0131n\u0131z t\u00fcm ila\u00e7lar\u0131n isimleri.<\/li>\n<\/ul>\n\n\n\n<h3 class=\"wp-block-heading h2\">GP Acil Durum Postas\u0131ndaki bir randevuya getirin:<\/h3>\n\n\n\n<ul class=\"wp-block-list\">\n<li>ki\u015fisel kimlik,<\/li>\n\n\n\n<li>Sa\u011fl\u0131k sigortan\u0131z ile ilgili detaylar,<\/li>\n\n\n\n<li>\u00f6deme (nakit, kredi veya banka kart\u0131). Nakit \u00f6deme yaparsan\u0131z, bir makbuz alacaks\u0131n\u0131z.<\/li>\n<\/ul>\n\n\n\n<h2 class=\"wp-block-heading\"><strong>Sa\u011fl\u0131k Sigortas\u0131<\/strong><\/h2>\n\n\n\n<p>GP Acil Durum \u0130stasyonumuzu ziyaret etti\u011finizde sigorta belgelerinizi yan\u0131n\u0131zda getirmeyi unutmay\u0131n. Hollanda sa\u011fl\u0131k sigortan\u0131z yoksa, kasada nakit olarak \u00f6deme yapman\u0131z gerekir. Nakit \u00f6deme yaparsan\u0131z, bir makbuz alacaks\u0131n\u0131z. Bu masraflar\u0131 kendi sa\u011fl\u0131k sigortan\u0131zdan talep edebilirsiniz.<\/p>\n","protected":false},"excerpt":{"rendered":"<p>Yak\u0131n\u0131n\u0131zda bir doktor bulun Maastricht veya \u00e7evresinde ya\u015famaka\/okumak i\u00e7in geliyorsan\u0131z, yak\u0131n\u0131n\u0131zdaki bir doktora kaydolun. Doktorunuz t\u00fcm t\u0131bbi bilgilerinize sahip. Bu, t\u0131bbi yard\u0131m hizmetimizle ileti\u015fime ge\u00e7ti\u011finizde yard\u0131m talebinizi de\u011ferlendirmede \u00e7ok \u00f6nemlidir. Maastricht ve Heuvelland Pratisyen Pratisyenler Acil Durum Postas\u0131 yaln\u0131zca doktorun \u00e7al\u0131\u015fma saatleri d\u0131\u015f\u0131ndaki acil durumlar i\u00e7in kullan\u0131labilir. Bu sayfada size yak\u0131n bir doktor bulun. Hollanda&#8217;da sa\u011fl\u0131k hizmetleri nas\u0131l \u00e7al\u0131\u015f\u0131r? Doktor bir birinci basamak sa\u011fl\u0131k hizmeti sa\u011flay\u0131c\u0131s\u0131d\u0131r, bu y\u00fczden bir [&#8230;] ile kay\u0131t yapt\u0131rmal\u0131s\u0131n\u0131z.<\/p>\n","protected":false},"author":3,"featured_media":0,"parent":0,"menu_order":145,"comment_status":"closed","ping_status":"closed","template":"","meta":{"_acf_changed":false,"_trash_the_other_posts":false,"editor_notices":[],"footnotes":""},"class_list":["post-7026","page","type-page","status-publish","hentry"],"acf":[],"yoast_head":"<!-- This site is optimized with the Yoast SEO plugin v26.6 - https:\/\/yoast.com\/wordpress\/plugins\/seo\/ -->\n<title>Maastricht&#039;te veya \u00e7evresinde \u00f6\u011frenci mi yoksa gurbet\u00e7i mi? - GP Acil Durum Postas\u0131 Maastricht<\/title>\n<meta name=\"robots\" content=\"index, follow, max-snippet:-1, max-image-preview:large, max-video-preview:-1\" \/>\n<link rel=\"canonical\" href=\"https:\/\/hapmaastricht.nl\/tr\/ogrenciler-ve-gurbetciler\/\" \/>\n<meta property=\"og:locale\" content=\"tr_TR\" \/>\n<meta property=\"og:type\" content=\"article\" \/>\n<meta property=\"og:title\" content=\"Maastricht&#039;te veya \u00e7evresinde \u00f6\u011frenci mi yoksa gurbet\u00e7i mi? - GP Acil Durum Postas\u0131 Maastricht\" \/>\n<meta property=\"og:description\" content=\"Yak\u0131n\u0131n\u0131zda bir doktor bulun Maastricht veya \u00e7evresinde ya\u015famaka\/okumak i\u00e7in geliyorsan\u0131z, yak\u0131n\u0131n\u0131zdaki bir doktora kaydolun. Doktorunuz t\u00fcm t\u0131bbi bilgilerinize sahip. Bu, t\u0131bbi yard\u0131m hizmetimizle ileti\u015fime ge\u00e7ti\u011finizde yard\u0131m talebinizi de\u011ferlendirmede \u00e7ok \u00f6nemlidir. Maastricht ve Heuvelland Pratisyen Pratisyenler Acil Durum Postas\u0131 yaln\u0131zca doktorun \u00e7al\u0131\u015fma saatleri d\u0131\u015f\u0131ndaki acil durumlar i\u00e7in kullan\u0131labilir. Bu sayfada size yak\u0131n bir doktor bulun. Hollanda&#039;da sa\u011fl\u0131k hizmetleri nas\u0131l \u00e7al\u0131\u015f\u0131r? Doktor bir birinci basamak sa\u011fl\u0131k hizmeti sa\u011flay\u0131c\u0131s\u0131d\u0131r, bu y\u00fczden bir [...] ile kay\u0131t yapt\u0131rmal\u0131s\u0131n\u0131z.\" \/>\n<meta property=\"og:url\" content=\"https:\/\/hapmaastricht.nl\/tr\/ogrenciler-ve-gurbetciler\/\" \/>\n<meta property=\"og:site_name\" content=\"GP Acil Durum Postas\u0131 Maastricht\" \/>\n<meta property=\"article:modified_time\" content=\"2025-07-10T07:55:49+00:00\" \/>\n<meta name=\"twitter:card\" content=\"summary_large_image\" \/>\n<meta name=\"twitter:label1\" content=\"Tahmini okuma s\u00fcresi\" \/>\n\t<meta name=\"twitter:data1\" content=\"3 dakika\" \/>\n<script type=\"application\/ld+json\" class=\"yoast-schema-graph\">{\"@context\":\"https:\/\/schema.org\",\"@graph\":[{\"@type\":\"WebPage\",\"@id\":\"https:\/\/hapmaastricht.nl\/tr\/ogrenciler-ve-gurbetciler\/\",\"url\":\"https:\/\/hapmaastricht.nl\/tr\/ogrenciler-ve-gurbetciler\/\",\"name\":\"Maastricht'te veya \u00e7evresinde \u00f6\u011frenci mi yoksa gurbet\u00e7i mi? - GP Acil Durum Postas\u0131 Maastricht\",\"isPartOf\":{\"@id\":\"https:\/\/hapmaastricht.nl\/tr\/#website\"},\"datePublished\":\"2023-05-19T07:34:08+00:00\",\"dateModified\":\"2025-07-10T07:55:49+00:00\",\"breadcrumb\":{\"@id\":\"https:\/\/hapmaastricht.nl\/tr\/ogrenciler-ve-gurbetciler\/#breadcrumb\"},\"inLanguage\":\"tr\",\"potentialAction\":[{\"@type\":\"ReadAction\",\"target\":[\"https:\/\/hapmaastricht.nl\/tr\/ogrenciler-ve-gurbetciler\/\"]}]},{\"@type\":\"BreadcrumbList\",\"@id\":\"https:\/\/hapmaastricht.nl\/tr\/ogrenciler-ve-gurbetciler\/#breadcrumb\",\"itemListElement\":[{\"@type\":\"ListItem\",\"position\":1,\"name\":\"Home\",\"item\":\"https:\/\/hapmaastricht.nl\/tr\/\"},{\"@type\":\"ListItem\",\"position\":2,\"name\":\"Maastricht veya \u00e7evresinde \u00f6\u011frenci veya g\u00f6\u00e7men?\"}]},{\"@type\":\"WebSite\",\"@id\":\"https:\/\/hapmaastricht.nl\/tr\/#website\",\"url\":\"https:\/\/hapmaastricht.nl\/tr\/\",\"name\":\"GP Acil Durum Postas\u0131 Maastricht\",\"description\":\"\",\"potentialAction\":[{\"@type\":\"SearchAction\",\"target\":{\"@type\":\"EntryPoint\",\"urlTemplate\":\"https:\/\/hapmaastricht.nl\/tr\/?s={search_term_string}\"},\"query-input\":{\"@type\":\"PropertyValueSpecification\",\"valueRequired\":true,\"valueName\":\"search_term_string\"}}],\"inLanguage\":\"tr\"}]}<\/script>\n<!-- \/ Yoast SEO plugin. -->","yoast_head_json":{"title":"Maastricht'te veya \u00e7evresinde \u00f6\u011frenci mi yoksa gurbet\u00e7i mi? - GP Acil Durum Postas\u0131 Maastricht","robots":{"index":"index","follow":"follow","max-snippet":"max-snippet:-1","max-image-preview":"max-image-preview:large","max-video-preview":"max-video-preview:-1"},"canonical":"https:\/\/hapmaastricht.nl\/tr\/ogrenciler-ve-gurbetciler\/","og_locale":"tr_TR","og_type":"article","og_title":"Maastricht'te veya \u00e7evresinde \u00f6\u011frenci mi yoksa gurbet\u00e7i mi? - GP Acil Durum Postas\u0131 Maastricht","og_description":"Yak\u0131n\u0131n\u0131zda bir doktor bulun Maastricht veya \u00e7evresinde ya\u015famaka\/okumak i\u00e7in geliyorsan\u0131z, yak\u0131n\u0131n\u0131zdaki bir doktora kaydolun. Doktorunuz t\u00fcm t\u0131bbi bilgilerinize sahip. Bu, t\u0131bbi yard\u0131m hizmetimizle ileti\u015fime ge\u00e7ti\u011finizde yard\u0131m talebinizi de\u011ferlendirmede \u00e7ok \u00f6nemlidir. Maastricht ve Heuvelland Pratisyen Pratisyenler Acil Durum Postas\u0131 yaln\u0131zca doktorun \u00e7al\u0131\u015fma saatleri d\u0131\u015f\u0131ndaki acil durumlar i\u00e7in kullan\u0131labilir. Bu sayfada size yak\u0131n bir doktor bulun. Hollanda'da sa\u011fl\u0131k hizmetleri nas\u0131l \u00e7al\u0131\u015f\u0131r? Doktor bir birinci basamak sa\u011fl\u0131k hizmeti sa\u011flay\u0131c\u0131s\u0131d\u0131r, bu y\u00fczden bir [...] ile kay\u0131t yapt\u0131rmal\u0131s\u0131n\u0131z.","og_url":"https:\/\/hapmaastricht.nl\/tr\/ogrenciler-ve-gurbetciler\/","og_site_name":"GP Acil Durum Postas\u0131 Maastricht","article_modified_time":"2025-07-10T07:55:49+00:00","twitter_card":"summary_large_image","twitter_misc":{"Tahmini okuma s\u00fcresi":"3 dakika"},"schema":{"@context":"https:\/\/schema.org","@graph":[{"@type":"WebPage","@id":"https:\/\/hapmaastricht.nl\/tr\/ogrenciler-ve-gurbetciler\/","url":"https:\/\/hapmaastricht.nl\/tr\/ogrenciler-ve-gurbetciler\/","name":"Maastricht'te veya \u00e7evresinde \u00f6\u011frenci mi yoksa gurbet\u00e7i mi? - GP Acil Durum Postas\u0131 Maastricht","isPartOf":{"@id":"https:\/\/hapmaastricht.nl\/tr\/#website"},"datePublished":"2023-05-19T07:34:08+00:00","dateModified":"2025-07-10T07:55:49+00:00","breadcrumb":{"@id":"https:\/\/hapmaastricht.nl\/tr\/ogrenciler-ve-gurbetciler\/#breadcrumb"},"inLanguage":"tr","potentialAction":[{"@type":"ReadAction","target":["https:\/\/hapmaastricht.nl\/tr\/ogrenciler-ve-gurbetciler\/"]}]},{"@type":"BreadcrumbList","@id":"https:\/\/hapmaastricht.nl\/tr\/ogrenciler-ve-gurbetciler\/#breadcrumb","itemListElement":[{"@type":"ListItem","position":1,"name":"Home","item":"https:\/\/hapmaastricht.nl\/tr\/"},{"@type":"ListItem","position":2,"name":"Maastricht veya \u00e7evresinde \u00f6\u011frenci veya g\u00f6\u00e7men?"}]},{"@type":"WebSite","@id":"https:\/\/hapmaastricht.nl\/tr\/#website","url":"https:\/\/hapmaastricht.nl\/tr\/","name":"GP Acil Durum Postas\u0131 Maastricht","description":"","potentialAction":[{"@type":"SearchAction","target":{"@type":"EntryPoint","urlTemplate":"https:\/\/hapmaastricht.nl\/tr\/?s={search_term_string}"},"query-input":{"@type":"PropertyValueSpecification","valueRequired":true,"valueName":"search_term_string"}}],"inLanguage":"tr"}]}},"_links":{"self":[{"href":"https:\/\/hapmaastricht.nl\/tr\/wp-json\/wp\/v2\/pages\/7026","targetHints":{"allow":["GET"]}}],"collection":[{"href":"https:\/\/hapmaastricht.nl\/tr\/wp-json\/wp\/v2\/pages"}],"about":[{"href":"https:\/\/hapmaastricht.nl\/tr\/wp-json\/wp\/v2\/types\/page"}],"author":[{"embeddable":true,"href":"https:\/\/hapmaastricht.nl\/tr\/wp-json\/wp\/v2\/users\/3"}],"replies":[{"embeddable":true,"href":"https:\/\/hapmaastricht.nl\/tr\/wp-json\/wp\/v2\/comments?post=7026"}],"version-history":[{"count":2,"href":"https:\/\/hapmaastricht.nl\/tr\/wp-json\/wp\/v2\/pages\/7026\/revisions"}],"predecessor-version":[{"id":9258,"href":"https:\/\/hapmaastricht.nl\/tr\/wp-json\/wp\/v2\/pages\/7026\/revisions\/9258"}],"wp:attachment":[{"href":"https:\/\/hapmaastricht.nl\/tr\/wp-json\/wp\/v2\/media?parent=7026"}],"curies":[{"name":"wp","href":"https:\/\/api.w.org\/{rel}","templated":true}]}}